{"id":4123,"date":"2024-03-07T16:14:30","date_gmt":"2024-03-07T15:14:30","guid":{"rendered":"https:\/\/power-cube.globeweb.stronazen.pl\/?post_type=product&#038;p=4123"},"modified":"2024-05-20T15:14:52","modified_gmt":"2024-05-20T13:14:52","slug":"karta-produktu-powercube","status":"publish","type":"product","link":"https:\/\/power-cube.globeweb.stronazen.pl\/en\/product\/karta-produktu-powercube\/","title":{"rendered":"Karta produktu PowerCube"},"content":{"rendered":"<section class=\"wp-block-group section-2\"><div class=\"wp-block-group__inner-container is-layout-constrained wp-block-group-is-layout-constrained\">\n<div class=\"wp-block-columns is-layout-flex wp-container-core-columns-is-layout-3 wp-block-columns-is-layout-flex\">\n<div class=\"wp-block-column column-wrapper radius border is-layout-flow wp-block-column-is-layout-flow\">\n<div class=\"wp-block-columns column-row is-layout-flex wp-container-core-columns-is-layout-1 wp-block-columns-is-layout-flex\">\n<div class=\"wp-block-column is-layout-flow wp-block-column-is-layout-flow\" style=\"flex-basis:33%\">\n<h2 class=\"wp-block-heading has-text-color\" style=\"color:#141414\">Advantages<\/h2>\n<\/div>\n\n\n\n<div class=\"wp-block-column column-element radius border is-layout-flow wp-block-column-is-layout-flow\" style=\"flex-basis:33%\">\n<figure class=\"wp-block-image size-full is-resized\"><img loading=\"lazy\" decoding=\"async\" width=\"87\" height=\"73\" src=\"https:\/\/power-cube.globeweb.stronazen.pl\/wp-content\/uploads\/2023\/08\/icon.png\" alt=\"\" class=\"wp-image-1923\" style=\"width:210px;height:73px\"\/><\/figure>\n\n\n\n<h3 class=\"wp-block-heading has-text-color\" style=\"color:#141414\">Fast delivery<\/h3>\n\n\n\n<p class=\"has-text-color\" style=\"color:#141414\">We focus on speed and efficiency in order processing. Our company makes every effort to ensure that the products you order reach you as soon as possible. We deliver packages in a timely manner so that you can enjoy your purchased products as soon as possible.<\/p>\n<\/div>\n\n\n\n<div class=\"wp-block-column column-element radius border is-layout-flow wp-block-column-is-layout-flow\" style=\"flex-basis:33%\">\n<figure class=\"wp-block-image size-full is-resized\"><img loading=\"lazy\" decoding=\"async\" width=\"73\" height=\"62\" src=\"https:\/\/power-cube.globeweb.stronazen.pl\/wp-content\/uploads\/2023\/08\/icon-1.png\" alt=\"\" class=\"wp-image-1928\" style=\"width:210px;height:73px\"\/><\/figure>\n\n\n\n<h3 class=\"wp-block-heading has-text-color\" style=\"color:#141414\">Timeliness<\/h3>\n\n\n\n<p class=\"has-text-color\" style=\"color:#141414\">We pride ourselves on our timeliness. We respect your time and are committed to meeting established delivery dates. You can rest assured that the products you order will be shipped and delivered on time.<\/p>\n<\/div>\n<\/div>\n\n\n\n<div class=\"wp-block-columns column-row is-layout-flex wp-container-core-columns-is-layout-2 wp-block-columns-is-layout-flex\">\n<div class=\"wp-block-column column-element radius border is-layout-flow wp-block-column-is-layout-flow\" style=\"flex-basis:33%\">\n<figure class=\"wp-block-image size-full is-resized\"><img loading=\"lazy\" decoding=\"async\" width=\"87\" height=\"73\" src=\"https:\/\/power-cube.globeweb.stronazen.pl\/wp-content\/uploads\/2023\/08\/icon.png\" alt=\"\" class=\"wp-image-1923\" style=\"width:210px;height:73px\"\/><\/figure>\n\n\n\n<h3 class=\"wp-block-heading has-text-color\" style=\"color:#141414\">Non-purchase support<\/h3>\n\n\n\n<p class=\"has-text-color\" style=\"color:#141414\">Our commitment to customers doesn't end with placing an order. We provide comprehensive post-purchase support to make sure you are fully satisfied with the products you purchase. Our team is ready,<br>to answer your questions, provide technical assistance, or solve your<br>Any problems you may encounter.<\/p>\n<\/div>\n\n\n\n<div class=\"wp-block-column column-element radius border is-layout-flow wp-block-column-is-layout-flow\" style=\"flex-basis:33%\">\n<figure class=\"wp-block-image size-full is-resized\"><img loading=\"lazy\" decoding=\"async\" width=\"87\" height=\"73\" src=\"https:\/\/power-cube.globeweb.stronazen.pl\/wp-content\/uploads\/2023\/08\/icon-3.png\" alt=\"\" class=\"wp-image-1931\" style=\"width:210px;height:73px\"\/><\/figure>\n\n\n\n<h3 class=\"wp-block-heading has-text-color\" style=\"color:#141414\">High quality goods<\/h3>\n\n\n\n<p class=\"has-text-color\" style=\"color:#141414\">In our store, we offer only high-quality products. We work directly with reputable manufacturers and authorized suppliers to provide our customers with the highest quality products. Each product undergoes rigorous quality testing so that we can provide you with only proven and reliable products.<\/p>\n<\/div>\n\n\n\n<div class=\"wp-block-column column-element radius border is-layout-flow wp-block-column-is-layout-flow\" style=\"flex-basis:33%\">\n<figure class=\"wp-block-image size-full is-resized\"><img loading=\"lazy\" decoding=\"async\" width=\"73\" height=\"62\" src=\"https:\/\/power-cube.globeweb.stronazen.pl\/wp-content\/uploads\/2023\/08\/icon-2.png\" alt=\"\" class=\"wp-image-1930\" style=\"width:210px;height:73px\"\/><\/figure>\n\n\n\n<h3 class=\"wp-block-heading has-text-color\" style=\"color:#141414\">Customer satisfaction<\/h3>\n\n\n\n<p class=\"has-text-color\" style=\"color:#141414\">We are dedicated to the satisfaction of our customers. We strive to make your shopping experience the best it can be. Our priority is to provide you with excellent customer service, shopping satisfaction and a positive experience with the<br>our store.<\/p>\n<\/div>\n<\/div>\n<\/div>\n<\/div>\n<\/div><\/section>\n\n\n\n<section class=\"wp-block-group section-3\"><div class=\"wp-block-group__inner-container is-layout-constrained wp-block-group-is-layout-constrained\">\n<div class=\"wp-block-columns is-layout-flex wp-container-core-columns-is-layout-4 wp-block-columns-is-layout-flex\">\n<div class=\"wp-block-column col-left is-layout-flow wp-block-column-is-layout-flow\" style=\"flex-basis:50%\">\n<figure class=\"wp-block-image size-full\"><img loading=\"lazy\" decoding=\"async\" width=\"705\" height=\"250\" src=\"https:\/\/power-cube.globeweb.stronazen.pl\/wp-content\/uploads\/2023\/08\/Rectangle-66-1.png\" alt=\"\" class=\"wp-image-1935\" srcset=\"https:\/\/power-cube.globeweb.stronazen.pl\/wp-content\/uploads\/2023\/08\/Rectangle-66-1.png 705w, https:\/\/power-cube.globeweb.stronazen.pl\/wp-content\/uploads\/2023\/08\/Rectangle-66-1-416x148.png 416w, https:\/\/power-cube.globeweb.stronazen.pl\/wp-content\/uploads\/2023\/08\/Rectangle-66-1-300x106.png 300w\" sizes=\"(max-width: 705px) 100vw, 705px\" \/><\/figure>\n\n\n\n<figure class=\"wp-block-image size-full\"><img loading=\"lazy\" decoding=\"async\" width=\"705\" height=\"600\" src=\"https:\/\/power-cube.globeweb.stronazen.pl\/wp-content\/uploads\/2023\/08\/Rectangle-67-1.png\" alt=\"\" class=\"wp-image-1936\" srcset=\"https:\/\/power-cube.globeweb.stronazen.pl\/wp-content\/uploads\/2023\/08\/Rectangle-67-1.png 705w, https:\/\/power-cube.globeweb.stronazen.pl\/wp-content\/uploads\/2023\/08\/Rectangle-67-1-416x354.png 416w, https:\/\/power-cube.globeweb.stronazen.pl\/wp-content\/uploads\/2023\/08\/Rectangle-67-1-300x255.png 300w\" sizes=\"(max-width: 705px) 100vw, 705px\" \/><\/figure>\n<\/div>\n\n\n\n<div class=\"wp-block-column col-right is-layout-flow wp-block-column-is-layout-flow\" style=\"flex-basis:50%\">\n<figure class=\"wp-block-image size-full\"><img loading=\"lazy\" decoding=\"async\" width=\"704\" height=\"860\" src=\"https:\/\/power-cube.globeweb.stronazen.pl\/wp-content\/uploads\/2023\/08\/Rectangle-69.png\" alt=\"\" class=\"wp-image-1937\" srcset=\"https:\/\/power-cube.globeweb.stronazen.pl\/wp-content\/uploads\/2023\/08\/Rectangle-69.png 704w, https:\/\/power-cube.globeweb.stronazen.pl\/wp-content\/uploads\/2023\/08\/Rectangle-69-416x508.png 416w, https:\/\/power-cube.globeweb.stronazen.pl\/wp-content\/uploads\/2023\/08\/Rectangle-69-246x300.png 246w\" sizes=\"(max-width: 704px) 100vw, 704px\" \/><\/figure>\n<\/div>\n<\/div>\n<\/div><\/section>\n\n\n\n<section class=\"wp-block-group section-4\"><div class=\"wp-block-group__inner-container is-layout-constrained wp-block-group-is-layout-constrained\">\n<div class=\"wp-block-columns is-layout-flex wp-container-core-columns-is-layout-5 wp-block-columns-is-layout-flex\">\n<div class=\"wp-block-column col-left radius has-background is-layout-flow wp-block-column-is-layout-flow\" style=\"background-color:#b8b8b8;flex-basis:60%\">\n<h2 class=\"wp-block-heading has-text-color\" style=\"color:#141414\">Lorem ipsum dolor<\/h2>\n\n\n\n<p class=\"has-text-color\" style=\"color:#141414\">Lorem ipsum dolor sit amet consectetur. At pretium id sit pharetra vitae nullam orci. Arcu dictum pulvinar nisl dui pulvinar pretium. At orci sed vulputate mi etiam. At diam viverra morbi vitae scelerisque elit egestas nulla. Vivamus velit arcu pellentesque morbi facilisis. Magna lectus justo venenatis nam id. Diam commodo ac pharetra nullam massa ullamcorper egestas. Purus massa enim pretium nullam. Et nibh facilisi laoreet aliquet congue.<\/p>\n<\/div>\n\n\n\n<div class=\"wp-block-column col-right-img is-layout-flow wp-block-column-is-layout-flow\" style=\"flex-basis:40%\">\n<figure class=\"wp-block-image size-full\"><img loading=\"lazy\" decoding=\"async\" width=\"586\" height=\"825\" src=\"https:\/\/power-cube.globeweb.stronazen.pl\/wp-content\/uploads\/2023\/08\/Rectangle-68.png\" alt=\"\" class=\"wp-image-1939\" srcset=\"https:\/\/power-cube.globeweb.stronazen.pl\/wp-content\/uploads\/2023\/08\/Rectangle-68.png 586w, https:\/\/power-cube.globeweb.stronazen.pl\/wp-content\/uploads\/2023\/08\/Rectangle-68-416x586.png 416w, https:\/\/power-cube.globeweb.stronazen.pl\/wp-content\/uploads\/2023\/08\/Rectangle-68-213x300.png 213w\" sizes=\"(max-width: 586px) 100vw, 586px\" \/><\/figure>\n<\/div>\n<\/div>\n<\/div><\/section>\n\n\n\n<section class=\"wp-block-group section-6 radius has-background\" style=\"background-color:#b8b8b8\"><div class=\"wp-block-group__inner-container is-layout-constrained wp-block-group-is-layout-constrained\">\n<h2 class=\"wp-block-heading has-text-color\" style=\"color:#141414\">Jak to dzia\u0142a?<\/h2>\n\n\n\n<div class=\"wp-block-columns columns-wrapper is-layout-flex wp-container-core-columns-is-layout-6 wp-block-columns-is-layout-flex\">\n<div class=\"wp-block-column col-left is-layout-flow wp-block-column-is-layout-flow\">\n<figure class=\"wp-block-image size-full\"><img loading=\"lazy\" decoding=\"async\" width=\"645\" height=\"473\" src=\"https:\/\/power-cube.globeweb.stronazen.pl\/wp-content\/uploads\/2023\/08\/image-1.png\" alt=\"\" class=\"wp-image-1952\" srcset=\"https:\/\/power-cube.globeweb.stronazen.pl\/wp-content\/uploads\/2023\/08\/image-1.png 645w, https:\/\/power-cube.globeweb.stronazen.pl\/wp-content\/uploads\/2023\/08\/image-1-416x305.png 416w, https:\/\/power-cube.globeweb.stronazen.pl\/wp-content\/uploads\/2023\/08\/image-1-300x220.png 300w\" sizes=\"(max-width: 645px) 100vw, 645px\" \/><\/figure>\n\n\n\n<h3 class=\"wp-block-heading has-text-color\" style=\"color:#141414\">Gniazdko mno\u017cnik<\/h3>\n\n\n\n<p class=\"has-text-color\" style=\"color:#141414\">W kuchni cz\u0119sto zdarza si\u0119, \u017ce mamy ograniczony dost\u0119p do gniazdek elektrycznych. PowerCub rozwi\u0105\u017ce problem, je\u015bli chcemy pod\u0142\u0105czy\u0107 jednocze\u015bnie ekspres do kawy, czajnik , mikser, toster czy te\u017c inne urz\u0105dzenie do gotowania.<\/p>\n<\/div>\n\n\n\n<div class=\"wp-block-column col-right is-layout-flow wp-block-column-is-layout-flow\">\n<figure class=\"wp-block-image size-full\"><img loading=\"lazy\" decoding=\"async\" width=\"645\" height=\"473\" src=\"https:\/\/power-cube.globeweb.stronazen.pl\/wp-content\/uploads\/2023\/08\/image-2.png\" alt=\"\" class=\"wp-image-1955\" srcset=\"https:\/\/power-cube.globeweb.stronazen.pl\/wp-content\/uploads\/2023\/08\/image-2.png 645w, https:\/\/power-cube.globeweb.stronazen.pl\/wp-content\/uploads\/2023\/08\/image-2-416x305.png 416w, https:\/\/power-cube.globeweb.stronazen.pl\/wp-content\/uploads\/2023\/08\/image-2-300x220.png 300w\" sizes=\"(max-width: 645px) 100vw, 645px\" \/><\/figure>\n\n\n\n<h3 class=\"wp-block-heading has-text-color\" style=\"color:#141414\">Bez dodatkowych kabli<\/h3>\n\n\n\n<p class=\"has-text-color\" style=\"color:#141414\">Powszechnym i cz\u0119sto irytuj\u0105cym problemem jest pl\u0105tanina przewod\u00f3w znajduj\u0105ca si\u0119 w wielu miejscach w naszym domu czy biurze. Szczeg\u00f3lnie za telewizorem, wie\u017c\u0105 stereo, odtwarzaczem DVD czy konsol\u0105 do gier znajduj\u0105 si\u0119 listwy zasilaj\u0105ce po\u0142\u0105czone ze sob\u0105, aby otrzyma\u0107 wystarczaj\u0105c\u0105 ilo\u015b\u0107 gniazdek. Dzi\u0119ki modu\u0142om PowerCube, wszystkie kable zasilaj\u0105ce mog\u0105 by\u0107 po\u0142\u0105czone w jedno, kompaktowe i estetyczne rozwi\u0105zanie.<\/p>\n<\/div>\n<\/div>\n\n\n\n<div class=\"wp-block-columns columns-wrapper is-layout-flex wp-container-core-columns-is-layout-7 wp-block-columns-is-layout-flex\">\n<div class=\"wp-block-column col-left is-layout-flow wp-block-column-is-layout-flow\">\n<figure class=\"wp-block-image size-full\"><img loading=\"lazy\" decoding=\"async\" width=\"645\" height=\"472\" src=\"https:\/\/power-cube.globeweb.stronazen.pl\/wp-content\/uploads\/2023\/08\/image-3.png\" alt=\"\" class=\"wp-image-1958\" srcset=\"https:\/\/power-cube.globeweb.stronazen.pl\/wp-content\/uploads\/2023\/08\/image-3.png 645w, https:\/\/power-cube.globeweb.stronazen.pl\/wp-content\/uploads\/2023\/08\/image-3-416x304.png 416w, https:\/\/power-cube.globeweb.stronazen.pl\/wp-content\/uploads\/2023\/08\/image-3-300x220.png 300w\" sizes=\"(max-width: 645px) 100vw, 645px\" \/><\/figure>\n\n\n\n<h3 class=\"wp-block-heading has-text-color\" style=\"color:#141414\">No interlocks<\/h3>\n\n\n\n<p class=\"has-text-color\" style=\"color:#141414\">Many times power supplies are equipped with non-standard plugs, which, when plugged into an extension cord several at a time, make it difficult to access free outlets, preventing their use. PowerCube solves this problem!<\/p>\n<\/div>\n\n\n\n<div class=\"wp-block-column col-right is-layout-flow wp-block-column-is-layout-flow\">\n<figure class=\"wp-block-image size-full\"><img loading=\"lazy\" decoding=\"async\" width=\"645\" height=\"472\" src=\"https:\/\/power-cube.globeweb.stronazen.pl\/wp-content\/uploads\/2023\/08\/image-4.png\" alt=\"\" class=\"wp-image-1959\" srcset=\"https:\/\/power-cube.globeweb.stronazen.pl\/wp-content\/uploads\/2023\/08\/image-4.png 645w, https:\/\/power-cube.globeweb.stronazen.pl\/wp-content\/uploads\/2023\/08\/image-4-416x304.png 416w, https:\/\/power-cube.globeweb.stronazen.pl\/wp-content\/uploads\/2023\/08\/image-4-300x220.png 300w\" sizes=\"(max-width: 645px) 100vw, 645px\" \/><\/figure>\n\n\n\n<h3 class=\"wp-block-heading has-text-color\" style=\"color:#141414\">Budowanie wie\u017cy<\/h3>\n\n\n\n<p class=\"has-text-color\" style=\"color:#141414\">PowerCube Original jest systemem modu\u0142owym. Liczba gniazd zasilaj\u0105cych mo\u017ce by\u0107 rozbudowana w zale\u017cno\u015bci od potrzeb, tworz\u0105c dostosowane \u017ar\u00f3d\u0142o zasilania. Kompatybilny z PowerCube Extended.<\/p>\n<\/div>\n<\/div>\n<\/div><\/section>","protected":false},"excerpt":{"rendered":"<p>Zalety Szybka dostawa Stawiamy na szybko\u015b\u0107 i efektywno\u015b\u0107 w realizacji zam\u00f3wie\u0144. Nasza firma dok\u0142ada wszelkich stara\u0144, aby zam\u00f3wione produkty dotar\u0142y do Ciebie jak najszybciej. Dostarczamy paczki terminowo, aby\u015b m\u00f3g\u0142 cieszy\u0107 si\u0119 zakupionymi produktami jak najszybciej. Terminowo\u015b\u0107 Jeste\u015bmy dumni z naszej terminowo\u015bci. Szanujemy Tw\u00f3j czas i zobowi\u0105zujemy si\u0119 do przestrzegania ustalonych termin\u00f3w dostaw. Mo\u017cesz mie\u0107 pewno\u015b\u0107, [&hellip;]<\/p>","protected":false},"featured_media":0,"comment_status":"open","ping_status":"closed","template":"","meta":{"_acf_changed":false,"_kad_blocks_custom_css":"","_kad_blocks_head_custom_js":"","_kad_blocks_body_custom_js":"","_kad_blocks_footer_custom_js":""},"product_cat":[15],"product_tag":[],"class_list":{"0":"post-4123","1":"product","2":"type-product","3":"status-publish","5":"product_cat-bez-kategorii","7":"first","8":"instock","9":"taxable","10":"shipping-taxable","11":"product-type-simple"},"acf":[],"taxonomy_info":{"product_cat":[{"value":15,"label":"Bez kategorii"}]},"featured_image_src_large":false,"author_info":[],"comment_info":0,"_links":{"self":[{"href":"https:\/\/power-cube.globeweb.stronazen.pl\/en\/wp-json\/wp\/v2\/product\/4123"}],"collection":[{"href":"https:\/\/power-cube.globeweb.stronazen.pl\/en\/wp-json\/wp\/v2\/product"}],"about":[{"href":"https:\/\/power-cube.globeweb.stronazen.pl\/en\/wp-json\/wp\/v2\/types\/product"}],"replies":[{"embeddable":true,"href":"https:\/\/power-cube.globeweb.stronazen.pl\/en\/wp-json\/wp\/v2\/comments?post=4123"}],"wp:attachment":[{"href":"https:\/\/power-cube.globeweb.stronazen.pl\/en\/wp-json\/wp\/v2\/media?parent=4123"}],"wp:term":[{"taxonomy":"product_cat","embeddable":true,"href":"https:\/\/power-cube.globeweb.stronazen.pl\/en\/wp-json\/wp\/v2\/product_cat?post=4123"},{"taxonomy":"product_tag","embeddable":true,"href":"https:\/\/power-cube.globeweb.stronazen.pl\/en\/wp-json\/wp\/v2\/product_tag?post=4123"}],"curies":[{"name":"wp","href":"https:\/\/api.w.org\/{rel}","templated":true}]}}