{"id":4117,"date":"2024-03-06T18:34:34","date_gmt":"2024-03-06T17:34:34","guid":{"rendered":"https:\/\/power-cube.globeweb.stronazen.pl\/produkt\/ocoopa-ut2s-mini-elektroniczny-ogrzewacz-dloni-5200-mah-do-6-godzin-pomaranczowy\/"},"modified":"2024-04-24T19:23:47","modified_gmt":"2024-04-24T17:23:47","slug":"ocoopa-ut2s-mini-elektroniczny-ogrzewacz-dloni-5200-mah-do-6-godzin-pomaranczowy","status":"publish","type":"product","link":"https:\/\/power-cube.globeweb.stronazen.pl\/en\/product\/ocoopa-ut2s-mini-elektroniczny-ogrzewacz-dloni-5200-mah-do-6-godzin-pomaranczowy\/","title":{"rendered":"Ocoopa UT2s Mini, elektroniczny ogrzewacz d\u0142oni, 5200 mAh, do 6 godzin, pomara\u0144czowy"},"content":{"rendered":"<h1 align=\"center\">Ocoopa UT2s Mini<\/h1>\n<h2 align=\"center\">elektroniczny ogrzewacz d\u0142oni, 5200 mAh (2x 2600 mAh), do 6 godzin grzania<\/h2>\n<p align=\"center\"><img decoding=\"async\" style=\"width: 1000px;\" src=\"https:\/\/upload.cdn.baselinker.com\/products\/11832\/33c63ab8b373c462f38b6070f5cf81f5.webp\" alt=\"\" \/><\/p>\n<ul>\n<li><strong>2 w 1:<\/strong> Pod wp\u0142ywem si\u0142y magnetycznej, dwa ogrzewacze do r\u0105k o pojemno\u015bci 2600 mAh mo\u017cna po\u0142\u0105czy\u0107 w jeden ogrzewacz wielko\u015bci d\u0142oni, kt\u00f3ry z \u0142atwo\u015bci\u0105 zmie\u015bci si\u0119 w dw\u00f3ch kieszeniach kurtki lub r\u0119kawiczkach. Mo\u017cna u\u017cywa\u0107 po jednym w ka\u017cdej d\u0142oni lub dzieli\u0107 si\u0119 ciep\u0142em z rodzin\u0105.<\/li>\n<li><strong>Kieszonkowy, kompaktowy korpus\uff1a<\/strong> Rozmiar szminki, \u0142atwy do wsuni\u0119cia do kieszeni lub plecaka. Cylindryczny korpus o ergonomicznym kszta\u0142cie u\u0142atwia trzymanie, emituj\u0105c sta\u0142e ciep\u0142o i utrzymuj\u0105c przep\u0142yw krwi.<\/li>\n<li><strong>Najwy\u017cszy komfort ogrzewania:<\/strong> Wykonany z najwy\u017cszej jako\u015bci aluminium lotniczego z polerowan\u0105 silikonow\u0105 powierzchni\u0105, kt\u00f3ra nagrzewa si\u0119 w ci\u0105gu 3 sekund, zapewniaj\u0105c komfort, 3 poziomy regulacji nagrzewa si\u0119 szybko do 52 \u00b0C, a tak\u017ce upraszcza obs\u0142ug\u0119, zapami\u0119tuj\u0105c poprzedni wybrany poziom ogrzewania i prze\u0142\u0105czaj\u0105c si\u0119 na niego przy nast\u0119pnym u\u017cyciu.<\/li>\n<li><strong>Najwy\u017cszy poziom bezpiecze\u0144stwa:<\/strong> Jako\u015b\u0107 i bezpiecze\u0144stwo to nasze najwy\u017csze priorytety. Wyposa\u017cony w zaawansowane chipy bezpiecze\u0144stwa, inteligentn\u0105 kontrol\u0119 temperatury i wytrzyma\u0142y materia\u0142 ABS, kt\u00f3re wsp\u00f3\u0142pracuj\u0105 ze sob\u0105, aby zapobiec prze\u0142adowaniu, przegrzaniu lub zwarciu. Posiada certyfikat UL\/CE\/FCC po rygorystycznych testach, aby zapewni\u0107 bezpiecze\u0144stwo u\u017cytkownika.<\/li>\n<\/ul>","protected":false},"excerpt":{"rendered":"<p>Ocoopa UT2s Mini elektroniczny ogrzewacz d\u0142oni, 5200 mAh (2x 2600 mAh), do 6 godzin grzania 2 w 1: Pod wp\u0142ywem si\u0142y magnetycznej, dwa ogrzewacze do r\u0105k o pojemno\u015bci 2600 mAh mo\u017cna po\u0142\u0105czy\u0107 w jeden ogrzewacz wielko\u015bci d\u0142oni, kt\u00f3ry z \u0142atwo\u015bci\u0105 zmie\u015bci si\u0119 w dw\u00f3ch kieszeniach kurtki lub r\u0119kawiczkach. Mo\u017cna u\u017cywa\u0107 po jednym w ka\u017cdej d\u0142oni [&hellip;]<\/p>","protected":false},"featured_media":4118,"comment_status":"open","ping_status":"closed","template":"","meta":{"_acf_changed":false,"_kad_blocks_custom_css":"","_kad_blocks_head_custom_js":"","_kad_blocks_body_custom_js":"","_kad_blocks_footer_custom_js":""},"product_cat":[142,147],"product_tag":[],"class_list":{"0":"post-4117","1":"product","2":"type-product","3":"status-publish","4":"has-post-thumbnail","6":"product_cat-ocoopa-ogrzewacze-dloni","7":"product_cat-ut2s-mini","9":"first","10":"outofstock","11":"taxable","12":"shipping-taxable","13":"purchasable","14":"product-type-simple"},"acf":[],"taxonomy_info":{"product_cat":[{"value":142,"label":"Ocoopa - ogrzewacze d\u0142oni"},{"value":147,"label":"UT2s mini"}]},"featured_image_src_large":["https:\/\/power-cube.globeweb.stronazen.pl\/wp-content\/uploads\/2024\/03\/5052-1.webp",980,980,false],"author_info":[],"comment_info":0,"_links":{"self":[{"href":"https:\/\/power-cube.globeweb.stronazen.pl\/en\/wp-json\/wp\/v2\/product\/4117"}],"collection":[{"href":"https:\/\/power-cube.globeweb.stronazen.pl\/en\/wp-json\/wp\/v2\/product"}],"about":[{"href":"https:\/\/power-cube.globeweb.stronazen.pl\/en\/wp-json\/wp\/v2\/types\/product"}],"replies":[{"embeddable":true,"href":"https:\/\/power-cube.globeweb.stronazen.pl\/en\/wp-json\/wp\/v2\/comments?post=4117"}],"wp:featuredmedia":[{"embeddable":true,"href":"https:\/\/power-cube.globeweb.stronazen.pl\/en\/wp-json\/wp\/v2\/media\/4118"}],"wp:attachment":[{"href":"https:\/\/power-cube.globeweb.stronazen.pl\/en\/wp-json\/wp\/v2\/media?parent=4117"}],"wp:term":[{"taxonomy":"product_cat","embeddable":true,"href":"https:\/\/power-cube.globeweb.stronazen.pl\/en\/wp-json\/wp\/v2\/product_cat?post=4117"},{"taxonomy":"product_tag","embeddable":true,"href":"https:\/\/power-cube.globeweb.stronazen.pl\/en\/wp-json\/wp\/v2\/product_tag?post=4117"}],"curies":[{"name":"wp","href":"https:\/\/api.w.org\/{rel}","templated":true}]}}