{"id":4107,"date":"2024-03-06T18:34:38","date_gmt":"2024-03-06T17:34:38","guid":{"rendered":"https:\/\/power-cube.globeweb.stronazen.pl\/produkt\/ocoopa-halo-h01-pd-pro-elektroniczny-ogrzewacz-dloni-ip45-10000-mah-do-15-h-power-delivery-czarny\/"},"modified":"2024-04-24T19:23:45","modified_gmt":"2024-04-24T17:23:45","slug":"ocoopa-halo-h01-pd-pro-elektroniczny-ogrzewacz-dloni-ip45-10000-mah-do-15-h-power-delivery-czarny","status":"publish","type":"product","link":"https:\/\/power-cube.globeweb.stronazen.pl\/en\/product\/ocoopa-halo-h01-pd-pro-elektroniczny-ogrzewacz-dloni-ip45-10000-mah-do-15-h-power-delivery-czarny\/","title":{"rendered":"Ocoopa Halo H01 PD Pro elektroniczny ogrzewacz d\u0142oni, IP45, 10000 mAh, do 15 h, Power Delivery, czarny"},"content":{"rendered":"<h1 align=\"center\">Ocoopa Hello H01 PD<\/h1>\n<h2 align=\"center\">elektroniczny ogrzewacz d\u0142oni z Power Delivery i funkcj\u0105 powerbank<\/h2>\n<div align=\"center\"><img decoding=\"async\" style=\"width: 640px;\" src=\"https:\/\/upload.cdn.baselinker.com\/products\/11832\/ecf8a8a8ab89681ae2de7288bc1945c1.webp\" alt=\"\" \/><\/div>\n<div align=\"center\"> <\/div>\n<ul>\n<li><strong>Wyj\u0105tkowa wytrzyma\u0142o\u015b\u0107:<\/strong> Pierwszy ogrzewacz do r\u0105k z wodoodporno\u015bci\u0105 IP45, py\u0142oszczelno\u015bci\u0105 i odporno\u015bci\u0105 na upadki, idealny do outdoorowych przyg\u00f3d.<\/li>\n<li><strong>Inteligentny design: <\/strong>Unikalna g\u00f3rna szeroka i dolna w\u0105ska konstrukcja Ocoopa zapewnia lepszy uchwyt. 3 regulowane poziomy grzania dostosowane do r\u00f3\u017cnych warunk\u00f3w, zapewniaj\u0105ce szybkie 3-sekundowe nagrzewanie i sta\u0142e ciep\u0142o.<\/li>\n<li><strong>Niezr\u00f3wnana moc: <\/strong>2,25 \u0142adowania dla iPhone&#8217;a 12, 1,6 \u0142adowania dla Galaxy S20 i 1,2 \u0142adowania dla iPada mini 5, to niezawodny towarzysz podr\u00f3\u017cy.<\/li>\n<li><strong>Najwy\u017csza pr\u0119dko\u015b\u0107:<\/strong> Zaawansowana technologia szybkiego \u0142adowania 18 W skraca czas \u0142adowania o po\u0142ow\u0119 &#8211; zaledwie 3,5 godziny dla pe\u0142nego akumulatora o pojemno\u015bci 10 000 mAh. Power Delivery 3.0 \u0142aduje telefon do 50% w 30 minut.<\/li>\n<li><strong>Potr\u00f3jna ochrona: <\/strong>Wodoodporno\u015b\u0107 IP45, py\u0142oszczelno\u015b\u0107 i odporno\u015b\u0107 na upadki dla pracownik\u00f3w i entuzjast\u00f3w outdooru. Idealny do aktywno\u015bci takich jak polowanie, biwakowanie i w\u0119dr\u00f3wki. Pokonaj zimn\u0105 pogod\u0119 z pewno\u015bci\u0105 siebie.\n<p><\/li>\n<\/ul>","protected":false},"excerpt":{"rendered":"<p>Ocoopa Hello H01 PD elektroniczny ogrzewacz d\u0142oni z Power Delivery i funkcj\u0105 powerbank Wyj\u0105tkowa wytrzyma\u0142o\u015b\u0107: Pierwszy ogrzewacz do r\u0105k z wodoodporno\u015bci\u0105 IP45, py\u0142oszczelno\u015bci\u0105 i odporno\u015bci\u0105 na upadki, idealny do outdoorowych przyg\u00f3d. Inteligentny design: Unikalna g\u00f3rna szeroka i dolna w\u0105ska konstrukcja Ocoopa zapewnia lepszy uchwyt. 3 regulowane poziomy grzania dostosowane do r\u00f3\u017cnych warunk\u00f3w, zapewniaj\u0105ce szybkie 3-sekundowe [&hellip;]<\/p>","protected":false},"featured_media":4108,"comment_status":"open","ping_status":"closed","template":"","meta":{"_acf_changed":false,"_kad_blocks_custom_css":"","_kad_blocks_head_custom_js":"","_kad_blocks_body_custom_js":"","_kad_blocks_footer_custom_js":""},"product_cat":[142,146],"product_tag":[],"class_list":{"0":"post-4107","1":"product","2":"type-product","3":"status-publish","4":"has-post-thumbnail","6":"product_cat-ocoopa-ogrzewacze-dloni","7":"product_cat-halo","9":"first","10":"instock","11":"taxable","12":"shipping-taxable","13":"purchasable","14":"product-type-simple"},"acf":[],"taxonomy_info":{"product_cat":[{"value":142,"label":"Ocoopa - ogrzewacze d\u0142oni"},{"value":146,"label":"Halo"}]},"featured_image_src_large":["https:\/\/power-cube.globeweb.stronazen.pl\/wp-content\/uploads\/2024\/03\/5047-1.webp",640,640,false],"author_info":[],"comment_info":0,"_links":{"self":[{"href":"https:\/\/power-cube.globeweb.stronazen.pl\/en\/wp-json\/wp\/v2\/product\/4107"}],"collection":[{"href":"https:\/\/power-cube.globeweb.stronazen.pl\/en\/wp-json\/wp\/v2\/product"}],"about":[{"href":"https:\/\/power-cube.globeweb.stronazen.pl\/en\/wp-json\/wp\/v2\/types\/product"}],"replies":[{"embeddable":true,"href":"https:\/\/power-cube.globeweb.stronazen.pl\/en\/wp-json\/wp\/v2\/comments?post=4107"}],"wp:featuredmedia":[{"embeddable":true,"href":"https:\/\/power-cube.globeweb.stronazen.pl\/en\/wp-json\/wp\/v2\/media\/4108"}],"wp:attachment":[{"href":"https:\/\/power-cube.globeweb.stronazen.pl\/en\/wp-json\/wp\/v2\/media?parent=4107"}],"wp:term":[{"taxonomy":"product_cat","embeddable":true,"href":"https:\/\/power-cube.globeweb.stronazen.pl\/en\/wp-json\/wp\/v2\/product_cat?post=4107"},{"taxonomy":"product_tag","embeddable":true,"href":"https:\/\/power-cube.globeweb.stronazen.pl\/en\/wp-json\/wp\/v2\/product_tag?post=4107"}],"curies":[{"name":"wp","href":"https:\/\/api.w.org\/{rel}","templated":true}]}}