{"id":4089,"date":"2024-03-06T18:34:40","date_gmt":"2024-03-06T17:34:40","guid":{"rendered":"https:\/\/power-cube.globeweb.stronazen.pl\/produkt\/ocoopa-union-5s-elektroniczny-ogrzewacz-dloni-10000-mah-u5s-niebieski\/"},"modified":"2024-04-24T19:23:44","modified_gmt":"2024-04-24T17:23:44","slug":"ocoopa-union-5s-elektroniczny-ogrzewacz-dloni-10000-mah-u5s-niebieski","status":"publish","type":"product","link":"https:\/\/power-cube.globeweb.stronazen.pl\/en\/product\/ocoopa-union-5s-elektroniczny-ogrzewacz-dloni-10000-mah-u5s-niebieski\/","title":{"rendered":"Ocoopa Union 5s elektroniczny ogrzewacz d\u0142oni 10000 mAh, U5s, niebieski"},"content":{"rendered":"<h1 style=\"text-align: center;\">Ocoopa Union 5s (U5s)<\/h1>\n<h2 style=\"text-align: center;\">elektroniczny podgrzewacz do r\u0105k z wymiennym akumulatorem (Union Core)<\/h2>\n<p style=\"text-align: center;\"><img decoding=\"async\" src=\"https:\/\/upload.cdn.baselinker.com\/products\/11832\/fdb842cfec6dc76b4e445af420ea6668.webp\" alt=\"\" \/><\/p>\n<div class=\"mpof_ki myre_zn myre_8v_l m389_6m_l\">\n<div class=\"mp4t_16_s mryx_16_s mr3m_1 mli2_1 mh85_56 mh85_0_l\">\n<div class=\"mgn2_16 _0d3bd_am0a-\">\n<ul>\n<li><strong>Ciep\u0142o przez ca\u0142y dzie\u0144:<\/strong> Ocoopa Union 5s mo\u017ce pochwali\u0107 si\u0119 pot\u0119\u017cn\u0105 bateri\u0105 10000 mAh, kt\u00f3ra zapewnia do 15 godzin ci\u0105g\u0142ego ogrzewania.<\/li>\n<li><strong>Akumulator<\/strong>: od\u0142\u0105czany akumulator wielokrotnego \u0142adowania zapewnia mo\u017cliwo\u015b\u0107 ponownego u\u017cycia ogrzewacza przez kolejne 15 godzin. B\u0105d\u017a gotowy na ka\u017cd\u0105 przygod\u0119.<\/li>\n<li><strong>Natychmiastowe ogrzewanie:<\/strong> 3-sekundowe nagrzewanie dzi\u0119ki Ocoopa Union 5s. Funkcja pami\u0119ci temperatury zapewnia idealne ciep\u0142o od samego pocz\u0105tku.<\/li>\n<li><strong>Dostosuj temperatur\u0119:<\/strong> dzi\u0119ki 4-stopniowej regulacji grzania, precyzyjna technologia kontroli temperatury Ocoopa pozwala znale\u017a\u0107 idealn\u0105 temperatur\u0119.<\/li>\n<li><strong>Ogrzewanie 360\u00b0:<\/strong> powierzchnia grzewcza 360\u00b0, kt\u00f3ra rozprowadza ciep\u0142o od d\u0142oni do opuszk\u00f3w palc\u00f3w w kilka sekund.<\/li>\n<li><strong>Styl i wygoda:<\/strong> dopasuj sw\u00f3j nastr\u00f3j lub str\u00f3j dzi\u0119ki eleganckiemu, antypo\u015blizgowemu wyko\u0144czeniu, ergonomicznej konstrukcji i pewnemu uchwytowi Ocoopa Union 5s.<\/li>\n<\/ul><\/div>\n<\/p><\/div>\n<\/p><\/div>","protected":false},"excerpt":{"rendered":"<p>Ocoopa Union 5s (U5s) elektroniczny podgrzewacz do r\u0105k z wymiennym akumulatorem (Union Core) Ciep\u0142o przez ca\u0142y dzie\u0144: Ocoopa Union 5s mo\u017ce pochwali\u0107 si\u0119 pot\u0119\u017cn\u0105 bateri\u0105 10000 mAh, kt\u00f3ra zapewnia do 15 godzin ci\u0105g\u0142ego ogrzewania. Akumulator: od\u0142\u0105czany akumulator wielokrotnego \u0142adowania zapewnia mo\u017cliwo\u015b\u0107 ponownego u\u017cycia ogrzewacza przez kolejne 15 godzin. B\u0105d\u017a gotowy na ka\u017cd\u0105 przygod\u0119. Natychmiastowe ogrzewanie: [&hellip;]<\/p>","protected":false},"featured_media":4090,"comment_status":"open","ping_status":"closed","template":"","meta":{"_acf_changed":false,"_kad_blocks_custom_css":"","_kad_blocks_head_custom_js":"","_kad_blocks_body_custom_js":"","_kad_blocks_footer_custom_js":""},"product_cat":[142,145],"product_tag":[],"class_list":{"0":"post-4089","1":"product","2":"type-product","3":"status-publish","4":"has-post-thumbnail","6":"product_cat-ocoopa-ogrzewacze-dloni","7":"product_cat-u5s","9":"first","10":"instock","11":"taxable","12":"shipping-taxable","13":"purchasable","14":"product-type-simple"},"acf":[],"taxonomy_info":{"product_cat":[{"value":142,"label":"Ocoopa - ogrzewacze d\u0142oni"},{"value":145,"label":"U5s"}]},"featured_image_src_large":["https:\/\/power-cube.globeweb.stronazen.pl\/wp-content\/uploads\/2024\/03\/5031-1.webp",980,980,false],"author_info":[],"comment_info":0,"_links":{"self":[{"href":"https:\/\/power-cube.globeweb.stronazen.pl\/en\/wp-json\/wp\/v2\/product\/4089"}],"collection":[{"href":"https:\/\/power-cube.globeweb.stronazen.pl\/en\/wp-json\/wp\/v2\/product"}],"about":[{"href":"https:\/\/power-cube.globeweb.stronazen.pl\/en\/wp-json\/wp\/v2\/types\/product"}],"replies":[{"embeddable":true,"href":"https:\/\/power-cube.globeweb.stronazen.pl\/en\/wp-json\/wp\/v2\/comments?post=4089"}],"wp:featuredmedia":[{"embeddable":true,"href":"https:\/\/power-cube.globeweb.stronazen.pl\/en\/wp-json\/wp\/v2\/media\/4090"}],"wp:attachment":[{"href":"https:\/\/power-cube.globeweb.stronazen.pl\/en\/wp-json\/wp\/v2\/media?parent=4089"}],"wp:term":[{"taxonomy":"product_cat","embeddable":true,"href":"https:\/\/power-cube.globeweb.stronazen.pl\/en\/wp-json\/wp\/v2\/product_cat?post=4089"},{"taxonomy":"product_tag","embeddable":true,"href":"https:\/\/power-cube.globeweb.stronazen.pl\/en\/wp-json\/wp\/v2\/product_tag?post=4089"}],"curies":[{"name":"wp","href":"https:\/\/api.w.org\/{rel}","templated":true}]}}