{"id":4074,"date":"2024-03-06T18:34:43","date_gmt":"2024-03-06T17:34:43","guid":{"rendered":"https:\/\/power-cube.globeweb.stronazen.pl\/produkt\/twinkly-strings-600-led-rgbw-black-wire-plug-f-eu-type-48-m-outlet\/"},"modified":"2024-04-24T19:23:42","modified_gmt":"2024-04-24T17:23:42","slug":"twinkly-strings-600-led-rgbw-black-wire-plug-f-eu-type-48-m-outlet","status":"publish","type":"product","link":"https:\/\/power-cube.globeweb.stronazen.pl\/en\/product\/twinkly-strings-600-led-rgbw-black-wire-plug-f-eu-type-48-m-outlet\/","title":{"rendered":"Twinkly Strings 600 Led RGBW black wire Plug F (EU type) 48 m &#8211; OUTLET"},"content":{"rendered":"<h2 align=\"center\">Produkt OUTLET &#8211; pe\u0142nowarto\u015bciowy, po zwrotcie konsumenckim, mo\u017ce posiada\u0107 uszkodzone opakowanie<\/h2>\n<p>&lt;div class=&quot;&rdquo;video-container&rdquo;&quot; style=&quot;&rdquo;text-align:&quot; center;&rdquo;&gt;&lt;iframe title=&quot;&rdquo;YouTube&quot; video player&rdquo; src=&quot;&rdquo;https:\/\/www.youtube.com\/embed\/xxcTiRKwir0?controls=0&amp;mute=1&amp;autoplay=1&amp;showinfo=0&amp;rel=0&amp;loop=1&amp;modestbranding=1&amp;playlist=xxcTiRKwir0,VkAccFJuDf8,QZuo2GbLgck,b4ORtC5e7G0,zhFzRyFOBZQ&rdquo;&quot; width=&quot;&rdquo;100%&rdquo;&quot; height=&quot;&rdquo;100%&rdquo;&quot; frameborder=&quot;&rdquo;0&Prime;&quot; allowfullscreen=&quot;&rdquo;allowfullscreen&rdquo;&quot;&gt;&lt;\/iframe&gt;&lt;\/div&gt;<br \/>&lt;h1 style=&quot;&rdquo;text-align:&quot; center;&rdquo;&gt;&lt;img src=&quot;&rdquo;https:\/\/www.power-cube.pl\/upload\/twinkly\/TW-LOGO-BLACK.webp&rdquo;&quot; alt=&quot;&rdquo;twinkly&quot; logo&rdquo; \/&gt;&lt;\/h1&gt;<br \/>&lt;h1 style=&quot;&rdquo;text-align:&quot; center;&rdquo;&gt;Twinkly Strings 600 LED RGB-W &ndash; 48 m&lt;\/h1&gt;<br \/>&lt;h2 style=&quot;&rdquo;text-align:&quot; center;&rdquo;&gt;Twinkly to rewolucyjne lampki choinkowe LED RGB&lt;\/h2&gt;<br \/>&lt;p style=&quot;&rdquo;text-align:&quot; center;&rdquo;&gt;TWS600SPP-BEU&lt;\/p&gt;<br \/>&lt;div class=&quot;&rdquo;flex&rdquo;&quot; style=&quot;&rdquo;padding-top:&quot; 2rem; padding-bottom: 1.5rem;&rdquo;&gt;<br \/>&lt;div class=&quot;&rdquo;flex&quot; flex-2&Prime; style=&quot;&rdquo;padding-left:&quot; 5px; padding-right: 5px;&rdquo;&gt;&lt;img src=&quot;&rdquo;https:\/\/www.power-cube.pl\/upload\/twinkly\/strings\/RGBW\/TWS600SPP-BEU-box.webp&rdquo;&quot; alt=&quot;&rdquo;&rdquo;&quot; \/&gt;&lt;\/div&gt;<br \/>&lt;div class=&quot;&rdquo;flex&quot; flex-2&Prime; style=&quot;&rdquo;padding-left:&quot; 5px; padding-right: 5px;&rdquo;&gt;<br \/>&lt;ul&gt;<br \/>&lt;li&gt;&lt;span style=&quot;&rdquo;font-size:&quot; 12pt;&rdquo;&gt;48 metr&oacute;w d\u0142ugo\u015bci, 600 diod LED RGB-W, 16 milion&oacute;w kolor&oacute;w&lt;\/span&gt;&lt;\/li&gt;<br \/>&lt;li&gt;&lt;span style=&quot;&rdquo;font-size:&quot; 12pt;&rdquo;&gt;Steruj za pomoc\u0105 smartfona (iOS i Android)&lt;\/span&gt;&lt;\/li&gt;<br \/>&lt;li&gt;&lt;span style=&quot;&rdquo;font-size:&quot; 12pt;&rdquo;&gt;Generacja II&lt;\/span&gt;&lt;\/li&gt;<br \/>&lt;li&gt;&lt;span style=&quot;&rdquo;font-size:&quot; 12pt;&rdquo;&gt;Po\u0142\u0105cz przez WiFi i Bluetooth&lt;\/span&gt;&lt;\/li&gt;<br \/>&lt;li&gt;&lt;span style=&quot;&rdquo;font-size:&quot; 12pt;&rdquo;&gt;Synchronizacja do 4000 diod lub 10 urz\u0105dze\u0144&lt;\/span&gt;&lt;\/li&gt;<br \/>&lt;li&gt;&lt;span style=&quot;&rdquo;font-size:&quot; 12pt;&rdquo;&gt;Create and customize your own effects&lt;\/span&gt;&lt;\/li&gt;<br \/>&lt;li&gt;&lt;span style=&quot;&rdquo;font-size:&quot; 12pt;&rdquo;&gt;Dostosuj jasno\u015b\u0107 i timer za pomoc\u0105 aplikacji&lt;\/span&gt;&lt;\/li&gt;<br \/>&lt;li&gt;&lt;span style=&quot;&rdquo;font-size:&quot; 12pt;&rdquo;&gt;Zasilacz i kontroler WiFi w zestawie&lt;\/span&gt;&lt;\/li&gt;<br \/>&lt;li&gt;&lt;span style=&quot;&rdquo;font-size:&quot; 12pt;&rdquo;&gt;Do u\u017cytku wewn\u0119trznego i zewn\u0119trznego IP44&lt;\/span&gt;&lt;\/li&gt;<br \/>&lt;\/ul&gt;<br \/>&lt;\/div&gt;<br \/>&lt;\/div&gt;<br \/>&lt;div class=&quot;&rdquo;flex&rdquo;&quot;&gt;<br \/>&lt;div class=&quot;&rdquo;flex&quot; flex-2&Prime; style=&quot;&rdquo;padding-left:&quot; 5px; padding-right: 5px;&rdquo;&gt;<br \/>&lt;h2&gt;Sterowany aplikacj\u0105 \u0142a\u0144cuch diod LED&lt;\/h2&gt;<br \/>&lt;p&gt;&lt;span style=&quot;&rdquo;font-size:&quot; 12pt;&rdquo;&gt;Twinkly to rewolucyjny ci\u0105g lampek LED wyposa\u017conych w najbardziej zaawansowan\u0105 technologi\u0119 do dekorowania Twojego domu. &lt;\/span&gt;&lt;\/p&gt;<br \/>&lt;p&gt;&lt;span style=&quot;&rdquo;font-size:&quot; 12pt;&rdquo;&gt;Twinkly Strings to 600 jasnych, kolorowych diod LED RGB-W, kontroler z po\u0142\u0105czeniem wi-fi i bluetooth oraz najnowocze\u015bniejsza aplikacja na smartfona. Wszystko razem pozwala na \u0142atwe i szybkie tworzenie niesamowitych animacji.&lt;\/span&gt;&lt;\/p&gt;<br \/>&lt;\/div&gt;<br \/>&lt;div class=&quot;&rdquo;flex&quot; flex-2&Prime; style=&quot;&rdquo;padding-left:&quot; 5px; padding-right: 5px;&rdquo;&gt;<br \/>&lt;p style=&quot;&rdquo;text-align:&quot; center;&rdquo;&gt;&lt;img src=&quot;&rdquo;https:\/\/www.power-cube.pl\/upload\/twinkly\/strings\/RGB\/large-TW_2020-XMAS_0202.webp&rdquo;&quot; alt=&quot;&rdquo;&rdquo;&quot; \/&gt;&lt;\/p&gt;<br \/>&lt;\/div&gt;<br \/>&lt;\/div&gt;<br \/>&lt;div class=&quot;&rdquo;flex&rdquo;&quot;&gt;<br \/>&lt;div class=&quot;&rdquo;flex&quot; flex-2&Prime; style=&quot;&rdquo;padding-left:&quot; 5px; padding-right: text-align: center;&rdquo;&gt;<br \/>&lt;p style=&quot;&rdquo;background-color:&quot; black;&rdquo;&gt;&lt;img src=&quot;&rdquo;https:\/\/www.power-cube.pl\/upload\/twinkly\/flex\/mobile-scroll-twinkly.gif&rdquo;&quot; alt=&quot;&rdquo;&rdquo;&quot; \/&gt;&lt;\/p&gt;<br \/>&lt;\/div&gt;<br \/>&lt;div class=&quot;&rdquo;flex&quot; flex-2&Prime; style=&quot;&rdquo;padding-left:&quot; 5px; padding-right: 5px;&rdquo;&gt;<br \/>&lt;h2&gt;Magia ukryta jest w aplikacji&lt;\/h2&gt;<br \/>&lt;p style=&quot;&rdquo;font-size:&quot; 12pt;&rdquo;&gt;Twinkly App umo\u017cliwia stworzenie niepowtarzalnej dekoracji \u015bwietlnej, dzi\u0119ki szerokiej gamie gotowych efekt&oacute;w i animacji, a tak\u017ce mo\u017cliwo\u015bci tworzenia w\u0142asnych od podstaw. Wszystkie efekty s\u0105 w pe\u0142ni konfigurowalne: jasno\u015b\u0107, pr\u0119dko\u015b\u0107, intensywno\u015b\u0107 i kolor mog\u0105 by\u0107 modyfikowane za pomoc\u0105 jednego dotkni\u0119cia, co daje nieograniczone mo\u017cliwo\u015bci tworzenia idealnych dekoracji \u015bwietlnych.&lt;\/p&gt;<br \/>&lt;p style=&quot;&rdquo;font-size:&quot; 12pt;&rdquo;&gt;Strings mog\u0105 by\u0107 \u0142\u0105czone z innymi urz\u0105dzeniami Twinkly, aby tworzy\u0107 wi\u0119ksze, zsynchronizowane instalacje \u015bwietlne.&lt;\/p&gt;<br \/>&lt;br \/&gt;<br \/>&lt;div style=&quot;&rdquo;margin-bottom:&quot; 1rem;&rdquo;&gt;&lt;a href=&quot;\/en\/&rdquo;https:\/\/play.google.com\/store\/apps\/details\/?id=com.twinkly&rdquo;&quot; target=&quot;&rdquo;_blank&rdquo;&quot;&gt;&lt;img style=&quot;&rdquo;max-width:&quot; 200px; height: auto;&rdquo; src=&quot;&rdquo;https:\/\/www.power-cube.pl\/upload\/twinkly\/googleplay.webp&rdquo;&quot; alt=&quot;&rdquo;Google&quot; play&rdquo; \/&gt;&lt;\/a&gt;&lt;\/div&gt;<br \/>&lt;div style=&quot;&rdquo;margin-bottom:&quot; 1rem;&rdquo;&gt;&lt;a href=&quot;\/en\/&rdquo;https:\/\/apps.apple.com\/app\/twinkly\/id1132187056&Prime;\/&quot; target=&quot;&rdquo;_blank&rdquo;&quot;&gt;&lt;img style=&quot;&rdquo;max-width:&quot; 200px; height: auto;&rdquo; src=&quot;&rdquo;https:\/\/www.power-cube.pl\/upload\/twinkly\/appstore.webp&rdquo;&quot; alt=&quot;&rdquo;App&quot; store&rdquo; \/&gt;&lt;\/a&gt;&lt;\/div&gt;<br \/>&lt;\/div&gt;<br \/>&lt;\/div&gt;<br \/>&lt;div class=&quot;&rdquo;flex&quot; flex-1&Prime; style=&quot;&rdquo;padding-left:&quot; 5px; padding-right: 5px;&rdquo;&gt;<br \/>&lt;h1 style=&quot;&rdquo;text-align:&quot; center; padding-top: 3rem;&rdquo;&gt;Twinkly wsp&oacute;\u0142pracuje z:&lt;\/h1&gt;<br \/>&lt;div class=&quot;&rdquo;flex&quot; flex-5&Prime; style=&quot;&rdquo;text-align:&quot; center;&rdquo;&gt;&lt;img src=&quot;&rdquo;https:\/\/www.power-cube.pl\/upload\/twinkly\/google.webp&rdquo;&quot; alt=&quot;&rdquo;hey&quot; google&rdquo; \/&gt;&lt;\/div&gt;<br \/>&lt;div class=&quot;&rdquo;flex&quot; flex-5&Prime; style=&quot;&rdquo;text-align:&quot; center;&rdquo;&gt;&lt;img src=&quot;&rdquo;https:\/\/www.power-cube.pl\/upload\/twinkly\/alexa.webp&rdquo;&quot; alt=&quot;&rdquo;alexa&rdquo;&quot; \/&gt;&lt;\/div&gt;<br \/>&lt;div class=&quot;&rdquo;flex&quot; flex-5&Prime; style=&quot;&rdquo;text-align:&quot; center;&rdquo;&gt;&lt;img src=&quot;&rdquo;https:\/\/www.power-cube.pl\/upload\/twinkly\/razer-chroma.webp&rdquo;&quot; alt=&quot;&rdquo;razer&quot; chroma&rdquo; \/&gt;&lt;\/div&gt;<br \/>&lt;div class=&quot;&rdquo;flex&quot; flex-5&Prime; style=&quot;&rdquo;text-align:&quot; center;&rdquo;&gt;&lt;img src=&quot;&rdquo;https:\/\/www.power-cube.pl\/upload\/twinkly\/applehomekit.webp&rdquo;&quot; alt=&quot;&rdquo;apple&quot; homekit&rdquo; \/&gt;&lt;\/div&gt;<br \/>&lt;div class=&quot;&rdquo;flex&quot; flex-5&Prime; style=&quot;&rdquo;text-align:&quot; center;&rdquo;&gt;&lt;img src=&quot;&rdquo;https:\/\/www.power-cube.pl\/upload\/twinkly\/omen.webp&rdquo;&quot; alt=&quot;&rdquo;hp&quot; omen&rdquo; \/&gt;&lt;\/div&gt;<br \/>&lt;div class=&quot;&rdquo;flex&quot; flex-1&Prime; style=&quot;&rdquo;padding-bottom:&quot; 3rem; padding-top: 3rem;&rdquo;&gt;<br \/>&lt;p style=&quot;&rdquo;text-align:&quot; center; font-size: 12pt;&rdquo;&gt;Lampki Twinkly mo\u017cna bezproblemowo kontrolowa\u0107 za pomoc\u0105 asystent&oacute;w g\u0142osowych, takich jak Google Asisstant i Amazon Alexa, a tak\u017ce za pomoc\u0105 Homey i Razer Chroma&trade; RGB za po\u015brednictwem &lt;a href=&quot;\/en\/&rdquo;https:\/\/twinkly-files.s3.us-east-2.amazonaws.com\/razer\/TwinklyRazerSetup.zip&rdquo;\/&quot; target=&quot;&rdquo;_blank&rdquo;&quot;&gt;Twinkly Chroma Connector&lt;\/a&gt; aby zwi\u0119kszy\u0107 wra\u017cenia z gry dzi\u0119ki osza\u0142amiaj\u0105cym efektom \u015bwietlnym, kt&oacute;re reaguj\u0105 na Twoj\u0105 rozgrywk\u0119.&lt;\/p&gt;<br \/>&lt;p style=&quot;&rdquo;text-align:&quot; center; font-size: 12pt;&rdquo;&gt;Rozpocz\u0119cie pracy z Twinkly jest super proste: szybki i intuicyjny proces konfiguracji pomaga uruchomi\u0107 urz\u0105dzenie w ci\u0105gu kilku sekund za po\u015brednictwem Bluetooth&reg; i Wi-Fi.&lt;\/p&gt;<br \/>&lt;\/div&gt;<br \/>&lt;\/div&gt;<br \/>&lt;div class=&quot;&rdquo;flex&quot; flex-2&Prime; style=&quot;&rdquo;padding-left:&quot; 5px; padding-right: 5px;&rdquo;&gt;<br \/>&lt;p style=&quot;&rdquo;text-align:&quot; center;&rdquo;&gt;&lt;img src=&quot;&rdquo;https:\/\/www.power-cube.pl\/upload\/twinkly\/strings\/RGB\/large-TW_2019-CHRISTMAS_0597.webp&rdquo;&quot; alt=&quot;&rdquo;&rdquo;&quot; \/&gt;&lt;\/p&gt;<br \/>&lt;\/div&gt;<br \/>&lt;div class=&quot;&rdquo;flex&quot; flex-2&Prime; style=&quot;&rdquo;padding-left:&quot; 5px; padding-right: 5px;&rdquo;&gt;<br \/>&lt;p style=&quot;&rdquo;text-align:&quot; center;&rdquo;&gt;&lt;img src=&quot;&rdquo;https:\/\/www.power-cube.pl\/upload\/twinkly\/strings\/RGB\/large-TW_2019-INDOOR_0411.webp&rdquo;&quot; alt=&quot;&rdquo;&rdquo;&quot; \/&gt;&lt;\/p&gt;<br \/>&lt;\/div&gt;<br \/>&lt;div class=&quot;&rdquo;flex&quot; flex-2&Prime; style=&quot;&rdquo;padding-left:&quot; 5px; padding-right: 5px;&rdquo;&gt;<br \/>&lt;p style=&quot;&rdquo;text-align:&quot; center;&rdquo;&gt;&lt;img src=&quot;&rdquo;https:\/\/www.power-cube.pl\/upload\/twinkly\/strings\/RGB\/large-TW-SUMMER2020-RGB4.webp&rdquo;&quot; alt=&quot;&rdquo;&rdquo;&quot; \/&gt;&lt;\/p&gt;<br \/>&lt;\/div&gt;<br \/>&lt;div class=&quot;&rdquo;flex&quot; flex-2&Prime; style=&quot;&rdquo;padding-left:&quot; 5px; padding-right: 5px;&rdquo;&gt;<br \/>&lt;p style=&quot;&rdquo;text-align:&quot; center;&rdquo;&gt;&lt;img src=&quot;&rdquo;https:\/\/www.power-cube.pl\/upload\/twinkly\/strings\/RGB\/large-TW_2019-CHRISTMAS_0182.webp&rdquo;&quot; alt=&quot;&rdquo;&rdquo;&quot; \/&gt;&lt;\/p&gt;<br \/>&lt;\/div&gt;<br \/>&lt;div class=&quot;&rdquo;flex&rdquo;&quot; style=&quot;&rdquo;padding-left:&quot; 5px; padding-right: 5px;&rdquo;&gt;<br \/>&lt;div class=&quot;&rdquo;flex&rdquo;&quot; style=&quot;&rdquo;color:&quot; white; !important; background-color: black; padding: 1em 0 0;&rdquo;&gt;<br \/>&lt;h1 style=&quot;&rdquo;text-align:&quot; center; background-color: black; color: white;&rdquo;&gt;Jak dzia\u0142a Twinkly?&lt;\/h1&gt;<br \/>&lt;div class=&quot;&rdquo;flex&quot; flex-2&Prime; style=&quot;&rdquo;text-align:&quot; center; background-color: black; padding: 1em 1em;&rdquo;&gt;<br \/>&lt;p style=&quot;&rdquo;text-align:&quot; center;&rdquo;&gt;&lt;img src=&quot;&rdquo;https:\/\/www.power-cube.pl\/upload\/twinkly\/control-1.webp&rdquo;&quot; alt=&quot;&rdquo;&rdquo;&quot; \/&gt;&lt;\/p&gt;<br \/>&lt;br \/&gt;<br \/>&lt;h3 style=&quot;&rdquo;text-transform:&quot; uppercase; color: white!important;&rdquo;&gt;Steruj aplikacj\u0105&lt;\/h3&gt;<br \/>&lt;br \/&gt;<br \/>&lt;p style=&quot;&rdquo;font-size:&quot; 12pt;&rdquo;&gt;Steruj swoimi lampkami Twinkly za pomoc\u0105 pi\u0119knie wykonanej, \u0142atwej w obs\u0142udze aplikacji Twinkly.&lt;\/p&gt;<br \/>&lt;\/div&gt;<br \/>&lt;div class=&quot;&rdquo;flex&quot; flex-2&Prime; style=&quot;&rdquo;text-align:&quot; center; background-color: black; padding: 1em 1em;&rdquo;&gt;<br \/>&lt;p style=&quot;&rdquo;text-align:&quot; center;&rdquo;&gt;&lt;img src=&quot;&rdquo;https:\/\/www.power-cube.pl\/upload\/twinkly\/play-1.webp&rdquo;&quot; alt=&quot;&rdquo;&rdquo;&quot; \/&gt;&lt;\/p&gt;<br \/>&lt;br \/&gt;<br \/>&lt;h3 style=&quot;&rdquo;text-transform:&quot; uppercase; color: white!important;&rdquo;&gt;Odtwarzaj zaawansowane efekty&lt;\/h3&gt;<br \/>&lt;br \/&gt;<br \/>&lt;p style=&quot;&rdquo;font-size:&quot; 12pt;&rdquo;&gt;Popraw sw&oacute;j uk\u0142ad mapuj\u0105c lampki za pomoc\u0105 aparatu smartfona w aplikacji Twinkly.&lt;\/p&gt;<br \/>&lt;\/div&gt;<br \/>&lt;div class=&quot;&rdquo;flex&quot; flex-2&Prime; style=&quot;&rdquo;text-align:&quot; center; background-color: black; padding: 1em 1em;&rdquo;&gt;<br \/>&lt;p style=&quot;&rdquo;text-align:&quot; center;&rdquo;&gt;&lt;img src=&quot;&rdquo;https:\/\/www.power-cube.pl\/upload\/twinkly\/music-1.webp&rdquo;&quot; alt=&quot;&rdquo;&rdquo;&quot; \/&gt;&lt;\/p&gt;<br \/>&lt;br \/&gt;<br \/>&lt;h3 style=&quot;&rdquo;text-transform:&quot; uppercase; color: white!important;&rdquo;&gt;Ta\u0144cz\u0105c do rytmu&lt;\/h3&gt;<br \/>&lt;br \/&gt;<br \/>&lt;p style=&quot;&rdquo;font-size:&quot; 12pt;&rdquo;&gt;Spraw, by Twinkly ta\u0144czy\u0142 w rytm muzyki, u\u017cywaj\u0105c opcjonalnego mikrofonu Twinkly Music.&lt;\/p&gt;<br \/>&lt;\/div&gt;<br \/>&lt;div class=&quot;&rdquo;flex&quot; flex-2&Prime; style=&quot;&rdquo;text-align:&quot; center; background-color: black; padding: 1em 1em;&rdquo;&gt;<br \/>&lt;p style=&quot;&rdquo;text-align:&quot; center;&rdquo;&gt;&lt;img src=&quot;&rdquo;https:\/\/www.power-cube.pl\/upload\/twinkly\/group-1.webp&rdquo;&quot; alt=&quot;&rdquo;&rdquo;&quot; \/&gt;&lt;\/p&gt;<br \/>&lt;br \/&gt;<br \/>&lt;h3 style=&quot;&rdquo;text-transform:&quot; uppercase; color: white!important;&rdquo;&gt;Pogrupuj je razem&lt;\/h3&gt;<br \/>&lt;br \/&gt;<br \/>&lt;p style=&quot;&rdquo;font-size:&quot; 12pt;&rdquo;&gt;Wirtualnie po\u0142\u0105cz wiele urz\u0105dze\u0144 Twinkly, aby przekszta\u0142ci\u0107 wiele dekoracji w jedn\u0105 pi\u0119kn\u0105 instalacj\u0119&lt;\/p&gt;<br \/>&lt;\/div&gt;<br \/>&lt;\/div&gt;<br \/>&lt;\/div&gt;<br \/>&lt;div class=&quot;&rdquo;flex&quot; flex-2&Prime; style=&quot;&rdquo;padding-left:&quot; 5px; padding-right: 5px;&rdquo;&gt;<br \/>&lt;p style=&quot;&rdquo;text-align:&quot; center;&rdquo;&gt;&lt;img src=&quot;&rdquo;https:\/\/www.power-cube.pl\/upload\/twinkly\/strings\/RGB\/large-TW-XMAS2019-RGB4.webp&rdquo;&quot; alt=&quot;&rdquo;&rdquo;&quot; \/&gt;&lt;\/p&gt;<br \/>&lt;\/div&gt;<br \/>&lt;div class=&quot;&rdquo;flex&quot; flex-2&Prime; style=&quot;&rdquo;padding-left:&quot; 5px; padding-right: 5px;&rdquo;&gt;<br \/>&lt;p style=&quot;&rdquo;text-align:&quot; center;&rdquo;&gt;&lt;img src=&quot;&rdquo;https:\/\/www.power-cube.pl\/upload\/twinkly\/strings\/RGB\/large-TW-SUMMER2019-RGB1.webp&rdquo;&quot; alt=&quot;&rdquo;&rdquo;&quot; \/&gt;&lt;\/p&gt;<br \/>&lt;\/div&gt;<br \/>&lt;div class=&quot;&rdquo;flex&rdquo;&quot;&gt;<br \/>&lt;div class=&quot;&rdquo;flex&quot; flex-2&Prime; style=&quot;&rdquo;padding-left:&quot; 5px; padding-right: 5px;&rdquo;&gt;<br \/>&lt;h2&gt;Twinkly i Razer Chroma tworz\u0105 jedno\u015b\u0107&lt;\/h2&gt;<br \/>&lt;p&gt;&lt;span style=&quot;&rdquo;font-size:&quot; 12pt;&rdquo;&gt;Dzi\u0119ki rewolucyjnej technologii, Twinkly i Razer Chroma&trade; RGB przenosz\u0105 rozgrywk\u0119 na wy\u017cszy poziom, daj\u0105c graczom wielozmys\u0142owe wra\u017cenia z gry.&lt;\/span&gt;&lt;\/p&gt;<br \/>&lt;p&gt;&lt;span style=&quot;&rdquo;font-size:&quot; 12pt;&rdquo;&gt;Ta aplikacja umo\u017cliwia u\u017cytkownikom pod\u0142\u0105czenie ca\u0142ej gamy produkt&oacute;w Twinkly do Razer Chroma&trade; RGB. Twinkly Chroma Connector rozszerza wra\u017cenia z gry poza ekran dzi\u0119ki responsywnym efektom \u015bwietlnym wyzwalanym przez wydarzenia w grze.&lt;\/span&gt;&lt;\/p&gt;<br \/>&lt;\/div&gt;<br \/>&lt;div class=&quot;&rdquo;flex&quot; flex-2&Prime; style=&quot;&rdquo;padding-left:&quot; 5px; padding-right: 5px;&rdquo;&gt;<br \/>&lt;p style=&quot;&rdquo;text-align:&quot; center;&rdquo;&gt;&lt;img src=&quot;&rdquo;\/public\/assets\/lampki&quot; choinkowe twinklypod%20opisem.jpg&rdquo; alt=&quot;&rdquo;&rdquo;&quot; \/&gt;&lt;\/p&gt;<br \/>&lt;\/div&gt;<br \/>&lt;\/div&gt;<br \/>&lt;p class=&quot;&rdquo;flex&quot; flex-1&Prime; style=&quot;&rdquo;text-align:&quot; center;&rdquo;&gt;&lt;img src=&quot;&rdquo;https:\/\/www.power-cube.pl\/upload\/twinkly\/strings\/RGB\/600\/TWS600STP-BEU_TOP.webp&rdquo;&quot; alt=&quot;&rdquo;&rdquo;&quot; \/&gt;&lt;\/p&gt;<br \/>&lt;p class=&quot;&rdquo;flex&quot; flex-1&Prime; style=&quot;&rdquo;text-align:&quot; center;&rdquo;&gt;&lt;img src=&quot;&rdquo;https:\/\/www.power-cube.pl\/upload\/twinkly\/strings\/RGB\/600\/TWS600STP-BEU_TW72737.webp&rdquo;&quot; alt=&quot;&rdquo;&rdquo;&quot; \/&gt;&lt;\/p&gt;<\/p>","protected":false},"excerpt":{"rendered":"<p>Produkt OUTLET &ndash; pe\u0142nowarto\u015bciowy, po zwrotcie konsumenckim, mo\u017ce posiada\u0107 uszkodzone opakowanie &lt;div class=&quot;&rdquo;video-container&rdquo;&quot; style=&quot;&rdquo;text-align:&quot; center;&rdquo;&gt;&lt;iframe title=&quot;&rdquo;YouTube&quot; video player&rdquo; src=&quot;&rdquo;https:\/\/www.youtube.com\/embed\/xxcTiRKwir0?controls=0&amp;mute=1&amp;autoplay=1&amp;showinfo=0&amp;rel=0&amp;loop=1&amp;modestbranding=1&amp;playlist=xxcTiRKwir0,VkAccFJuDf8,QZuo2GbLgck,b4ORtC5e7G0,zhFzRyFOBZQ&rdquo;&quot; width=&quot;&rdquo;100%&rdquo;&quot; height=&quot;&rdquo;100%&rdquo;&quot; frameborder=&quot;&rdquo;0&Prime;&quot; allowfullscreen=&quot;&rdquo;allowfullscreen&rdquo;&quot;&gt;&lt;\/iframe&gt;&lt;\/div&gt;&lt;h1 style=&quot;&rdquo;text-align:&quot; center;&rdquo;&gt;&lt;img src=&quot;&rdquo;https:\/\/www.power-cube.pl\/upload\/twinkly\/TW-LOGO-BLACK.webp&rdquo;&quot; alt=&quot;&rdquo;twinkly&quot; logo&rdquo; \/&gt;&lt;\/h1&gt;&lt;h1 style=&quot;&rdquo;text-align:&quot; center;&rdquo;&gt;Twinkly Strings 600 LED RGB-W &ndash; 48 m&lt;\/h1&gt;&lt;h2 style=&quot;&rdquo;text-align:&quot; center;&rdquo;&gt;Twinkly to rewolucyjne lampki choinkowe LED RGB&lt;\/h2&gt;&lt;p style=&quot;&rdquo;text-align:&quot; center;&rdquo;&gt;TWS600SPP-BEU&lt;\/p&gt;&lt;div class=&quot;&rdquo;flex&rdquo;&quot; style=&quot;&rdquo;padding-top:&quot; 2rem; padding-bottom: 1.5rem;&rdquo;&gt;&lt;div [&hellip;]<\/p>","protected":false},"featured_media":4075,"comment_status":"open","ping_status":"closed","template":"","meta":{"_acf_changed":false,"_kad_blocks_custom_css":"","_kad_blocks_head_custom_js":"","_kad_blocks_body_custom_js":"","_kad_blocks_footer_custom_js":""},"product_cat":[144],"product_tag":[],"class_list":{"0":"post-4074","1":"product","2":"type-product","3":"status-publish","4":"has-post-thumbnail","6":"product_cat-outlet","8":"first","9":"instock","10":"taxable","11":"shipping-taxable","12":"purchasable","13":"product-type-simple"},"acf":[],"taxonomy_info":{"product_cat":[{"value":144,"label":"OUTLET"}]},"featured_image_src_large":["https:\/\/power-cube.globeweb.stronazen.pl\/wp-content\/uploads\/2024\/03\/4976-1.jpg",980,980,false],"author_info":[],"comment_info":0,"_links":{"self":[{"href":"https:\/\/power-cube.globeweb.stronazen.pl\/en\/wp-json\/wp\/v2\/product\/4074"}],"collection":[{"href":"https:\/\/power-cube.globeweb.stronazen.pl\/en\/wp-json\/wp\/v2\/product"}],"about":[{"href":"https:\/\/power-cube.globeweb.stronazen.pl\/en\/wp-json\/wp\/v2\/types\/product"}],"replies":[{"embeddable":true,"href":"https:\/\/power-cube.globeweb.stronazen.pl\/en\/wp-json\/wp\/v2\/comments?post=4074"}],"wp:featuredmedia":[{"embeddable":true,"href":"https:\/\/power-cube.globeweb.stronazen.pl\/en\/wp-json\/wp\/v2\/media\/4075"}],"wp:attachment":[{"href":"https:\/\/power-cube.globeweb.stronazen.pl\/en\/wp-json\/wp\/v2\/media?parent=4074"}],"wp:term":[{"taxonomy":"product_cat","embeddable":true,"href":"https:\/\/power-cube.globeweb.stronazen.pl\/en\/wp-json\/wp\/v2\/product_cat?post=4074"},{"taxonomy":"product_tag","embeddable":true,"href":"https:\/\/power-cube.globeweb.stronazen.pl\/en\/wp-json\/wp\/v2\/product_tag?post=4074"}],"curies":[{"name":"wp","href":"https:\/\/api.w.org\/{rel}","templated":true}]}}