{"id":4055,"date":"2024-03-06T18:34:41","date_gmt":"2024-03-06T17:34:41","guid":{"rendered":"https:\/\/power-cube.globeweb.stronazen.pl\/produkt\/twinkly-light-tree-300-rgbw-led-pole-black-2-m-ip44-outlet\/"},"modified":"2024-04-24T19:23:43","modified_gmt":"2024-04-24T17:23:43","slug":"twinkly-light-tree-300-rgbw-led-pole-black-2-m-ip44-outlet","status":"publish","type":"product","link":"https:\/\/power-cube.globeweb.stronazen.pl\/en\/product\/twinkly-light-tree-300-rgbw-led-pole-black-2-m-ip44-outlet\/","title":{"rendered":"Twinkly Light Tree 300 RGBW LED, Pole black, 2 m, IP44 &#8211; OUTLET"},"content":{"rendered":"<h2 align=\"center\">Produkt OUTLET &#8211; pe\u0142nowarto\u015bciowy, po zwrotcie konsumenckim, mo\u017ce posiada\u0107 uszkodzone opakowanie<\/h2>\n<div class=\"video-container\" style=\"text-align: center;\"><iframe loading=\"lazy\" title=\"YouTube video player\" src=\"https:\/\/www.youtube.com\/embed\/xxcTiRKwir0?controls=0&#038;mute=1&#038;autoplay=1&#038;showinfo=0&#038;rel=0&#038;loop=1&#038;modestbranding=1&#038;playlist=xxcTiRKwir0,VkAccFJuDf8,QZuo2GbLgck,b4ORtC5e7G0,zhFzRyFOBZQ\" allowfullscreen=\"allowfullscreen\" width=\"100%\" height=\"100%\" frameborder=\"0\"><\/iframe><\/div>\n<p><\/p>\n<h1 style=\"text-align: center;\"><img decoding=\"async\" src=\"https:\/\/www.power-cube.pl\/upload\/twinkly\/TW-LOGO-BLACK.webp\" alt=\"twinkly logo\"><\/h1>\n<p><\/p>\n<h1 style=\"text-align: center;\">Choinka Twinkly &#8211; 300 RGB+W Choinka z masztem flagowym<\/h1>\n<p><\/p>\n<h2 style=\"text-align: center;\">Twinkly to rewolucyjne Lampki RGB + W BEU<\/h2>\n<p><\/p>\n<p style=\"text-align: center;\">TWP300SPP-BEU<\/p>\n<p><\/p>\n<div class=\"flex\" style=\"padding-top: 2rem; padding-bottom: 1.5rem;\"><\/p>\n<div class=\"flex flex-2\" style=\"padding-left: 5px; padding-right: 5px;\"><img decoding=\"async\" src=\"https:\/\/power-cube.pl\/upload\/twinkly\/lighttree\/medium-TWP300SPP_Packaging.webp\" alt=\"\"><\/div>\n<p><\/p>\n<div class=\"flex flex-2\" style=\"padding-left: 5px; padding-right: 5px;\"><\/p>\n<ul><\/p>\n<li><span style=\"font-size: 12pt;\">Twinkly Light Tree &#8211; choinka w kszta\u0142cie flagi z 300 diodami LED RGB+W <\/span><\/li>\n<p><\/p>\n<li><span style=\"font-size: 12pt;\">16 milion\u00f3w kolor\u00f3w, 300 diod LED. 2 metry wysoko\u015bci<\/span><\/li>\n<p><\/p>\n<li><span style=\"font-size: 12pt;\">Steruj za pomoc\u0105 smartfona (iOS i Android)<\/span><\/li>\n<p><\/p>\n<li><span style=\"font-size: 12pt;\">Generacja II<\/span><\/li>\n<p><\/p>\n<li><span style=\"font-size: 12pt;\">Po\u0142\u0105cz przez WiFi i Bluetooth<\/span><\/li>\n<p><\/p>\n<li><span style=\"font-size: 12pt;\">Synchronizacja do 4000 diod lub 10 urz\u0105dze\u0144<\/span><\/li>\n<p><\/p>\n<li><span style=\"font-size: 12pt;\">Create and customize your own effects<\/span><\/li>\n<p><\/p>\n<li><span style=\"font-size: 12pt;\">Dostosuj jasno\u015b\u0107 i timer za pomoc\u0105 aplikacji<\/span><\/li>\n<p><\/p>\n<li><span style=\"font-size: 12pt;\">Zasilacz i kontroler WiFi w zestawie<\/span><\/li>\n<p><\/p>\n<li><span style=\"font-size: 12pt;\">Tylko do u\u017cytku zewn\u0119trznego IP44<\/span><\/li>\n<p><\/ul>\n<p><\/div>\n<p><\/div>\n<p><\/p>\n<div class=\"flex\"><\/p>\n<div class=\"flex flex-1\" style=\"padding-left: 5px; padding-right: 5px;\"><\/p>\n<div><\/p>\n<div><\/p>\n<h2>Roz\u015bwietl \u015bwi\u0119ta Bo\u017cego Narodzenia dzi\u0119ki Twinkly Light Tree, wyj\u0105tkowej i innowacyjnej choince na maszt sterowanej przez aplikacj\u0119, kt\u00f3ra sprawdzi si\u0119 w Twoim domu.<\/h2>\n<p><\/p>\n<p><span style=\"font-size: 12pt;\">Dzi\u0119ki wysoko\u015bci 2 metr\u00f3w, 300 diodom LED RGB + W (ciep\u0142obia\u0142ym) 5 mm o przezroczystej i rozproszonej p\u0142askiej soczewce, specjalnie zaprojektowanym z p\u0142ask\u0105 g\u0142\u00f3wk\u0105, aby osi\u0105gn\u0105\u0107 imponuj\u0105cy poziom jasno\u015bci i doskona\u0142\u0105 tonacj\u0119 kolor\u00f3w, Twinkly Light Tree wykracza poza tradycyjne dekoracyjne o\u015bwietlenie \u015bwi\u0105teczne.<\/span><\/p>\n<p><\/div>\n<p><\/div>\n<p><\/div>\n<p><\/div>\n<p><\/p>\n<div class=\"flex flex-2\" style=\"padding-left: 5px; padding-right: 5px;\"><\/p>\n<p style=\"text-align: center;\"><img decoding=\"async\" src=\"https:\/\/power-cube.pl\/upload\/twinkly\/lighttree\/allyear.webp\" alt=\"\"><\/p>\n<p><\/div>\n<p><\/p>\n<div class=\"flex flex-2\" style=\"padding-left: 5px; padding-right: 5px;\"><\/p>\n<p style=\"text-align: center;\"><img decoding=\"async\" src=\"https:\/\/power-cube.pl\/upload\/twinkly\/lighttree\/appcontrol.webp\" alt=\"\"><\/p>\n<p><\/div>\n<p><\/p>\n<div class=\"flex flex-2\" style=\"padding-left: 5px; padding-right: 5px;\"><\/p>\n<p style=\"text-align: center;\"><img decoding=\"async\" src=\"https:\/\/power-cube.pl\/upload\/twinkly\/lighttree\/create.webp\" alt=\"\"><\/p>\n<p><\/div>\n<p><\/p>\n<div class=\"flex flex-2\" style=\"padding-left: 5px; padding-right: 5px;\"><\/p>\n<p style=\"text-align: center;\"><img decoding=\"async\" src=\"https:\/\/power-cube.pl\/upload\/twinkly\/lighttree\/features.webp\" alt=\"\"><\/p>\n<p><\/div>\n<p><\/p>\n<div class=\"flex flex-2\" style=\"padding-left: 5px; padding-right: 5px;\"><\/p>\n<p style=\"text-align: center;\"><img decoding=\"async\" src=\"https:\/\/power-cube.pl\/upload\/twinkly\/lighttree\/grouping.webp\" alt=\"\"><\/p>\n<p><\/div>\n<p><\/p>\n<div class=\"flex flex-2\" style=\"padding-left: 5px; padding-right: 5px;\"><\/p>\n<p style=\"text-align: center;\"><img decoding=\"async\" src=\"https:\/\/power-cube.pl\/upload\/twinkly\/lighttree\/mapping.webp\" alt=\"\"><\/p>\n<p><\/div>\n<p><\/p>\n<div class=\"flex\"><\/p>\n<div class=\"flex flex-2\" style=\"padding-left: 5px; padding-right: 5px; text-align: center;\"><\/p>\n<p style=\"background-color: black;\"><img decoding=\"async\" src=\"https:\/\/www.power-cube.pl\/upload\/twinkly\/flex\/mobile-scroll-twinkly.gif\" alt=\"\"><\/p>\n<p><\/div>\n<p><\/p>\n<div class=\"flex flex-2\" style=\"padding-left: 5px; padding-right: 5px;\"><\/p>\n<h2>Magia ukryta jest w aplikacji<\/h2>\n<p><\/p>\n<p style=\"font-size: 12pt;\">Twinkly Light Tree proponuje szeroki wyb\u00f3r osza\u0142amiaj\u0105cych efekt\u00f3w gotowych do odtwarzania i personalizowania oraz pe\u0142en dost\u0119p do galerii on-line z kolejnymi animacjami do pobrania.<\/p>\n<p><\/p>\n<p style=\"font-size: 12pt;\">Light Tree mog\u0105 by\u0107 \u0142\u0105czone z innymi urz\u0105dzeniami Twinkly, aby tworzy\u0107 wi\u0119ksze, zsynchronizowane instalacje \u015bwietlne.<\/p>\n<p><\/p>\n<div style=\"margin-bottom: 1rem;\"><a href=\"https:\/\/play.google.com\/store\/apps\/details?id=com.twinkly\" target=\"_blank\" rel=\"noopener\"><img decoding=\"async\" style=\"max-width: 200px; height: auto;\" src=\"https:\/\/www.power-cube.pl\/upload\/twinkly\/googleplay.webp\" alt=\"Google Play\"><\/a><\/div>\n<p><\/p>\n<div style=\"margin-bottom: 1rem;\"><a href=\"https:\/\/apps.apple.com\/app\/twinkly\/id1132187056\" target=\"_blank\" rel=\"noopener\"><img decoding=\"async\" style=\"max-width: 200px; height: auto;\" src=\"https:\/\/www.power-cube.pl\/upload\/twinkly\/appstore.webp\" alt=\"App Store\"><\/a><\/div>\n<p><\/div>\n<p><\/div>\n<p><\/p>\n<div class=\"flex flex-1\" style=\"padding-left: 5px; padding-right: 5px;\"><\/p>\n<h1 style=\"text-align: center; padding-top: 3rem;\">Twinkly wsp\u00f3\u0142pracuje z:<\/h1>\n<p><\/p>\n<div class=\"flex flex-5\" style=\"text-align: center;\"><img decoding=\"async\" src=\"https:\/\/www.power-cube.pl\/upload\/twinkly\/google.webp\" alt=\"hey google\"><\/div>\n<p><\/p>\n<div class=\"flex flex-5\" style=\"text-align: center;\"><img decoding=\"async\" src=\"https:\/\/www.power-cube.pl\/upload\/twinkly\/alexa.webp\" alt=\"alexa\"><\/div>\n<p><\/p>\n<div class=\"flex flex-5\" style=\"text-align: center;\"><img decoding=\"async\" src=\"https:\/\/www.power-cube.pl\/upload\/twinkly\/razer-chroma.webp\" alt=\"razer chroma\"><\/div>\n<p><\/p>\n<div class=\"flex flex-5\" style=\"text-align: center;\"><img decoding=\"async\" src=\"https:\/\/www.power-cube.pl\/upload\/twinkly\/applehomekit.webp\" alt=\"apple homekit\"><\/div>\n<p><\/p>\n<div class=\"flex flex-5\" style=\"text-align: center;\"><img decoding=\"async\" src=\"https:\/\/www.power-cube.pl\/upload\/twinkly\/omen.webp\" alt=\"hp omen\"><\/div>\n<p><\/p>\n<div class=\"flex flex-1\" style=\"padding-bottom: 3rem; padding-top: 3rem;\"><\/p>\n<p style=\"text-align: center; font-size: 12pt;\">Light Tree Twinkly wyr\u00f3\u017cnia si\u0119 inteligentn\u0105 integracj\u0105 domow\u0105 z Asystentem Google i Alexa Amazon. Light Tree mo\u017ce by\u0107 synchronizowana z innymi urz\u0105dzeniami Twinkly. Urz\u0105dzenia Twinkly mo\u017cna synchronizowa\u0107 \u2013 \u0142\u0105cznie do 4.000 punkt\u00f3w \u015bwietlnych lub 10 urz\u0105dze\u0144 (przy dobrym zasi\u0119gu Wi-Fi) \u2013 dla uzyskania efektownej dekoracji.<\/p>\n<p><\/p>\n<p style=\"text-align: center; font-size: 12pt;\">Lampki Twinkly mo\u017cna bezproblemowo kontrolowa\u0107 za pomoc\u0105 asystent\u00f3w g\u0142osowych, takich jak Google Asisstant i Amazon Alexa, a tak\u017ce za pomoc\u0105 Homey<\/p>\n<p><\/p>\n<p style=\"text-align: center; font-size: 12pt;\">Rozpocz\u0119cie pracy z Twinkly jest super proste: szybki i intuicyjny proces konfiguracji pomaga uruchomi\u0107 urz\u0105dzenie w ci\u0105gu kilku sekund za po\u015brednictwem Bluetooth\u00ae i Wi\u2011Fi.<\/p>\n<p><\/div>\n<p><\/div>\n<p><\/p>\n<div class=\"flex flex-2\" style=\"padding-left: 5px; padding-right: 5px;\"><\/p>\n<p style=\"text-align: center;\"><img decoding=\"async\" src=\"https:\/\/power-cube.pl\/upload\/twinkly\/lighttree\/medium-TW_2021_Light-Tree_300L_01.webp\" alt=\"\"><\/p>\n<p><\/div>\n<p><\/p>\n<div class=\"flex flex-2\" style=\"padding-left: 5px; padding-right: 5px;\"><\/p>\n<p style=\"text-align: center;\"><img decoding=\"async\" src=\"https:\/\/power-cube.pl\/upload\/twinkly\/lighttree\/medium-TWP300SPP_FX-Rainbow.webp\" alt=\"\"><\/p>\n<p><\/div>\n<p><\/p>\n<div class=\"flex flex-2\" style=\"padding-left: 5px; padding-right: 5px;\"><\/p>\n<p style=\"text-align: center;\"><img decoding=\"async\" src=\"https:\/\/power-cube.pl\/upload\/twinkly\/lighttree\/medium-TWP300SPP_FRONT-OFF-White.webp\" alt=\"\"><\/p>\n<p><\/div>\n<p><\/p>\n<div class=\"flex flex-2\" style=\"padding-left: 5px; padding-right: 5px;\"><\/p>\n<p style=\"text-align: center;\"><img decoding=\"async\" src=\"https:\/\/power-cube.pl\/upload\/twinkly\/lighttree\/medium-TWP300SPP_FRONT-ON-White.webp\" alt=\"\"><\/p>\n<p><\/div>","protected":false},"excerpt":{"rendered":"<p>Produkt OUTLET &#8211; pe\u0142nowarto\u015bciowy, po zwrotcie konsumenckim, mo\u017ce posiada\u0107 uszkodzone opakowanie Choinka Twinkly &#8211; 300 RGB+W Choinka z masztem flagowym Twinkly to rewolucyjne Lampki RGB + W BEU TWP300SPP-BEU Twinkly Light Tree &#8211; choinka w kszta\u0142cie flagi z 300 diodami LED RGB+W 16 milion\u00f3w kolor\u00f3w, 300 diod LED. 2 metry wysoko\u015bci Steruj za pomoc\u0105 smartfona [&hellip;]<\/p>","protected":false},"featured_media":4056,"comment_status":"open","ping_status":"closed","template":"","meta":{"_acf_changed":false,"_kad_blocks_custom_css":"","_kad_blocks_head_custom_js":"","_kad_blocks_body_custom_js":"","_kad_blocks_footer_custom_js":""},"product_cat":[144],"product_tag":[],"class_list":{"0":"post-4055","1":"product","2":"type-product","3":"status-publish","4":"has-post-thumbnail","6":"product_cat-outlet","8":"first","9":"instock","10":"taxable","11":"shipping-taxable","12":"purchasable","13":"product-type-simple"},"acf":[],"taxonomy_info":{"product_cat":[{"value":144,"label":"OUTLET"}]},"featured_image_src_large":["https:\/\/power-cube.globeweb.stronazen.pl\/wp-content\/uploads\/2024\/03\/4817-1.jpg",768,768,false],"author_info":[],"comment_info":0,"_links":{"self":[{"href":"https:\/\/power-cube.globeweb.stronazen.pl\/en\/wp-json\/wp\/v2\/product\/4055"}],"collection":[{"href":"https:\/\/power-cube.globeweb.stronazen.pl\/en\/wp-json\/wp\/v2\/product"}],"about":[{"href":"https:\/\/power-cube.globeweb.stronazen.pl\/en\/wp-json\/wp\/v2\/types\/product"}],"replies":[{"embeddable":true,"href":"https:\/\/power-cube.globeweb.stronazen.pl\/en\/wp-json\/wp\/v2\/comments?post=4055"}],"wp:featuredmedia":[{"embeddable":true,"href":"https:\/\/power-cube.globeweb.stronazen.pl\/en\/wp-json\/wp\/v2\/media\/4056"}],"wp:attachment":[{"href":"https:\/\/power-cube.globeweb.stronazen.pl\/en\/wp-json\/wp\/v2\/media?parent=4055"}],"wp:term":[{"taxonomy":"product_cat","embeddable":true,"href":"https:\/\/power-cube.globeweb.stronazen.pl\/en\/wp-json\/wp\/v2\/product_cat?post=4055"},{"taxonomy":"product_tag","embeddable":true,"href":"https:\/\/power-cube.globeweb.stronazen.pl\/en\/wp-json\/wp\/v2\/product_tag?post=4055"}],"curies":[{"name":"wp","href":"https:\/\/api.w.org\/{rel}","templated":true}]}}