{"id":4005,"date":"2024-03-06T18:34:50","date_gmt":"2024-03-06T17:34:50","guid":{"rendered":"https:\/\/power-cube.globeweb.stronazen.pl\/produkt\/twinkly-c9-lights-80-rgb-led-green-wire-24-m-ip44-outlet\/"},"modified":"2024-04-24T19:23:39","modified_gmt":"2024-04-24T17:23:39","slug":"twinkly-c9-lights-80-rgb-led-green-wire-24-m-ip44-outlet","status":"publish","type":"product","link":"https:\/\/power-cube.globeweb.stronazen.pl\/en\/product\/twinkly-c9-lights-80-rgb-led-green-wire-24-m-ip44-outlet\/","title":{"rendered":"Twinkly C9 Lights 80 RGB LED, green wire, 24 m, IP44 - OUTLET"},"content":{"rendered":"<h2 align=\"center\">Produkt OUTLET &#8211; pe\u0142nowarto\u015bciowy, po zwrotcie konsumenckim, mo\u017ce posiada\u0107 uszkodzone opakowanie<\/h2>","protected":false},"excerpt":{"rendered":"<p>Produkt OUTLET &#8211; pe\u0142nowarto\u015bciowy, po zwrotcie konsumenckim, mo\u017ce posiada\u0107 uszkodzone opakowanie<\/p>","protected":false},"featured_media":0,"comment_status":"open","ping_status":"closed","template":"","meta":{"_acf_changed":false,"_kad_blocks_custom_css":"","_kad_blocks_head_custom_js":"","_kad_blocks_body_custom_js":"","_kad_blocks_footer_custom_js":""},"product_cat":[144],"product_tag":[],"class_list":{"0":"post-4005","1":"product","2":"type-product","3":"status-publish","5":"product_cat-outlet","7":"first","8":"instock","9":"taxable","10":"shipping-taxable","11":"purchasable","12":"product-type-simple"},"acf":[],"taxonomy_info":{"product_cat":[{"value":144,"label":"OUTLET"}]},"featured_image_src_large":false,"author_info":[],"comment_info":0,"_links":{"self":[{"href":"https:\/\/power-cube.globeweb.stronazen.pl\/en\/wp-json\/wp\/v2\/product\/4005"}],"collection":[{"href":"https:\/\/power-cube.globeweb.stronazen.pl\/en\/wp-json\/wp\/v2\/product"}],"about":[{"href":"https:\/\/power-cube.globeweb.stronazen.pl\/en\/wp-json\/wp\/v2\/types\/product"}],"replies":[{"embeddable":true,"href":"https:\/\/power-cube.globeweb.stronazen.pl\/en\/wp-json\/wp\/v2\/comments?post=4005"}],"wp:attachment":[{"href":"https:\/\/power-cube.globeweb.stronazen.pl\/en\/wp-json\/wp\/v2\/media?parent=4005"}],"wp:term":[{"taxonomy":"product_cat","embeddable":true,"href":"https:\/\/power-cube.globeweb.stronazen.pl\/en\/wp-json\/wp\/v2\/product_cat?post=4005"},{"taxonomy":"product_tag","embeddable":true,"href":"https:\/\/power-cube.globeweb.stronazen.pl\/en\/wp-json\/wp\/v2\/product_tag?post=4005"}],"curies":[{"name":"wp","href":"https:\/\/api.w.org\/{rel}","templated":true}]}}