{"id":3965,"date":"2024-03-06T18:34:50","date_gmt":"2024-03-06T17:34:50","guid":{"rendered":"https:\/\/power-cube.globeweb.stronazen.pl\/produkt\/ocoopa-ut2s-electronic-hand-warmer-czarny\/"},"modified":"2024-04-24T19:23:38","modified_gmt":"2024-04-24T17:23:38","slug":"ocoopa-ut2s-electronic-hand-warmer-czarny","status":"publish","type":"product","link":"https:\/\/power-cube.globeweb.stronazen.pl\/en\/product\/ocoopa-ut2s-electronic-hand-warmer-czarny\/","title":{"rendered":"Ocoopa UT2s Electronic Hand Warmer czarny"},"content":{"rendered":"<h1 align=\"center\">Ocoopa UT2s<\/h1>\n<p><\/p>\n<h2 align=\"center\">Podgrzewacz do r\u0105k z wbudowanym akumulatorem<\/h2>\n<p><\/p>\n<p align=\"center\"><img decoding=\"async\" src=\"https:\/\/www.power-cube.pl\/upload\/ocoopa\/ut2s-bk.webp\" alt=\"ocoopa UT2s\"><\/p>\n<p><\/p>\n<h1 align=\"center\" style=\"margin-top:2em;\">Podw\u00f3jne ciep\u0142o. Podw\u00f3jne szcz\u0119\u015bcie.<\/h1>\n<p><\/p>\n<h2 align=\"center\">Stworzyli\u015bmy UT2s z my\u015bl\u0105, \u017ce je\u015bli potrzebujesz podzieli\u0107 si\u0119 swoim ciep\u0142em z przyjaci\u00f3\u0142mi, rodzin\u0105 i znajomymi podczas mro\u017anych zimowych miesi\u0119cy, UT2 mog\u0105 Ci pom\u00f3c.<\/h2>\n<p><\/p>\n<p align=\"center\"><img decoding=\"async\" src=\"https:\/\/www.power-cube.pl\/upload\/ocoopa\/7a.webp\" alt=\"\"><\/p>\n<p><\/p>\n<p align=\"center\"> <\/p>\n<table class=\"table table-bordered\">  <\/p>\n<tbody align=\"center\">   <\/p>\n<tr>    <\/p>\n<td style=\"width:50%;\" align=\"center\"><img decoding=\"async\" src=\"https:\/\/www.power-cube.pl\/upload\/ocoopa\/a.webp\" alt=\"\"><\/td>\n<p>    <\/p>\n<td align=\"left\">     <\/p>\n<h2>4 poziomy grzania do 58\u2103<\/h2>\n<p>     <\/p>\n<p>Wybierz poziom ogrzewania, kt\u00f3ry jest dla Ciebie najwygodniejszy. MagTwins oferuje 4 poziomy ogrzewania, od 38\u2103 do 58\u2103, aby sprosta\u0107 Twoim potrzebom w ka\u017cdych warunkach. Ogrzewacz zapami\u0119ta ostatnio wybrany przez Ciebie poziom, dzi\u0119ki czemu z \u0142atwo\u015bci\u0105 mo\u017cesz ponownie w\u0142\u0105czy\u0107 to samo ogrzewanie.<\/p>\n<p>    <\/td>\n<p>   <\/tr>\n<p>   <\/p>\n<tr>    <\/p>\n<td style=\"width:50%;\" align=\"center\"><img decoding=\"async\" src=\"https:\/\/www.power-cube.pl\/upload\/ocoopa\/b.webp\" alt=\"\"><\/td>\n<p>    <\/p>\n<td align=\"left\">     <\/p>\n<h2>Rozdzielany. Grzej obie r\u0119ce.<\/h2>\n<p>     <\/p>\n<p>MagTwins sk\u0142ada si\u0119 z dw\u00f3ch identycznych podgrzewaczy do r\u0105k, kt\u00f3re mo\u017cna po\u0142\u0105czy\u0107 ze sob\u0105 za pomoc\u0105 wbudowanych magnes\u00f3w.<\/p>\n<p>     <\/p>\n<p>Po rozdzieleniu otrzymasz 2 stylowe podgrzewacze do r\u0105k. Idealny do dzielenia si\u0119 z cz\u0142onkami rodziny lub wsuwania do kieszeni, trzymaj\u0105c po jednym w ka\u017cdej r\u0119ce.<\/p>\n<p>    <\/td>\n<p>   <\/tr>\n<p>   <\/p>\n<tr>    <\/p>\n<td style=\"width:50%;\" align=\"center\"><img decoding=\"async\" src=\"https:\/\/www.power-cube.pl\/upload\/ocoopa\/c.webp\" alt=\"\"><\/td>\n<p>    <\/p>\n<td align=\"left\">     <\/p>\n<h2>Z\u0142\u00f3\u017c go. Du\u017co ciep\u0142a w smuk\u0142ym korpusie.<\/h2>\n<p>     <\/p>\n<p>Otrzymasz elegancki i kompaktowy podgrzewacze do r\u0105k, kt\u00f3re po ich po\u0142\u0105czeniu wytwarzaj\u0105 du\u017co ciep\u0142a. Silne magnesy utrzymuj\u0105 oba podgrzewacze razem, wi\u0119c nie musisz si\u0119 martwi\u0107, \u017ce roz\u0142\u0105cz\u0105 si\u0119 w podr\u00f3\u017cy.<\/p>\n<p>    <\/td>\n<p>   <\/tr>\n<p>   <\/p>\n<tr>    <\/p>\n<td style=\"width:50%;\" align=\"center\"><img decoding=\"async\" src=\"https:\/\/www.power-cube.pl\/upload\/ocoopa\/a.webp\" alt=\"\"><\/td>\n<p>    <\/p>\n<td align=\"left\">     <\/p>\n<h2>Szybkie ogrzewanie na ca\u0142ej powierzchni<\/h2>\n<p>     <\/p>\n<p>Przy zwi\u0119kszonej o 20% mocy MagTwins mo\u017ce wytworzy\u0107 ogromne ciep\u0142o w 3 sekundy. Jego super trwa\u0142a, g\u0142adka, jednocz\u0119\u015bciowa obudowa ze szczotkowanego aluminium wysokiej jako\u015bci zapewnia zatrzymywanie ciep\u0142a i r\u00f3wnomiern\u0105 jego dystrybucj\u0119. Zapewnia to uczucie ciep\u0142a w pe\u0142nym zakresie 360\u00b0.<\/p>\n<p>    <\/td>\n<p>   <\/tr>\n<p>  <\/tbody>\n<p> <\/table>\n<p><\/p>\n<p><\/p>\n<p align=\"center\"><img decoding=\"async\" src=\"https:\/\/www.power-cube.pl\/upload\/ocoopa\/8a.webp\" alt=\"ocoopa UT2s\"><\/p>\n<p align=\"center\"><img decoding=\"async\" src=\"https:\/\/www.power-cube.pl\/upload\/ocoopa\/9a.webp\" alt=\"ocoopa UT2s\"><\/p>","protected":false},"excerpt":{"rendered":"<p>Ocoopa UT2s Podgrzewacz do r\u0105k z wbudowanym akumulatorem Podw\u00f3jne ciep\u0142o. Podw\u00f3jne szcz\u0119\u015bcie. Stworzyli\u015bmy UT2s z my\u015bl\u0105, \u017ce je\u015bli potrzebujesz podzieli\u0107 si\u0119 swoim ciep\u0142em z przyjaci\u00f3\u0142mi, rodzin\u0105 i znajomymi podczas mro\u017anych zimowych miesi\u0119cy, UT2 mog\u0105 Ci pom\u00f3c. 4 poziomy grzania do 58\u2103 Wybierz poziom ogrzewania, kt\u00f3ry jest dla Ciebie najwygodniejszy. MagTwins oferuje 4 poziomy ogrzewania, od [&hellip;]<\/p>","protected":false},"featured_media":3966,"comment_status":"open","ping_status":"closed","template":"","meta":{"_acf_changed":false,"_kad_blocks_custom_css":"","_kad_blocks_head_custom_js":"","_kad_blocks_body_custom_js":"","_kad_blocks_footer_custom_js":""},"product_cat":[142,143],"product_tag":[],"class_list":{"0":"post-3965","1":"product","2":"type-product","3":"status-publish","4":"has-post-thumbnail","6":"product_cat-ocoopa-ogrzewacze-dloni","7":"product_cat-ut2s","9":"first","10":"outofstock","11":"taxable","12":"shipping-taxable","13":"purchasable","14":"product-type-simple"},"acf":[],"taxonomy_info":{"product_cat":[{"value":142,"label":"Ocoopa - ogrzewacze d\u0142oni"},{"value":143,"label":"UT2s"}]},"featured_image_src_large":["https:\/\/power-cube.globeweb.stronazen.pl\/wp-content\/uploads\/2024\/03\/3601-1.webp",900,900,false],"author_info":[],"comment_info":0,"_links":{"self":[{"href":"https:\/\/power-cube.globeweb.stronazen.pl\/en\/wp-json\/wp\/v2\/product\/3965"}],"collection":[{"href":"https:\/\/power-cube.globeweb.stronazen.pl\/en\/wp-json\/wp\/v2\/product"}],"about":[{"href":"https:\/\/power-cube.globeweb.stronazen.pl\/en\/wp-json\/wp\/v2\/types\/product"}],"replies":[{"embeddable":true,"href":"https:\/\/power-cube.globeweb.stronazen.pl\/en\/wp-json\/wp\/v2\/comments?post=3965"}],"wp:featuredmedia":[{"embeddable":true,"href":"https:\/\/power-cube.globeweb.stronazen.pl\/en\/wp-json\/wp\/v2\/media\/3966"}],"wp:attachment":[{"href":"https:\/\/power-cube.globeweb.stronazen.pl\/en\/wp-json\/wp\/v2\/media?parent=3965"}],"wp:term":[{"taxonomy":"product_cat","embeddable":true,"href":"https:\/\/power-cube.globeweb.stronazen.pl\/en\/wp-json\/wp\/v2\/product_cat?post=3965"},{"taxonomy":"product_tag","embeddable":true,"href":"https:\/\/power-cube.globeweb.stronazen.pl\/en\/wp-json\/wp\/v2\/product_tag?post=3965"}],"curies":[{"name":"wp","href":"https:\/\/api.w.org\/{rel}","templated":true}]}}