{"id":3935,"date":"2024-03-06T18:34:51","date_gmt":"2024-03-06T17:34:51","guid":{"rendered":"https:\/\/power-cube.globeweb.stronazen.pl\/produkt\/speedcomfort-trio-set\/"},"modified":"2024-04-24T19:23:38","modified_gmt":"2024-04-24T17:23:38","slug":"speedcomfort-trio-set","status":"publish","type":"product","link":"https:\/\/power-cube.globeweb.stronazen.pl\/en\/product\/speedcomfort-trio-set\/","title":{"rendered":"SpeedComfort Trio-set"},"content":{"rendered":"<div class=\"flex flex-1\" style=\"margin-bottom: 25px;\">\n<div class=\"video-container\" style=\"text-align: center;\"><video autoplay=\"autoplay\" loop=\"loop\" muted=\"\" width=\"100%\" height=\"auto\"><source src=\"https:\/\/www.power-cube.pl\/upload\/speedcomfort\/Speedspeed.webm\" type=\"video\/webm\" \/><\/video><\/div>\n<\/p><\/div>\n<h1 align=\"center\">SpeedComfort \u2013 Trio-set<\/h1>\n<h2 align=\"center\">Inteligentny wentylator grzejnikowy<\/h2>\n<p align=\"center\">Nadaje si\u0119 do grzejnik\u00f3w i konwektor\u00f3w o d\u0142ugo\u015bci wi\u0119kszej ni\u017c 120 cm<\/p>\n<p align=\"center\"><img decoding=\"async\" src=\"https:\/\/upload.cdn.baselinker.com\/products\/11832\/5ee41329ce4ef819d5de450b717c54e8.jpg\" alt=\"\" \/><\/p>\n<p>Ten kompletny zestaw sk\u0142ada si\u0119 z:<\/p>\n<ul>\n<li>3x SpeedComfort<\/li>\n<li>1x zasilacz 12 V, d\u0142ugo\u015b\u0107 przewodu: 1,80 m<\/li>\n<li>1x czujnik temperatury z magnesem na kablu o d\u0142ugo\u015bci 60 cm<\/li>\n<li>2x kabel po\u0142\u0105czeniowy 30 cm<\/li>\n<\/ul>\n<h1 align=\"center\">Jak to dzia\u0142a?<\/h1>\n<p align=\"center\"><img decoding=\"async\" src=\"https:\/\/www.power-cube.pl\/upload\/speedcomfort\/1981_PI_Q_Speedcomfort_Adv.webp\" alt=\"\" \/><\/p>\n<h2 align=\"center\">Zaoszcz\u0119d\u017a do 22%<\/h2>\n<ul>\n<li>SpeedComfort ogrzewa pomieszczenie dwa razy szybciej. Oznacza to, \u017ce mo\u017cna obni\u017cy\u0107 temperatur\u0119 na termostacie o 1-2 stopnie, zachowuj\u0105c taki sam komfort w pomieszczeniu.<\/li>\n<li>SpeedComfort szybciej przenosi ciep\u0142o zawarte w grzejniku do pomieszczenia. Ciep\u0142o to jest r\u00f3wnie\u017c rozprowadzane bardziej r\u00f3wnomiernie.<\/li>\n<li>SpeedComfort umo\u017cliwia obni\u017cenie temperatury zasilania kot\u0142a centralnego ogrzewania do 60 stopni. Kocio\u0142 b\u0119dzie wtedy pracowa\u0142 znacznie oszcz\u0119dniej.<\/li>\n<li>SpeedComfort kosztuje mniej ni\u017c 1,40 z\u0142 w przeliczeniu na zu\u017cyt\u0105 rocznie energi\u0119 elektryczn\u0105.<\/li>\n<\/ul>\n<h2 align=\"center\">Ni\u017csze koszty ogrzewania<\/h2>\n<p>SpeedComfort pomaga osi\u0105gn\u0105\u0107 znaczne oszcz\u0119dno\u015bci. Wynika to z kilku powod\u00f3w:<\/p>\n<ul>\n<li>SpeedComfort umo\u017cliwia obni\u017cenie temperatury wody zasilaj\u0105cej centralne ogrzewanie, co pozwala zaoszcz\u0119dzi\u0107 energi\u0119.<\/li>\n<li>Ni\u017csza temperatura wody w centralnym ogrzewaniu oznacza mniejsze straty ciep\u0142a w rurach.<\/li>\n<li>SpeedComfort pomaga pomieszczeniu szybciej osi\u0105gn\u0105\u0107 optymaln\u0105 temperatur\u0119, co oznacza, \u017ce kocio\u0142 nie pracuje tak d\u0142ugo.<\/li>\n<li>Regulacja po stronie instalacji wodnej zapewnia dalsze oszcz\u0119dno\u015bci.<\/li>\n<\/ul>\n<h2 align=\"center\">Wi\u0119kszy komfort<\/h2>\n<p>SpeedComfort pomaga zwi\u0119kszy\u0107 komfort w domu.<\/p>\n<ul>\n<li>Wentylatory SpeedComfort szybciej przenosz\u0105 ciep\u0142o z grzejnika do pomieszczenia.<\/li>\n<li>W grzejniku jest mniej ciep\u0142a resztkowego, gdy w pomieszczeniu panuje odpowiednia temperatura, poniewa\u017c SpeedComfort przenosi ciep\u0142o z grzejnika do powietrza. Skutkuje to bardziej r\u00f3wnomiern\u0105 temperatur\u0105.<\/li>\n<li>Ciep\u0142e powietrze jest skuteczniej rozprowadzane po ca\u0142ym pomieszczeniu i nie pozostaje blisko sufitu, poniewa\u017c SpeedComfort po cichu je cyrkuluje.<\/li>\n<\/ul>","protected":false},"excerpt":{"rendered":"<p>SpeedComfort \u2013 Trio-set Inteligentny wentylator grzejnikowy Nadaje si\u0119 do grzejnik\u00f3w i konwektor\u00f3w o d\u0142ugo\u015bci wi\u0119kszej ni\u017c 120 cm Ten kompletny zestaw sk\u0142ada si\u0119 z: 3x SpeedComfort 1x zasilacz 12 V, d\u0142ugo\u015b\u0107 przewodu: 1,80 m 1x czujnik temperatury z magnesem na kablu o d\u0142ugo\u015bci 60 cm 2x kabel po\u0142\u0105czeniowy 30 cm Jak to dzia\u0142a? Zaoszcz\u0119d\u017a do [&hellip;]<\/p>","protected":false},"featured_media":3936,"comment_status":"open","ping_status":"closed","template":"","meta":{"_acf_changed":false,"_kad_blocks_custom_css":"","_kad_blocks_head_custom_js":"","_kad_blocks_body_custom_js":"","_kad_blocks_footer_custom_js":""},"product_cat":[141],"product_tag":[],"class_list":{"0":"post-3935","1":"product","2":"type-product","3":"status-publish","4":"has-post-thumbnail","6":"product_cat-speedcomfort-wentylatory-grzejnikowe","8":"first","9":"instock","10":"taxable","11":"shipping-taxable","12":"purchasable","13":"product-type-simple"},"acf":[],"taxonomy_info":{"product_cat":[{"value":141,"label":"SpeedComfort - wentylatory grzejnikowe"}]},"featured_image_src_large":["https:\/\/power-cube.globeweb.stronazen.pl\/wp-content\/uploads\/2024\/03\/3574-1-1024x618.jpg",980,591,true],"author_info":[],"comment_info":0,"_links":{"self":[{"href":"https:\/\/power-cube.globeweb.stronazen.pl\/en\/wp-json\/wp\/v2\/product\/3935"}],"collection":[{"href":"https:\/\/power-cube.globeweb.stronazen.pl\/en\/wp-json\/wp\/v2\/product"}],"about":[{"href":"https:\/\/power-cube.globeweb.stronazen.pl\/en\/wp-json\/wp\/v2\/types\/product"}],"replies":[{"embeddable":true,"href":"https:\/\/power-cube.globeweb.stronazen.pl\/en\/wp-json\/wp\/v2\/comments?post=3935"}],"wp:featuredmedia":[{"embeddable":true,"href":"https:\/\/power-cube.globeweb.stronazen.pl\/en\/wp-json\/wp\/v2\/media\/3936"}],"wp:attachment":[{"href":"https:\/\/power-cube.globeweb.stronazen.pl\/en\/wp-json\/wp\/v2\/media?parent=3935"}],"wp:term":[{"taxonomy":"product_cat","embeddable":true,"href":"https:\/\/power-cube.globeweb.stronazen.pl\/en\/wp-json\/wp\/v2\/product_cat?post=3935"},{"taxonomy":"product_tag","embeddable":true,"href":"https:\/\/power-cube.globeweb.stronazen.pl\/en\/wp-json\/wp\/v2\/product_tag?post=3935"}],"curies":[{"name":"wp","href":"https:\/\/api.w.org\/{rel}","templated":true}]}}