{"id":3918,"date":"2024-03-06T18:34:54","date_gmt":"2024-03-06T17:34:54","guid":{"rendered":"https:\/\/power-cube.globeweb.stronazen.pl\/produkt\/twinkly-regal-garland-3m-rgb-eu-girlanda-z-lampkami\/"},"modified":"2024-04-24T19:23:36","modified_gmt":"2024-04-24T17:23:36","slug":"twinkly-regal-garland-3m-rgb-eu-girlanda-z-lampkami","status":"publish","type":"product","link":"https:\/\/power-cube.globeweb.stronazen.pl\/en\/product\/twinkly-regal-garland-3m-rgb-eu-girlanda-z-lampkami\/","title":{"rendered":"Twinkly Regal Garland 3m RGB EU &#8211; girlanda z lampkami"},"content":{"rendered":"<section class=\"section\"> <\/p>\n<div class=\"item item-12\"> <\/p>\n<section class=\"text-item\"> <\/p>\n<p>Girlanda <b>Twinkly Regal<\/b> o d\u0142ugo\u015bci 3 metr\u00f3w to pi\u0119kne ozdoby, kt\u00f3re dodadz\u0105 magicznego blasku twojemu wn\u0119trzu.<\/p>\n<p>Z <b>Twinkly Regal Garland<\/b> ka\u017cde pomieszczenie stanie si\u0119 niepowtarzalne. Dzi\u0119ki innowacyjnej technologii mo\u017cesz samodzielnie programowa\u0107 efekty \u015bwietlne i dostosowywa\u0107 je do swojego gustu.<\/p>\n<p>Girlanda zawiera <b>RGB EU lampki LED<\/b>, kt\u00f3re emituj\u0105 pi\u0119kne, intensywne kolory. Mo\u017cesz dowolnie zmienia\u0107 ich jasno\u015b\u0107, intensywno\u015b\u0107 i tempo migotania. Efekty \u015bwietlne s\u0105 pe\u0142ne harmonii i pozwalaj\u0105 stworzy\u0107 niepowtarzaln\u0105 atmosfer\u0119.<\/p>\n<p>Dodatkowo, <b>Twinkly Regal Garland<\/b> jest kompatybilna z aplikacj\u0105 mobiln\u0105, co umo\u017cliwia Ci pe\u0142n\u0105 kontrol\u0119 nad o\u015bwietleniem. Mo\u017cesz wybiera\u0107 spo\u015br\u00f3d r\u00f3\u017cnych predefiniowanych efekt\u00f3w, tworzy\u0107 w\u0142asne animacje oraz synchronizowa\u0107 o\u015bwietlenie z muzyk\u0105.<\/p>\n<p>Ta elegancka <b>girlanda z lampkami<\/b> idealnie pasuje do r\u00f3\u017cnych okazji i sezon\u00f3w. Mo\u017cesz j\u0105 zawiesi\u0107 na choince, balustradzie, drzwiach czy \u015bcianie, tworz\u0105c malownicze aran\u017cacje, kt\u00f3re zachwyc\u0105 twoich go\u015bci.<\/p>\n<p>Zapewnij sobie niezapomniane wra\u017cenia i o\u017cyw swoje wn\u0119trza z <b>Twinkly Regal Garland 3m RGB EU<\/b> ju\u017c dzisiaj!<\/p>\n<p> <\/section>\n<p> <\/div>\n<p><\/section>","protected":false},"excerpt":{"rendered":"<p>Girlanda Twinkly Regal o d\u0142ugo\u015bci 3 metr\u00f3w to pi\u0119kne ozdoby, kt\u00f3re dodadz\u0105 magicznego blasku twojemu wn\u0119trzu. Z Twinkly Regal Garland ka\u017cde pomieszczenie stanie si\u0119 niepowtarzalne. Dzi\u0119ki innowacyjnej technologii mo\u017cesz samodzielnie programowa\u0107 efekty \u015bwietlne i dostosowywa\u0107 je do swojego gustu. Girlanda zawiera RGB EU lampki LED, kt\u00f3re emituj\u0105 pi\u0119kne, intensywne kolory. Mo\u017cesz dowolnie zmienia\u0107 ich jasno\u015b\u0107, [&hellip;]<\/p>","protected":false},"featured_media":3919,"comment_status":"open","ping_status":"closed","template":"","meta":{"_acf_changed":false,"_kad_blocks_custom_css":"","_kad_blocks_head_custom_js":"","_kad_blocks_body_custom_js":"","_kad_blocks_footer_custom_js":""},"product_cat":[109,130],"product_tag":[],"class_list":{"0":"post-3918","1":"product","2":"type-product","3":"status-publish","4":"has-post-thumbnail","6":"product_cat-twinkly","7":"product_cat-pre-lit-garland-led","9":"first","10":"instock","11":"taxable","12":"shipping-taxable","13":"purchasable","14":"product-type-simple"},"acf":[],"taxonomy_info":{"product_cat":[{"value":109,"label":"Twinkly"},{"value":130,"label":"Pre-Lit Garland LED"}]},"featured_image_src_large":["https:\/\/power-cube.globeweb.stronazen.pl\/wp-content\/uploads\/2024\/03\/3499-1.webp",980,980,false],"author_info":[],"comment_info":0,"_links":{"self":[{"href":"https:\/\/power-cube.globeweb.stronazen.pl\/en\/wp-json\/wp\/v2\/product\/3918"}],"collection":[{"href":"https:\/\/power-cube.globeweb.stronazen.pl\/en\/wp-json\/wp\/v2\/product"}],"about":[{"href":"https:\/\/power-cube.globeweb.stronazen.pl\/en\/wp-json\/wp\/v2\/types\/product"}],"replies":[{"embeddable":true,"href":"https:\/\/power-cube.globeweb.stronazen.pl\/en\/wp-json\/wp\/v2\/comments?post=3918"}],"wp:featuredmedia":[{"embeddable":true,"href":"https:\/\/power-cube.globeweb.stronazen.pl\/en\/wp-json\/wp\/v2\/media\/3919"}],"wp:attachment":[{"href":"https:\/\/power-cube.globeweb.stronazen.pl\/en\/wp-json\/wp\/v2\/media?parent=3918"}],"wp:term":[{"taxonomy":"product_cat","embeddable":true,"href":"https:\/\/power-cube.globeweb.stronazen.pl\/en\/wp-json\/wp\/v2\/product_cat?post=3918"},{"taxonomy":"product_tag","embeddable":true,"href":"https:\/\/power-cube.globeweb.stronazen.pl\/en\/wp-json\/wp\/v2\/product_tag?post=3918"}],"curies":[{"name":"wp","href":"https:\/\/api.w.org\/{rel}","templated":true}]}}