{"id":3846,"date":"2024-03-06T18:34:57","date_gmt":"2024-03-06T17:34:57","guid":{"rendered":"https:\/\/power-cube.globeweb.stronazen.pl\/produkt\/twinkly-candies-200-rgb-led-swieczki-zielone-12-mb\/"},"modified":"2024-04-24T19:23:34","modified_gmt":"2024-04-24T17:23:34","slug":"twinkly-candies-200-rgb-led-swieczki-zielone-12-mb","status":"publish","type":"product","link":"https:\/\/power-cube.globeweb.stronazen.pl\/en\/product\/twinkly-candies-200-rgb-led-swieczki-zielone-12-mb\/","title":{"rendered":"Twinkly Candies 200 RGB LED \u015bwieczki &#8211; zielone, 12 mb"},"content":{"rendered":"<div class=\"video-container\" style=\"text-align: center; padding-bottom: 50%;\"><video autoplay=\"autoplay\" loop=\"loop\" muted=\"\" width=\"100%\" height=\"auto\"><source src=\"https:\/\/www.power-cube.pl\/upload\/twinkly\/candies\/candies-hero.webm\" type=\"video\/webm\" \/><\/video><\/div>\n<h1 style=\"text-align: center;\"><img decoding=\"async\" src=\"https:\/\/www.power-cube.pl\/upload\/twinkly\/TW-LOGO-BLACK.webp\" alt=\"twinkly logo\" \/><\/h1>\n<h1 style=\"text-align: center;\">Twinkly Candies 200 RGB LED &#8211; zielony sznur 12 m z lampkami w kszta\u0142cie \u015aWIECZEK<\/h1>\n<h2 style=\"text-align: center;\">Stw\u00f3rz niepowtarzalny klimat z Candies<\/h2>\n<div class=\"flex\" style=\"padding-top: 2rem; padding-bottom: 1.5rem;\">\n<div class=\"flex flex-2\" style=\"padding-left: 5px; padding-right: 5px; text-align: center;\"><img decoding=\"async\" src=\"https:\/\/www.power-cube.pl\/upload\/twinkly\/candies\/candle\/TWKC200RGB-G_Packshot_2023.webp\" alt=\"\" \/><\/div>\n<div class=\"flex flex-2\" style=\"padding-left: 5px; padding-right: 5px;\">\n<p style=\"font-size: 12pt;\">Twinkly Candies, inteligentne lampki dekoracyjne w kszta\u0142cie \u015bwiec, wprowadzaj\u0105 czar do ka\u017cdej przestrzeni \u017cyciowej w domu dzi\u0119ki niezwyk\u0142ej jasno\u015bci, konfigurowalnym efektom, kt\u00f3re mo\u017cna mapowa\u0107 z telefonu oraz lekkiej, przeno\u015bnej konstrukcji. Niezale\u017cnie od tego, czy chcesz stworzy\u0107 przytulny blask w pokoju dziecka, stworzy\u0107 hipnotyzuj\u0105ce konfiguracje strumieniowe, podnie\u015b\u0107 \u015bwi\u0105teczne uroczysto\u015bci, czy doda\u0107 spersonalizowany akcent do swojego wn\u0119trza. Stw\u00f3rz sceneri\u0119 z Candies.<\/p>\n<ul>\n<li><span style=\"font-size: 12pt;\">12 metr\u00f3w, 200 diod LED RGB<\/span><\/li>\n<li><span style=\"font-size: 12pt;\">zasilane z USB (5V DC) (w zestawie brak zasilacza)<\/span><\/li>\n<li><span style=\"font-size: 12pt;\">Steruj za pomoc\u0105 smartfona (iOS i Android)<\/span><\/li>\n<li><span style=\"font-size: 12pt;\">Generacja II<\/span><\/li>\n<li><span style=\"font-size: 12pt;\">Po\u0142\u0105cz przez WiFi i Bluetooth<\/span><\/li>\n<li><span style=\"font-size: 12pt;\">Synchronizacja do 4000 diod lub 10 urz\u0105dze\u0144<\/span><\/li>\n<li><span style=\"font-size: 12pt;\">Create and customize your own effects<\/span><\/li>\n<li><span style=\"font-size: 12pt;\">Wsparcie dla Amazon Alexa, Hey Google i Apple HomeKit<\/span><\/li>\n<li><span style=\"font-size: 12pt;\">Integracja z Razer Chroma i OMEN Light Studio<\/span><\/li>\n<li><span style=\"font-size: 12pt;\">Kontroler WiFi w zestawie<\/span><\/li>\n<li><span style=\"font-size: 12pt;\">Do u\u017cytku wewn\u0119trznego &#8211; IP20<\/span><\/li>\n<\/ul><\/div>\n<\/p><\/div>\n<div class=\"flex\" style=\"text-align: center;\"><video autoplay=\"autoplay\" loop=\"loop\" muted=\"\" width=\"100%\" height=\"auto\"><source src=\"https:\/\/www.power-cube.pl\/upload\/twinkly\/candies\/Candles.webm\" type=\"video\/webm\" \/><\/video><\/div>\n<div class=\"flex\" style=\"margin-top: 25px;\">\n<div class=\"flex flex-3\" style=\"padding-left: 5px; padding-right: 5px; text-align: center;\">\n<p><img decoding=\"async\" src=\"https:\/\/www.power-cube.pl\/upload\/twinkly\/candies\/opis\/usb-c-1000x1000_600x.webp\" alt=\"\" \/><\/p>\n<h2>Lekkie i przeno\u015bne<\/h2>\n<p style=\"font-size: 12pt;\">Ciesz si\u0119 Candies w dowolnym miejscu dzi\u0119ki \u0142\u0105czno\u015bci USB-C, co sprawia, \u017ce jest niezwykle \u0142atwy w u\u017cyciu przez ca\u0142y rok.<\/p>\n<\/p><\/div>\n<div class=\"flex flex-3\" style=\"padding-left: 5px; padding-right: 5px; text-align: center;\">\n<p><img decoding=\"async\" src=\"https:\/\/www.power-cube.pl\/upload\/twinkly\/candies\/opis\/TWKC_Gallery_5_600x.webp\" alt=\"\" \/><\/p>\n<h2>Wykarduj. Zmapuj. Odtwarzaj.<\/h2>\n<p style=\"font-size: 12pt;\">Kadruj lamki i u\u017cywaj aparatu smartfona w aplikacji Twinkly, aby tworzy\u0107 osza\u0142amiaj\u0105ce efekty wizualne.<\/p>\n<\/p><\/div>\n<div class=\"flex flex-3\" style=\"padding-left: 5px; padding-right: 5px; text-align: center;\">\n<p><img decoding=\"async\" src=\"https:\/\/www.power-cube.pl\/upload\/twinkly\/candies\/opis\/TWKH_Gallery_01_600x.webp\" alt=\"\" \/><\/p>\n<h2>Wspania\u0142e efekty<\/h2>\n<p style=\"font-size: 12pt;\">Wielokolorowe diody LED Twinkly rozpalaj\u0105 czyst\u0105 magi\u0119 dzi\u0119ki niezr\u00f3wnanej jasno\u015bci i \u017cywym kolorom w ponad 16 milionach kolor\u00f3w.<\/p>\n<\/p><\/div>\n<\/p><\/div>\n<div class=\"flex\" style=\"margin-top: 25px;\">\n<div class=\"flex flex-9\" style=\"padding-left: 5px; padding-right: 5px; text-align: center;\"> <\/div>\n<div class=\"flex flex-3\" style=\"padding-left: 5px; padding-right: 5px; text-align: center;\">\n<p><img decoding=\"async\" src=\"https:\/\/www.power-cube.pl\/upload\/twinkly\/candies\/opis\/TWKP_Gallery_03_600x.webp\" alt=\"\" \/><\/p>\n<h2>Nieograniczona kreatywno\u015b\u0107<\/h2>\n<p style=\"font-size: 12pt;\">Ciesz si\u0119 Candies w dowolnym miejscu dzi\u0119ki \u0142\u0105czno\u015bci USB-C, co sprawia, \u017ce jest niezwykle \u0142atwy w u\u017cyciu przez ca\u0142y rok.Tw\u00f3rz unikalne efekty dzi\u0119ki szerokiej gamie opcji personalizacji, wzor\u00f3w, kolor\u00f3w i animacji.<\/p>\n<\/p><\/div>\n<div class=\"flex flex-10\" style=\"padding-left: 5px; padding-right: 5px; text-align: center;\"> <\/div>\n<div class=\"flex flex-3\" style=\"padding-left: 5px; padding-right: 5px; text-align: center;\">\n<p><img decoding=\"async\" src=\"https:\/\/www.power-cube.pl\/upload\/twinkly\/candies\/opis\/TWKP_Gallery_01_600x.webp\" alt=\"\" \/><\/p>\n<h2>Po\u0142\u0105cz wirtualnie<\/h2>\n<p style=\"font-size: 12pt;\">P\u0142ynnie \u0142\u0105cz\u0105 si\u0119 z innymi urz\u0105dzeniami Twinkly, tworz\u0105c rozszerzone cyfrowe t\u0142o i hipnotyzuj\u0105ce, wieloproduktowe instalacje.<\/p>\n<\/p><\/div>\n<\/p><\/div>\n<div class=\"flex\" style=\"margin-top: 25px;\">\n<h1 style=\"text-align: center;\">Sterowanie g\u0142osowe<\/h1>\n<p style=\"text-align: center; font-size: 12pt;\">Sparuj swoje Twinkly z urz\u0105dzeniami Amazon Alexa, Apple HomeKit lub Google Assistant i steruj nimi by roz\u015bwietli\u0107 sw\u00f3j dzie\u0144 za pomoc\u0105 kilku s\u0142\u00f3w.<\/p>\n<p style=\"text-align: center;\"><img decoding=\"async\" src=\"https:\/\/www.power-cube.pl\/upload\/twinkly\/dots\/Dots_Voice_bg.webp\" alt=\"\" \/><\/p>\n<\/p><\/div>\n<div class=\"flex\" style=\"margin-top: 25px;\">\n<h1 style=\"text-align: center;\">Ulepsz swoj\u0105 rozgrywk\u0119<\/h1>\n<p style=\"text-align: center; font-size: 12pt;\">Dzi\u0119ki naszej rewolucyjnej technologii, Twinkly przenosi gry na wy\u017cszy poziom dzi\u0119ki integracji z Razer Chroma\u2122 RGB i OMEN Light Studio.<br \/>Zapewnij sobie doskona\u0142e, wielozmys\u0142owe wra\u017cenia w grach.<\/p>\n<div class=\"video-container\" style=\"text-align: center; padding-bottom: 50%;\"><video autoplay=\"autoplay\" loop=\"loop\" muted=\"\" width=\"100%\" height=\"auto\"><source src=\"https:\/\/www.power-cube.pl\/upload\/twinkly\/dots\/vid\/Dots-Gaming-Room-V2-1.webm\" type=\"video\/webm\" \/><\/video><\/div>\n<\/p><\/div>\n<div class=\"flex\" style=\"margin-top: 25px;\">\n<h1 style=\"text-align: center;\">Tw\u00f3rz nastroje<\/h1>\n<div class=\"flex flex-2\" style=\"padding-left: 5px; padding-right: 5px;\">\n<p style=\"text-align: center;\"><img decoding=\"async\" src=\"https:\/\/www.power-cube.pl\/upload\/twinkly\/candies\/opis\/Twinkly_Candies_300dpi_0593_2023.webp\" alt=\"\" \/><\/p>\n<\/p><\/div>\n<div class=\"flex flex-2\" style=\"padding-left: 5px; padding-right: 5px;\">\n<p style=\"text-align: center;\"><img decoding=\"async\" src=\"https:\/\/www.power-cube.pl\/upload\/twinkly\/candies\/opis\/Twinkly_Candies_300dpi_5490_2023.webp\" alt=\"\" \/><\/p>\n<\/p><\/div>\n<div class=\"flex flex-2\" style=\"padding-left: 5px; padding-right: 5px;\">\n<p style=\"text-align: center;\"><img decoding=\"async\" src=\"https:\/\/www.power-cube.pl\/upload\/twinkly\/candies\/opis\/Twinkly_Candies_300dpi_9375_2023.webp\" alt=\"\" \/><\/p>\n<\/p><\/div>\n<div class=\"flex flex-2\" style=\"padding-left: 5px; padding-right: 5px;\">\n<p style=\"text-align: center;\"><img decoding=\"async\" src=\"https:\/\/www.power-cube.pl\/upload\/twinkly\/candies\/opis\/Twinkly_Candies_300dpi_0785_2023.webp\" alt=\"\" \/><\/p>\n<\/p><\/div>\n<\/p><\/div>\n<div class=\"flex\" style=\"padding-left: 5px; padding-right: 5px;\">\n<h1 style=\"text-align: center; padding-top: 3rem;\">Twinkly Candies wsp\u00f3\u0142pracuje z:<\/h1>\n<div class=\"flex flex-5\" style=\"text-align: center;\"><img decoding=\"async\" src=\"https:\/\/www.power-cube.pl\/upload\/twinkly\/google.webp\" alt=\"hey google\" \/><\/div>\n<div class=\"flex flex-5\" style=\"text-align: center;\"><img decoding=\"async\" src=\"https:\/\/www.power-cube.pl\/upload\/twinkly\/razer-chroma.webp\" alt=\"Razer Chroma\" \/><\/div>\n<div class=\"flex flex-5\" style=\"text-align: center;\"><img decoding=\"async\" src=\"https:\/\/www.power-cube.pl\/upload\/twinkly\/alexa.webp\" alt=\"Alexa\" \/><\/div>\n<div class=\"flex flex-5\" style=\"text-align: center;\"><img decoding=\"async\" src=\"https:\/\/www.power-cube.pl\/upload\/twinkly\/omen.webp\" alt=\"hp OMEN Light Studio\" \/><\/div>\n<div class=\"flex flex-5\" style=\"text-align: center;\"><img decoding=\"async\" src=\"https:\/\/www.power-cube.pl\/upload\/twinkly\/applehomekit.webp\" alt=\"Apple HomeKit\" \/><\/div>\n<div class=\"flex flex-1\" style=\"padding-bottom: 3rem; padding-top: 3rem;\">\n<p style=\"text-align: center; font-size: 12pt;\">Twinkly Candies mo\u017cna bezproblemowo kontrolowa\u0107 za pomoc\u0105 asystent\u00f3w g\u0142osowych, takich jak Google Asisstant i Amazon Alexa, Apple HomeKit oraz zintegrowa\u0107 z Razer Chroma lub OMEN Light Studio.<\/p>\n<\/p><\/div>\n<\/p><\/div>\n<p style=\"text-align: center;\">Pobierz aplikacj\u0119:<\/p>\n<div style=\"margin-bottom: 1rem; text-align: center;\"><a href=\"https:\/\/play.google.com\/store\/apps\/details?id=com.twinkly\" target=\"_blank\" rel=\"noopener\"><img decoding=\"async\" style=\"max-width: 200px; height: auto;\" src=\"https:\/\/www.power-cube.pl\/upload\/twinkly\/googleplay.webp\" alt=\"Google Play\" \/><\/a><\/div>\n<div style=\"margin-bottom: 1rem; text-align: center;\"><a href=\"https:\/\/apps.apple.com\/app\/twinkly\/id1132187056\" target=\"_blank\" rel=\"noopener\"><img decoding=\"async\" style=\"max-width: 200px; height: auto;\" src=\"https:\/\/www.power-cube.pl\/upload\/twinkly\/appstore.webp\" alt=\"App Store\" \/><\/a><\/div>","protected":false},"excerpt":{"rendered":"<p>Twinkly Candies 200 RGB LED &#8211; zielony sznur 12 m z lampkami w kszta\u0142cie \u015aWIECZEK Stw\u00f3rz niepowtarzalny klimat z Candies Twinkly Candies, inteligentne lampki dekoracyjne w kszta\u0142cie \u015bwiec, wprowadzaj\u0105 czar do ka\u017cdej przestrzeni \u017cyciowej w domu dzi\u0119ki niezwyk\u0142ej jasno\u015bci, konfigurowalnym efektom, kt\u00f3re mo\u017cna mapowa\u0107 z telefonu oraz lekkiej, przeno\u015bnej konstrukcji. Niezale\u017cnie od tego, czy chcesz [&hellip;]<\/p>","protected":false},"featured_media":3847,"comment_status":"open","ping_status":"closed","template":"","meta":{"_acf_changed":false,"_kad_blocks_custom_css":"","_kad_blocks_head_custom_js":"","_kad_blocks_body_custom_js":"","_kad_blocks_footer_custom_js":""},"product_cat":[109,140],"product_tag":[],"class_list":{"0":"post-3846","1":"product","2":"type-product","3":"status-publish","4":"has-post-thumbnail","6":"product_cat-twinkly","7":"product_cat-candies-lancuchy-led","9":"first","10":"outofstock","11":"taxable","12":"shipping-taxable","13":"purchasable","14":"product-type-simple"},"acf":[],"taxonomy_info":{"product_cat":[{"value":109,"label":"Twinkly"},{"value":140,"label":"Candies - \u0142a\u0144cuchy LED"}]},"featured_image_src_large":["https:\/\/power-cube.globeweb.stronazen.pl\/wp-content\/uploads\/2024\/03\/3303-1-1024x1024.webp",980,980,true],"author_info":[],"comment_info":0,"_links":{"self":[{"href":"https:\/\/power-cube.globeweb.stronazen.pl\/en\/wp-json\/wp\/v2\/product\/3846"}],"collection":[{"href":"https:\/\/power-cube.globeweb.stronazen.pl\/en\/wp-json\/wp\/v2\/product"}],"about":[{"href":"https:\/\/power-cube.globeweb.stronazen.pl\/en\/wp-json\/wp\/v2\/types\/product"}],"replies":[{"embeddable":true,"href":"https:\/\/power-cube.globeweb.stronazen.pl\/en\/wp-json\/wp\/v2\/comments?post=3846"}],"wp:featuredmedia":[{"embeddable":true,"href":"https:\/\/power-cube.globeweb.stronazen.pl\/en\/wp-json\/wp\/v2\/media\/3847"}],"wp:attachment":[{"href":"https:\/\/power-cube.globeweb.stronazen.pl\/en\/wp-json\/wp\/v2\/media?parent=3846"}],"wp:term":[{"taxonomy":"product_cat","embeddable":true,"href":"https:\/\/power-cube.globeweb.stronazen.pl\/en\/wp-json\/wp\/v2\/product_cat?post=3846"},{"taxonomy":"product_tag","embeddable":true,"href":"https:\/\/power-cube.globeweb.stronazen.pl\/en\/wp-json\/wp\/v2\/product_tag?post=3846"}],"curies":[{"name":"wp","href":"https:\/\/api.w.org\/{rel}","templated":true}]}}