{"id":3758,"date":"2024-03-06T18:35:04","date_gmt":"2024-03-06T17:35:04","guid":{"rendered":"https:\/\/power-cube.globeweb.stronazen.pl\/produkt\/steambox-dodatkowy-pojemnik-na-zywnosc\/"},"modified":"2024-04-24T19:23:31","modified_gmt":"2024-04-24T17:23:31","slug":"steambox-dodatkowy-pojemnik-na-zywnosc","status":"publish","type":"product","link":"https:\/\/power-cube.globeweb.stronazen.pl\/en\/product\/steambox-dodatkowy-pojemnik-na-zywnosc\/","title":{"rendered":"Steambox\u00ae dodatkowy pojemnik na \u017cywno\u015b\u0107"},"content":{"rendered":"<h1 style=\"text-align: center;\">Steambox<\/h1>\n<h2 style=\"text-align: center;\">dodatkowy pojemnik na \u017cywno\u015b\u0107 do Steambox<\/h2>\n<p style=\"text-align: center;\"><img decoding=\"async\" src=\"https:\/\/power-cube.pl\/userdata\/public\/gfx\/3253.jpg\" alt=\"Steambox\u00ae\" \/><\/p>\n<div class=\"f-row\">\n<div class=\"f-grid-4\" style=\"text-align: center;\">\n<p><img decoding=\"async\" src=\"https:\/\/www.power-cube.pl\/upload\/steambox\/1a.jpg\" alt=\"rechargeable\" \/><\/p>\n<h3>wbudowany akumulator<\/h3>\n<p>Wykorzystaj nasz\u0105 autonomiczn\u0105 technologi\u0119 gotowania na parze, aby podgrza\u0107 do 3 posi\u0142k\u00f3w na jednym \u0142adowaniu. Oszcz\u0119dzaj dzi\u0119ki temu energi\u0119 i czas, nie musz\u0105c traci\u0107 ich na cz\u0119ste \u0142adowanie urz\u0105dzenia.<\/p>\n<\/p><\/div>\n<div class=\"f-grid-4\" style=\"text-align: center;\">\n<p><img decoding=\"async\" src=\"https:\/\/www.power-cube.pl\/upload\/steambox\/1b.jpg\" alt=\"steam heating\" \/><\/p>\n<h3>ogrzewany par\u0105<\/h3>\n<p>Gotowanie na parze to szybki i zdrowy spos\u00f3b na odgrzanie jedzenia.<\/p>\n<\/p><\/div>\n<div class=\"f-grid-4\" style=\"text-align: center;\">\n<p><img decoding=\"async\" src=\"https:\/\/www.power-cube.pl\/upload\/steambox\/1c.jpg\" alt=\"100% leak proof\" \/><\/p>\n<h3>szczelny<\/h3>\n<p>Steambox jest idealnym towarzyszem w podr\u00f3\u017cy. Jego przeno\u015bna i szczelna konstrukcja zwi\u0119kszy Twoj\u0105 elastyczno\u015b\u0107. Nigdy wi\u0119cej nudnych lub niezdrowych diet.<\/p>\n<\/p><\/div>\n<\/p><\/div>\n<h1 style=\"text-align: center; margin-top: 3em;\">Niezale\u017cno\u015b\u0107 w od\u017cywianiu<\/h1>\n<h3 style=\"text-align: center; margin-bottom: 3em;\">Ciesz si\u0119 gor\u0105cym jedzeniem w dowolnym miejscu i czasie. Miej kontrol\u0119 nad tym, co, kiedy i gdzie jesz.<\/h3>\n<div class=\"video-container\" style=\"text-align: center;\"><iframe loading=\"lazy\" title=\"YouTube video player\" src=\"https:\/\/www.youtube.com\/embed\/WfZ78nuuzhY?controls=0&amp;mute=1&amp;autoplay=1&amp;showinfo=0&amp;rel=0&amp;loop=1&amp;modestbranding=1&amp;playlist=WfZ78nuuzhY\" width=\"100%\" height=\"100%\" frameborder=\"0\" allowfullscreen=\"allowfullscreen\"><\/iframe><\/div>\n<div class=\"f-row\" style=\"text-align: center; margin-bottom: 5em; margin-top: 5em; font-style: italic;\">\n<div class=\"f-grid-3\">\n<p><img decoding=\"async\" src=\"https:\/\/www.power-cube.pl\/upload\/steambox\/loves4.webp\" alt=\"\" \/><\/p>\n<p>&#8222;Mo\u017ce nadszed\u0142 czas na samonagrzewaj\u0105cy si\u0119 pojemnik na lunch&#8221;<\/p>\n<\/p><\/div>\n<div class=\"f-grid-3\">\n<p><img decoding=\"async\" src=\"https:\/\/www.power-cube.pl\/upload\/steambox\/loves5.webp\" alt=\"\" \/><\/p>\n<p>&#8222;Nie mo\u017cna si\u0119 oprze\u0107&#8221;<\/p>\n<\/p><\/div>\n<div class=\"f-grid-3\">\n<p><img decoding=\"async\" src=\"https:\/\/www.power-cube.pl\/upload\/steambox\/loves1.webp\" alt=\"\" \/><\/p>\n<p>&#8222;Kto jeszcze potrzebuje mikrofal\u00f3wki?&#8221;<\/p>\n<\/p><\/div>\n<div class=\"f-grid-3\">\n<p><img decoding=\"async\" src=\"https:\/\/www.power-cube.pl\/upload\/steambox\/loves3.webp\" alt=\"\" \/><\/p>\n<p>&#8222;By\u0142o gor\u0105co&#8221;<\/p>\n<\/p><\/div>\n<\/p><\/div>\n<div class=\"f-row\" style=\"background: #46a8b0; color: white;\">\n<div class=\"f-grid-4\" style=\"margin-top: 13%; padding-left: 3em;\">\n<h2 style=\"color: inherit;\">Sterowany aplikacj\u0105<\/h2>\n<p>Ciesz si\u0119 wolno\u015bci\u0105 jedzenia tego, co, gdzie i kiedy chcesz. Pobierz aplikacj\u0119 Steambox\u00ae, aby uzyska\u0107 maksymaln\u0105 kontrol\u0119. Otrzymuj informacje na bie\u017c\u0105co, powiadomienia i dost\u0119p do \u015bwietnych przepis\u00f3w.<\/p>\n<p>Dzi\u0119ki aplikacji mo\u017cesz po\u0142\u0105czy\u0107 si\u0119 ze swoim Steambox&#8217;em i zarz\u0105dza\u0107 nim. Aplikacja wsp\u00f3\u0142pracuje zar\u00f3wno z systemem Android jak i iOS.<\/p>\n<\/p><\/div>\n<div class=\"f-grid-8\" style=\"text-align: center;\">\n<p style=\"margin: 0px;\"><img decoding=\"async\" src=\"https:\/\/www.power-cube.pl\/upload\/steambox\/app.webp\" alt=\"\" \/><\/p>\n<\/p><\/div>\n<\/p><\/div>\n<p style=\"margin: 2em;\">\n<div class=\"f-row\" style=\"background: #46a8b0; color: white;\">\n<div class=\"f-grid-8\" style=\"text-align: center;\">\n<p style=\"margin: 0px;\"><img decoding=\"async\" src=\"https:\/\/www.power-cube.pl\/upload\/steambox\/allround.webp\" alt=\"\" \/><\/p>\n<\/p><\/div>\n<div class=\"f-grid-4\" style=\"margin-top: 10%; padding-right: 3em;\">\n<h2 style=\"color: inherit;\">Stylowy design i wszechstronno\u015b\u0107 zastosowa\u0144<\/h2>\n<p>Zaprojektowany w nowoczesnym stylu SteamBox nie tylko \u015bwietnie wygl\u0105da, ale jest r\u00f3wnie\u017c rozwi\u0105zaniem na miar\u0119 potrzeb:<\/p>\n<ul>\n<li>sport: po\u0142\u0105cz gor\u0105ce i pyszne jedzenie z aktywnym stylem \u017cycia<\/li>\n<li>w drodze: idealny towarzysz dla os\u00f3b codziennie doje\u017cd\u017caj\u0105cych do pracy<\/li>\n<li>miejski: dla mi\u0142o\u015bnik\u00f3w jedzenia w biurze, szkole lub domu<\/li>\n<li>rodzina: gor\u0105cy i zdrowy posi\u0142ek dla Twoich dzieci w szkole.<\/li>\n<\/ul><\/div>\n<\/p><\/div>\n<p style=\"margin: 2em;\">\n<div class=\"f-row\" style=\"background: #46a8b0; color: white;\">\n<div class=\"f-grid-4\" style=\"margin-top: 15%; padding-left: 3em;\">\n<h2 style=\"color: inherit;\">Nigdy wi\u0119cej zale\u017cno\u015bci<\/h2>\n<p>Ciesz si\u0119 swobod\u0105 jedzenia tego na co masz ochot\u0119, gdzie- i kiedykolwiek chcesz. Pobierz aplikacj\u0119 Steambox\u00ae, aby uzyska\u0107 maksymaln\u0105 kontrol\u0119. Otrzymuj bie\u017c\u0105ce informacje, alerty i dost\u0119p do przepis\u00f3w.<\/p>\n<\/p><\/div>\n<div class=\"f-grid-8\" style=\"text-align: center;\">\n<p style=\"margin: 0px;\"><img decoding=\"async\" src=\"https:\/\/www.power-cube.pl\/upload\/steambox\/freedom.webp\" alt=\"\" \/><\/p>\n<\/p><\/div>\n<\/p><\/div>","protected":false},"excerpt":{"rendered":"<h1 style=\"text-align: left;\">Steambox<\/h1>\n<h2 style=\"text-align: left;\">dodatkowy pojemnik na \u017cywno\u015b\u0107 do Steambox<\/h2>","protected":false},"featured_media":3759,"comment_status":"open","ping_status":"closed","template":"","meta":{"_acf_changed":false,"_kad_blocks_custom_css":"","_kad_blocks_head_custom_js":"","_kad_blocks_body_custom_js":"","_kad_blocks_footer_custom_js":""},"product_cat":[134],"product_tag":[],"class_list":{"0":"post-3758","1":"product","2":"type-product","3":"status-publish","4":"has-post-thumbnail","6":"product_cat-steambox","8":"first","9":"instock","10":"taxable","11":"shipping-taxable","12":"purchasable","13":"product-type-simple"},"acf":[],"taxonomy_info":{"product_cat":[{"value":134,"label":"SteamBox"}]},"featured_image_src_large":["https:\/\/power-cube.globeweb.stronazen.pl\/wp-content\/uploads\/2024\/03\/3253-1-1024x576.jpg",980,551,true],"author_info":[],"comment_info":0,"_links":{"self":[{"href":"https:\/\/power-cube.globeweb.stronazen.pl\/en\/wp-json\/wp\/v2\/product\/3758"}],"collection":[{"href":"https:\/\/power-cube.globeweb.stronazen.pl\/en\/wp-json\/wp\/v2\/product"}],"about":[{"href":"https:\/\/power-cube.globeweb.stronazen.pl\/en\/wp-json\/wp\/v2\/types\/product"}],"replies":[{"embeddable":true,"href":"https:\/\/power-cube.globeweb.stronazen.pl\/en\/wp-json\/wp\/v2\/comments?post=3758"}],"wp:featuredmedia":[{"embeddable":true,"href":"https:\/\/power-cube.globeweb.stronazen.pl\/en\/wp-json\/wp\/v2\/media\/3759"}],"wp:attachment":[{"href":"https:\/\/power-cube.globeweb.stronazen.pl\/en\/wp-json\/wp\/v2\/media?parent=3758"}],"wp:term":[{"taxonomy":"product_cat","embeddable":true,"href":"https:\/\/power-cube.globeweb.stronazen.pl\/en\/wp-json\/wp\/v2\/product_cat?post=3758"},{"taxonomy":"product_tag","embeddable":true,"href":"https:\/\/power-cube.globeweb.stronazen.pl\/en\/wp-json\/wp\/v2\/product_tag?post=3758"}],"curies":[{"name":"wp","href":"https:\/\/api.w.org\/{rel}","templated":true}]}}