{"id":3748,"date":"2024-03-06T18:35:03","date_gmt":"2024-03-06T17:35:03","guid":{"rendered":"https:\/\/power-cube.globeweb.stronazen.pl\/produkt\/lightwall-1120-rgb-led\/"},"modified":"2024-04-24T19:23:32","modified_gmt":"2024-04-24T17:23:32","slug":"lightwall-1120-rgb-led","status":"publish","type":"product","link":"https:\/\/power-cube.globeweb.stronazen.pl\/en\/product\/lightwall-1120-rgb-led\/","title":{"rendered":"Lightwall 1120 RGB LED"},"content":{"rendered":"<div class=\"flex flex-1\" style=\"margin-top: 25px;\">\n<div class=\"video-container\" style=\"text-align: center;\"><video autoplay=\"autoplay\" loop=\"loop\" muted=\"\" width=\"100%\" height=\"auto\"><source src=\"https:\/\/www.power-cube.pl\/upload\/twinkly\/lightwall\/Reveal-Web-Pingpong.webm\" type=\"video\/webm\" \/><\/video><\/div>\n<\/p><\/div>\n<div class=\"video-container\" style=\"text-align: center;\"><iframe loading=\"lazy\" title=\"YouTube video player\" src=\"https:\/\/www.power-cube.pl\/upload\/twinkly\/strings\/strings-hero.webm\" width=\"100%\" height=\"100%\" frameborder=\"0\" allowfullscreen=\"allowfullscreen\"><\/iframe><\/div>\n<h1 style=\"text-align: center; margin-top: 2em;\">Lightwall 1120 RGB LED<\/h1>\n<h2 style=\"text-align: center;\">Przenie\u015b swoj\u0105 obecno\u015b\u0107 na scenie na wy\u017cszy poziom<\/h2>\n<div class=\"flex\" style=\"padding-top: 2rem; padding-bottom: 1.5rem;\">\n<div class=\"flex flex-2\" style=\"padding-left: 5px; padding-right: 5px; text-align: center;\"><img decoding=\"async\" src=\"https:\/\/www.power-cube.pl\/upload\/twinkly\/lightwall\/TWDJ1120STP_Packshot_2023.webp\" alt=\"\" \/><\/div>\n<div class=\"flex flex-2\" style=\"padding-left: 2em; padding-right: 2em;\">\n<h1 style=\"text-align: center;\"><img decoding=\"async\" src=\"https:\/\/www.power-cube.pl\/upload\/twinkly\/lightwall\/Lightwall_Logo-full_Black.webp\" alt=\"twinkly logo\" \/><\/h1>\n<ul>\n<li><span style=\"font-size: 12pt;\">1120 diod LED RGB, ponad 16 mln kolor\u00f3w<\/span><\/li>\n<li><span style=\"font-size: 12pt;\">Steruj za pomoc\u0105 smartfona (iOS i Android)<\/span><\/li>\n<li><span style=\"font-size: 12pt;\">Generacja II<\/span><\/li>\n<li><span style=\"font-size: 12pt;\">Po\u0142\u0105cz przez WiFi i Bluetooth<\/span><\/li>\n<li><span style=\"font-size: 12pt;\">Synchronizacja do 4000 diod lub 10 urz\u0105dze\u0144<\/span><\/li>\n<li><span style=\"font-size: 12pt;\">Tw\u00f3rz, dostosowuj i wgrywaj w\u0142asne efekty<\/span><\/li>\n<li><span style=\"font-size: 12pt;\">Ustawiaj jasno\u015b\u0107 i timer za pomoc\u0105 aplikacji<\/span><\/li>\n<li><span style=\"font-size: 12pt;\">Zasilacz, Twinkly Music i kontroler WiFi w zestawie<\/span><\/li>\n<li><span style=\"font-size: 12pt;\">Odporny na zachlapania IP44<\/span><\/li>\n<\/ul>\n<p style=\"font-size: 12pt;\">Wzmocnij swoj\u0105 prezencj\u0119 na scenie, synchronizuj\u0105c muzyk\u0119 z niezwykle jasnymi, animowanymi wizualizacjami dostosowanymi do Twojego wyst\u0119pu. \u0141atwy w transporcie dzi\u0119ki szybkiej konfiguracji i intuicyjnej aplikacji. Wybieraj spo\u015br\u00f3d gotowych ustawie\u0144 lub dostosowuj, miksuj i personalizuj, korzystaj\u0105c z rosn\u0105cej biblioteki efekt\u00f3w. Po\u0142\u0105cz Lightwalls, tworz\u0105c jedno gigantyczne cyfrowe p\u0142\u00f3tno i zsynchronizuj z dowolnym produktem Twinkly, aby uzyska\u0107 bardziej wci\u0105gaj\u0105ce, wielowymiarowe instalacje.<\/p>\n<p>Lightwall jest odporny na zachlapania, dzi\u0119ki czemu wytrzyma najbardziej dynamiczne pokazy.<\/p>\n<\/p><\/div>\n<\/p><\/div>\n<div class=\"flex\">\n<h1 style=\"text-align: center; margin-top: 2em;\">Beaty w rytm Twojej muzyki w czasie rzeczywistym<\/h1>\n<p style=\"text-align: center; font-size: 12pt;\">Zaprojektowany specjalnie dla wykonawc\u00f3w na \u017cywo, kt\u00f3rzy chc\u0105 podkre\u015bli\u0107 swoj\u0105 prezencj\u0119 na scenie dzi\u0119ki profesjonalnym efektom w pomieszczeniach zamkni\u0119tych.<br \/>Ta innowacyjna instalacja z wysokiej jako\u015bci czarnym t\u0142em i adresowalnymi \u015bwiat\u0142ami LED RGB o\u017cywia najbardziej dynamiczne wra\u017cenia audiowizualne z niezwyk\u0142\u0105 energi\u0105.<\/p>\n<p style=\"text-align: center; font-size: 12pt;\"><img decoding=\"async\" src=\"https:\/\/www.power-cube.pl\/upload\/twinkly\/lightwall\/Scena-Dj.webp\" alt=\"twinkly halloween\" \/><\/p>\n<\/p><\/div>\n<div class=\"flex\" style=\"margin-top: 2em;\">\n<div class=\"flex flex-3\" style=\"padding-left: 5px; padding-right: 5px; text-align: center;\">\n<p><img decoding=\"async\" src=\"https:\/\/www.power-cube.pl\/upload\/twinkly\/lightwall\/TWDJ1120STP_Lifestyle_03-2023_600x.webp\" alt=\"\" \/><\/p>\n<h2>Tw\u00f3rz w\u0142asn\u0105 zawarto\u015b\u0107 wizualn\u0105<\/h2>\n<p style=\"font-size: 12pt;\">Skomponuj w\u0142asn\u0105, reaguj\u0105c\u0105 na d\u017awi\u0119k zawarto\u015b\u0107 wizualn\u0105, kt\u00f3ra b\u0119dzie towarzyszy\u0107 Twojej muzyce. Intuicyjnie zaprojektowana aplikacja mobilna mapuje \u015bwiat\u0142a za Ciebie, oferuj\u0105c nieograniczony potencja\u0142 niestandardowych kreacji. Wybieraj spo\u015br\u00f3d 20 do\u0142\u0105czonych ustawie\u0144 wst\u0119pnych lub dostosowuj, miksuj i personalizuj w niesko\u0144czono\u015b\u0107.<\/p>\n<\/p><\/div>\n<div class=\"flex flex-3\" style=\"padding-left: 5px; padding-right: 5px; text-align: center;\">\n<p><img decoding=\"async\" src=\"https:\/\/www.power-cube.pl\/upload\/twinkly\/lightwall\/TWDJ1120STP_Lifestyle_04-2023-1_600x.webp\" alt=\"\" \/><\/p>\n<h2>P\u0142ynna synchronizacja z muzyk\u0105<\/h2>\n<p style=\"font-size: 12pt;\">Obserwuj, jak Twoje \u015bwiat\u0142a ta\u0144cz\u0105 do Twinkly Music, zasilanego przez USB czujnika d\u017awi\u0119ku wyposa\u017conego w bardzo dok\u0142adny licznik BPM i inteligentny mikrofon, kt\u00f3ry nas\u0142uchuje i interpretuje d\u017awi\u0119ki otoczenia w Twojej przestrzeni, synchronizuj\u0105c inteligentne \u015bwiat\u0142a LED Twinkly z dowoln\u0105 nagran\u0105 lub odtwarzan\u0105 na \u017cywo muzyk\u0105 lub d\u017awi\u0119kami odtwarzanymi w pobli\u017cu.<\/p>\n<\/p><\/div>\n<div class=\"flex flex-3\" style=\"padding-left: 5px; padding-right: 5px; text-align: center;\">\n<p><img decoding=\"async\" src=\"https:\/\/www.power-cube.pl\/upload\/twinkly\/lightwall\/TWDJ1120STP_Lifestyle_05-2023-1_600x.webp\" alt=\"Twinkly Music\" \/><\/p>\n<h2>Mo\u017cliwo\u015b\u0107 rozbudowy do nieograniczonych zastosowa\u0144<\/h2>\n<p style=\"font-size: 12pt;\">W przypadku wi\u0119kszych ustawie\u0144 i scen, dwie lub wi\u0119cej \u015bcian \u015bwietlnych mo\u017cna po\u0142\u0105czy\u0107 i zmapowa\u0107 razem, aby dzia\u0142a\u0142y jako jedno gigantyczne cyfrowe p\u0142\u00f3tno, wszystkie kontrolowane przez aplikacj\u0119. \u015aciany \u015bwietlne mo\u017cna r\u00f3wnie\u017c uzupe\u0142ni\u0107 tradycyjnym o\u015bwietleniem scenicznym.<\/p>\n<\/p><\/div>\n<\/p><\/div>\n<div class=\"flex\" style=\"margin-top: 2em;\">\n<div class=\"flex flex-3\" style=\"padding-left: 5px; padding-right: 5px; text-align: center;\">\n<p><img decoding=\"async\" src=\"https:\/\/www.power-cube.pl\/upload\/twinkly\/lightwall\/TWDJ1120STP_Lifestyle_06-2023_600x.webp\" alt=\"Twinkly Music\" \/><\/p>\n<h2>Po\u0142\u0105czony ekosystem o\u015bwietlenia<\/h2>\n<p style=\"font-size: 12pt;\">Lightwall p\u0142ynnie integruje si\u0119 i synchronizuje ze wszystkimi produktami Twinkly, tworz\u0105c wieloformatowe, wielowymiarowe instalacje i jeszcze bardziej wci\u0105gaj\u0105ce i zmys\u0142owe sceny.<\/p>\n<\/p><\/div>\n<div class=\"flex flex-3\" style=\"padding-left: 5px; padding-right: 5px; text-align: center;\">\n<p><img decoding=\"async\" src=\"https:\/\/www.power-cube.pl\/upload\/twinkly\/lightwall\/TWDJ1120STP_Lifestyle_07-2023_600x.webp\" alt=\"Twinkly Music\" \/><\/p>\n<h2>Zabierz go wsz\u0119dzie<\/h2>\n<p style=\"font-size: 12pt;\">Poniewa\u017c czas jest najwa\u017cniejszy, a przeno\u015bno\u015b\u0107 jest niezb\u0119dna podczas wyst\u0119p\u00f3w na \u017cywo, zaprojektowali\u015bmy Lightwall tak, aby by\u0142 \u0142atwy w transporcie i mo\u017cna go by\u0142o skonfigurowa\u0107 w 10 minut. Wszystko, czego potrzebujesz, znajduje si\u0119 w pude\u0142ku &#8211; w tym czarna aluminiowa rama, kt\u00f3ra jest lekka i solidna, obci\u0105\u017cniki wodne dla dodatkowej stabilno\u015bci, kontroler i klucz sprz\u0119towy Twinkly Music, a wszystko to w gotowym do podr\u00f3\u017cy w\u00f3zku.<\/p>\n<\/p><\/div>\n<\/p><\/div>\n<p> <!-- \n\n<div class=\"flex\" style=\"margin-top: 25px;\">  \n\n<h1 style=\"text-align: center;\">Doskona\u0142e rozwi\u0105zanie na r\u00f3\u017cne okazje<\/h1>\n\n  \n\n<div class=\"flex flex-3\" style=\"padding-left: 5px; padding-right: 5px;\">   \n\n<p style=\"text-align: center;\"><img decoding=\"async\" src=\"https:\/\/www.power-cube.pl\/upload\/twinkly\/strings\/Twinkly_Christmas_6534-2022.webp\" alt=\"\" \/><\/p>\n\n  <\/div>\n\n  \n\n<div class=\"flex flex-3\" style=\"padding-left: 5px; padding-right: 5px;\">   \n\n<p style=\"text-align: center;\"><img decoding=\"async\" src=\"https:\/\/www.power-cube.pl\/upload\/twinkly\/strings\/Twinkly_Tales_Nutcracker_1-1_300dpi_004-2022.webp\" alt=\"\" \/><\/p>\n\n  <\/div>\n\n  \n\n<div class=\"flex flex-3\" style=\"padding-left: 5px; padding-right: 5px;\">   \n\n<p style=\"text-align: center;\"><img decoding=\"async\" src=\"https:\/\/www.power-cube.pl\/upload\/twinkly\/strings\/Twinkly_Summer-Outdoor_300dpi_2738_2023.webp\" alt=\"\" \/><\/p>\n\n  <\/div>\n\n  \n\n<div class=\"flex flex-3\" style=\"padding-left: 5px; padding-right: 5px;\">   \n\n<p style=\"text-align: center;\"><img decoding=\"async\" src=\"https:\/\/www.power-cube.pl\/upload\/twinkly\/strings\/Twinkly_Tales_Nutcracker_1-1_300dpi_007-2022.webp\" alt=\"\" \/><\/p>\n\n  <\/div>\n\n  \n\n<div class=\"flex flex-3\" style=\"padding-left: 5px; padding-right: 5px;\">   \n\n<p style=\"text-align: center;\"><img decoding=\"async\" src=\"https:\/\/www.power-cube.pl\/upload\/twinkly\/strings\/Twinkly_Razer_01135-2020.webp\" alt=\"\" \/><\/p>\n\n  <\/div>\n\n  \n\n<div class=\"flex flex-3\" style=\"padding-left: 5px; padding-right: 5px;\">   \n\n<p style=\"text-align: center;\"><img decoding=\"async\" src=\"https:\/\/www.power-cube.pl\/upload\/twinkly\/strings\/Twinkly_Tales_Nutcracker_1-1_300dpi_009-2022.webp\" alt=\"\" \/><\/p>\n\n  <\/div>\n\n <\/div>\n\n --> <\/p>\n<p> <!-- \n\n<div class=\"flex\" style=\"margin-top: 25px;\">  \n\n<h1 style=\"text-align: center;\">Twinkly w akcji<\/h1>\n\n  \n\n<div class=\"flex flex-3\" style=\"padding-left: 5px; padding-right: 5px;\">   \n\n<p style=\"text-align: center;\"><img decoding=\"async\" src=\"https:\/\/www.power-cube.pl\/upload\/twinkly\/dots\/action1.webp\" alt=\"\" \/><\/p>\n\n  <\/div>\n\n  \n\n<div class=\"flex flex-3\" style=\"padding-left: 5px; padding-right: 5px;\">   \n\n<p style=\"text-align: center;\"><img decoding=\"async\" src=\"https:\/\/www.power-cube.pl\/upload\/twinkly\/dots\/action2.webp\" alt=\"\" \/><\/p>\n\n  <\/div>\n\n  \n\n<div class=\"flex flex-3\" style=\"padding-left: 5px; padding-right: 5px;\">   \n\n<p style=\"text-align: center;\"><img decoding=\"async\" src=\"https:\/\/www.power-cube.pl\/upload\/twinkly\/dots\/action3.webp\" alt=\"\" \/><\/p>\n\n  <\/div>\n\n <\/div>\n\n \n\n<div class=\"flex\" style=\"margin-top: 25px;\">  \n\n<h1 style=\"text-align: center;\">Tw\u00f3rz wspomnienia z Twinkly<\/h1>\n\n  \n\n<div class=\"flex flex-3\" style=\"padding-left: 5px; padding-right: 5px;\">   \n\n<p style=\"text-align: center;\"><img decoding=\"async\" src=\"https:\/\/www.power-cube.pl\/upload\/twinkly\/dots\/memories3.webp\" alt=\"\" \/><\/p>\n\n  <\/div>\n\n  \n\n<div class=\"flex flex-3\" style=\"padding-left: 5px; padding-right: 5px;\">   \n\n<p style=\"text-align: center;\"><img decoding=\"async\" src=\"https:\/\/www.power-cube.pl\/upload\/twinkly\/dots\/memories2.webp\" alt=\"\" \/><\/p>\n\n  <\/div>\n\n  \n\n<div class=\"flex flex-3\" style=\"padding-left: 5px; padding-right: 5px;\">   \n\n<p style=\"text-align: center;\"><img decoding=\"async\" src=\"https:\/\/www.power-cube.pl\/upload\/twinkly\/dots\/memories1.webp\" alt=\"\" \/><\/p>\n\n  <\/div>\n\n <\/div>\n\n --> <\/p>\n<div class=\"flex\">\n<p style=\"text-align: center;\">Pobierz aplikacj\u0119:<\/p>\n<div style=\"margin-bottom: 1rem; text-align: center;\"><a href=\"https:\/\/play.google.com\/store\/apps\/details?id=com.twinkly\" target=\"_blank\" rel=\"noopener\"><img decoding=\"async\" style=\"max-width: 200px; height: auto;\" src=\"https:\/\/www.power-cube.pl\/upload\/twinkly\/googleplay.webp\" alt=\"Google Play\" \/><\/a><\/div>\n<div style=\"margin-bottom: 1rem; text-align: center;\"><a href=\"https:\/\/apps.apple.com\/app\/twinkly\/id1132187056\" target=\"_blank\" rel=\"noopener\"><img decoding=\"async\" style=\"max-width: 200px; height: auto;\" src=\"https:\/\/www.power-cube.pl\/upload\/twinkly\/appstore.webp\" alt=\"App Store\" \/><\/a><\/div>\n<\/p><\/div>\n<p> <!-- \n\n<div class=\"flex flex-1\" style=\"margin-top: 25px;\">  \n\n<div class=\"video-container\" style=\"text-align: center; padding-bottom: 50%;\"><video autoplay=\"autoplay\" loop=\"loop\" muted=\"\" width=\"100%\" height=\"auto\"><source src=\"https:\/\/www.power-cube.pl\/upload\/twinkly\/strings\/strings-hero.webm\" type=\"video\/webm\" \/><\/video><\/div>\n\n <\/div>\n\n --><\/p>","protected":false},"excerpt":{"rendered":"<h2 style=\"text-align: left;\"> <\/h2>","protected":false},"featured_media":3749,"comment_status":"open","ping_status":"closed","template":"","meta":{"_acf_changed":false,"_kad_blocks_custom_css":"","_kad_blocks_head_custom_js":"","_kad_blocks_body_custom_js":"","_kad_blocks_footer_custom_js":""},"product_cat":[109,139],"product_tag":[],"class_list":{"0":"post-3748","1":"product","2":"type-product","3":"status-publish","4":"has-post-thumbnail","6":"product_cat-twinkly","7":"product_cat-lightwall-tlo-led-dla-artystow","9":"first","10":"instock","11":"taxable","12":"shipping-taxable","13":"purchasable","14":"product-type-simple"},"acf":[],"taxonomy_info":{"product_cat":[{"value":109,"label":"Twinkly"},{"value":139,"label":"Lightwall - t\u0142o LED dla artyst\u00f3w"}]},"featured_image_src_large":["https:\/\/power-cube.globeweb.stronazen.pl\/wp-content\/uploads\/2024\/03\/5011-1024x1024.webp",980,980,true],"author_info":[],"comment_info":0,"_links":{"self":[{"href":"https:\/\/power-cube.globeweb.stronazen.pl\/en\/wp-json\/wp\/v2\/product\/3748"}],"collection":[{"href":"https:\/\/power-cube.globeweb.stronazen.pl\/en\/wp-json\/wp\/v2\/product"}],"about":[{"href":"https:\/\/power-cube.globeweb.stronazen.pl\/en\/wp-json\/wp\/v2\/types\/product"}],"replies":[{"embeddable":true,"href":"https:\/\/power-cube.globeweb.stronazen.pl\/en\/wp-json\/wp\/v2\/comments?post=3748"}],"wp:featuredmedia":[{"embeddable":true,"href":"https:\/\/power-cube.globeweb.stronazen.pl\/en\/wp-json\/wp\/v2\/media\/3749"}],"wp:attachment":[{"href":"https:\/\/power-cube.globeweb.stronazen.pl\/en\/wp-json\/wp\/v2\/media?parent=3748"}],"wp:term":[{"taxonomy":"product_cat","embeddable":true,"href":"https:\/\/power-cube.globeweb.stronazen.pl\/en\/wp-json\/wp\/v2\/product_cat?post=3748"},{"taxonomy":"product_tag","embeddable":true,"href":"https:\/\/power-cube.globeweb.stronazen.pl\/en\/wp-json\/wp\/v2\/product_tag?post=3748"}],"curies":[{"name":"wp","href":"https:\/\/api.w.org\/{rel}","templated":true}]}}