{"id":3632,"date":"2024-03-06T18:35:16","date_gmt":"2024-03-06T17:35:16","guid":{"rendered":"https:\/\/power-cube.globeweb.stronazen.pl\/produkt\/heatsbox-zestaw-naczyn-dodatkowych\/"},"modified":"2024-04-24T19:23:23","modified_gmt":"2024-04-24T17:23:23","slug":"heatsbox-zestaw-naczyn-dodatkowych","status":"publish","type":"product","link":"https:\/\/power-cube.globeweb.stronazen.pl\/en\/product\/heatsbox-zestaw-naczyn-dodatkowych\/","title":{"rendered":"HeatsBox zestaw naczy\u0144 dodatkowych"},"content":{"rendered":"<div style=\"text-align: center;\">\n<h1>HeatsBox Inner Dish Set<\/h1>\n<p> Zestaw 2 dodatkowych naczy\u0144 do HeatsBox <\/p>\n<p style=\"text-align: left;\"><img decoding=\"async\" style=\"float: left;\" src=\"https:\/\/www.power-cube.pl\/upload\/heatsbox\/innerdishset\/innerdish-set.webp\" alt=\"\" \/>Zestaw naczy\u0144 wewn\u0119trznych to idealne akcesorium do urz\u0105dze\u0144 HeatsBox GO, PRO, STYLE+ i STYLE. Zawiera 2x dodatkowe naczynia wewn\u0119trzne, 2x przegrod\u0119 i 2x pokrywk\u0119 do naczynia wewn\u0119trznego dla najwygodniejszego przygotowywania posi\u0142k\u00f3w.<\/p>\n<p style=\"text-align: left;\">Opatentowany pojemnik HeatsBox zosta\u0142 zaprojektowany w Szwajcarii. 2 lata gwarancji.<\/p>\n<p><img decoding=\"async\" src=\"https:\/\/www.power-cube.pl\/upload\/heatsbox\/innerdishset\/innerdish-set2.webp\" alt=\"\" \/><\/p>\n<\/p><\/div>","protected":false},"excerpt":{"rendered":"<p style=\"margin-bottom: 3em;\">Zestaw 2 dodatkowych naczy\u0144 do HeatsBox.<\/p>","protected":false},"featured_media":3633,"comment_status":"open","ping_status":"closed","template":"","meta":{"_acf_changed":false,"_kad_blocks_custom_css":"","_kad_blocks_head_custom_js":"","_kad_blocks_body_custom_js":"","_kad_blocks_footer_custom_js":""},"product_cat":[135],"product_tag":[],"class_list":{"0":"post-3632","1":"product","2":"type-product","3":"status-publish","4":"has-post-thumbnail","6":"product_cat-heatsbox","8":"first","9":"instock","10":"taxable","11":"shipping-taxable","12":"purchasable","13":"product-type-simple"},"acf":[],"taxonomy_info":{"product_cat":[{"value":135,"label":"HeatsBox"}]},"featured_image_src_large":["https:\/\/power-cube.globeweb.stronazen.pl\/wp-content\/uploads\/2024\/03\/3169-1024x640.jpg",980,613,true],"author_info":[],"comment_info":0,"_links":{"self":[{"href":"https:\/\/power-cube.globeweb.stronazen.pl\/en\/wp-json\/wp\/v2\/product\/3632"}],"collection":[{"href":"https:\/\/power-cube.globeweb.stronazen.pl\/en\/wp-json\/wp\/v2\/product"}],"about":[{"href":"https:\/\/power-cube.globeweb.stronazen.pl\/en\/wp-json\/wp\/v2\/types\/product"}],"replies":[{"embeddable":true,"href":"https:\/\/power-cube.globeweb.stronazen.pl\/en\/wp-json\/wp\/v2\/comments?post=3632"}],"wp:featuredmedia":[{"embeddable":true,"href":"https:\/\/power-cube.globeweb.stronazen.pl\/en\/wp-json\/wp\/v2\/media\/3633"}],"wp:attachment":[{"href":"https:\/\/power-cube.globeweb.stronazen.pl\/en\/wp-json\/wp\/v2\/media?parent=3632"}],"wp:term":[{"taxonomy":"product_cat","embeddable":true,"href":"https:\/\/power-cube.globeweb.stronazen.pl\/en\/wp-json\/wp\/v2\/product_cat?post=3632"},{"taxonomy":"product_tag","embeddable":true,"href":"https:\/\/power-cube.globeweb.stronazen.pl\/en\/wp-json\/wp\/v2\/product_tag?post=3632"}],"curies":[{"name":"wp","href":"https:\/\/api.w.org\/{rel}","templated":true}]}}