{"id":3626,"date":"2024-03-06T18:35:19","date_gmt":"2024-03-06T17:35:19","guid":{"rendered":"https:\/\/power-cube.globeweb.stronazen.pl\/produkt\/niimbot-d11-czarny-rolka-etykiet\/"},"modified":"2024-04-24T19:23:22","modified_gmt":"2024-04-24T17:23:22","slug":"niimbot-d11-czarny-rolka-etykiet","status":"publish","type":"product","link":"https:\/\/power-cube.globeweb.stronazen.pl\/en\/product\/niimbot-d11-czarny-rolka-etykiet\/","title":{"rendered":"NIIMBOT D11 black + roll of labels"},"content":{"rendered":"<section class=\"section\"> <\/p>\n<div class=\"item item-12\"> <\/p>\n<section class=\"text-item\"> <\/p>\n<p>Drukarka termiczna NIIMBOT D11 &#8211; Idealna dla ka\u017cdego!<\/p>\n<p>Chcesz wydruki etykiet zrobi\u0107 bezproblemowo i w ekspresowym tempie? Mamy dla Ciebie idealne rozwi\u0105zanie &#8211; Drukarka termiczna NIIMBOT D11 w kolorze czarnym! Teraz oznaczanie paczek, produkt\u00f3w i innych rzeczy jest tak \u0142atwe, jak nigdy wcze\u015bniej.<\/p>\n<p> <\/section>\n<p> <\/div>\n<p><\/section>\n<section class=\"section\"> <\/p>\n<div class=\"item item-12\"> <\/p>\n<section class=\"text-item\"> <\/p>\n<p>Ta niewielka i kompaktowa drukarka to prawdziwy must-have dla ka\u017cdego sklepu online, magazynu, biura czy nawet domu. Dzi\u0119ki niej unikniesz k\u0142opot\u00f3w z klejeniem etykiet i r\u0119cznym wype\u0142nianiem danych. Teraz mo\u017cesz drukowa\u0107 etykiety i znacznie przyspieszy\u0107 swoje codzienne zadania!<\/p>\n<p> <\/section>\n<p> <\/div>\n<p><\/section>\n<section class=\"section\"> <\/p>\n<div class=\"item item-12\"> <\/p>\n<section class=\"text-item\"> <\/p>\n<p>Posiada tak\u017ce unikaln\u0105 mo\u017cliwo\u015b\u0107 drukowania na r\u00f3\u017cnego rodzaju ta\u015bmach do etykiet, umo\u017cliwiaj\u0105c zr\u00f3\u017cnicowanie wizualne i przyci\u0105gni\u0119cie uwagi odbiorc\u00f3w. Dodatkowo, \u0142atwo\u015b\u0107 u\u017cytkowania tego urz\u0105dzenia sprawia, \u017ce nie musisz by\u0107 specjalist\u0105 w dziedzinie druku etykiet, aby cieszy\u0107 si\u0119 jego funkcjonalno\u015bci\u0105.<\/p>\n<p> <\/section>\n<p> <\/div>\n<p><\/section>\n<section class=\"section\"> <\/p>\n<div class=\"item item-12\"> <\/p>\n<section class=\"text-item\"> <\/p>\n<p>Ten model drukarki termicznej NIIMBOT D11 jest gotowy do u\u017cycia zaraz po wyj\u0119ciu z pude\u0142ka, poniewa\u017c w zestawie znajduje si\u0119 rolka etykiet. Nie musisz si\u0119 martwi\u0107 o dodatkowe koszty &#8211; wszystko czego potrzebujesz, aby rozpocz\u0105\u0107 drukowanie, masz ju\u017c pod r\u0119k\u0105.<\/p>\n<p> <\/section>\n<p> <\/div>\n<p><\/section>\n<section class=\"section\"> <\/p>\n<div class=\"item item-12\"> <\/p>\n<section class=\"text-item\"> <\/p>\n<p>Drukarka NIIMBOT D11 to niezawodno\u015b\u0107, wygoda i wydajno\u015b\u0107 w jednym urz\u0105dzeniu. Sprawd\u017a to ju\u017c dzi\u015b i przekonaj si\u0119, jak bardzo zmieni Twoj\u0105 prac\u0119!<\/p>\n<p> <\/section>\n<p> <\/div>\n<p><\/section>","protected":false},"excerpt":{"rendered":"<p>Drukarka termiczna NIIMBOT D11 &#8211; Idealna dla ka\u017cdego! Chcesz wydruki etykiet zrobi\u0107 bezproblemowo i w ekspresowym tempie? Mamy dla Ciebie idealne rozwi\u0105zanie &#8211; Drukarka termiczna NIIMBOT D11 w kolorze czarnym! Teraz oznaczanie paczek, produkt\u00f3w i innych rzeczy jest tak \u0142atwe, jak nigdy wcze\u015bniej. Ta niewielka i kompaktowa drukarka to prawdziwy must-have dla ka\u017cdego sklepu online, [&hellip;]<\/p>","protected":false},"featured_media":3627,"comment_status":"open","ping_status":"closed","template":"","meta":{"_acf_changed":false,"_kad_blocks_custom_css":"","_kad_blocks_head_custom_js":"","_kad_blocks_body_custom_js":"","_kad_blocks_footer_custom_js":""},"product_cat":[136],"product_tag":[],"class_list":{"0":"post-3626","1":"product","2":"type-product","3":"status-publish","4":"has-post-thumbnail","6":"product_cat-niimbot-drukarki-termiczne","8":"first","9":"instock","10":"taxable","11":"shipping-taxable","12":"purchasable","13":"product-type-simple"},"acf":[],"taxonomy_info":{"product_cat":[{"value":136,"label":"Niimbot"}]},"featured_image_src_large":["https:\/\/power-cube.globeweb.stronazen.pl\/wp-content\/uploads\/2024\/03\/3162.jpg",800,800,false],"author_info":[],"comment_info":0,"_links":{"self":[{"href":"https:\/\/power-cube.globeweb.stronazen.pl\/en\/wp-json\/wp\/v2\/product\/3626"}],"collection":[{"href":"https:\/\/power-cube.globeweb.stronazen.pl\/en\/wp-json\/wp\/v2\/product"}],"about":[{"href":"https:\/\/power-cube.globeweb.stronazen.pl\/en\/wp-json\/wp\/v2\/types\/product"}],"replies":[{"embeddable":true,"href":"https:\/\/power-cube.globeweb.stronazen.pl\/en\/wp-json\/wp\/v2\/comments?post=3626"}],"wp:featuredmedia":[{"embeddable":true,"href":"https:\/\/power-cube.globeweb.stronazen.pl\/en\/wp-json\/wp\/v2\/media\/3627"}],"wp:attachment":[{"href":"https:\/\/power-cube.globeweb.stronazen.pl\/en\/wp-json\/wp\/v2\/media?parent=3626"}],"wp:term":[{"taxonomy":"product_cat","embeddable":true,"href":"https:\/\/power-cube.globeweb.stronazen.pl\/en\/wp-json\/wp\/v2\/product_cat?post=3626"},{"taxonomy":"product_tag","embeddable":true,"href":"https:\/\/power-cube.globeweb.stronazen.pl\/en\/wp-json\/wp\/v2\/product_tag?post=3626"}],"curies":[{"name":"wp","href":"https:\/\/api.w.org\/{rel}","templated":true}]}}