{"id":3620,"date":"2024-03-06T18:35:17","date_gmt":"2024-03-06T17:35:17","guid":{"rendered":"https:\/\/power-cube.globeweb.stronazen.pl\/produkt\/usbcube-extended-eu-czarny-4x-usb-a\/"},"modified":"2024-04-24T19:23:23","modified_gmt":"2024-04-24T17:23:23","slug":"usbcube-extended-eu-czarny-4x-usb-a","status":"publish","type":"product","link":"https:\/\/power-cube.globeweb.stronazen.pl\/en\/product\/usbcube-extended-eu-czarny-4x-usb-a\/","title":{"rendered":"USBcube Extended EU; czarny; 4x USB-A"},"content":{"rendered":"<h1 class=\"section\" style=\"text-align: center;\">Allocacoc USBcube Extended 4x USB-A EU; BLACK<\/h1>\n<h2 style=\"text-align: center;\">Kompaktowa, 4 portowa \u0142adowarka USB o sze\u015bciennej konstrukcji z przewodem zasilaj\u0105cym 1,5 m<br \/>produkt w opakowaniu zast\u0119pczym<\/h2>\n<p style=\"text-align: center;\">10464BK\/EUEUMC<\/p>\n<p style=\"text-align: center;\">4x USB-A<\/p>\n<section class=\"section\">\n<div class=\"item item-6\" style=\"text-align: center;\"> <\/div>\n<\/section>\n<section class=\"section\">\n<div class=\"item item-12\">\n<section class=\"text-item\">USBCube to najbardziej kompaktowa \u0142adowarka \u015bcienna multi-USB. Porty USB-A pozwalaj\u0105 na jednoczesne \u0142adowanie do 4 urz\u0105dze\u0144 z ka\u017cdej strony kostki. Kompatybilna z dowolnymi kablami \u0142aduj\u0105cymi, kt\u00f3re wykorzystuj\u0105 USB-A do \u0142adowania wszelkich smartfon\u00f3w, tablet\u00f3w, aparat\u00f3w i innych ma\u0142ych urz\u0105dze\u0144 USB. *W zestawie nie ma kabla do \u0142adowania. <\/section>\n<section class=\"text-item\"><\/section>\n<section class=\"text-item\"><\/section>\n<\/p><\/div>\n<\/section>\n<section class=\"section\"> <\/p>\n<div class=\"item item-6\">\n<table>\n<tbody>\n<tr>\n<td style=\"text-align: center; width: 45%;\"><img decoding=\"async\" src=\"https:\/\/upload.cdn.baselinker.com\/products\/11832\/2cbc749522c49bf0f5de2a319a0eff29.png\" alt=\"\" \/><\/td>\n<td>\n<h2>Oszcz\u0119dno\u015b\u0107 miejsca i wagi w podr\u00f3\u017cy<\/h2>\n<p>Na\u0142aduj do czterech urz\u0105dze\u0144, po jednym z ka\u017cdej strony USBcube. Zaoszcz\u0119dzisz du\u017co miejsca w torbie lub walizce, poniewa\u017c mo\u017cesz zostawi\u0107 w domu \u0142adowark\u0119 do telefonu i laptopa.<\/p>\n<\/td>\n<\/tr>\n<tr>\n<td> <\/td>\n<td> <\/td>\n<\/tr>\n<tr>\n<td style=\"text-align: center;\"><img decoding=\"async\" src=\"https:\/\/upload.cdn.baselinker.com\/products\/11832\/987abce1a4ba4b21f5402df54a6399f4.jpg\" alt=\"\" \/><\/td>\n<td>\n<h2>R\u00f3\u017cne modele<\/h2>\n<p>Dost\u0119pna jest zr\u00f3\u017cnicowana gama modeli, aby zaspokoi\u0107 r\u00f3\u017cne potrzeby. Wybierz mi\u0119dzy modelami Original i Extended, z czterema portami USB typu A lub z czterema z portami USB typu C lub dwoma zar\u00f3wno typu A, jak i C.<\/p>\n<\/td>\n<\/tr>\n<tr>\n<td> <\/td>\n<td> <\/td>\n<\/tr>\n<tr>\n<td style=\"text-align: center;\"><img loading=\"lazy\" decoding=\"async\" src=\"https:\/\/upload.cdn.baselinker.com\/products\/11832\/283823440977621d329ded1efd9a0887.png\" alt=\"\" width=\"314\" height=\"293\" \/><\/td>\n<td>\n<h2>Wersja rozszerzona (Extended)<\/h2>\n<p>W wersji przed\u0142u\u017conej zyskujesz 1,5 metra dodatkowej d\u0142ugo\u015bci kabla. Idealny w sytuacjach, gdy gniazdko elektryczne jest daleko: w kawiarni, na lotnisku, w domu na kanapie lub w pokoju hotelowym.<\/p>\n<\/td>\n<\/tr>\n<\/tbody>\n<\/table>\n<p> <\/p>\n<section class=\"section\">\n<div class=\"item item-6\"> <\/div>\n<\/section><\/div>\n<\/section>\n<section class=\"section\"> <\/p>\n<div class=\"item item-6\"> <\/p>\n<section class=\"section\">\n<div class=\"item item-6\"> <\/p>\n<section class=\"text-item\">\n<\/section><\/div>\n<\/section><\/div>\n<\/section>\n<section class=\"section\"> <\/p>\n<div class=\"item item-12\" style=\"text-align: center;\"> <\/p>\n<section class=\"image-item\"> <img decoding=\"async\" src=\"https:\/\/upload.cdn.baselinker.com\/products\/11832\/43086d7c175cb3cf5464ef97d8311ba0.jpg\" alt=\"\" \/><\/section>\n<\/p><\/div>\n<\/section>","protected":false},"excerpt":{"rendered":"<p>Allocacoc USBcube Extended 4x USB-A EU; BLACK Kompaktowa, 4 portowa \u0142adowarka USB o sze\u015bciennej konstrukcji z przewodem zasilaj\u0105cym 1,5 mprodukt w opakowaniu zast\u0119pczym 10464BK\/EUEUMC 4x USB-A USBCube to najbardziej kompaktowa \u0142adowarka \u015bcienna multi-USB. Porty USB-A pozwalaj\u0105 na jednoczesne \u0142adowanie do 4 urz\u0105dze\u0144 z ka\u017cdej strony kostki. Kompatybilna z dowolnymi kablami \u0142aduj\u0105cymi, kt\u00f3re wykorzystuj\u0105 USB-A do [&hellip;]<\/p>","protected":false},"featured_media":3621,"comment_status":"open","ping_status":"closed","template":"","meta":{"_acf_changed":false,"_kad_blocks_custom_css":"","_kad_blocks_head_custom_js":"","_kad_blocks_body_custom_js":"","_kad_blocks_footer_custom_js":""},"product_cat":[86,132],"product_tag":[],"class_list":{"0":"post-3620","1":"product","2":"type-product","3":"status-publish","4":"has-post-thumbnail","6":"product_cat-allocacoc","7":"product_cat-usbcube","9":"first","10":"instock","11":"taxable","12":"shipping-taxable","13":"purchasable","14":"product-type-simple"},"acf":[],"taxonomy_info":{"product_cat":[{"value":86,"label":"Allocacoc"},{"value":132,"label":"USBcube"}]},"featured_image_src_large":["https:\/\/power-cube.globeweb.stronazen.pl\/wp-content\/uploads\/2024\/03\/3158-1024x776.png",980,743,true],"author_info":[],"comment_info":0,"_links":{"self":[{"href":"https:\/\/power-cube.globeweb.stronazen.pl\/en\/wp-json\/wp\/v2\/product\/3620"}],"collection":[{"href":"https:\/\/power-cube.globeweb.stronazen.pl\/en\/wp-json\/wp\/v2\/product"}],"about":[{"href":"https:\/\/power-cube.globeweb.stronazen.pl\/en\/wp-json\/wp\/v2\/types\/product"}],"replies":[{"embeddable":true,"href":"https:\/\/power-cube.globeweb.stronazen.pl\/en\/wp-json\/wp\/v2\/comments?post=3620"}],"wp:featuredmedia":[{"embeddable":true,"href":"https:\/\/power-cube.globeweb.stronazen.pl\/en\/wp-json\/wp\/v2\/media\/3621"}],"wp:attachment":[{"href":"https:\/\/power-cube.globeweb.stronazen.pl\/en\/wp-json\/wp\/v2\/media?parent=3620"}],"wp:term":[{"taxonomy":"product_cat","embeddable":true,"href":"https:\/\/power-cube.globeweb.stronazen.pl\/en\/wp-json\/wp\/v2\/product_cat?post=3620"},{"taxonomy":"product_tag","embeddable":true,"href":"https:\/\/power-cube.globeweb.stronazen.pl\/en\/wp-json\/wp\/v2\/product_tag?post=3620"}],"curies":[{"name":"wp","href":"https:\/\/api.w.org\/{rel}","templated":true}]}}