{"id":3614,"date":"2024-03-06T18:35:21","date_gmt":"2024-03-06T17:35:21","guid":{"rendered":"https:\/\/power-cube.globeweb.stronazen.pl\/produkt\/powercube-extended-wifi-15m-de\/"},"modified":"2024-04-24T19:23:21","modified_gmt":"2024-04-24T17:23:21","slug":"powercube-extended-wifi-15m-de","status":"publish","type":"product","link":"https:\/\/power-cube.globeweb.stronazen.pl\/en\/product\/powercube-extended-wifi-15m-de\/","title":{"rendered":"PowerCube Extended WiFi 1,5m DE"},"content":{"rendered":"<h1 style=\"text-align: center;\">PowerCube Extended |WiFi| 1,5m DE<\/h1>\n<h2 style=\"text-align: center;\">listwa zasilaj\u0105ca z funkcj\u0105 hotspota\/extendera WiFi<\/h2>\n<h3 style=\"text-align: center;\">9710\/DEEXWF<\/h3>\n<p style=\"text-align: center;\"><img decoding=\"async\" src=\"\/userdata\/public\/gfx\/3144.jpg\" alt=\"\" \/><\/p>\n<h3 style=\"text-align: center;\">Zasi\u0119g WiFi w miejscach wcze\u015bniej niedost\u0119pnych <\/h3>\n<p style=\"text-align: center;\"> <img decoding=\"async\" src=\"https:\/\/power-cube.pl\/public\/assets\/wifi\/expanderartwork.jpg\" alt=\"\" \/><\/p>\n<h3 style=\"text-align: center;\"> <\/h3>\n<h3 style=\"text-align: center;\">Tryb pracy AP (access point)<\/h3>\n<p style=\"text-align: center;\"><img decoding=\"async\" src=\"https:\/\/power-cube.pl\/public\/assets\/wifi\/AP-mode.jpg\" alt=\"\" \/><\/p>\n<h3 style=\"text-align: center;\"> <\/h3>\n<h3 style=\"text-align: center;\">Tryb pracy wzmacniacza sygna\u0142u WiFi (extender \/ repeater)<\/h3>\n<p style=\"text-align: center;\"><img decoding=\"async\" src=\"https:\/\/power-cube.pl\/public\/assets\/wifi\/repeater.jpg\" alt=\"\" \/><\/p>\n<p style=\"text-align: center;\">\n<table>\n<tbody>\n<tr>\n<td style=\"width: 30%; text-align: center;\"><img decoding=\"async\" src=\"https:\/\/power-cube.pl\/public\/assets\/wifi\/wifi_1.gif\" alt=\"\" \/><\/td>\n<td>\n<p style=\"padding-left: 30px;\"><strong>Wzmacniacz sygna\u0142u<\/strong><\/p>\n<div style=\"padding-left: 30px;\">Wzmacniacz sygna\u0142u WiFi zwi\u0119kszy dotychczasowy zasi\u0119g istniej\u0105cej sieci bezprzewodowej. Sygna\u0142 teraz dotrze w miejsca wcze\u015bniej niedost\u0119pne.<\/div>\n<\/td>\n<\/tr>\n<tr>\n<td style=\"text-align: center;\"> <img decoding=\"async\" src=\"https:\/\/power-cube.pl\/public\/assets\/wifi\/wifi%20_2.jpg\" alt=\"\" \/><\/td>\n<td>\n<p style=\"padding-left: 30px;\"><strong>Wska\u017anik ilo\u015bci pod\u0142\u0105czonych urz\u0105dze\u0144<\/strong><\/p>\n<p style=\"padding-left: 30px;\">Je\u017celi masz ju\u017c do\u015b\u0107 zastanawiania si\u0119 ile urz\u0105dze\u0144 jest pod\u0142\u0105czonych do Twojego wifi, wska\u017anik na PowerCube WiFi da odpowied\u017a.<\/p>\n<\/td>\n<\/tr>\n<tr>\n<td style=\"text-align: center;\"> <img decoding=\"async\" src=\"https:\/\/power-cube.pl\/public\/assets\/wifi\/wifi_3.jpg\" alt=\"\" \/><\/td>\n<td style=\"padding-left: 30px;\">\n<p><strong>Wska\u017anik pr\u0119dko\u015bci pobierania<\/strong><\/p>\n<p>Nie wiesz jak szybko pobierasz dane? Teraz mo\u017cesz to sprawdzi\u0107 w oka mgnieniu. Na urz\u0105dzeniu znajduje si\u0119 wska\u017anik, pokazuj\u0105cy aktualn\u0105 pr\u0119dko\u015b\u0107 pobierania z Internetu.<\/p>\n<\/td>\n<\/tr>\n<\/tbody>\n<\/table>","protected":false},"excerpt":{"rendered":"<h2 style=\"text-align: center;\">listwa zasilaj\u0105ca z funkcj\u0105 hotspota\/extendera WiFi<\/h2>\n<h3 style=\"text-align: center;\">9710\/DEEXWF<\/h3>","protected":false},"featured_media":3615,"comment_status":"open","ping_status":"closed","template":"","meta":{"_acf_changed":false,"_kad_blocks_custom_css":"","_kad_blocks_head_custom_js":"","_kad_blocks_body_custom_js":"","_kad_blocks_footer_custom_js":""},"product_cat":[86,137],"product_tag":[],"class_list":{"0":"post-3614","1":"product","2":"type-product","3":"status-publish","4":"has-post-thumbnail","6":"product_cat-allocacoc","7":"product_cat-powercube-wifi","9":"first","10":"instock","11":"taxable","12":"shipping-taxable","13":"purchasable","14":"product-type-simple"},"acf":[],"taxonomy_info":{"product_cat":[{"value":86,"label":"Allocacoc"},{"value":137,"label":"PowerCube |WiFi|"}]},"featured_image_src_large":["https:\/\/power-cube.globeweb.stronazen.pl\/wp-content\/uploads\/2024\/03\/3144.jpg",980,551,false],"author_info":[],"comment_info":0,"_links":{"self":[{"href":"https:\/\/power-cube.globeweb.stronazen.pl\/en\/wp-json\/wp\/v2\/product\/3614"}],"collection":[{"href":"https:\/\/power-cube.globeweb.stronazen.pl\/en\/wp-json\/wp\/v2\/product"}],"about":[{"href":"https:\/\/power-cube.globeweb.stronazen.pl\/en\/wp-json\/wp\/v2\/types\/product"}],"replies":[{"embeddable":true,"href":"https:\/\/power-cube.globeweb.stronazen.pl\/en\/wp-json\/wp\/v2\/comments?post=3614"}],"wp:featuredmedia":[{"embeddable":true,"href":"https:\/\/power-cube.globeweb.stronazen.pl\/en\/wp-json\/wp\/v2\/media\/3615"}],"wp:attachment":[{"href":"https:\/\/power-cube.globeweb.stronazen.pl\/en\/wp-json\/wp\/v2\/media?parent=3614"}],"wp:term":[{"taxonomy":"product_cat","embeddable":true,"href":"https:\/\/power-cube.globeweb.stronazen.pl\/en\/wp-json\/wp\/v2\/product_cat?post=3614"},{"taxonomy":"product_tag","embeddable":true,"href":"https:\/\/power-cube.globeweb.stronazen.pl\/en\/wp-json\/wp\/v2\/product_tag?post=3614"}],"curies":[{"name":"wp","href":"https:\/\/api.w.org\/{rel}","templated":true}]}}