{"id":3603,"date":"2024-03-06T18:35:20","date_gmt":"2024-03-06T17:35:20","guid":{"rendered":"https:\/\/power-cube.globeweb.stronazen.pl\/produkt\/aircube-smoke-detector-white\/"},"modified":"2024-04-24T19:23:21","modified_gmt":"2024-04-24T17:23:21","slug":"aircube-smoke-detector-white","status":"publish","type":"product","link":"https:\/\/power-cube.globeweb.stronazen.pl\/en\/product\/aircube-smoke-detector-white\/","title":{"rendered":"airCube Smoke Detector; WHITE"},"content":{"rendered":"<section class=\"section\">\n<div class=\"item item-6\">\n<section class=\"text-item\">\n<h1 style=\"text-align: center;\">Allocacoc airCube Smoke Detector<\/h1>\n<h2 style=\"text-align: center;\">czujnik dymu<\/h2>\n<\/p>\n<p style=\"text-align: center;\">11150WT\/ACSMDE<\/p>\n<h2> <\/h2>\n<\/section><\/div>\n<div class=\"item item-6\" style=\"text-align: center;\">\n<section class=\"image-item\"><img decoding=\"async\" src=\"https:\/\/upload.cdn.baselinker.com\/products\/11832\/48f7af89e33f4bd0e87f021e73d38aff.png\" alt=\"\" \/><\/section>\n<\/p><\/div>\n<\/section>\n<section class=\"section\">\n<div class=\"item item-12\" style=\"text-align: center;\">\n<section class=\"image-item\"><img decoding=\"async\" src=\"https:\/\/upload.cdn.baselinker.com\/products\/11832\/b6a6f51f41bcf010df9666cd4d51e07e.jpg\" alt=\"\" \/><\/section>\n<\/p><\/div>\n<\/section>\n<section class=\"section\">\n<div class=\"item item-12\">\n<section class=\"text-item\">\n<p>Air Cube to niezawodny czujnik dymu i CO (tlenku w\u0119gla). Bardzo kompaktowy rozmiar czujnika zmie\u015bci si\u0119 wsz\u0119dzie, a \u017cywotno\u015b\u0107 baterii wynosi dziesi\u0119\u0107 lat. Du\u017cy przycisk na g\u00f3rze ma podw\u00f3jn\u0105 funkcj\u0119: wyciszania alarmu i testowania alarmu. Czujnik mo\u017cna \u0142atwo przymocowa\u0107, montuj\u0105c wspornik na \u015bcianie lub suficie. Nast\u0119pnie nale\u017cy przekr\u0119ci\u0107 i zablokowa\u0107 czujnik. Dost\u0119pny w kolorze bia\u0142ym jako czujnik dymu i w kolorze czarnym jako czujnik CO.<\/p>\n<\/section><\/div>\n<\/section>\n<section class=\"section\">\n<div class=\"item item-6\" style=\"text-align: center;\">\n<section class=\"image-item\"><img decoding=\"async\" src=\"https:\/\/picture.allocacoc.com.cn\/website\/20190111074520_90.jpg-project_feature\" alt=\"\" \/><\/section>\n<\/p><\/div>\n<div class=\"item item-6\">\n<section class=\"text-item\">\n<p style=\"text-align: center;\"><strong>Du\u017cy przycisk testu\/wyciszenia<\/strong><\/p>\n<p style=\"text-align: center;\">Du\u017cy przycisk znajduje si\u0119 z przodu, dzi\u0119ki czemu jest \u0142atwo dost\u0119pny. Po jego naci\u015bni\u0119ciu mo\u017cna szybko wyciszy\u0107 alarm i sprawdzi\u0107, czy czujnik nadal dzia\u0142a. <\/p>\n<\/section><\/div>\n<\/section>\n<section class=\"section\">\n<div class=\"item item-6\">\n<section class=\"image-item\"><img decoding=\"async\" style=\"display: block; margin-left: auto; margin-right: auto;\" src=\"https:\/\/picture.allocacoc.com.cn\/website\/20190225051252_10.jpg-project_feature\" alt=\"\" \/><\/section>\n<\/p><\/div>\n<div class=\"item item-6\" style=\"text-align: center;\">\n<section class=\"text-item\">\n<p><strong>Kompaktowy<\/strong><\/p>\n<p>Air Cube oferuje niezawodn\u0105 detekcj\u0119 dymu w eleganckiej, ultrakompaktowej obudowie. Zajmuj\u0105cy niewiele miejsca kszta\u0142t sprawia, \u017ce instalacja air Cube jest \u0142atwiejsza, a urz\u0105dzenie z \u0142atwo\u015bci\u0105 mie\u015bci si\u0119 w ciasnych miejscach. <\/p>\n<\/section><\/div>\n<\/section>\n<section class=\"section\">\n<div class=\"item item-6\">\n<section class=\"image-item\"><img decoding=\"async\" src=\"https:\/\/picture.allocacoc.com.cn\/website\/20190111074609_60.jpg-project_feature\" alt=\"\" \/><\/section>\n<\/p><\/div>\n<div class=\"item item-6\">\n<section class=\"text-item\">\n<p><strong>Bateria na 10 lat<\/strong><\/p>\n<p>Bateria litowa zapewnia 10 lat nieprzerwanego zasilania. Alarm dzia\u0142a w dowolnym miejscu i kontynuuje prac\u0119 nawet w przypadku awarii zasilania.<\/p>\n<\/section><\/div>\n<\/section>\n<section class=\"section\">\n<div class=\"item item-6\">\n<section class=\"image-item\"><img decoding=\"async\" src=\"https:\/\/picture.allocacoc.com.cn\/website\/20190111074609_60.jpg-project_feature\" alt=\"\" \/><\/section>\n<\/p><\/div>\n<div class=\"item item-6\">\n<section class=\"text-item\">\n<p><strong>System monta\u017cu typu twist-lock<\/strong><\/p>\n<p>\u0141atwy monta\u017c na \u015bcianie lub suficie. Zamontuj wspornik na p\u0142askiej powierzchni. Wystarczy przekr\u0119ci\u0107 i zablokowa\u0107 air Cube na wsporniku. <\/p>\n<\/section><\/div>\n<\/section>\n<section class=\"section\">\n<div class=\"item item-6\">\n<section class=\"image-item\"><img decoding=\"async\" src=\"https:\/\/upload.cdn.baselinker.com\/products\/11832\/78c25ec8047232051724b651fb0c36d4.png\" alt=\"\" \/><\/section>\n<\/p><\/div>\n<div class=\"item item-6\">\n<section class=\"image-item\"><img decoding=\"async\" src=\"https:\/\/upload.cdn.baselinker.com\/products\/11832\/325da37ccabadfcd11e54f2199094710.png\" alt=\"\" \/><\/section>\n<\/p><\/div>\n<\/section>\n<section class=\"section\">\n<div class=\"item item-12\">\n<section class=\"image-item\"><img decoding=\"async\" style=\"display: block; margin-left: auto; margin-right: auto;\" src=\"https:\/\/picture.allocacoc.com.cn\/website\/20190111074240_19.jpg-project_static\" alt=\"\" \/><\/section>\n<\/p><\/div>\n<\/section>","protected":false},"excerpt":{"rendered":"<p>Czujnik dymu<\/p>","protected":false},"featured_media":3604,"comment_status":"open","ping_status":"closed","template":"","meta":{"_acf_changed":false,"_kad_blocks_custom_css":"","_kad_blocks_head_custom_js":"","_kad_blocks_body_custom_js":"","_kad_blocks_footer_custom_js":""},"product_cat":[96],"product_tag":[],"class_list":{"0":"post-3603","1":"product","2":"type-product","3":"status-publish","4":"has-post-thumbnail","6":"product_cat-styl-zycia","8":"first","9":"instock","10":"taxable","11":"shipping-taxable","12":"purchasable","13":"product-type-simple"},"acf":[],"taxonomy_info":{"product_cat":[{"value":96,"label":"Styl \u017cycia"}]},"featured_image_src_large":["https:\/\/power-cube.globeweb.stronazen.pl\/wp-content\/uploads\/2024\/03\/3135-1024x432.png",980,413,true],"author_info":[],"comment_info":0,"_links":{"self":[{"href":"https:\/\/power-cube.globeweb.stronazen.pl\/en\/wp-json\/wp\/v2\/product\/3603"}],"collection":[{"href":"https:\/\/power-cube.globeweb.stronazen.pl\/en\/wp-json\/wp\/v2\/product"}],"about":[{"href":"https:\/\/power-cube.globeweb.stronazen.pl\/en\/wp-json\/wp\/v2\/types\/product"}],"replies":[{"embeddable":true,"href":"https:\/\/power-cube.globeweb.stronazen.pl\/en\/wp-json\/wp\/v2\/comments?post=3603"}],"wp:featuredmedia":[{"embeddable":true,"href":"https:\/\/power-cube.globeweb.stronazen.pl\/en\/wp-json\/wp\/v2\/media\/3604"}],"wp:attachment":[{"href":"https:\/\/power-cube.globeweb.stronazen.pl\/en\/wp-json\/wp\/v2\/media?parent=3603"}],"wp:term":[{"taxonomy":"product_cat","embeddable":true,"href":"https:\/\/power-cube.globeweb.stronazen.pl\/en\/wp-json\/wp\/v2\/product_cat?post=3603"},{"taxonomy":"product_tag","embeddable":true,"href":"https:\/\/power-cube.globeweb.stronazen.pl\/en\/wp-json\/wp\/v2\/product_tag?post=3603"}],"curies":[{"name":"wp","href":"https:\/\/api.w.org\/{rel}","templated":true}]}}