{"id":3596,"date":"2024-03-06T18:35:22","date_gmt":"2024-03-06T17:35:22","guid":{"rendered":"https:\/\/power-cube.globeweb.stronazen.pl\/produkt\/niimbot-d110-rolka-etykiet\/"},"modified":"2024-04-24T19:23:20","modified_gmt":"2024-04-24T17:23:20","slug":"niimbot-d110-rolka-etykiet","status":"publish","type":"product","link":"https:\/\/power-cube.globeweb.stronazen.pl\/en\/product\/niimbot-d110-rolka-etykiet\/","title":{"rendered":"NIIMBOT D110 + rolka etykiet"},"content":{"rendered":"<div style=\"font-size: 14px;\">\n<h1 style=\"text-align: center;\">NIIMBOT D110<\/h1>\n<h2 style=\"text-align: center;\">Przeno\u015bna drukarka etykiet termicznych dla u\u017cytkownik\u00f3w domowych, biurowych i ma\u0142ych przedsi\u0119biorstw<\/h2>\n<p style=\"text-align: center;\"><img decoding=\"async\" style=\"max-width: 800px; height: auto;\" src=\"https:\/\/www.power-cube.pl\/upload\/niimbot\/D110\/d110.webp\" alt=\"Niimbot D110\" \/><\/p>\n<p>Niimbot D110 to przeno\u015bna drukarka termiczna, kt\u00f3ra idealnie nadaje si\u0119 do u\u017cytku domowego, biurowego oraz w bran\u017cy handlowej. Drukarka umo\u017cliwia szybkie i \u0142atwe drukowanie etykiet, rachunk\u00f3w i innych dokument\u00f3w bez potrzeby pod\u0142\u0105czania do komputera. Dzi\u0119ki technologii termicznej, drukarka nie potrzebuje ta\u015bmy barwi\u0105cej do drukowania, a zamiast tego wykorzystuje specjalny papier termiczny, kt\u00f3ry reaguje na ciep\u0142o.<\/p>\n<ul>\n<li>Szeroko\u015b\u0107 wydruku: 25 mm<\/li>\n<li>Rozdzielczo\u015b\u0107 druku: 203 dpi<\/li>\n<li>Typ druku: termiczny bez u\u017cycia tuszu<\/li>\n<li>Szybko\u015b\u0107 druku: do kilku etykiet na sekund\u0119<\/li>\n<li>\u0141\u0105czno\u015b\u0107: Bluetooth<\/li>\n<li>Zasilanie: wbudowany akumulator 1200mAh<\/li>\n<li>Obs\u0142ugiwane systemy operacyjne: iOS, Android<\/li>\n<li>Waga: 149 g<\/li>\n<\/ul>\n<h3>Zestaw zawiera 1 rolk\u0119 etykiet<\/h3>\n<p>Dodatkowe rolki etykietowe i transparentne rolki etykietowe dost\u0119pne s\u0105 osobno. <\/p>\n<h3>Oto lista funkcji dost\u0119pnych w aplikacji:<\/h3>\n<ul>\n<li>Tworzenie naklejek z wieloma elementami, takimi jak: obrazy z aparatu, kody QR i inne, kt\u00f3re generuj\u0105 si\u0119 automatycznie, linie i inne kszta\u0142ty, emotikony i gotowe logotypy, a tak\u017ce z aktualnym czasem i dat\u0105.<\/li>\n<li>Wprowadzanie tekstu w wybranej czcionce, rozmiarze i ilo\u015bci linii.<\/li>\n<li>Dodawanie tabeli z programu Excel oraz obrazk\u00f3w.<\/li>\n<li>Generowanie kod\u00f3w kreskowych, np. EAN-13 lub w\u0142asnego kodu produktu.<\/li>\n<li>Drukowanie etykiet z numeracj\u0105seryjn\u0105.<\/li>\n<li>Skanowanie kod\u00f3w i drukowanie ich.<\/li>\n<\/ul>\n<p> <!-- \n\n<p style=\"text-align: center;\"><img decoding=\"async\" src=\"https:\/\/www.power-cube.pl\/upload\/niimbot\/D110\/d110-4.webp\" alt=\"NIIMBOT D110\"\/><\/p>\n\n  \n\n<p style=\"text-align: center;\"><img decoding=\"async\" src=\"https:\/\/www.power-cube.pl\/upload\/niimbot\/D110\/d110-6.webp\" alt=\"NIIMBOT D110\"\/><\/p>\n\n  \n\n<p style=\"text-align: center;\"><img decoding=\"async\" src=\"https:\/\/www.power-cube.pl\/upload\/niimbot\/D110\/d110-7.webp\" alt=\"NIIMBOT D110\"\/><\/p>\n\n  \n\n<p style=\"text-align: center;\"><img decoding=\"async\" src=\"https:\/\/www.power-cube.pl\/upload\/niimbot\/D110\/d110-5.webp\" alt=\"NIIMBOT D110\"\/><\/p>\n\n  --> <\/p>\n<div class=\"f-row\">\n<div class=\"f-grid-6\">\n<p style=\"text-align: center;\"><img decoding=\"async\" style=\"width: 800px; height: auto;\" src=\"https:\/\/www.power-cube.pl\/upload\/niimbot\/D110\/d110-1.webp\" alt=\"NIIMBOT D110\" \/><\/p>\n<\/p><\/div>\n<div class=\"f-grid-6\">\n<p style=\"text-align: center;\"><img decoding=\"async\" style=\"width: 800px; height: auto;\" src=\"https:\/\/www.power-cube.pl\/upload\/niimbot\/D110\/d110-2.webp\" alt=\"NIIMBOT D110\" \/><\/p>\n<\/p><\/div>\n<\/p><\/div>\n<div class=\"f-row\">\n<div class=\"f-grid-6\">\n<p style=\"text-align: center;\"><img decoding=\"async\" style=\"width: 800px; height: auto;\" src=\"https:\/\/www.power-cube.pl\/upload\/niimbot\/D110\/d110-3.webp\" alt=\"NIIMBOT D110\" \/><\/p>\n<\/p><\/div>\n<div class=\"f-grid-6\">\n<p style=\"text-align: center;\"><img decoding=\"async\" style=\"width: 800px; height: auto;\" src=\"https:\/\/www.power-cube.pl\/upload\/niimbot\/D110\/d110-4.webp\" alt=\"NIIMBOT D110\" \/><\/p>\n<\/p><\/div>\n<\/p><\/div>\n<\/p><\/div>\n<div class=\"video-container\" style=\"text-align: center;\"><iframe loading=\"lazy\" title=\"YouTube video player\" src=\"https:\/\/www.youtube.com\/embed\/D5WglCcI-e8?controls=0&amp;mute=1&amp;autoplay=1&amp;showinfo=0&amp;rel=0&amp;loop=1&amp;modestbranding=1&amp;playlist=D5WglCcI-e8,T8dIu3XtWXU,Wivm7BQFE1s\" width=\"100%\" height=\"100%\" frameborder=\"0\" allowfullscreen=\"allowfullscreen\"><\/iframe><\/div>","protected":false},"excerpt":{"rendered":"<h1 style=\"text-align: center;\">NIIMBOT D110<\/h1>\n<h2 style=\"text-align: center;\">Przeno\u015bna drukarka etykiet termicznych dla u\u017cytkownik\u00f3w domowych, biurowych i ma\u0142ych przedsi\u0119biorstw<\/h2>","protected":false},"featured_media":3597,"comment_status":"open","ping_status":"closed","template":"","meta":{"_acf_changed":false,"_kad_blocks_custom_css":"","_kad_blocks_head_custom_js":"","_kad_blocks_body_custom_js":"","_kad_blocks_footer_custom_js":""},"product_cat":[136],"product_tag":[],"class_list":{"0":"post-3596","1":"product","2":"type-product","3":"status-publish","4":"has-post-thumbnail","6":"product_cat-niimbot-drukarki-termiczne","8":"first","9":"instock","10":"taxable","11":"shipping-taxable","12":"purchasable","13":"product-type-simple"},"acf":[],"taxonomy_info":{"product_cat":[{"value":136,"label":"Niimbot"}]},"featured_image_src_large":["https:\/\/power-cube.globeweb.stronazen.pl\/wp-content\/uploads\/2024\/03\/3048-1024x1024.webp",980,980,true],"author_info":[],"comment_info":0,"_links":{"self":[{"href":"https:\/\/power-cube.globeweb.stronazen.pl\/en\/wp-json\/wp\/v2\/product\/3596"}],"collection":[{"href":"https:\/\/power-cube.globeweb.stronazen.pl\/en\/wp-json\/wp\/v2\/product"}],"about":[{"href":"https:\/\/power-cube.globeweb.stronazen.pl\/en\/wp-json\/wp\/v2\/types\/product"}],"replies":[{"embeddable":true,"href":"https:\/\/power-cube.globeweb.stronazen.pl\/en\/wp-json\/wp\/v2\/comments?post=3596"}],"wp:featuredmedia":[{"embeddable":true,"href":"https:\/\/power-cube.globeweb.stronazen.pl\/en\/wp-json\/wp\/v2\/media\/3597"}],"wp:attachment":[{"href":"https:\/\/power-cube.globeweb.stronazen.pl\/en\/wp-json\/wp\/v2\/media?parent=3596"}],"wp:term":[{"taxonomy":"product_cat","embeddable":true,"href":"https:\/\/power-cube.globeweb.stronazen.pl\/en\/wp-json\/wp\/v2\/product_cat?post=3596"},{"taxonomy":"product_tag","embeddable":true,"href":"https:\/\/power-cube.globeweb.stronazen.pl\/en\/wp-json\/wp\/v2\/product_tag?post=3596"}],"curies":[{"name":"wp","href":"https:\/\/api.w.org\/{rel}","templated":true}]}}