{"id":3581,"date":"2024-03-06T18:35:22","date_gmt":"2024-03-06T17:35:22","guid":{"rendered":"https:\/\/power-cube.globeweb.stronazen.pl\/produkt\/niimbot-b3s-rolka-etykiet\/"},"modified":"2024-04-24T19:23:20","modified_gmt":"2024-04-24T17:23:20","slug":"niimbot-b3s-rolka-etykiet","status":"publish","type":"product","link":"https:\/\/power-cube.globeweb.stronazen.pl\/en\/product\/niimbot-b3s-rolka-etykiet\/","title":{"rendered":"NIIMBOT B3S + rolka etykiet"},"content":{"rendered":"<div style=\"font-size: 14px;\">\n<h1 style=\"text-align: center;\">NIIMBOT B3S<\/h1>\n<h2 style=\"text-align: center;\">Przeno\u015bna drukarka etykiet termicznych dla u\u017cytkownik\u00f3w domowych, biurowych i ma\u0142ych przedsi\u0119biorstw<\/h2>\n<p style=\"text-align: center;\"><img decoding=\"async\" style=\"max-width: 800px; height: auto;\" src=\"https:\/\/www.power-cube.pl\/upload\/niimbot\/B3S\/b3s-1.webp\" alt=\"Niimbot B3S\" \/><\/p>\n<p>Niimbot B3S to przeno\u015bna drukarka etykiet, kt\u00f3ra umo\u017cliwia szybkie i \u0142atwe drukowanie etykiet o szeroko\u015bci do 75 mm. Dzi\u0119ki swojej lekkiej konstrukcji i mo\u017cliwo\u015bci \u0142adowania z baterii litowo-jonowej, drukarka ta jest idealna do u\u017cytku mobilnego w r\u00f3\u017cnych miejscach.<\/p>\n<ul>\n<li>Szeroko\u015b\u0107 druku: do 75 mm<\/li>\n<li>Types of labels: plain, thermal, self-adhesive, paper, foil<\/li>\n<li>Barcode types: EAN8, EAN13, CODE39, CODE128, ITF, CODABAR, QR, PDF417<\/li>\n<li>Connectivity: USB-C, Bluetooth<\/li>\n<li>Supported operating systems: Windows, Mac, Android<\/li>\n<li>Wbudowana bateria litowo-jonowa o pojemno\u015bci 2000 mAh<\/li>\n<li>Darmowa aplikacja (Windows tylko via USB, Apple i Android via Bluetooth)<\/li>\n<\/ul>\n<h3>Zestaw zawiera 1 rolk\u0119 etykiet<\/h3>\n<p>Dodatkowe rolki etykietowe i transparentne rolki etykietowe dost\u0119pne s\u0105 osobno. <\/p>\n<h3>Oto lista funkcji dost\u0119pnych w aplikacji:<\/h3>\n<ul>\n<li>Tworzenie naklejek z wieloma elementami, takimi jak: obrazy z aparatu, kody QR i inne, kt\u00f3re generuj\u0105 si\u0119 automatycznie, linie i inne kszta\u0142ty, emotikony i gotowe logotypy, a tak\u017ce z aktualnym czasem i dat\u0105.<\/li>\n<li>Wprowadzanie tekstu w wybranej czcionce, rozmiarze i ilo\u015bci linii.<\/li>\n<li>Dodawanie tabeli z programu Excel oraz obrazk\u00f3w.<\/li>\n<li>Generowanie kod\u00f3w kreskowych, np. EAN-13 lub w\u0142asnego kodu produktu.<\/li>\n<li>Drukowanie etykiet z numeracj\u0105 seryjn\u0105.<\/li>\n<li>Skanowanie kod\u00f3w i drukowanie ich.<\/li>\n<\/ul>\n<p> <!--  \n\n<div class=\"f-row\">   \n\n<div class=\"f-grid-6\" >    \n\n<p style=\"text-align: center;\"><img decoding=\"async\" style=\"width:800px; height:auto;\" src=\"https:\/\/www.power-cube.pl\/upload\/niimbot\/net5.webp\" alt=\"NIIMBOT B3S\"\/><\/p>\n\n   <\/div>\n\n   \n\n<div class=\"f-grid-6\" >    \n\n<p style=\"text-align: center;\"><img decoding=\"async\" style=\"width:800px; height:auto;\" src=\"https:\/\/www.power-cube.pl\/upload\/niimbot\/net6.webp\" alt=\"NIIMBOT B3S\"\/><\/p>\n\n   <\/div>\n\n  <\/div>\n\n --> <\/p>\n<p style=\"text-align: center;\"><img decoding=\"async\" src=\"https:\/\/www.power-cube.pl\/upload\/niimbot\/B3S\/b3s-3.webp\" alt=\"NIIMBOT B3S\" \/><\/p>\n<p style=\"text-align: center;\"><img decoding=\"async\" src=\"https:\/\/www.power-cube.pl\/upload\/niimbot\/B3S\/b3s-2.webp\" alt=\"NIIMBOT B3S\" \/><\/p>\n<p style=\"text-align: center;\"><img decoding=\"async\" src=\"https:\/\/www.power-cube.pl\/upload\/niimbot\/B3S\/b3s-4.webp\" alt=\"NIIMBOT B3S\" \/><\/p>\n<\/p><\/div>\n<div class=\"video-container\" style=\"text-align: center;\"><iframe loading=\"lazy\" title=\"YouTube video player\" src=\"https:\/\/www.youtube.com\/embed\/cmnkG4l2it0?controls=0&amp;mute=1&amp;autoplay=1&amp;showinfo=0&amp;rel=0&amp;loop=1&amp;modestbranding=1&amp;playlist=cmnkG4l2it0,cg6Ag5d0Ih0\" width=\"100%\" height=\"100%\" frameborder=\"0\" allowfullscreen=\"allowfullscreen\"><\/iframe><\/div>","protected":false},"excerpt":{"rendered":"<h1 style=\"text-align: center;\">NIIMBOT B3S<\/h1>\n<h2 style=\"text-align: center;\">Przeno\u015bna drukarka etykiet termicznych dla u\u017cytkownik\u00f3w domowych, biurowych i ma\u0142ych przedsi\u0119biorstw<\/h2>","protected":false},"featured_media":3582,"comment_status":"open","ping_status":"closed","template":"","meta":{"_acf_changed":false,"_kad_blocks_custom_css":"","_kad_blocks_head_custom_js":"","_kad_blocks_body_custom_js":"","_kad_blocks_footer_custom_js":""},"product_cat":[136],"product_tag":[],"class_list":{"0":"post-3581","1":"product","2":"type-product","3":"status-publish","4":"has-post-thumbnail","6":"product_cat-niimbot-drukarki-termiczne","8":"first","9":"instock","10":"taxable","11":"shipping-taxable","12":"purchasable","13":"product-type-simple"},"acf":[],"taxonomy_info":{"product_cat":[{"value":136,"label":"Niimbot"}]},"featured_image_src_large":["https:\/\/power-cube.globeweb.stronazen.pl\/wp-content\/uploads\/2024\/03\/3015-1024x1024.webp",980,980,true],"author_info":[],"comment_info":0,"_links":{"self":[{"href":"https:\/\/power-cube.globeweb.stronazen.pl\/en\/wp-json\/wp\/v2\/product\/3581"}],"collection":[{"href":"https:\/\/power-cube.globeweb.stronazen.pl\/en\/wp-json\/wp\/v2\/product"}],"about":[{"href":"https:\/\/power-cube.globeweb.stronazen.pl\/en\/wp-json\/wp\/v2\/types\/product"}],"replies":[{"embeddable":true,"href":"https:\/\/power-cube.globeweb.stronazen.pl\/en\/wp-json\/wp\/v2\/comments?post=3581"}],"wp:featuredmedia":[{"embeddable":true,"href":"https:\/\/power-cube.globeweb.stronazen.pl\/en\/wp-json\/wp\/v2\/media\/3582"}],"wp:attachment":[{"href":"https:\/\/power-cube.globeweb.stronazen.pl\/en\/wp-json\/wp\/v2\/media?parent=3581"}],"wp:term":[{"taxonomy":"product_cat","embeddable":true,"href":"https:\/\/power-cube.globeweb.stronazen.pl\/en\/wp-json\/wp\/v2\/product_cat?post=3581"},{"taxonomy":"product_tag","embeddable":true,"href":"https:\/\/power-cube.globeweb.stronazen.pl\/en\/wp-json\/wp\/v2\/product_tag?post=3581"}],"curies":[{"name":"wp","href":"https:\/\/api.w.org\/{rel}","templated":true}]}}