{"id":3572,"date":"2024-03-06T18:35:25","date_gmt":"2024-03-06T17:35:25","guid":{"rendered":"https:\/\/power-cube.globeweb.stronazen.pl\/produkt\/niimbot-b21-czerwony-rolka-etykiet\/"},"modified":"2024-04-24T19:23:19","modified_gmt":"2024-04-24T17:23:19","slug":"niimbot-b21-czerwony-rolka-etykiet","status":"publish","type":"product","link":"https:\/\/power-cube.globeweb.stronazen.pl\/en\/product\/niimbot-b21-czerwony-rolka-etykiet\/","title":{"rendered":"NIIMBOT B21 czerwony + rolka etykiet"},"content":{"rendered":"<div style=\"font-size: 14px;\">\n<h1 style=\"text-align: center;\">NIIMBOT B21<\/h1>\n<h2 style=\"text-align: center;\">Przeno\u015bna drukarka etykiet termicznych dla u\u017cytkownik\u00f3w domowych, biurowych i ma\u0142ych przedsi\u0119biorstw<\/h2>\n<p style=\"text-align: center;\"><img decoding=\"async\" style=\"max-width: 800px; height: auto;\" src=\"https:\/\/www.power-cube.pl\/upload\/niimbot\/B21\/b21r.webp\" alt=\"Niimbot B21\" \/><\/p>\n<p>Niimbot is a portable thermal printer that allows you to wirelessly print stickers anywhere in the world thanks to its built-in 1200mAh battery. The printer comes with simple and free iOS and Android apps that make it easy to create stickers with various elements such as text, barcodes, QR codes, images and more.<\/p>\n<p>You will receive a Niimbot B21 printer, a starter roll with 50\u00d730 mm labels, a charging cable and an instruction manual in Polish. Rolls for the printer are available in our store. The printer supports rolls up to 50 mm wide and can also print on ordinary thermal paper.<\/p>\n<ul>\n<li>Printing width: up to 50 mm<\/li>\n<li>Types of labels: plain, thermal, self-adhesive, paper, foil<\/li>\n<li>Barcode types: EAN8, EAN13, CODE39, CODE128, ITF, CODABAR, QR, PDF417<\/li>\n<li>Connectivity: USB-C, Bluetooth<\/li>\n<li>Supported operating systems: Windows, Mac, Android<\/li>\n<li>Built-in 1200 mAh lithium-ion battery<\/li>\n<li>Darmowa aplikacja (Windows, Apple i Android)<\/li>\n<\/ul>\n<h3>Zestaw zawiera 1 rolk\u0119 etykiet<\/h3>\n<p>Dodatkowe rolki etykietowe i transparentne rolki etykietowe dost\u0119pne s\u0105 osobno. <\/p>\n<h3>Oto lista funkcji dost\u0119pnych w aplikacji:<\/h3>\n<ul>\n<li>Tworzenie naklejek z wieloma elementami, takimi jak: obrazy z aparatu, kody QR i inne, kt\u00f3re generuj\u0105 si\u0119 automatycznie, linie i inne kszta\u0142ty, emotikony i gotowe logotypy, a tak\u017ce z aktualnym czasem i dat\u0105.<\/li>\n<li>Wprowadzanie tekstu w wybranej czcionce, rozmiarze i ilo\u015bci linii.<\/li>\n<li>Dodawanie tabeli z programu Excel oraz obrazk\u00f3w.<\/li>\n<li>Generowanie kod\u00f3w kreskowych, np. EAN-13 lub w\u0142asnego kodu produktu.<\/li>\n<li>Drukowanie etykiet z numeracj\u0105seryjn\u0105.<\/li>\n<li>Skanowanie kod\u00f3w i drukowanie ich.<\/li>\n<\/ul>\n<div class=\"f-row\">\n<div class=\"f-grid-6\">\n<p style=\"text-align: center;\"><img decoding=\"async\" style=\"width: 800px; height: auto;\" src=\"https:\/\/www.power-cube.pl\/upload\/niimbot\/B21\/b21-6.webp\" alt=\"NIIMBOT B21\" \/><\/p>\n<\/p><\/div>\n<div class=\"f-grid-6\">\n<p style=\"text-align: center;\"><img decoding=\"async\" style=\"width: 800px; height: auto;\" src=\"https:\/\/www.power-cube.pl\/upload\/niimbot\/B21\/b21-7.webp\" alt=\"NIIMBOT B21\" \/><\/p>\n<\/p><\/div>\n<\/p><\/div>\n<div class=\"f-row\">\n<div class=\"f-grid-6\">\n<p style=\"text-align: center;\"><img decoding=\"async\" style=\"width: 800px; height: auto;\" src=\"https:\/\/www.power-cube.pl\/upload\/niimbot\/B21\/b21-8.webp\" alt=\"NIIMBOT B21\" \/><\/p>\n<\/p><\/div>\n<div class=\"f-grid-6\">\n<p style=\"text-align: center;\"><img decoding=\"async\" style=\"width: 800px; height: auto;\" src=\"https:\/\/www.power-cube.pl\/upload\/niimbot\/B21\/b21-9.webp\" alt=\"NIIMBOT B21\" \/><\/p>\n<\/p><\/div>\n<\/p><\/div>\n<p> <!--  \n\n<p style=\"text-align: center;\"><img decoding=\"async\" src=\"https:\/\/www.power-cube.pl\/upload\/niimbot\/B21\/B21-3.webp\" alt=\"NIIMBOT B21\"\/><\/p>\n\n  \n\n<p style=\"text-align: center;\"><img decoding=\"async\" src=\"https:\/\/www.power-cube.pl\/upload\/niimbot\/B21\/B21-2.webp\" alt=\"NIIMBOT B21\"\/><\/p>\n\n  \n\n<p style=\"text-align: center;\"><img decoding=\"async\" src=\"https:\/\/www.power-cube.pl\/upload\/niimbot\/B21\/B21-4.webp\" alt=\"NIIMBOT B21\"\/><\/p>\n\n --><\/div>\n<div class=\"video-container\" style=\"text-align: center;\"><iframe loading=\"lazy\" title=\"YouTube video player\" src=\"https:\/\/www.youtube.com\/embed\/3uov3HCtfaM?controls=0&amp;mute=1&amp;autoplay=1&amp;showinfo=0&amp;rel=0&amp;loop=1&amp;modestbranding=1&amp;playlist=3uov3HCtfaM,NmoXa51gz-Y\" width=\"100%\" height=\"100%\" frameborder=\"0\" allowfullscreen=\"allowfullscreen\"><\/iframe><\/div>","protected":false},"excerpt":{"rendered":"<p style=\"text-align: left;\">Przeno\u015bna drukarka etykiet termicznych dla u\u017cytkownik\u00f3w domowych, biurowych i ma\u0142ych przedsi\u0119biorstw<\/p>","protected":false},"featured_media":3573,"comment_status":"open","ping_status":"closed","template":"","meta":{"_acf_changed":false,"_kad_blocks_custom_css":"","_kad_blocks_head_custom_js":"","_kad_blocks_body_custom_js":"","_kad_blocks_footer_custom_js":""},"product_cat":[136],"product_tag":[],"class_list":{"0":"post-3572","1":"product","2":"type-product","3":"status-publish","4":"has-post-thumbnail","6":"product_cat-niimbot-drukarki-termiczne","8":"first","9":"instock","10":"taxable","11":"shipping-taxable","12":"purchasable","13":"product-type-simple"},"acf":[],"taxonomy_info":{"product_cat":[{"value":136,"label":"Niimbot"}]},"featured_image_src_large":["https:\/\/power-cube.globeweb.stronazen.pl\/wp-content\/uploads\/2024\/03\/3019-1024x1024.webp",980,980,true],"author_info":[],"comment_info":0,"_links":{"self":[{"href":"https:\/\/power-cube.globeweb.stronazen.pl\/en\/wp-json\/wp\/v2\/product\/3572"}],"collection":[{"href":"https:\/\/power-cube.globeweb.stronazen.pl\/en\/wp-json\/wp\/v2\/product"}],"about":[{"href":"https:\/\/power-cube.globeweb.stronazen.pl\/en\/wp-json\/wp\/v2\/types\/product"}],"replies":[{"embeddable":true,"href":"https:\/\/power-cube.globeweb.stronazen.pl\/en\/wp-json\/wp\/v2\/comments?post=3572"}],"wp:featuredmedia":[{"embeddable":true,"href":"https:\/\/power-cube.globeweb.stronazen.pl\/en\/wp-json\/wp\/v2\/media\/3573"}],"wp:attachment":[{"href":"https:\/\/power-cube.globeweb.stronazen.pl\/en\/wp-json\/wp\/v2\/media?parent=3572"}],"wp:term":[{"taxonomy":"product_cat","embeddable":true,"href":"https:\/\/power-cube.globeweb.stronazen.pl\/en\/wp-json\/wp\/v2\/product_cat?post=3572"},{"taxonomy":"product_tag","embeddable":true,"href":"https:\/\/power-cube.globeweb.stronazen.pl\/en\/wp-json\/wp\/v2\/product_tag?post=3572"}],"curies":[{"name":"wp","href":"https:\/\/api.w.org\/{rel}","templated":true}]}}