{"id":3546,"date":"2024-03-06T18:35:27","date_gmt":"2024-03-06T17:35:27","guid":{"rendered":"https:\/\/power-cube.globeweb.stronazen.pl\/produkt\/niimbot-b18-rolka-etykiet-tasma-termotransfer\/"},"modified":"2024-05-02T11:14:55","modified_gmt":"2024-05-02T09:14:55","slug":"niimbot-b18-rolka-etykiet-tasma-termotransfer","status":"publish","type":"product","link":"https:\/\/power-cube.globeweb.stronazen.pl\/en\/product\/niimbot-b18-rolka-etykiet-tasma-termotransfer\/","title":{"rendered":"NIIMBOT B18 + rolka etykiet + ta\u015bma termotransfer"},"content":{"rendered":"<section class=\"wp-block-group section-2\"><div class=\"wp-block-group__inner-container is-layout-constrained wp-block-group-is-layout-constrained\">\n<div class=\"wp-block-columns is-layout-flex wp-container-core-columns-is-layout-3 wp-block-columns-is-layout-flex\">\n<div class=\"wp-block-column column-wrapper radius border is-layout-flow wp-block-column-is-layout-flow\">\n<div class=\"wp-block-columns column-row is-layout-flex wp-container-core-columns-is-layout-1 wp-block-columns-is-layout-flex\">\n<div class=\"wp-block-column is-layout-flow wp-block-column-is-layout-flow\" style=\"flex-basis:33%\">\n<h2 class=\"wp-block-heading has-text-color\" style=\"color:#141414\">Advantages<\/h2>\n<\/div>\n\n\n\n<div class=\"wp-block-column column-element radius border is-layout-flow wp-block-column-is-layout-flow\" style=\"flex-basis:33%\">\n<figure class=\"wp-block-image size-full is-resized\"><img loading=\"lazy\" decoding=\"async\" width=\"87\" height=\"73\" src=\"https:\/\/power-cube.globeweb.stronazen.pl\/wp-content\/uploads\/2023\/08\/icon.png\" alt=\"\" class=\"wp-image-1923\" style=\"width:210px;height:73px\"\/><\/figure>\n\n\n\n<h3 class=\"wp-block-heading has-text-color\" style=\"color:#141414\">Fast delivery<\/h3>\n\n\n\n<p class=\"has-text-color\" style=\"color:#141414\">We focus on speed and efficiency in order processing. Our company makes every effort to ensure that the products you order reach you as soon as possible. We deliver packages in a timely manner so that you can enjoy your purchased products as soon as possible.<\/p>\n<\/div>\n\n\n\n<div class=\"wp-block-column column-element radius border is-layout-flow wp-block-column-is-layout-flow\" style=\"flex-basis:33%\">\n<figure class=\"wp-block-image size-full is-resized\"><img loading=\"lazy\" decoding=\"async\" width=\"73\" height=\"62\" src=\"https:\/\/power-cube.globeweb.stronazen.pl\/wp-content\/uploads\/2023\/08\/icon-1.png\" alt=\"\" class=\"wp-image-1928\" style=\"width:210px;height:73px\"\/><\/figure>\n\n\n\n<h3 class=\"wp-block-heading has-text-color\" style=\"color:#141414\">Timeliness<\/h3>\n\n\n\n<p class=\"has-text-color\" style=\"color:#141414\">We pride ourselves on our timeliness. We respect your time and are committed to meeting established delivery dates. You can rest assured that the products you order will be shipped and delivered on time.<\/p>\n<\/div>\n<\/div>\n\n\n\n<div class=\"wp-block-columns column-row is-layout-flex wp-container-core-columns-is-layout-2 wp-block-columns-is-layout-flex\">\n<div class=\"wp-block-column column-element radius border is-layout-flow wp-block-column-is-layout-flow\" style=\"flex-basis:33%\">\n<figure class=\"wp-block-image size-full is-resized\"><img loading=\"lazy\" decoding=\"async\" width=\"87\" height=\"73\" src=\"https:\/\/power-cube.globeweb.stronazen.pl\/wp-content\/uploads\/2023\/08\/icon.png\" alt=\"\" class=\"wp-image-1923\" style=\"width:210px;height:73px\"\/><\/figure>\n\n\n\n<h3 class=\"wp-block-heading has-text-color\" style=\"color:#141414\">Non-purchase support<\/h3>\n\n\n\n<p class=\"has-text-color\" style=\"color:#141414\">Our commitment to customers doesn't end with placing an order. We provide comprehensive post-purchase support to make sure you are fully satisfied with the products you purchase. Our team is ready,<br>to answer your questions, provide technical assistance, or solve your<br>Any problems you may encounter.<\/p>\n<\/div>\n\n\n\n<div class=\"wp-block-column column-element radius border is-layout-flow wp-block-column-is-layout-flow\" style=\"flex-basis:33%\">\n<figure class=\"wp-block-image size-full is-resized\"><img loading=\"lazy\" decoding=\"async\" width=\"87\" height=\"73\" src=\"https:\/\/power-cube.globeweb.stronazen.pl\/wp-content\/uploads\/2023\/08\/icon-3.png\" alt=\"\" class=\"wp-image-1931\" style=\"width:210px;height:73px\"\/><\/figure>\n\n\n\n<h3 class=\"wp-block-heading has-text-color\" style=\"color:#141414\">High quality goods<\/h3>\n\n\n\n<p class=\"has-text-color\" style=\"color:#141414\">In our store, we offer only high-quality products. We work directly with reputable manufacturers and authorized suppliers to provide our customers with the highest quality products. Each product undergoes rigorous quality testing so that we can provide you with only proven and reliable products.<\/p>\n<\/div>\n\n\n\n<div class=\"wp-block-column column-element radius border is-layout-flow wp-block-column-is-layout-flow\" style=\"flex-basis:33%\">\n<figure class=\"wp-block-image size-full is-resized\"><img loading=\"lazy\" decoding=\"async\" width=\"73\" height=\"62\" src=\"https:\/\/power-cube.globeweb.stronazen.pl\/wp-content\/uploads\/2023\/08\/icon-2.png\" alt=\"\" class=\"wp-image-1930\" style=\"width:210px;height:73px\"\/><\/figure>\n\n\n\n<h3 class=\"wp-block-heading has-text-color\" style=\"color:#141414\">Customer satisfaction<\/h3>\n\n\n\n<p class=\"has-text-color\" style=\"color:#141414\">We are dedicated to the satisfaction of our customers. We strive to make your shopping experience the best it can be. Our priority is to provide you with excellent customer service, shopping satisfaction and a positive experience with the<br>our store.<\/p>\n<\/div>\n<\/div>\n<\/div>\n<\/div>\n<\/div><\/section>\n\n\n\n<section class=\"wp-block-group section-3\"><div class=\"wp-block-group__inner-container is-layout-constrained wp-block-group-is-layout-constrained\">\n<div class=\"wp-block-columns is-layout-flex wp-container-core-columns-is-layout-4 wp-block-columns-is-layout-flex\">\n<div class=\"wp-block-column is-layout-flow wp-block-column-is-layout-flow\">\n<figure class=\"wp-block-image size-large\"><img loading=\"lazy\" decoding=\"async\" width=\"1024\" height=\"620\" src=\"https:\/\/power-cube.globeweb.stronazen.pl\/wp-content\/uploads\/2023\/08\/Rectangle-69-1-1-1024x620.png\" alt=\"\" class=\"wp-image-1990\" srcset=\"https:\/\/power-cube.globeweb.stronazen.pl\/wp-content\/uploads\/2023\/08\/Rectangle-69-1-1-1024x620.png 1024w, https:\/\/power-cube.globeweb.stronazen.pl\/wp-content\/uploads\/2023\/08\/Rectangle-69-1-1-416x252.png 416w, https:\/\/power-cube.globeweb.stronazen.pl\/wp-content\/uploads\/2023\/08\/Rectangle-69-1-1-300x182.png 300w, https:\/\/power-cube.globeweb.stronazen.pl\/wp-content\/uploads\/2023\/08\/Rectangle-69-1-1-768x465.png 768w, https:\/\/power-cube.globeweb.stronazen.pl\/wp-content\/uploads\/2023\/08\/Rectangle-69-1-1.png 1420w\" sizes=\"(max-width: 1024px) 100vw, 1024px\" \/><\/figure>\n<\/div>\n<\/div>\n<\/div><\/section>\n\n\n\n<section class=\"wp-block-group section-4\"><div class=\"wp-block-group__inner-container is-layout-constrained wp-block-group-is-layout-constrained\">\n<div class=\"wp-block-columns is-layout-flex wp-container-core-columns-is-layout-5 wp-block-columns-is-layout-flex\">\n<div class=\"wp-block-column col-left-img is-layout-flow wp-block-column-is-layout-flow\" style=\"flex-basis:40%\">\n<figure class=\"wp-block-image size-full\"><img loading=\"lazy\" decoding=\"async\" width=\"586\" height=\"825\" src=\"https:\/\/power-cube.globeweb.stronazen.pl\/wp-content\/uploads\/2023\/08\/Rectangle-67-1-1.png\" alt=\"\" class=\"wp-image-1992\" srcset=\"https:\/\/power-cube.globeweb.stronazen.pl\/wp-content\/uploads\/2023\/08\/Rectangle-67-1-1.png 586w, https:\/\/power-cube.globeweb.stronazen.pl\/wp-content\/uploads\/2023\/08\/Rectangle-67-1-1-416x586.png 416w, https:\/\/power-cube.globeweb.stronazen.pl\/wp-content\/uploads\/2023\/08\/Rectangle-67-1-1-213x300.png 213w\" sizes=\"(max-width: 586px) 100vw, 586px\" \/><\/figure>\n<\/div>\n\n\n\n<div class=\"wp-block-column col-right radius border has-background is-layout-flow wp-block-column-is-layout-flow\" style=\"background-color:#f6f6f6;flex-basis:60%\">\n<h2 class=\"wp-block-heading has-text-color\" style=\"color:#141414\">Oto lista funkcji dost\u0119pnych w&nbsp;aplikacji:<\/h2>\n\n\n\n<ul class=\"wp-block-list\">\n<li>Tworzenie naklejek z&nbsp;wieloma elementami, takimi jak: obrazy z&nbsp;aparatu, kody QR i&nbsp;inne, kt\u00f3re generuj\u0105 si\u0119&nbsp;automatycznie, linie i&nbsp;inne kszta\u0142ty, emotikony i&nbsp;gotowe logotypy, a&nbsp;tak\u017ce z&nbsp;aktualnym czasem i&nbsp;dat\u0105.<\/li>\n\n\n\n<li>Wprowadzanie tekstu w&nbsp;wybranej czcionce, rozmiarze i&nbsp;ilo\u015bci linii.<\/li>\n\n\n\n<li>Dodawanie tabeli z&nbsp;programu Excel oraz&nbsp;obrazk\u00f3w.<\/li>\n\n\n\n<li>Generowanie kod\u00f3w kreskowych, np.&nbsp;EAN-13 lub w\u0142asnego kodu produktu.<\/li>\n\n\n\n<li>Drukowanie etykiet z&nbsp;numeracj\u0105seryjn\u0105.<\/li>\n\n\n\n<li>Skanowanie kod\u00f3w i&nbsp;drukowanie ich.<\/li>\n<\/ul>\n<\/div>\n<\/div>\n<\/div><\/section>\n\n\n\n<section class=\"wp-block-group section-5\"><div class=\"wp-block-group__inner-container is-layout-constrained wp-block-group-is-layout-constrained\">\n<div class=\"wp-block-columns is-layout-flex wp-container-core-columns-is-layout-6 wp-block-columns-is-layout-flex\">\n<div class=\"wp-block-column col-left radius has-background is-layout-flow wp-block-column-is-layout-flow\" style=\"background-color:#b8b8b8;flex-basis:60%\">\n<h2 class=\"wp-block-heading has-text-color\" style=\"color:#141414\">Zestaw zawiera 1&nbsp;rolk\u0119 etykiet oraz 1 ta\u015bm\u0119 transferow\u0105 w kolorze czarnym!<\/h2>\n\n\n\n<p class=\"has-text-color\" style=\"color:#141414\">W zestawie&nbsp;<strong>NIIMBOT&nbsp;B18<\/strong>&nbsp;znajduje si\u0119 drukarka, rolka startowa z naklejkami 14x50mm, ta\u015bma startowa w kolorze czarnym, pude\u0142ko z kablem do \u0142adowania oraz instrukcja obs\u0142ugi w j\u0119zyku polskim w formie elektronicznej. Rolki do drukarki B18 s\u0105 dost\u0119pne w ci\u0105g\u0142ej sprzeda\u017cy i pasuj\u0105 tylko do tego modelu ze wzgl\u0119du na zastosowan\u0105 technologi\u0119 termotransferow\u0105. Naklejki oferowane w zestawie s\u0105 wodoodporne i nie pozostawiaj\u0105 kleju, a etykiety s\u0105 odporne na wod\u0119, olej oraz ekstremalny mr\u00f3z.<\/p>\n\n\n\n<p>Model B18 oferuje mo\u017cliwo\u015b\u0107 drukowania w kolorze oraz tworzenia hologram\u00f3w oraz naklejek do kabli. Wydruki z B18 s\u0105 bardziej trwa\u0142e (do 10 lat) i odporne na dzia\u0142anie chemikali\u00f3w oraz warunki atmosferyczne ni\u017c modele zwyk\u0142ego wydruku termicznego (do 5 lat). Warto pami\u0119ta\u0107, \u017ce etykiety od B18 pasuj\u0105 tylko do tego modelu drukarki.<\/p>\n<\/div>\n\n\n\n<div class=\"wp-block-column col-right-img is-layout-flow wp-block-column-is-layout-flow\" style=\"flex-basis:40%\">\n<figure class=\"wp-block-image size-full\"><img loading=\"lazy\" decoding=\"async\" width=\"582\" height=\"825\" src=\"https:\/\/power-cube.globeweb.stronazen.pl\/wp-content\/uploads\/2023\/08\/Rectangle-68-1-1.png\" alt=\"\" class=\"wp-image-1995\" srcset=\"https:\/\/power-cube.globeweb.stronazen.pl\/wp-content\/uploads\/2023\/08\/Rectangle-68-1-1.png 582w, https:\/\/power-cube.globeweb.stronazen.pl\/wp-content\/uploads\/2023\/08\/Rectangle-68-1-1-416x590.png 416w, https:\/\/power-cube.globeweb.stronazen.pl\/wp-content\/uploads\/2023\/08\/Rectangle-68-1-1-212x300.png 212w\" sizes=\"(max-width: 582px) 100vw, 582px\" \/><\/figure>\n<\/div>\n<\/div>\n<\/div><\/section>\n\n\n\n<section class=\"wp-block-group section-6 radius border\"><div class=\"wp-block-group__inner-container is-layout-constrained wp-block-group-is-layout-constrained\">\n<h2 class=\"wp-block-heading has-text-color\" style=\"color:#141414\">Technical data<\/h2>\n\n\n\n<div class=\"wp-block-columns is-not-stacked-on-mobile column-wrapper is-layout-flex wp-container-core-columns-is-layout-7 wp-block-columns-is-layout-flex\">\n<div class=\"wp-block-column col-left is-layout-flow wp-block-column-is-layout-flow\" style=\"flex-basis:50%\">\n<p>Gwarancja<\/p>\n<\/div>\n\n\n\n<div class=\"wp-block-column col-right is-layout-flow wp-block-column-is-layout-flow\" style=\"flex-basis:50%\">\n<p>2 lata<\/p>\n<\/div>\n<\/div>\n\n\n\n<div class=\"wp-block-columns is-not-stacked-on-mobile column-wrapper is-layout-flex wp-container-core-columns-is-layout-8 wp-block-columns-is-layout-flex\">\n<div class=\"wp-block-column col-left is-layout-flow wp-block-column-is-layout-flow\" style=\"flex-basis:50%\">\n<p>Model<\/p>\n<\/div>\n\n\n\n<div class=\"wp-block-column col-right is-layout-flow wp-block-column-is-layout-flow\" style=\"flex-basis:50%\">\n<p>B18 <\/p>\n<\/div>\n<\/div>\n\n\n\n<div class=\"wp-block-columns is-not-stacked-on-mobile column-wrapper is-layout-flex wp-container-core-columns-is-layout-9 wp-block-columns-is-layout-flex\">\n<div class=\"wp-block-column col-left is-layout-flow wp-block-column-is-layout-flow\" style=\"flex-basis:50%\">\n<p>Typ drukarki<\/p>\n<\/div>\n\n\n\n<div class=\"wp-block-column col-right is-layout-flow wp-block-column-is-layout-flow\" style=\"flex-basis:50%\">\n<p>termotransfer <\/p>\n<\/div>\n<\/div>\n\n\n\n<div class=\"wp-block-columns is-not-stacked-on-mobile column-wrapper is-layout-flex wp-container-core-columns-is-layout-10 wp-block-columns-is-layout-flex\">\n<div class=\"wp-block-column col-left is-layout-flow wp-block-column-is-layout-flow\" style=\"flex-basis:50%\">\n<p>Wymiary <\/p>\n<\/div>\n\n\n\n<div class=\"wp-block-column col-right is-layout-flow wp-block-column-is-layout-flow\" style=\"flex-basis:50%\">\n<p>13,7 x 9 x 3,7 cm <\/p>\n<\/div>\n<\/div>\n\n\n\n<div class=\"wp-block-columns is-not-stacked-on-mobile column-wrapper is-layout-flex wp-container-core-columns-is-layout-11 wp-block-columns-is-layout-flex\">\n<div class=\"wp-block-column col-left is-layout-flow wp-block-column-is-layout-flow\" style=\"flex-basis:50%\">\n<p>Materia\u0142 eksploatacyjny <\/p>\n<\/div>\n\n\n\n<div class=\"wp-block-column col-right is-layout-flow wp-block-column-is-layout-flow\" style=\"flex-basis:50%\">\n<p>etykiety i ta\u015bma termotransfer <\/p>\n<\/div>\n<\/div>\n\n\n\n<div class=\"wp-block-columns is-not-stacked-on-mobile column-wrapper is-layout-flex wp-container-core-columns-is-layout-12 wp-block-columns-is-layout-flex\">\n<div class=\"wp-block-column col-left is-layout-flow wp-block-column-is-layout-flow\" style=\"flex-basis:50%\">\n<p>Szeroko\u015b\u0107 etykiety <\/p>\n<\/div>\n\n\n\n<div class=\"wp-block-column col-right is-layout-flow wp-block-column-is-layout-flow\" style=\"flex-basis:50%\">\n<p>10-14 mm <\/p>\n<\/div>\n<\/div>\n\n\n\n<div class=\"wp-block-columns is-not-stacked-on-mobile column-wrapper is-layout-flex wp-container-core-columns-is-layout-13 wp-block-columns-is-layout-flex\">\n<div class=\"wp-block-column col-left is-layout-flow wp-block-column-is-layout-flow\" style=\"flex-basis:50%\">\n<p>Aplikacja<\/p>\n<\/div>\n\n\n\n<div class=\"wp-block-column col-right is-layout-flow wp-block-column-is-layout-flow\" style=\"flex-basis:50%\">\n<p>darmowa na Android i iOS <\/p>\n<\/div>\n<\/div>\n\n\n\n<div class=\"wp-block-columns is-not-stacked-on-mobile column-wrapper is-layout-flex wp-container-core-columns-is-layout-14 wp-block-columns-is-layout-flex\">\n<div class=\"wp-block-column col-left is-layout-flow wp-block-column-is-layout-flow\" style=\"flex-basis:50%\">\n<p>  \u0141\u0105czno\u015b\u0107  <\/p>\n<\/div>\n\n\n\n<div class=\"wp-block-column col-right is-layout-flow wp-block-column-is-layout-flow\" style=\"flex-basis:50%\">\n<p>Bluetooth <\/p>\n<\/div>\n<\/div>\n\n\n\n<div class=\"wp-block-columns is-not-stacked-on-mobile column-wrapper is-layout-flex wp-container-core-columns-is-layout-15 wp-block-columns-is-layout-flex\">\n<div class=\"wp-block-column col-left is-layout-flow wp-block-column-is-layout-flow\" style=\"flex-basis:50%\">\n<p>Maks. rozdzielczo\u015b\u0107<\/p>\n<\/div>\n\n\n\n<div class=\"wp-block-column col-right is-layout-flow wp-block-column-is-layout-flow\" style=\"flex-basis:50%\">\n<p>203 dpi <\/p>\n<\/div>\n<\/div>\n\n\n\n<div class=\"wp-block-columns is-not-stacked-on-mobile column-wrapper is-layout-flex wp-container-core-columns-is-layout-16 wp-block-columns-is-layout-flex\">\n<div class=\"wp-block-column col-left is-layout-flow wp-block-column-is-layout-flow\" style=\"flex-basis:50%\">\n<p>Zasi\u0119g <\/p>\n<\/div>\n\n\n\n<div class=\"wp-block-column col-right is-layout-flow wp-block-column-is-layout-flow\" style=\"flex-basis:50%\">\n<p>do 10 m <\/p>\n<\/div>\n<\/div>\n\n\n\n<div class=\"wp-block-columns is-not-stacked-on-mobile column-wrapper is-layout-flex wp-container-core-columns-is-layout-17 wp-block-columns-is-layout-flex\">\n<div class=\"wp-block-column col-left is-layout-flow wp-block-column-is-layout-flow\" style=\"flex-basis:50%\">\n<p>Zasilanie <\/p>\n<\/div>\n\n\n\n<div class=\"wp-block-column col-right is-layout-flow wp-block-column-is-layout-flow\" style=\"flex-basis:50%\">\n<p>DC 5 V, 1 A <\/p>\n<\/div>\n<\/div>\n\n\n\n<div class=\"wp-block-columns is-not-stacked-on-mobile column-wrapper is-layout-flex wp-container-core-columns-is-layout-18 wp-block-columns-is-layout-flex\">\n<div class=\"wp-block-column col-left is-layout-flow wp-block-column-is-layout-flow\" style=\"flex-basis:50%\">\n<p>Pojemno\u015b\u0107 akumulatora <\/p>\n<\/div>\n\n\n\n<div class=\"wp-block-column col-right is-layout-flow wp-block-column-is-layout-flow\" style=\"flex-basis:50%\">\n<p>1200 mAh <\/p>\n<\/div>\n<\/div>\n\n\n\n<div class=\"wp-block-columns is-not-stacked-on-mobile column-wrapper is-layout-flex wp-container-core-columns-is-layout-19 wp-block-columns-is-layout-flex\">\n<div class=\"wp-block-column col-left is-layout-flow wp-block-column-is-layout-flow\" style=\"flex-basis:50%\">\n<p>Waga (kg) <\/p>\n<\/div>\n\n\n\n<div class=\"wp-block-column col-right is-layout-flow wp-block-column-is-layout-flow\" style=\"flex-basis:50%\">\n<p>0,308<\/p>\n<\/div>\n<\/div>\n\n\n\n<div class=\"wp-block-columns is-not-stacked-on-mobile column-wrapper is-layout-flex wp-container-core-columns-is-layout-20 wp-block-columns-is-layout-flex\">\n<div class=\"wp-block-column col-left is-layout-flow wp-block-column-is-layout-flow\" style=\"flex-basis:50%\">\n<p>Kolor<\/p>\n<\/div>\n\n\n\n<div class=\"wp-block-column col-right is-layout-flow wp-block-column-is-layout-flow\" style=\"flex-basis:50%\">\n<p>bia\u0142y<\/p>\n<\/div>\n<\/div>\n<\/div><\/section>","protected":false},"excerpt":{"rendered":"<p style=\"text-align: left;\">Kolorowa drukarka etykiet termotransfer dla u\u017cytkownik\u00f3w domowych, biurowych i ma\u0142ych przedsi\u0119biorstw<\/p>","protected":false},"featured_media":3547,"comment_status":"open","ping_status":"closed","template":"","meta":{"_acf_changed":false,"_kad_blocks_custom_css":"","_kad_blocks_head_custom_js":"","_kad_blocks_body_custom_js":"","_kad_blocks_footer_custom_js":""},"product_cat":[136],"product_tag":[],"class_list":{"0":"post-3546","1":"product","2":"type-product","3":"status-publish","4":"has-post-thumbnail","6":"product_cat-niimbot-drukarki-termiczne","8":"first","9":"instock","10":"taxable","11":"shipping-taxable","12":"purchasable","13":"product-type-simple"},"acf":[],"taxonomy_info":{"product_cat":[{"value":136,"label":"Niimbot"}]},"featured_image_src_large":["https:\/\/power-cube.globeweb.stronazen.pl\/wp-content\/uploads\/2024\/03\/3006-1024x1024.webp",980,980,true],"author_info":[],"comment_info":0,"_links":{"self":[{"href":"https:\/\/power-cube.globeweb.stronazen.pl\/en\/wp-json\/wp\/v2\/product\/3546"}],"collection":[{"href":"https:\/\/power-cube.globeweb.stronazen.pl\/en\/wp-json\/wp\/v2\/product"}],"about":[{"href":"https:\/\/power-cube.globeweb.stronazen.pl\/en\/wp-json\/wp\/v2\/types\/product"}],"replies":[{"embeddable":true,"href":"https:\/\/power-cube.globeweb.stronazen.pl\/en\/wp-json\/wp\/v2\/comments?post=3546"}],"wp:featuredmedia":[{"embeddable":true,"href":"https:\/\/power-cube.globeweb.stronazen.pl\/en\/wp-json\/wp\/v2\/media\/3547"}],"wp:attachment":[{"href":"https:\/\/power-cube.globeweb.stronazen.pl\/en\/wp-json\/wp\/v2\/media?parent=3546"}],"wp:term":[{"taxonomy":"product_cat","embeddable":true,"href":"https:\/\/power-cube.globeweb.stronazen.pl\/en\/wp-json\/wp\/v2\/product_cat?post=3546"},{"taxonomy":"product_tag","embeddable":true,"href":"https:\/\/power-cube.globeweb.stronazen.pl\/en\/wp-json\/wp\/v2\/product_tag?post=3546"}],"curies":[{"name":"wp","href":"https:\/\/api.w.org\/{rel}","templated":true}]}}