{"id":3515,"date":"2024-03-06T18:35:30","date_gmt":"2024-03-06T17:35:30","guid":{"rendered":"https:\/\/power-cube.globeweb.stronazen.pl\/produkt\/heatsbox-style-samopodgrzewajacy-sie-lunch-box\/"},"modified":"2024-04-24T19:23:15","modified_gmt":"2024-04-24T17:23:15","slug":"heatsbox-style-samopodgrzewajacy-sie-lunch-box","status":"publish","type":"product","link":"https:\/\/power-cube.globeweb.stronazen.pl\/en\/product\/heatsbox-style-samopodgrzewajacy-sie-lunch-box\/","title":{"rendered":"HeatsBox STYLE samopodgrzewaj\u0105cy si\u0119 lunch box"},"content":{"rendered":"<div style=\"text-align: center;\">\n<h1>HeatsBox STYLE<\/h1>\n<h4 style=\"margin-bottom: 3em;\">HeatsBox STYLE to model oferuj\u0105cy podstawowe funkcje. Nie poczyniono \u017cadnych kompromis\u00f3w w zakresie czasu nagrzewania lub wygl\u0105du.<br \/>Opatentowany HeatsBox zosta\u0142 zaprojektowany w Szwajcarii.<br \/>2 lata gwarancji.<\/h4>\n<div class=\"f-row\">\n<div class=\"f-grid-6\">\n<p><img decoding=\"async\" src=\"https:\/\/www.power-cube.pl\/upload\/heatsbox\/pro\/1.jpg\" alt=\"fast\" \/><\/p>\n<h3>Gor\u0105cy posi\u0142ek w 15-25 minut<\/h3>\n<p>HeatsBox podgrzewa \u015bwie\u017cy posi\u0142ek w 15-25 minut. Podgrzewany ze wszystkich stron dla idealnego rezultatu.<\/p>\n<\/p><\/div>\n<div class=\"f-grid-6\">\n<p><img decoding=\"async\" src=\"https:\/\/www.power-cube.pl\/upload\/heatsbox\/pro\/5.jpg\" alt=\"leakproof\" \/><\/p>\n<h3>100% szczelno\u015bci<\/h3>\n<p>Dodatkowa pokrywka do pojemnika wewn\u0119trznego jest w 100% szczelna, wi\u0119c nie musisz si\u0119 martwi\u0107 o transport.<\/p>\n<\/p><\/div>\n<\/p><\/div>\n<div class=\"f-row\">\n<div class=\"f-grid-6\">\n<p><img decoding=\"async\" src=\"https:\/\/www.power-cube.pl\/upload\/heatsbox\/pro\/4.jpg\" alt=\"dish\" \/><\/p>\n<h3>Wyjmowane naczynie wewn\u0119trzne<\/h3>\n<p>Wewn\u0119trzny zbiornik mo\u017cna wyj\u0105\u0107 w celu \u0142atwego przechowywania, transportu i czyszczenia.<\/p>\n<\/p><\/div>\n<div class=\"f-grid-6\">\n<p><img decoding=\"async\" src=\"https:\/\/www.power-cube.pl\/upload\/heatsbox\/pro\/6.jpg\" alt=\"plugin\" \/><\/p>\n<h3>Zasilanie<\/h3>\n<p>Bardzo d\u0142ugi kabel zasilaj\u0105cy o d\u0142ugo\u015bci 1,5 m do zasilania HeatsBox z dowolnego gniazdka \u015bciennego.<\/p>\n<\/p><\/div>\n<\/p><\/div>\n<div class=\"video-container\" style=\"text-align: center; margin-top: 3em;\"><iframe loading=\"lazy\" title=\"YouTube video player\" src=\"https:\/\/www.youtube.com\/embed\/YtKrYLk3yqo?controls=0&amp;mute=1&amp;autoplay=1&amp;showinfo=0&amp;rel=0&amp;loop=1&amp;modestbranding=1&amp;amp\" width=\"100%\" height=\"100%\" frameborder=\"0\" allowfullscreen=\"allowfullscreen\"><\/iframe><\/div>\n<div class=\"f-row\" style=\"text-align: center; margin-top: 3em;\">\n<div class=\"f-grid-4\" style=\"margin-top: 10%;\">\n<h2>Wydajny element grzewczy<\/h2>\n<p>Zintegrowana kontrola temperatury i do 90 wat\u00f3w mocy grzewczej, aby cieszy\u0107 si\u0119 gor\u0105cym posi\u0142kiem w kilka minut!<\/p>\n<\/p><\/div>\n<div class=\"f-grid-4\">\n<p><img decoding=\"async\" src=\"https:\/\/www.power-cube.pl\/upload\/heatsbox\/a1.webp\" alt=\"\" \/><\/p>\n<\/p><\/div>\n<div class=\"f-grid-4\" style=\"margin-top: 10%;\">\n<h2>Wydajne, wszechstronne ogrzewanie<\/h2>\n<p>Zachowuje smak i chrupko\u015b\u0107 potraw, zapewniaj\u0105c lepsze rezultaty! Bez pary i promieniowania mikrofalowego.<\/p>\n<\/p><\/div>\n<\/p><\/div>\n<div class=\"f-row\" style=\"text-align: center; margin-top: 3em;\">\n<div class=\"f-grid-4\" style=\"margin-top: 10%;\">\n<h2>\u0141atwe przygotowywanie posi\u0142k\u00f3w<\/h2>\n<p>Nasze wewn\u0119trzne naczynie jest wyjmowane i ma dodatkow\u0105 szczeln\u0105 pokrywk\u0119 &#8211; idealn\u0105 do przechowywania i transportu!<\/p>\n<\/p><\/div>\n<div class=\"f-grid-4\">\n<p><img decoding=\"async\" src=\"https:\/\/www.power-cube.pl\/upload\/heatsbox\/a2.webp\" alt=\"\" \/><\/p>\n<\/p><\/div>\n<div class=\"f-grid-4\" style=\"margin-top: 10%;\">\n<h2>Zestaw naczy\u0144 wewn\u0119trznych<\/h2>\n<p>Kup zestaw naczy\u0144 do gotowania w pomieszczeniach i zyskaj jeszcze wi\u0119ksz\u0105 elastyczno\u015b\u0107 w planowaniu posi\u0142k\u00f3w.<\/p>\n<\/p><\/div>\n<\/p><\/div>\n<h1 style=\"margin-top: 3em; margin-bottom: 2em;\">G\u0142\u00f3wne korzy\u015bci<\/h1>\n<div class=\"f-row\" style=\"margin-bottom: 2em;\">\n<div class=\"f-grid-3\">\n<p><img decoding=\"async\" src=\"https:\/\/www.power-cube.pl\/upload\/heatsbox\/b1.webp\" alt=\"\" \/><\/p>\n<h2>Jedz zdrowo<\/h2>\n<p>Przygotuj sw\u00f3j ulubiony posi\u0142ek ze \u015bwie\u017cych sk\u0142adnik\u00f3w. Dostosuj posi\u0142ki do swojego stylu \u017cycia.<\/p>\n<\/p><\/div>\n<div class=\"f-grid-3\">\n<p><img decoding=\"async\" src=\"https:\/\/www.power-cube.pl\/upload\/heatsbox\/b2.webp\" alt=\"\" \/><\/p>\n<h2>B\u0105d\u017a niezale\u017cny<\/h2>\n<p>Poznaj przepisy z ca\u0142ego \u015bwiata i ciesz si\u0119 gor\u0105cym i pysznym posi\u0142kiem w biurze lub w podr\u00f3\u017cy.<\/p>\n<\/p><\/div>\n<div class=\"f-grid-3\">\n<p><img decoding=\"async\" src=\"https:\/\/www.power-cube.pl\/upload\/heatsbox\/b3.webp\" alt=\"\" \/><\/p>\n<h2>Oszcz\u0119dzaj czas<\/h2>\n<p>Elastyczne godziny posi\u0142k\u00f3w i \u0142atwe czyszczenie oznaczaj\u0105 wi\u0119cej czasu na sp\u0119dzanie czasu z przyjaci\u00f3\u0142mi i rodzin\u0105.<\/p>\n<\/p><\/div>\n<div class=\"f-grid-3\">\n<p><img decoding=\"async\" src=\"https:\/\/www.power-cube.pl\/upload\/heatsbox\/b4.webp\" alt=\"\" \/><\/p>\n<h2>Oszcz\u0119dzaj pieni\u0105dze<\/h2>\n<p>Gotowanie w domu zmniejsza wydatki na posi\u0142ki 3-krotnie &#8211; oszcz\u0119dzaj\u0105c do 800 funt\u00f3w miesi\u0119cznie!<\/p>\n<\/p><\/div>\n<\/p><\/div>\n<\/p><\/div>","protected":false},"excerpt":{"rendered":"<h1 style=\"text-align: left;\">HeatsBox STYLE<\/h1>\n<p style=\"text-align: left;\">HeatsBox STYLE to pierwszy na \u015bwiecie inteligentny elektryczny lunchbox!<\/p>","protected":false},"featured_media":3516,"comment_status":"open","ping_status":"closed","template":"","meta":{"_acf_changed":false,"_kad_blocks_custom_css":"","_kad_blocks_head_custom_js":"","_kad_blocks_body_custom_js":"","_kad_blocks_footer_custom_js":""},"product_cat":[135],"product_tag":[],"class_list":{"0":"post-3515","1":"product","2":"type-product","3":"status-publish","4":"has-post-thumbnail","6":"product_cat-heatsbox","8":"first","9":"instock","10":"taxable","11":"shipping-taxable","12":"purchasable","13":"product-type-simple"},"acf":[],"taxonomy_info":{"product_cat":[{"value":135,"label":"HeatsBox"}]},"featured_image_src_large":["https:\/\/power-cube.globeweb.stronazen.pl\/wp-content\/uploads\/2024\/03\/2946-1024x568.webp",980,544,true],"author_info":[],"comment_info":0,"_links":{"self":[{"href":"https:\/\/power-cube.globeweb.stronazen.pl\/en\/wp-json\/wp\/v2\/product\/3515"}],"collection":[{"href":"https:\/\/power-cube.globeweb.stronazen.pl\/en\/wp-json\/wp\/v2\/product"}],"about":[{"href":"https:\/\/power-cube.globeweb.stronazen.pl\/en\/wp-json\/wp\/v2\/types\/product"}],"replies":[{"embeddable":true,"href":"https:\/\/power-cube.globeweb.stronazen.pl\/en\/wp-json\/wp\/v2\/comments?post=3515"}],"wp:featuredmedia":[{"embeddable":true,"href":"https:\/\/power-cube.globeweb.stronazen.pl\/en\/wp-json\/wp\/v2\/media\/3516"}],"wp:attachment":[{"href":"https:\/\/power-cube.globeweb.stronazen.pl\/en\/wp-json\/wp\/v2\/media?parent=3515"}],"wp:term":[{"taxonomy":"product_cat","embeddable":true,"href":"https:\/\/power-cube.globeweb.stronazen.pl\/en\/wp-json\/wp\/v2\/product_cat?post=3515"},{"taxonomy":"product_tag","embeddable":true,"href":"https:\/\/power-cube.globeweb.stronazen.pl\/en\/wp-json\/wp\/v2\/product_tag?post=3515"}],"curies":[{"name":"wp","href":"https:\/\/api.w.org\/{rel}","templated":true}]}}