{"id":3492,"date":"2024-03-06T18:35:29","date_gmt":"2024-03-06T17:35:29","guid":{"rendered":"https:\/\/power-cube.globeweb.stronazen.pl\/produkt\/heatsbox-pro\/"},"modified":"2024-04-24T19:23:16","modified_gmt":"2024-04-24T17:23:16","slug":"heatsbox-pro","status":"publish","type":"product","link":"https:\/\/power-cube.globeweb.stronazen.pl\/en\/product\/heatsbox-pro\/","title":{"rendered":"HeatsBox PRO"},"content":{"rendered":"<div style=\"text-align: center;\">\n<h1>HeatsBox Pro<\/h1>\n<h4 style=\"margin-bottom: 3em;\">HeatsBox Pro ma najwy\u017cszej klasy technologi\u0119 grzewcz\u0105, kt\u00f3ra r\u00f3wnomiernie i precyzyjnie podgrzeje Tw\u00f3j posi\u0142ek w ci\u0105gu 15-25 minut. <br \/>Opatentowany HeatsBox zosta\u0142 zaprojektowany w Szwajcarii. <br \/>2 lata gwarancji.<\/h4>\n<div class=\"f-row\">\n<div class=\"f-grid-4\">\n<p><img decoding=\"async\" src=\"https:\/\/www.power-cube.pl\/upload\/heatsbox\/pro\/1.jpg\" alt=\"fast\" \/><\/p>\n<h3>Gor\u0105cy posi\u0142ek w 15-25 minut<\/h3>\n<p>HeatsBox podgrzewa Tw\u00f3j posi\u0142ek na \u015bwie\u017co w 15-25 minut. Podgrzewane ze wszystkich stron dla uzyskania doskona\u0142ego rezultatu.<\/p>\n<\/p><\/div>\n<div class=\"f-grid-4\">\n<p><img decoding=\"async\" src=\"https:\/\/www.power-cube.pl\/upload\/heatsbox\/pro\/2.jpg\" alt=\"temp control\" \/><\/p>\n<h3>Ogrzewanie z regulacj\u0105 temperatury<\/h3>\n<p>Przygotuj sw\u00f3j ulubiony posi\u0142ek ze \u015bwie\u017cych sk\u0142adnik\u00f3w. Dostosuj sw\u00f3j posi\u0142ek do trybu \u017cycia.<\/p>\n<\/p><\/div>\n<div class=\"f-grid-4\">\n<p><img decoding=\"async\" src=\"https:\/\/www.power-cube.pl\/upload\/heatsbox\/pro\/3.jpg\" alt=\"app\" \/><\/p>\n<h3>Sterowanie aplikacj\u0105<\/h3>\n<p>Wybierz docelow\u0105 temperatur\u0119 i czas, kiedy Tw\u00f3j posi\u0142ek ma by\u0107 gotowy. To wszystko jest pod Twoj\u0105 kontrol\u0105.<\/p>\n<\/p><\/div>\n<\/p><\/div>\n<div class=\"f-row\">\n<div class=\"f-grid-4\">\n<p><img decoding=\"async\" src=\"https:\/\/www.power-cube.pl\/upload\/heatsbox\/pro\/4.jpg\" alt=\"fast\" \/><\/p>\n<h3>Wyjmowane naczynie wewn\u0119trzne<\/h3>\n<p>Wewn\u0119trzne naczynie mo\u017cna wyj\u0105\u0107 w celu prostego przechowywania, transportu i czyszczenia.<\/p>\n<\/p><\/div>\n<div class=\"f-grid-4\">\n<p><img decoding=\"async\" src=\"https:\/\/www.power-cube.pl\/upload\/heatsbox\/pro\/5.jpg\" alt=\"temp control\" \/><\/p>\n<h3>100% szczelno\u015bci<\/h3>\n<p>Dodatkowa pokrywa do wewn\u0119trznego naczynia jest w 100% szczelna, wi\u0119c nie musisz si\u0119 martwi\u0107 o transport.<\/p>\n<\/p><\/div>\n<div class=\"f-grid-4\">\n<p><img decoding=\"async\" src=\"https:\/\/www.power-cube.pl\/upload\/heatsbox\/pro\/6.jpg\" alt=\"app\" \/><\/p>\n<h3>Pod\u0142\u0105czenie<\/h3>\n<p>Bardzo d\u0142ugi 1,5 m kabel zasilaj\u0105cy do zasilania HeatsBoxa z dowolnego gniazdka \u015bciennego.<\/p>\n<\/p><\/div>\n<\/p><\/div>\n<\/p><\/div>\n<div class=\"video-container\" style=\"text-align: center; margin-top: 3em;\"><iframe loading=\"lazy\" title=\"YouTube video player\" src=\"https:\/\/www.youtube.com\/embed\/uFyG_6Jg2RA?controls=0&amp;mute=1&amp;autoplay=1&amp;showinfo=0&amp;rel=0&amp;loop=1&amp;modestbranding=1&amp;playlist=uFyG_6Jg2RA\" width=\"100%\" height=\"100%\" frameborder=\"0\" allowfullscreen=\"allowfullscreen\"><\/iframe><\/div>","protected":false},"excerpt":{"rendered":"<h1 style=\"text-align: center;\">HeatsBox Pro<\/h1>\n<p style=\"text-align: center;\">HeatsBox PRO to pierwszy na \u015bwiecie inteligentny lunchbox elektryczny!<\/p>","protected":false},"featured_media":3493,"comment_status":"open","ping_status":"closed","template":"","meta":{"_acf_changed":false,"_kad_blocks_custom_css":"","_kad_blocks_head_custom_js":"","_kad_blocks_body_custom_js":"","_kad_blocks_footer_custom_js":""},"product_cat":[135],"product_tag":[],"class_list":{"0":"post-3492","1":"product","2":"type-product","3":"status-publish","4":"has-post-thumbnail","6":"product_cat-heatsbox","8":"first","9":"outofstock","10":"taxable","11":"shipping-taxable","12":"purchasable","13":"product-type-simple"},"acf":[],"taxonomy_info":{"product_cat":[{"value":135,"label":"HeatsBox"}]},"featured_image_src_large":["https:\/\/power-cube.globeweb.stronazen.pl\/wp-content\/uploads\/2024\/03\/2979.jpg",980,784,false],"author_info":[],"comment_info":0,"_links":{"self":[{"href":"https:\/\/power-cube.globeweb.stronazen.pl\/en\/wp-json\/wp\/v2\/product\/3492"}],"collection":[{"href":"https:\/\/power-cube.globeweb.stronazen.pl\/en\/wp-json\/wp\/v2\/product"}],"about":[{"href":"https:\/\/power-cube.globeweb.stronazen.pl\/en\/wp-json\/wp\/v2\/types\/product"}],"replies":[{"embeddable":true,"href":"https:\/\/power-cube.globeweb.stronazen.pl\/en\/wp-json\/wp\/v2\/comments?post=3492"}],"wp:featuredmedia":[{"embeddable":true,"href":"https:\/\/power-cube.globeweb.stronazen.pl\/en\/wp-json\/wp\/v2\/media\/3493"}],"wp:attachment":[{"href":"https:\/\/power-cube.globeweb.stronazen.pl\/en\/wp-json\/wp\/v2\/media?parent=3492"}],"wp:term":[{"taxonomy":"product_cat","embeddable":true,"href":"https:\/\/power-cube.globeweb.stronazen.pl\/en\/wp-json\/wp\/v2\/product_cat?post=3492"},{"taxonomy":"product_tag","embeddable":true,"href":"https:\/\/power-cube.globeweb.stronazen.pl\/en\/wp-json\/wp\/v2\/product_tag?post=3492"}],"curies":[{"name":"wp","href":"https:\/\/api.w.org\/{rel}","templated":true}]}}