{"id":3470,"date":"2024-03-06T18:35:33","date_gmt":"2024-03-06T17:35:33","guid":{"rendered":"https:\/\/power-cube.globeweb.stronazen.pl\/produkt\/powercube-extended-usb-ac-de\/"},"modified":"2024-04-24T19:23:12","modified_gmt":"2024-04-24T17:23:12","slug":"powercube-extended-usb-ac-de","status":"publish","type":"product","link":"https:\/\/power-cube.globeweb.stronazen.pl\/en\/product\/powercube-extended-usb-ac-de\/","title":{"rendered":"PowerCube Extended USB A+C DE"},"content":{"rendered":"<h1 class=\"section\" style=\"text-align: center;\">Allocacoc\/DesignNest PowerCube Extended USB A+C DE<\/h1>\n<h2 style=\"text-align: center;\">4 gniazdowy rozga\u0142\u0119ziacz z prze\u0142u\u017caczem 1,5 m oraz \u0142adowark\u0105 USB-A i USB-C<\/h2>\n<p style=\"text-align: center;\">10435\/DEEUAC<\/p>\n<section class=\"section\">\n<div class=\"item item-12\" style=\"text-align: center;\">\n<section class=\"image-item\"><img decoding=\"async\" src=\"https:\/\/upload.cdn.baselinker.com\/products\/11832\/90f3ab8b7bd79202ceb5b547d90d6df8.jpg\" alt=\"\" width=\"60%\" height=\"auto\" \/><\/section>\n<\/p><\/div>\n<\/section>\n<section class=\"section\"> <\/p>\n<div class=\"item item-12\"> <\/p>\n<section class=\"text-item\"> <\/p>\n<p>Konstrukcja w kszta\u0142cie sze\u015bcianu zapobiega blokowaniu si\u0119 nawzajem niepor\u0119cznych adapter\u00f3w i wtyczek. Oznacza to, \u017ce wszystkie dodatkowe gniazda na PowerCube mog\u0105 by\u0107 u\u017cywane w tym samym czasie, co zapewnia \u0142atwo\u015b\u0107 i wydajno\u015b\u0107 pracy. Zyskaj do 4 dodatkowych gniazdek i 2 porty USB do jednoczesnego \u0142adowania urz\u0105dze\u0144. PowerCube posiada r\u00f3wnie\u017c unikalny system dokuj\u0105cy, kt\u00f3ry pozwala na zamontowanie go na dowolnej p\u0142askiej powierzchni, dzi\u0119ki czemu zawsze b\u0119dzie w zasi\u0119gu r\u0119ki. Unikalny system dokowania wykorzystuje mocn\u0105 ta\u015bm\u0119 samoprzylepn\u0105, kt\u00f3ra po usuni\u0119ciu nie pozostawia \u015blad\u00f3w na powierzchni. Zawsze mo\u017cesz wymieni\u0107 ta\u015bm\u0119 na now\u0105, aby zamontowa\u0107 PowerCube na innej powierzchni. Uporz\u0105dkuj swoje kable dzi\u0119ki do\u0142\u0105czonemu CableFix.<\/p>\n<\/p>\n<\/section>\n<table>\n<tbody style=\"width: 100%;\">\n<tr>\n<td style=\"text-align: center; width: 40%;\"><img decoding=\"async\" src=\"https:\/\/upload.cdn.baselinker.com\/products\/11832\/f09594bf66455cae4f42d7660bae924d.jpg\" alt=\"\" \/><\/td>\n<td>\n<h2 style=\"padding-left: 30px;\">Can be mounted<\/h2>\n<p style=\"padding-left: 30px;\">It can be easily mounted anywhere on a desk or wall.<\/p>\n<\/td>\n<\/tr>\n<tr>\n<td> <\/td>\n<td> <\/td>\n<\/tr>\n<tr>\n<td style=\"text-align: center;\"><img decoding=\"async\" src=\"https:\/\/upload.cdn.baselinker.com\/products\/11832\/81e7d49ba82578eba3788a4ef3fdc233.jpg\" alt=\"\" \/><\/td>\n<td>\n<h2 style=\"padding-left: 30px;\">4 power sockets and 2 USB sockets<\/h2>\n<p style=\"padding-left: 30px;\">Ensure better connectivity with 4 power outlets and 2 USB ports.<\/p>\n<\/td>\n<\/tr>\n<\/tbody>\n<\/table><\/div>\n<\/section>\n<section class=\"section\"><\/section>\n<section class=\"section\"> <\/p>\n<div class=\"item item-12\" style=\"text-align: center;\"> <\/p>\n<section class=\"image-item\"> <img decoding=\"async\" src=\"https:\/\/upload.cdn.baselinker.com\/products\/11832\/c7426835c6e5d14d4cf44a9ec1ac91fc.jpg\" alt=\"\" \/><\/section>\n<\/p><\/div>\n<\/section>\n<section class=\"section\"> <\/p>\n<div class=\"item item-12\"> <\/p>\n<section class=\"image-item\"> <img decoding=\"async\" src=\"https:\/\/upload.cdn.baselinker.com\/products\/11832\/79a81f9a7f41db28a5e771b5bf6f8826.jpg\" alt=\"\" \/><\/section>\n<\/p><\/div>\n<\/section>\n<section class=\"section\"> <\/p>\n<div class=\"item item-12\"> <\/p>\n<section class=\"image-item\"> <img decoding=\"async\" src=\"https:\/\/upload.cdn.baselinker.com\/products\/11832\/a4d85ba4cbd58be509e40c9b3275bb69.jpg\" alt=\"\" \/><\/section>\n<\/p><\/div>\n<\/section>","protected":false},"excerpt":{"rendered":"<h1 class=\"section\" style=\"text-align: left;\">Allocacoc\/DesignNest PowerCube Extended USB A+C DE<\/h1>\n<h2 style=\"text-align: left;\">4 gniazdowy rozga\u0142\u0119ziacz z prze\u0142u\u017caczem 1,5 m oraz \u0142adowark\u0105 USB-A i USB-C<\/h2>\n<p style=\"text-align: left;\">10435\/DEEUAC<\/p>","protected":false},"featured_media":3471,"comment_status":"open","ping_status":"closed","template":"","meta":{"_acf_changed":false,"_kad_blocks_custom_css":"","_kad_blocks_head_custom_js":"","_kad_blocks_body_custom_js":"","_kad_blocks_footer_custom_js":""},"product_cat":[86,133],"product_tag":[],"class_list":{"0":"post-3470","1":"product","2":"type-product","3":"status-publish","4":"has-post-thumbnail","6":"product_cat-allocacoc","7":"product_cat-powercube-usb-ac","9":"first","10":"instock","11":"taxable","12":"shipping-taxable","13":"purchasable","14":"product-type-simple"},"acf":[],"taxonomy_info":{"product_cat":[{"value":86,"label":"Allocacoc"},{"value":133,"label":"PowerCube |USB A+C|"}]},"featured_image_src_large":["https:\/\/power-cube.globeweb.stronazen.pl\/wp-content\/uploads\/2024\/03\/2845-1024x1024.jpg",980,980,true],"author_info":[],"comment_info":0,"_links":{"self":[{"href":"https:\/\/power-cube.globeweb.stronazen.pl\/en\/wp-json\/wp\/v2\/product\/3470"}],"collection":[{"href":"https:\/\/power-cube.globeweb.stronazen.pl\/en\/wp-json\/wp\/v2\/product"}],"about":[{"href":"https:\/\/power-cube.globeweb.stronazen.pl\/en\/wp-json\/wp\/v2\/types\/product"}],"replies":[{"embeddable":true,"href":"https:\/\/power-cube.globeweb.stronazen.pl\/en\/wp-json\/wp\/v2\/comments?post=3470"}],"wp:featuredmedia":[{"embeddable":true,"href":"https:\/\/power-cube.globeweb.stronazen.pl\/en\/wp-json\/wp\/v2\/media\/3471"}],"wp:attachment":[{"href":"https:\/\/power-cube.globeweb.stronazen.pl\/en\/wp-json\/wp\/v2\/media?parent=3470"}],"wp:term":[{"taxonomy":"product_cat","embeddable":true,"href":"https:\/\/power-cube.globeweb.stronazen.pl\/en\/wp-json\/wp\/v2\/product_cat?post=3470"},{"taxonomy":"product_tag","embeddable":true,"href":"https:\/\/power-cube.globeweb.stronazen.pl\/en\/wp-json\/wp\/v2\/product_tag?post=3470"}],"curies":[{"name":"wp","href":"https:\/\/api.w.org\/{rel}","templated":true}]}}