{"id":3464,"date":"2024-03-06T18:35:33","date_gmt":"2024-03-06T17:35:33","guid":{"rendered":"https:\/\/power-cube.globeweb.stronazen.pl\/produkt\/powercube-original-usb-ac-fr\/"},"modified":"2024-04-24T19:23:12","modified_gmt":"2024-04-24T17:23:12","slug":"powercube-original-usb-ac-fr","status":"publish","type":"product","link":"https:\/\/power-cube.globeweb.stronazen.pl\/en\/product\/powercube-original-usb-ac-fr\/","title":{"rendered":"PowerCube Original USB A+C FR"},"content":{"rendered":"<h1 class=\"section\" style=\"text-align: center;\">Allocacoc\/DesignNest PowerCube Original USB A+C FR<\/h1>\n<h2 style=\"text-align: center;\">4 gniazdowy rozga\u0142\u0119ziacz z \u0142adowark\u0105 USB-A i USB-C<\/h2>\n<p style=\"text-align: center;\">10433\/FROUAC<\/p>\n<section class=\"section\">\n<div class=\"item item-12\" style=\"text-align: center;\">\n<section class=\"image-item\"><img decoding=\"async\" src=\"https:\/\/upload.cdn.baselinker.com\/products\/11832\/3176d504d813df0e9dbca0de80ac4037.jpg\" alt=\"\" width=\"60%\" height=\"auto\" \/><\/section>\n<\/p><\/div>\n<\/section>\n<section class=\"section\"> <\/p>\n<div class=\"item item-12\"> <\/p>\n<section class=\"text-item\"> <\/p>\n<p>Cables and tangled wires lying around are not only unpleasant to look at, but can also create a potentially dangerous situation. Avoid this mess with the PowerCube Original, which allows you to combine power cords into one compact solution and never run out of electrical outlets to use. This cube-shaped splitter prevents plugs from getting blocked, keeping things easy and efficient. Get up to 4 additional outlets and 2 USB ports in one PowerCube Original and further increase the number of outlets by combining one with the other.<\/p>\n<\/section>\n<table>\n<tbody style=\"width: 100%;\">\n<tr>\n<td style=\"text-align: center; width: 40%;\"><img decoding=\"async\" src=\"https:\/\/upload.cdn.baselinker.com\/products\/11832\/f09594bf66455cae4f42d7660bae924d.jpg\" alt=\"\" \/><\/td>\n<td>\n<h2 style=\"padding-left: 30px;\">Can be mounted<\/h2>\n<p style=\"padding-left: 30px;\">It can be easily mounted anywhere on a desk or wall.<\/p>\n<\/td>\n<\/tr>\n<tr>\n<td> <\/td>\n<td> <\/td>\n<\/tr>\n<tr>\n<td style=\"text-align: center;\"><img decoding=\"async\" src=\"https:\/\/upload.cdn.baselinker.com\/products\/11832\/81e7d49ba82578eba3788a4ef3fdc233.jpg\" alt=\"\" \/><\/td>\n<td>\n<h2 style=\"padding-left: 30px;\">4 power sockets and 2 USB sockets<\/h2>\n<p style=\"padding-left: 30px;\">Ensure better connectivity with 4 power outlets and 2 USB ports.<\/p>\n<\/td>\n<\/tr>\n<\/tbody>\n<\/table><\/div>\n<\/section>\n<section class=\"section\">\n<div class=\"item item-12\" style=\"text-align: center;\"> <\/p>\n<section class=\"image-item\"> <img decoding=\"async\" src=\"https:\/\/upload.cdn.baselinker.com\/products\/11832\/1f976d036d9bb24550836b24682cf245.jpg\" alt=\"\" \/><\/section>\n<\/p><\/div>\n<\/section>","protected":false},"excerpt":{"rendered":"<h1 class=\"section\" style=\"text-align: left;\">Allocacoc\/DesignNest PowerCube Original USB A+C FR<\/h1>\n<h2 style=\"text-align: left;\">4 gniazdowy rozga\u0142\u0119ziacz z \u0142adowark\u0105 USB-A i USB-C<\/h2>\n<p style=\"text-align: left;\">10433\/FROUAC<\/p>","protected":false},"featured_media":3465,"comment_status":"open","ping_status":"closed","template":"","meta":{"_acf_changed":false,"_kad_blocks_custom_css":"","_kad_blocks_head_custom_js":"","_kad_blocks_body_custom_js":"","_kad_blocks_footer_custom_js":""},"product_cat":[86,133],"product_tag":[],"class_list":{"0":"post-3464","1":"product","2":"type-product","3":"status-publish","4":"has-post-thumbnail","6":"product_cat-allocacoc","7":"product_cat-powercube-usb-ac","9":"first","10":"instock","11":"taxable","12":"shipping-taxable","13":"purchasable","14":"product-type-simple"},"acf":[],"taxonomy_info":{"product_cat":[{"value":86,"label":"Allocacoc"},{"value":133,"label":"PowerCube |USB A+C|"}]},"featured_image_src_large":["https:\/\/power-cube.globeweb.stronazen.pl\/wp-content\/uploads\/2024\/03\/2840-1024x768.jpg",980,735,true],"author_info":[],"comment_info":0,"_links":{"self":[{"href":"https:\/\/power-cube.globeweb.stronazen.pl\/en\/wp-json\/wp\/v2\/product\/3464"}],"collection":[{"href":"https:\/\/power-cube.globeweb.stronazen.pl\/en\/wp-json\/wp\/v2\/product"}],"about":[{"href":"https:\/\/power-cube.globeweb.stronazen.pl\/en\/wp-json\/wp\/v2\/types\/product"}],"replies":[{"embeddable":true,"href":"https:\/\/power-cube.globeweb.stronazen.pl\/en\/wp-json\/wp\/v2\/comments?post=3464"}],"wp:featuredmedia":[{"embeddable":true,"href":"https:\/\/power-cube.globeweb.stronazen.pl\/en\/wp-json\/wp\/v2\/media\/3465"}],"wp:attachment":[{"href":"https:\/\/power-cube.globeweb.stronazen.pl\/en\/wp-json\/wp\/v2\/media?parent=3464"}],"wp:term":[{"taxonomy":"product_cat","embeddable":true,"href":"https:\/\/power-cube.globeweb.stronazen.pl\/en\/wp-json\/wp\/v2\/product_cat?post=3464"},{"taxonomy":"product_tag","embeddable":true,"href":"https:\/\/power-cube.globeweb.stronazen.pl\/en\/wp-json\/wp\/v2\/product_tag?post=3464"}],"curies":[{"name":"wp","href":"https:\/\/api.w.org\/{rel}","templated":true}]}}