{"id":3441,"date":"2024-03-06T18:35:32","date_gmt":"2024-03-06T17:35:32","guid":{"rendered":"https:\/\/power-cube.globeweb.stronazen.pl\/produkt\/twinkly-flex-288-led-rgb-3-m\/"},"modified":"2024-04-24T19:23:13","modified_gmt":"2024-04-24T17:23:13","slug":"twinkly-flex-288-led-rgb-3-m","status":"publish","type":"product","link":"https:\/\/power-cube.globeweb.stronazen.pl\/en\/product\/twinkly-flex-288-led-rgb-3-m\/","title":{"rendered":"Twinkly Flex 288 LED RGB &#8211; 3 m"},"content":{"rendered":"<div class=\"video-container\" style=\"text-align: center;\"><iframe loading=\"lazy\" title=\"YouTube video player\" src=\"https:\/\/www.youtube.com\/embed\/ZZUrIl2zg-o?controls=0&amp;mute=1&amp;autoplay=1&amp;showinfo=0&amp;rel=0&amp;loop=1&amp;modestbranding=1&amp;playlist=ZZUrIl2zg-o\" width=\"100%\" height=\"100%\" frameborder=\"0\" allowfullscreen=\"allowfullscreen\"><\/iframe><\/div>\n<h1 style=\"text-align: center;\"><img decoding=\"async\" src=\"https:\/\/www.power-cube.pl\/upload\/twinkly\/TW-LOGO-BLACK.webp\" alt=\"twinkly logo\" \/><\/h1>\n<h1 style=\"text-align: center;\">Twinkly Flex 288 LED RGB, 3 m<\/h1>\n<h2 style=\"text-align: center;\">elastyczna listwa LED sterowana aplikacj\u0105, bia\u0142a<\/h2>\n<p style=\"text-align: center;\">TWFL300STW-WEU<\/p>\n<div class=\"flex\" style=\"padding-top: 2rem; padding-bottom: 1.5rem;\">\n<div class=\"flex flex-2\" style=\"padding-left: 5px; padding-right: 5px; text-align: center;\"><img decoding=\"async\" src=\"https:\/\/www.power-cube.pl\/upload\/twinkly\/flex\/large-TWFL300STW-WEU_Out-of-the-box.jpg\" alt=\"\" \/><\/div>\n<div class=\"flex flex-2\" style=\"padding-left: 5px; padding-right: 5px;\">\n<ul>\n<li><span style=\"font-size: 12pt;\">3 metry d\u0142ugo\u015bci, 288 diodd LED, bia\u0142y kabel<\/span><\/li>\n<li><span style=\"font-size: 12pt;\">Steruj za pomoc\u0105 smartfona (iOS i Android)<\/span><\/li>\n<li><span style=\"font-size: 12pt;\">Generacja II<\/span><\/li>\n<li><span style=\"font-size: 12pt;\">Po\u0142\u0105cz przez WiFi i Bluetooth<\/span><\/li>\n<li><span style=\"font-size: 12pt;\">Kompatybilne z Amazon Alexa i Google Home<\/span><\/li>\n<li><span style=\"font-size: 12pt;\">Create and customize your own effects<\/span><\/li>\n<li><span style=\"font-size: 12pt;\">Dostosuj jasno\u015b\u0107 i timer za pomoc\u0105 aplikacji<\/span><\/li>\n<li><span style=\"font-size: 12pt;\">Zasilacz i kontroler WiFi w zestawie<\/span><\/li>\n<li><span style=\"font-size: 12pt;\">Tylko do u\u017cytku wewn\u0119trznego<\/span><\/li>\n<\/ul><\/div>\n<\/p><\/div>\n<div class=\"flex\">\n<div class=\"flex flex-2\" style=\"padding-left: 5px; padding-right: 5px;\">\n<h2>Sterowana aplikacj\u0105 elastyczna listwa LED<\/h2>\n<p><span style=\"font-size: 12pt;\">Twinkly Flex to inteligentna, przypominaj\u0105ca neon, elastyczna ta\u015bma LED, kt\u00f3r\u0105 mo\u017cna sterowa\u0107 za pomoc\u0105 aplikacji i asystent\u00f3w g\u0142osowych. Dzi\u0119ki d\u0142ugo\u015bci 3 m Twinkly Flex mo\u017ce by\u0107 kszta\u0142towany w dowolny spos\u00f3b, zapewniaj\u0105c nowy poziom projektowania o\u015bwietlenia i kreatywno\u015bci w \u0142\u0105czeniu.<\/span><\/p>\n<p><span style=\"font-size: 12pt;\">Podobnie jak wszystkie produkty Twinkly, Flex mo\u017ce by\u0107 mapowany, a ka\u017cda pojedyncza dioda LED mo\u017ce by\u0107 sterowana indywidualnie, co pozwala na tworzenie i odtwarzanie unikalnych efekt\u00f3w, gradient\u00f3w i animacji kolor\u00f3w &#8211; Flex staje si\u0119 Twoim ekranem.<\/span><\/p>\n<\/p><\/div>\n<div class=\"flex flex-2\" style=\"padding-left: 5px; padding-right: 5px;\">\n<p style=\"text-align: center;\"><img decoding=\"async\" src=\"https:\/\/www.power-cube.pl\/upload\/twinkly\/flex\/large-TW_2021-RAZER_6613.webp\" alt=\"\" \/><\/p>\n<\/p><\/div>\n<\/p><\/div>\n<div class=\"flex\">\n<div class=\"flex flex-2\" style=\"padding-left: 5px; padding-right: 5px; text-align: center;\">\n<p style=\"background-color: black;\"><img decoding=\"async\" src=\"https:\/\/www.power-cube.pl\/upload\/twinkly\/flex\/mobile-scroll-twinkly.gif\" alt=\"\" \/><\/p>\n<\/p><\/div>\n<div class=\"flex flex-2\" style=\"padding-left: 5px; padding-right: 5px;\">\n<h2>Magia ukryta jest w aplikacji<\/h2>\n<p style=\"font-size: 12pt;\">Twinkly App umo\u017cliwia stworzenie niepowtarzalnego Flexa, dzi\u0119ki szerokiej gamie gotowych efekt\u00f3w i animacji, a tak\u017ce mo\u017cliwo\u015bci tworzenia w\u0142asnych od podstaw. Wszystkie efekty s\u0105 w pe\u0142ni konfigurowalne: jasno\u015b\u0107, pr\u0119dko\u015b\u0107, intensywno\u015b\u0107 i kolor mog\u0105 by\u0107 modyfikowane za pomoc\u0105 jednego dotkni\u0119cia, co daje nieograniczone mo\u017cliwo\u015bci tworzenia idealnych dekoracji \u015bwietlnych.<\/p>\n<p style=\"font-size: 12pt;\">Flex mo\u017ce by\u0107 \u0142\u0105czony z innymi urz\u0105dzeniami Twinkly, aby tworzy\u0107 wi\u0119ksze, zsynchronizowane instalacje \u015bwietlne.<\/p>\n<p> <\/p>\n<div style=\"margin-bottom: 1rem;\"><a href=\"https:\/\/play.google.com\/store\/apps\/details?id=com.twinkly\" target=\"_blank\" rel=\"noopener\"><img decoding=\"async\" style=\"max-width: 200px; height: auto;\" src=\"https:\/\/www.power-cube.pl\/upload\/twinkly\/googleplay.webp\" alt=\"Google Play\" \/><\/a><\/div>\n<div style=\"margin-bottom: 1rem;\"><a href=\"https:\/\/apps.apple.com\/app\/twinkly\/id1132187056\" target=\"_blank\" rel=\"noopener\"><img decoding=\"async\" style=\"max-width: 200px; height: auto;\" src=\"https:\/\/www.power-cube.pl\/upload\/twinkly\/appstore.webp\" alt=\"App Store\" \/><\/a><\/div>\n<\/p><\/div>\n<\/p><\/div>\n<div class=\"flex flex-1\" style=\"padding-left: 5px; padding-right: 5px;\">\n<h1 style=\"text-align: center; padding-top: 3rem;\">Twinkly wsp\u00f3\u0142pracuje z:<\/h1>\n<div class=\"flex flex-5\" style=\"text-align: center;\"><img decoding=\"async\" src=\"https:\/\/www.power-cube.pl\/upload\/twinkly\/google.webp\" alt=\"hey google\" \/><\/div>\n<div class=\"flex flex-5\" style=\"text-align: center;\"><img decoding=\"async\" src=\"https:\/\/www.power-cube.pl\/upload\/twinkly\/alexa.webp\" alt=\"alexa\" \/><\/div>\n<div class=\"flex flex-5\" style=\"text-align: center;\"><img decoding=\"async\" src=\"https:\/\/www.power-cube.pl\/upload\/twinkly\/razer-chroma.webp\" alt=\"razer chroma\" \/><\/div>\n<div class=\"flex flex-5\" style=\"text-align: center;\"><img decoding=\"async\" src=\"https:\/\/www.power-cube.pl\/upload\/twinkly\/applehomekit.webp\" alt=\"apple homekit\" \/><\/div>\n<div class=\"flex flex-5\" style=\"text-align: center;\"><img decoding=\"async\" src=\"https:\/\/www.power-cube.pl\/upload\/twinkly\/omen.webp\" alt=\"hp omen\" \/><\/div>\n<div class=\"flex flex-1\" style=\"padding-bottom: 3rem; padding-top: 3rem;\">\n<p style=\"text-align: center; font-size: 12pt;\">Twinkly Flex mo\u017cna bezproblemowo kontrolowa\u0107 za pomoc\u0105 asystent\u00f3w g\u0142osowych, takich jak Google Asisstant i Amazon Alexa, a tak\u017ce za pomoc\u0105 Apple HomeKit, Homey i Razer Chroma\u2122 RGB za po\u015brednictwem <a href=\"https:\/\/twinkly-files.s3.us-east-2.amazonaws.com\/razer\/TwinklyRazerSetup.zip\" target=\"_blank\" rel=\"noopener\">Twinkly Chroma Connector<\/a>, aby zwi\u0119kszy\u0107 wra\u017cenia z gry dzi\u0119ki osza\u0142amiaj\u0105cym efektom \u015bwietlnym, kt\u00f3re reaguj\u0105 na Twoj\u0105 rozgrywk\u0119.<\/p>\n<p style=\"text-align: center; font-size: 12pt;\">Rozpocz\u0119cie pracy z Flexem jest super proste: szybki i intuicyjny proces konfiguracji pomaga uruchomi\u0107 urz\u0105dzenie w ci\u0105gu kilku sekund za po\u015brednictwem Bluetooth\u00ae i Wi-Fi.<\/p>\n<\/p><\/div>\n<\/p><\/div>\n<div class=\"flex\" style=\"padding-left: 5px; padding-right: 5px;\">\n<div class=\"flex flex-1\" style=\"color: white; !important; background-color: black; padding: 1em 0 1em 0;\">\n<h1 style=\"text-align: center; background-color: black; color: white;\">Jak zainstalowa\u0107?<\/h1>\n<div class=\"flex flex-3\" style=\"text-align: center; background-color: black; padding: 1em 1em 1em 1em;\">\n<p style=\"text-align: center;\"><img decoding=\"async\" src=\"https:\/\/www.power-cube.pl\/upload\/twinkly\/decorate-1.webp\" alt=\"\" \/><\/p>\n<p> <\/p>\n<h3 style=\"text-transform: uppercase; color: white!important;\">Udekoruj<\/h3>\n<p> <\/p>\n<p style=\"font-size: 12pt;\">Mo\u017cesz przyklei\u0107 Flexa za pomoc\u0105 dwustronnej ta\u015bmy lub u\u017cy\u0107 \u015brub i klips\u00f3w znajduj\u0105cych si\u0119 w zestawie.<\/p>\n<\/p><\/div>\n<div class=\"flex flex-3\" style=\"text-align: center; background-color: black; padding: 1em 1em 1em 1em;\">\n<p style=\"text-align: center;\"><img decoding=\"async\" src=\"https:\/\/www.power-cube.pl\/upload\/twinkly\/map-1.webp\" alt=\"\" \/><\/p>\n<p> <\/p>\n<h3 style=\"text-transform: uppercase; color: white!important;\">Zmapuj LEDy<\/h3>\n<p> <\/p>\n<p style=\"font-size: 12pt;\">Popraw sw\u00f3j uk\u0142ad mapuj\u0105c Flex za pomoc\u0105 aparatu smartfona w aplikacji Twinkly.<\/p>\n<\/p><\/div>\n<div class=\"flex flex-3\" style=\"text-align: center; background-color: black; padding: 1em 1em 1em 1em;\">\n<p style=\"text-align: center;\"><img decoding=\"async\" src=\"https:\/\/www.power-cube.pl\/upload\/twinkly\/play-effects-layout-1.webp\" alt=\"\" \/><\/p>\n<p> <\/p>\n<h3 style=\"text-transform: uppercase; color: white!important;\">Odtwarzaj efekty<\/h3>\n<p> <\/p>\n<p style=\"font-size: 12pt;\">Odtwarzaj niesamowite efekty z galerii lub tw\u00f3rz w\u0142asne wewn\u0105trz aplikacji.<\/p>\n<\/p><\/div>\n<\/p><\/div>\n<\/p><\/div>\n<div class=\"flex flex-2\" style=\"padding-left: 5px; padding-right: 5px;\">\n<p style=\"text-align: center;\"><img decoding=\"async\" src=\"https:\/\/www.power-cube.pl\/upload\/twinkly\/flex\/large-TW_2021-HOME_7991.webp\" alt=\"\" \/><\/p>\n<\/p><\/div>\n<div class=\"flex flex-2\" style=\"padding-left: 5px; padding-right: 5px;\">\n<p style=\"text-align: center;\"><img decoding=\"async\" src=\"https:\/\/www.power-cube.pl\/upload\/twinkly\/flex\/large-TW_2021-FLEX_6318.webp\" alt=\"\" \/><\/p>\n<\/p><\/div>\n<div class=\"flex flex-1\" style=\"padding-left: 5px; padding-right: 5px;\">\n<div class=\"flex flex-2\" style=\"padding-left: 5px; padding-right: 5px;\">\n<p style=\"text-align: center;\"><img decoding=\"async\" style=\"max-width: 65%; height: auto;\" src=\"https:\/\/www.power-cube.pl\/upload\/twinkly\/flex\/flexible-multiple.webp\" alt=\"\" \/><\/p>\n<\/p><\/div>\n<div class=\"flex flex-2\" style=\"padding-left: 5px; padding-right: 5px;\">\n<h2>Rozci\u0105gnij swoje kreatywne mi\u0119\u015bnie<\/h2>\n<p style=\"font-size: 12pt;\">Ukszta\u0142tuj go jak nut\u0119 muzyczn\u0105 lub swoj\u0105 osobist\u0105 maskotk\u0119. Albo nadaj Flexowi minimalistyczny kszta\u0142t &#8211; po prostu u\u017cyj klips\u00f3w i uchwyt\u00f3w aby przymocowa\u0107 sw\u00f3j projekt na miejscu. Mo\u017cesz umie\u015bci\u0107 go na \u015bcianie, a nawet w ramce: to Ty jeste\u015b artyst\u0105.<\/p>\n<p style=\"font-size: 12pt;\">Aby u\u0142atwi\u0107 Tobie rozpocz\u0119cie pracy do pude\u0142ka do\u0142\u0105czamy kilka przyk\u0142adowych projekt\u00f3w, kt\u00f3re mo\u017cesz wykona\u0107 wraz z produktem.<\/p>\n<p style=\"font-size: 12pt;\">Opatentowane przez Twinkly narz\u0119dzie do mapowania wykorzystuje kamer\u0119 smartfona, aby zlokalizowa\u0107 kszta\u0142t i dok\u0142adne po\u0142o\u017cenie ka\u017cdego centymetra Flexa, niezale\u017cnie od tego, jak go roz\u0142o\u017cysz. Ten pot\u0119\u017cny i innowacyjny proces pozwala Ci kontrolowa\u0107 Flexa jak ekran: mo\u017cesz odtwarza\u0107 profesjonalne, doskona\u0142e co do piksela efekty i animacje bezpo\u015brednio na swojej dekoracji.<\/p>\n<p style=\"font-size: 12pt;\">Twinkly Flex mo\u017ce by\u0107 u\u017cywany w po\u0142\u0105czeniu z Twinkly Music, ma\u0142ym urz\u0105dzeniem USB (sprzedawanym oddzielnie) zdolnym do rozpoznawania i interpretowania dowolnego \u017ar\u00f3d\u0142a muzyki odtwarzanej w otoczeniu, umo\u017cliwiaj\u0105c \u015bwiat\u0142om pod\u0105\u017canie za rytmem, co daje efekt WOW.<\/p>\n<\/p><\/div>\n<\/p><\/div>\n<div class=\"flex flex-2\" style=\"padding-left: 5px; padding-right: 5px;\">\n<p style=\"text-align: center;\"><img decoding=\"async\" src=\"https:\/\/www.power-cube.pl\/upload\/twinkly\/flex\/large-TW_2021-FLEX_8716.webp\" alt=\"\" \/><\/p>\n<\/p><\/div>\n<div class=\"flex flex-2\" style=\"padding-left: 5px; padding-right: 5px;\">\n<p style=\"text-align: center;\"><img decoding=\"async\" src=\"https:\/\/www.power-cube.pl\/upload\/twinkly\/flex\/large-TW_2021-HOME_9090.webp\" alt=\"\" \/><\/p>\n<\/p><\/div>\n<div class=\"flex\" style=\"padding-left: 5px; padding-right: 5px;\">\n<div class=\"flex\" style=\"color: white; !important; background-color: black; padding: 1em 0 1em 0;\">\n<h1 style=\"text-align: center; background-color: black; color: white;\">Jak dzia\u0142a Twinkly?<\/h1>\n<div class=\"flex flex-2\" style=\"text-align: center; background-color: black; padding: 1em 1em 1em 1em;\">\n<p style=\"text-align: center;\"><img decoding=\"async\" src=\"https:\/\/www.power-cube.pl\/upload\/twinkly\/control-1.webp\" alt=\"\" \/><\/p>\n<p> <\/p>\n<h3 style=\"text-transform: uppercase; color: white!important;\">Steruj aplikacj\u0105<\/h3>\n<p> <\/p>\n<p style=\"font-size: 12pt;\">Steruj swoim systemem Flex za pomoc\u0105 pi\u0119knie wykonanej, \u0142atwej w obs\u0142udze aplikacji Twinkly.<\/p>\n<\/p><\/div>\n<div class=\"flex flex-2\" style=\"text-align: center; background-color: black; padding: 1em 1em 1em 1em;\">\n<p style=\"text-align: center;\"><img decoding=\"async\" src=\"https:\/\/www.power-cube.pl\/upload\/twinkly\/play-1.webp\" alt=\"\" \/><\/p>\n<p> <\/p>\n<h3 style=\"text-transform: uppercase; color: white!important;\">Odtwarzaj zaawansowane efekty<\/h3>\n<p> <\/p>\n<p style=\"font-size: 12pt;\">Popraw sw\u00f3j uk\u0142ad mapuj\u0105c Flex za pomoc\u0105 aparatu smartfona w aplikacji Twinkly.<\/p>\n<\/p><\/div>\n<div class=\"flex flex-2\" style=\"text-align: center; background-color: black; padding: 1em 1em 1em 1em;\">\n<p style=\"text-align: center;\"><img decoding=\"async\" src=\"https:\/\/www.power-cube.pl\/upload\/twinkly\/music-1.webp\" alt=\"\" \/><\/p>\n<p> <\/p>\n<h3 style=\"text-transform: uppercase; color: white!important;\">Ta\u0144cz\u0105c do rytmu<\/h3>\n<p> <\/p>\n<p style=\"font-size: 12pt;\">Spraw, by Tw\u00f3j Flex ta\u0144czy\u0142 w rytm muzyki, u\u017cywaj\u0105c opcjonalnego mikrofonu Twinkly Music.<\/p>\n<\/p><\/div>\n<div class=\"flex flex-2\" style=\"text-align: center; background-color: black; padding: 1em 1em 1em 1em;\">\n<p style=\"text-align: center;\"><img decoding=\"async\" src=\"https:\/\/www.power-cube.pl\/upload\/twinkly\/group-1.webp\" alt=\"\" \/><\/p>\n<p> <\/p>\n<h3 style=\"text-transform: uppercase; color: white!important;\">Pogrupuj je razem<\/h3>\n<p> <\/p>\n<p style=\"font-size: 12pt;\">Wirtualnie po\u0142\u0105cz wiele urz\u0105dze\u0144 Twinkly, aby przekszta\u0142ci\u0107 wiele dekoracji w jedn\u0105 pi\u0119kn\u0105 instalacj\u0119<\/p>\n<\/p><\/div>\n<\/p><\/div>\n<\/p><\/div>\n<div class=\"flex flex-2\" style=\"padding-left: 5px; padding-right: 5px;\">\n<p style=\"text-align: center;\"><img decoding=\"async\" src=\"https:\/\/www.power-cube.pl\/upload\/twinkly\/flex\/large-TW_2021-FLEX_8335.webp\" alt=\"\" \/><\/p>\n<\/p><\/div>\n<div class=\"flex flex-2\" style=\"padding-left: 5px; padding-right: 5px;\">\n<p style=\"text-align: center;\"><img decoding=\"async\" src=\"https:\/\/www.power-cube.pl\/upload\/twinkly\/flex\/large-TW_2021-RAZER_7162.webp\" alt=\"\" \/><\/p>\n<\/p><\/div>\n<p class=\"flex flex-1\" style=\"text-align: center;\"><img decoding=\"async\" src=\"https:\/\/www.power-cube.pl\/upload\/twinkly\/flex\/large-TWFL300STW-WEU_Out-of-the-box.jpg\" alt=\"\" \/><\/p>\n<p class=\"flex flex-1\" style=\"text-align: center;\">","protected":false},"excerpt":{"rendered":"<h1 style=\"text-align: center;\">Twinkly Flex 288 LED RGB, 3 m<\/h1>\n<h2 style=\"text-align: center;\">elastyczna neon LED sterowany aplikacj\u0105<\/h2>\n<p style=\"text-align: center;\">TWFL300STW-WEU<\/p>","protected":false},"featured_media":3442,"comment_status":"open","ping_status":"closed","template":"","meta":{"_acf_changed":false,"_kad_blocks_custom_css":"","_kad_blocks_head_custom_js":"","_kad_blocks_body_custom_js":"","_kad_blocks_footer_custom_js":""},"product_cat":[109,114],"product_tag":[],"class_list":{"0":"post-3441","1":"product","2":"type-product","3":"status-publish","4":"has-post-thumbnail","6":"product_cat-twinkly","7":"product_cat-flex-neony-led","9":"first","10":"instock","11":"taxable","12":"shipping-taxable","13":"purchasable","14":"product-type-simple"},"acf":[],"taxonomy_info":{"product_cat":[{"value":109,"label":"Twinkly"},{"value":114,"label":"Flex - neony LED"}]},"featured_image_src_large":["https:\/\/power-cube.globeweb.stronazen.pl\/wp-content\/uploads\/2024\/03\/2799-1024x1024.jpg",980,980,true],"author_info":[],"comment_info":0,"_links":{"self":[{"href":"https:\/\/power-cube.globeweb.stronazen.pl\/en\/wp-json\/wp\/v2\/product\/3441"}],"collection":[{"href":"https:\/\/power-cube.globeweb.stronazen.pl\/en\/wp-json\/wp\/v2\/product"}],"about":[{"href":"https:\/\/power-cube.globeweb.stronazen.pl\/en\/wp-json\/wp\/v2\/types\/product"}],"replies":[{"embeddable":true,"href":"https:\/\/power-cube.globeweb.stronazen.pl\/en\/wp-json\/wp\/v2\/comments?post=3441"}],"wp:featuredmedia":[{"embeddable":true,"href":"https:\/\/power-cube.globeweb.stronazen.pl\/en\/wp-json\/wp\/v2\/media\/3442"}],"wp:attachment":[{"href":"https:\/\/power-cube.globeweb.stronazen.pl\/en\/wp-json\/wp\/v2\/media?parent=3441"}],"wp:term":[{"taxonomy":"product_cat","embeddable":true,"href":"https:\/\/power-cube.globeweb.stronazen.pl\/en\/wp-json\/wp\/v2\/product_cat?post=3441"},{"taxonomy":"product_tag","embeddable":true,"href":"https:\/\/power-cube.globeweb.stronazen.pl\/en\/wp-json\/wp\/v2\/product_tag?post=3441"}],"curies":[{"name":"wp","href":"https:\/\/api.w.org\/{rel}","templated":true}]}}