{"id":3385,"date":"2024-03-06T18:35:34","date_gmt":"2024-03-06T17:35:34","guid":{"rendered":"https:\/\/power-cube.globeweb.stronazen.pl\/produkt\/twinkly-pre-lit-garland-50-led-rgbw\/"},"modified":"2024-04-24T19:23:11","modified_gmt":"2024-04-24T17:23:11","slug":"twinkly-pre-lit-garland-50-led-rgbw","status":"publish","type":"product","link":"https:\/\/power-cube.globeweb.stronazen.pl\/en\/product\/twinkly-pre-lit-garland-50-led-rgbw\/","title":{"rendered":"Twinkly Pre-lit Garland 50 LED RGBW"},"content":{"rendered":"<div class=\"video-container\" style=\"text-align: center;\"><iframe loading=\"lazy\" title=\"YouTube video player\" src=\"https:\/\/www.youtube.com\/embed\/xxcTiRKwir0?controls=0&amp;mute=1&amp;autoplay=1&amp;showinfo=0&amp;rel=0&amp;loop=1&amp;modestbranding=1&amp;playlist=xxcTiRKwir0,VkAccFJuDf8,QZuo2GbLgck,b4ORtC5e7G0,zhFzRyFOBZQ\" width=\"100%\" height=\"100%\" frameborder=\"0\" allowfullscreen=\"allowfullscreen\"><\/iframe><\/div>\n<h1 style=\"text-align: center;\"><img decoding=\"async\" src=\"https:\/\/www.power-cube.pl\/upload\/twinkly\/TW-LOGO-BLACK.webp\" alt=\"twinkly logo\" \/><\/h1>\n<h1 style=\"text-align: center;\">Twinkly Garland 50 LED RGB + W &#8211; 2,7 m<\/h1>\n<h2 style=\"text-align: center;\">Twinkly to rewolucyjne lampki choinkowe LED RGB + W<\/h2>\n<p style=\"text-align: center;\">TWG050SPP-BEU<\/p>\n<div class=\"flex\" style=\"padding-top: 2rem; padding-bottom: 1.5rem;\">\n<div class=\"flex flex-2\" style=\"padding-left: 5px; padding-right: 5px;\"><img decoding=\"async\" src=\"https:\/\/power-cube.pl\/upload\/twinkly\/garland\/large-TWG050SPP_Packaging.webp\" alt=\"\" \/><\/div>\n<div class=\"flex flex-2\" style=\"padding-left: 5px; padding-right: 5px;\">\n<ul>\n<li><span style=\"font-size: 12pt;\">2,7 m d\u0142ugo\u015bci, 50 diod LED RGB+W, 16 milion\u00f3w kolor\u00f3w+ciep\u0142a biel<\/span><\/li>\n<li><span style=\"font-size: 12pt;\">Steruj za pomoc\u0105 smartfona (iOS i Android)<\/span><\/li>\n<li><span style=\"font-size: 12pt;\">Generacja II<\/span><\/li>\n<li><span style=\"font-size: 12pt;\">Po\u0142\u0105cz przez WiFi i Bluetooth<\/span><\/li>\n<li><span style=\"font-size: 12pt;\">Synchronizacja do 4000 diod lub 10 urz\u0105dze\u0144<\/span><\/li>\n<li><span style=\"font-size: 12pt;\">Create and customize your own effects<\/span><\/li>\n<li><span style=\"font-size: 12pt;\">Dostosuj jasno\u015b\u0107 i timer za pomoc\u0105 aplikacji<\/span><\/li>\n<li><span style=\"font-size: 12pt;\">Zasilacz i kontroler WiFi w zestawie<\/span><\/li>\n<li><span style=\"font-size: 12pt;\">Do u\u017cytku wewn\u0119trznego i zewn\u0119trznego IP44<\/span><\/li>\n<\/ul><\/div>\n<\/p><\/div>\n<div class=\"flex\">\n<div class=\"flex flex-2\" style=\"padding-left: 5px; padding-right: 5px;\">\n<h2>\u015awiec\u0105ca girlanda Twinkly. Sztuczna girlanda \u015bwi\u0105teczna<\/h2>\n<p><span style=\"font-size: 12pt;\">Twinkly to sztuczna girlanda \u015bwi\u0105teczna LED, wyposa\u017cona w najbardziej zaawansowan\u0105 technologi\u0119 do dekorowania Twojego domu. <\/span><\/p>\n<p><span style=\"font-size: 12pt;\">Twinkly Garland to 50 jasnych, kolorowych diod LED RGB+W, kontroler z po\u0142\u0105czeniem wi-fi i bluetooth oraz najnowocze\u015bniejsza aplikacja na smartfona. Wszystko razem pozwala na \u0142atwe i szybkie tworzenie niesamowitych animacji.<\/span><\/p>\n<\/p><\/div>\n<div class=\"flex flex-2\" style=\"padding-left: 5px; padding-right: 5px;\">\n<p style=\"text-align: center;\"><img decoding=\"async\" src=\"https:\/\/power-cube.pl\/upload\/twinkly\/garland\/large-TW-XMAS2019-RGB1.webp\" alt=\"\" \/><\/p>\n<\/p><\/div>\n<\/p><\/div>\n<div class=\"flex\">\n<div class=\"flex flex-2\" style=\"padding-left: 5px; padding-right: 5px; text-align: center;\">\n<p style=\"background-color: black;\"><img decoding=\"async\" src=\"https:\/\/www.power-cube.pl\/upload\/twinkly\/flex\/mobile-scroll-twinkly.gif\" alt=\"\" \/><\/p>\n<\/p><\/div>\n<div class=\"flex flex-2\" style=\"padding-left: 5px; padding-right: 5px;\">\n<h2>Magia ukryta jest w aplikacji<\/h2>\n<p style=\"font-size: 12pt;\">Twinkly App umo\u017cliwia stworzenie niepowtarzalnej dekoracji \u015bwietlnej, dzi\u0119ki szerokiej gamie gotowych efekt\u00f3w i animacji, a tak\u017ce mo\u017cliwo\u015bci tworzenia w\u0142asnych od podstaw. Wszystkie efekty s\u0105 w pe\u0142ni konfigurowalne: jasno\u015b\u0107, pr\u0119dko\u015b\u0107, intensywno\u015b\u0107 i kolor mog\u0105 by\u0107 modyfikowane za pomoc\u0105 jednego dotkni\u0119cia, co daje nieograniczone mo\u017cliwo\u015bci tworzenia idealnych dekoracji \u015bwietlnych.<\/p>\n<p style=\"font-size: 12pt;\">Garland mog\u0105 by\u0107 \u0142\u0105czone z innymi urz\u0105dzeniami Twinkly, aby tworzy\u0107 wi\u0119ksze, zsynchronizowane instalacje \u015bwietlne.<\/p>\n<p> <\/p>\n<div style=\"margin-bottom: 1rem;\"><a href=\"https:\/\/play.google.com\/store\/apps\/details?id=com.twinkly\" target=\"_blank\" rel=\"noopener\"><img decoding=\"async\" style=\"max-width: 200px; height: auto;\" src=\"https:\/\/www.power-cube.pl\/upload\/twinkly\/googleplay.webp\" alt=\"Google Play\" \/><\/a><\/div>\n<div style=\"margin-bottom: 1rem;\"><a href=\"https:\/\/apps.apple.com\/app\/twinkly\/id1132187056\" target=\"_blank\" rel=\"noopener\"><img decoding=\"async\" style=\"max-width: 200px; height: auto;\" src=\"https:\/\/www.power-cube.pl\/upload\/twinkly\/appstore.webp\" alt=\"App Store\" \/><\/a><\/div>\n<\/p><\/div>\n<\/p><\/div>\n<div class=\"flex flex-1\" style=\"padding-left: 5px; padding-right: 5px;\">\n<h1 style=\"text-align: center; padding-top: 3rem;\">Twinkly wsp\u00f3\u0142pracuje z:<\/h1>\n<div class=\"flex flex-5\" style=\"text-align: center;\"><img decoding=\"async\" src=\"https:\/\/www.power-cube.pl\/upload\/twinkly\/google.webp\" alt=\"hey google\" \/><\/div>\n<div class=\"flex flex-5\" style=\"text-align: center;\"><img decoding=\"async\" src=\"https:\/\/www.power-cube.pl\/upload\/twinkly\/alexa.webp\" alt=\"alexa\" \/><\/div>\n<div class=\"flex flex-5\" style=\"text-align: center;\"><img decoding=\"async\" src=\"https:\/\/www.power-cube.pl\/upload\/twinkly\/razer-chroma.webp\" alt=\"razer chroma\" \/><\/div>\n<div class=\"flex flex-5\" style=\"text-align: center;\"><img decoding=\"async\" src=\"https:\/\/www.power-cube.pl\/upload\/twinkly\/applehomekit.webp\" alt=\"apple homekit\" \/><\/div>\n<div class=\"flex flex-5\" style=\"text-align: center;\"><img decoding=\"async\" src=\"https:\/\/www.power-cube.pl\/upload\/twinkly\/omen.webp\" alt=\"hp omen\" \/><\/div>\n<div class=\"flex flex-1\" style=\"padding-bottom: 3rem; padding-top: 3rem;\">\n<p style=\"text-align: center; font-size: 12pt;\">Lampki Twinkly mo\u017cna bezproblemowo kontrolowa\u0107 za pomoc\u0105 asystent\u00f3w g\u0142osowych, takich jak Google Asisstant i Amazon Alexa, a tak\u017ce za pomoc\u0105 Homey i Razer Chroma\u2122 RGB za po\u015brednictwem <a href=\"https:\/\/twinkly-files.s3.us-east-2.amazonaws.com\/razer\/TwinklyRazerSetup.zip\" target=\"_blank\" rel=\"noopener\">Twinkly Chroma Connector<\/a>, aby zwi\u0119kszy\u0107 wra\u017cenia z gry dzi\u0119ki osza\u0142amiaj\u0105cym efektom \u015bwietlnym, kt\u00f3re reaguj\u0105 na Twoj\u0105 rozgrywk\u0119.<\/p>\n<p style=\"text-align: center; font-size: 12pt;\">Rozpocz\u0119cie pracy z Twinkly jest super proste: szybki i intuicyjny proces konfiguracji pomaga uruchomi\u0107 urz\u0105dzenie w ci\u0105gu kilku sekund za po\u015brednictwem Bluetooth\u00ae i Wi-Fi.<\/p>\n<\/p><\/div>\n<\/p><\/div>\n<div class=\"flex flex-2\" style=\"padding-left: 5px; padding-right: 5px;\">\n<p style=\"text-align: center;\"><img decoding=\"async\" src=\"https:\/\/power-cube.pl\/upload\/twinkly\/garland\/large-TW-XMAS2019-RGB2.webp\" alt=\"\" \/><\/p>\n<\/p><\/div>\n<div class=\"flex flex-2\" style=\"padding-left: 5px; padding-right: 5px;\">\n<p style=\"text-align: center;\"><img decoding=\"async\" src=\"https:\/\/power-cube.pl\/upload\/twinkly\/garland\/large-TW-XMAS2019-RGB3.webp\" alt=\"\" \/><\/p>\n<\/p><\/div>\n<div class=\"flex\" style=\"padding-left: 5px; padding-right: 5px;\">\n<div class=\"flex\" style=\"color: white; !important; background-color: black; padding: 1em 0 1em 0;\">\n<h1 style=\"text-align: center; background-color: black; color: white;\">Jak dzia\u0142a Twinkly?<\/h1>\n<div class=\"flex flex-2\" style=\"text-align: center; background-color: black; padding: 1em 1em 1em 1em;\">\n<p style=\"text-align: center;\"><img decoding=\"async\" src=\"https:\/\/www.power-cube.pl\/upload\/twinkly\/control-1.webp\" alt=\"\" \/><\/p>\n<p> <\/p>\n<h3 style=\"text-transform: uppercase; color: white!important;\">Steruj aplikacj\u0105<\/h3>\n<p> <\/p>\n<p style=\"font-size: 12pt;\">Steruj swoimi lampkami Twinkly za pomoc\u0105 pi\u0119knie wykonanej, \u0142atwej w obs\u0142udze aplikacji Twinkly.<\/p>\n<\/p><\/div>\n<div class=\"flex flex-2\" style=\"text-align: center; background-color: black; padding: 1em 1em 1em 1em;\">\n<p style=\"text-align: center;\"><img decoding=\"async\" src=\"https:\/\/www.power-cube.pl\/upload\/twinkly\/play-1.webp\" alt=\"\" \/><\/p>\n<p> <\/p>\n<h3 style=\"text-transform: uppercase; color: white!important;\">Odtwarzaj zaawansowane efekty<\/h3>\n<p> <\/p>\n<p style=\"font-size: 12pt;\">Popraw sw\u00f3j uk\u0142ad mapuj\u0105c lampki za pomoc\u0105 aparatu smartfona w aplikacji Twinkly.<\/p>\n<\/p><\/div>\n<div class=\"flex flex-2\" style=\"text-align: center; background-color: black; padding: 1em 1em 1em 1em;\">\n<p style=\"text-align: center;\"><img decoding=\"async\" src=\"https:\/\/www.power-cube.pl\/upload\/twinkly\/music-1.webp\" alt=\"\" \/><\/p>\n<p> <\/p>\n<h3 style=\"text-transform: uppercase; color: white!important;\">Ta\u0144cz\u0105c do rytmu<\/h3>\n<p> <\/p>\n<p style=\"font-size: 12pt;\">Spraw, by Twinkly ta\u0144czy\u0142 w rytm muzyki, u\u017cywaj\u0105c opcjonalnego mikrofonu Twinkly Music.<\/p>\n<\/p><\/div>\n<div class=\"flex flex-2\" style=\"text-align: center; background-color: black; padding: 1em 1em 1em 1em;\">\n<p style=\"text-align: center;\"><img decoding=\"async\" src=\"https:\/\/www.power-cube.pl\/upload\/twinkly\/group-1.webp\" alt=\"\" \/><\/p>\n<p> <\/p>\n<h3 style=\"text-transform: uppercase; color: white!important;\">Pogrupuj je razem<\/h3>\n<p> <\/p>\n<p style=\"font-size: 12pt;\">Wirtualnie po\u0142\u0105cz wiele urz\u0105dze\u0144 Twinkly, aby przekszta\u0142ci\u0107 wiele dekoracji w jedn\u0105 pi\u0119kn\u0105 instalacj\u0119<\/p>\n<\/p><\/div>\n<\/p><\/div>\n<\/p><\/div>\n<div class=\"flex\">\n<div class=\"flex flex-2\" style=\"padding-left: 5px; padding-right: 5px;\">\n<h2>Twinkly i Razer Chroma tworz\u0105 jedno\u015b\u0107<\/h2>\n<p><span style=\"font-size: 12pt;\">Dzi\u0119ki rewolucyjnej technologii, Twinkly i Razer Chroma\u2122 RGB przenosz\u0105 rozgrywk\u0119 na wy\u017cszy poziom, daj\u0105c graczom wielozmys\u0142owe wra\u017cenia z gry.<\/span><\/p>\n<p><span style=\"font-size: 12pt;\">Ta aplikacja umo\u017cliwia u\u017cytkownikom pod\u0142\u0105czenie ca\u0142ej gamy produkt\u00f3w Twinkly do Razer Chroma\u2122 RGB. Twinkly Chroma Connector rozszerza wra\u017cenia z gry poza ekran dzi\u0119ki responsywnym efektom \u015bwietlnym wyzwalanym przez wydarzenia w grze.<\/span><\/p>\n<\/p><\/div>\n<div class=\"flex flex-2\" style=\"padding-left: 5px; padding-right: 5px;\">\n<p style=\"text-align: center;\"><img decoding=\"async\" src=\"https:\/\/power-cube.pl\/upload\/twinkly\/razer.webp\" alt=\"\" \/><\/p>\n<\/p><\/div>\n<\/p><\/div>\n<div class=\"flex flex-2\" style=\"padding-left: 5px; padding-right: 5px;\">\n<p style=\"text-align: center;\"><img decoding=\"async\" src=\"https:\/\/power-cube.pl\/upload\/twinkly\/garland\/large-TWG050SPP_DETAIL1.webp\" alt=\"\" \/><\/p>\n<\/p><\/div>\n<div class=\"flex flex-2\" style=\"padding-left: 5px; padding-right: 5px;\">\n<p style=\"text-align: center;\"><img decoding=\"async\" src=\"https:\/\/power-cube.pl\/upload\/twinkly\/garland\/large-TWG050SPP_DETAIL2.webp\" alt=\"\" \/><\/p>\n<\/p><\/div>\n<div class=\"flex flex-2\" style=\"padding-left: 5px; padding-right: 5px;\">\n<p style=\"text-align: center;\"><img decoding=\"async\" src=\"https:\/\/power-cube.pl\/upload\/twinkly\/garland\/large-TWG050SPP_DETAIL3.webp\" alt=\"\" \/><\/p>\n<\/p><\/div>\n<div class=\"flex flex-2\" style=\"padding-left: 5px; padding-right: 5px;\">\n<p style=\"text-align: center;\"><img decoding=\"async\" src=\"https:\/\/power-cube.pl\/upload\/twinkly\/garland\/large-TWG050SPP_TOP.webp\" alt=\"\" \/><\/p>\n<\/p><\/div>","protected":false},"excerpt":{"rendered":"<h1 style=\"text-align: center;\">Twinkly Garland 50 LED RGB+W &#8211; 2,7 m<\/h1>\n<h3 style=\"text-align: center;\">TWG050SPP-BEU<\/h3>\n<h2 style=\"text-align: center;\">Twinkly to rewolucyjne lampki choinkowe LED RGB + W<\/h2>","protected":false},"featured_media":3386,"comment_status":"open","ping_status":"closed","template":"","meta":{"_acf_changed":false,"_kad_blocks_custom_css":"","_kad_blocks_head_custom_js":"","_kad_blocks_body_custom_js":"","_kad_blocks_footer_custom_js":""},"product_cat":[109,130],"product_tag":[],"class_list":{"0":"post-3385","1":"product","2":"type-product","3":"status-publish","4":"has-post-thumbnail","6":"product_cat-twinkly","7":"product_cat-pre-lit-garland-led","9":"first","10":"outofstock","11":"taxable","12":"shipping-taxable","13":"purchasable","14":"product-type-simple"},"acf":[],"taxonomy_info":{"product_cat":[{"value":109,"label":"Twinkly"},{"value":130,"label":"Pre-Lit Garland LED"}]},"featured_image_src_large":["https:\/\/power-cube.globeweb.stronazen.pl\/wp-content\/uploads\/2024\/03\/2699-1024x768.jpg",980,735,true],"author_info":[],"comment_info":0,"_links":{"self":[{"href":"https:\/\/power-cube.globeweb.stronazen.pl\/en\/wp-json\/wp\/v2\/product\/3385"}],"collection":[{"href":"https:\/\/power-cube.globeweb.stronazen.pl\/en\/wp-json\/wp\/v2\/product"}],"about":[{"href":"https:\/\/power-cube.globeweb.stronazen.pl\/en\/wp-json\/wp\/v2\/types\/product"}],"replies":[{"embeddable":true,"href":"https:\/\/power-cube.globeweb.stronazen.pl\/en\/wp-json\/wp\/v2\/comments?post=3385"}],"wp:featuredmedia":[{"embeddable":true,"href":"https:\/\/power-cube.globeweb.stronazen.pl\/en\/wp-json\/wp\/v2\/media\/3386"}],"wp:attachment":[{"href":"https:\/\/power-cube.globeweb.stronazen.pl\/en\/wp-json\/wp\/v2\/media?parent=3385"}],"wp:term":[{"taxonomy":"product_cat","embeddable":true,"href":"https:\/\/power-cube.globeweb.stronazen.pl\/en\/wp-json\/wp\/v2\/product_cat?post=3385"},{"taxonomy":"product_tag","embeddable":true,"href":"https:\/\/power-cube.globeweb.stronazen.pl\/en\/wp-json\/wp\/v2\/product_tag?post=3385"}],"curies":[{"name":"wp","href":"https:\/\/api.w.org\/{rel}","templated":true}]}}