{"id":3341,"date":"2024-03-06T18:35:38","date_gmt":"2024-03-06T17:35:38","guid":{"rendered":"https:\/\/power-cube.globeweb.stronazen.pl\/produkt\/twinkly-squares-combo-pack-6-modulow-rgb-led-1-master-5-rozszerzen\/"},"modified":"2024-04-24T19:23:09","modified_gmt":"2024-04-24T17:23:09","slug":"twinkly-squares-combo-pack-6-modulow-rgb-led-1-master-5-rozszerzen","status":"publish","type":"product","link":"https:\/\/power-cube.globeweb.stronazen.pl\/en\/product\/twinkly-squares-combo-pack-6-modulow-rgb-led-1-master-5-rozszerzen\/","title":{"rendered":"Twinkly Squares Combo Pack 6 modu\u0142\u00f3w RGB LED (1 master + 5 rozszerze\u0144)"},"content":{"rendered":"<div>\n<div class=\"video-container\" style=\"text-align: center;\"><iframe loading=\"lazy\" title=\"YouTube video player\" src=\"https:\/\/www.youtube.com\/embed\/hIIdzRvhxic?controls=0&amp;mute=1&amp;autoplay=1&amp;showinfo=0&amp;rel=0&amp;loop=1&amp;modestbranding=1&amp;playlist=hIIdzRvhxic,zhFzRyFOBZQ,5T9DnI4B6KE,7LmXUwMUELA\" width=\"100%\" height=\"100%\" frameborder=\"0\" allowfullscreen=\"allowfullscreen\"><\/iframe><\/div>\n<h1 style=\"text-align: center;\"><img decoding=\"async\" src=\"https:\/\/www.power-cube.pl\/upload\/twinkly\/TW-LOGO-BLACK.webp\" alt=\"twinkly logo\" \/><\/h1>\n<h1 style=\"text-align: center;\">Twinkly Squares Combo Pack 6 Blocks RGB LED<\/h1>\n<h1 style=\"text-align: center;\">(1 master + 5 rozszerze\u0144)<\/h1>\n<h2 style=\"text-align: center;\">Rewolucyjne, inteligentne panele \u015bcienne definiuj\u0105ce ca\u0142kowicie na nowo o\u015bwietlenie dekoracyjne<\/h2>\n<p style=\"text-align: center;\">TWQ064STW-07-BEU<\/p>\n<p style=\"text-align: center;\"><img decoding=\"async\" src=\"https:\/\/www.power-cube.pl\/upload\/twinkly\/squares\/large-TWQ064STW-07-BEU_Out-of-the-box.webp\" alt=\"\" \/><\/p>\n<h1 style=\"text-align: center;\">Pikselowa kreatywno\u015b\u0107 w domu, biurze i grach<\/h1>\n<div class=\"flex\">\n<div class=\"flex flex-3\" style=\"padding: 5px;\">\n<p><img decoding=\"async\" src=\"https:\/\/www.power-cube.pl\/upload\/twinkly\/squares\/large-Squares_Gallery_03.webp\" alt=\"\" \/><\/p>\n<h2 style=\"text-align: center;\">O\u015aWIETLENIE AKCENTUJ\u0104CE<\/h2>\n<p style=\"text-align: center;\">Wyra\u017a sw\u00f3j charakterystyczny styl za pomoc\u0105 kwadrat\u00f3w i zastosuj niesko\u0144czon\u0105 liczb\u0119 kolor\u00f3w, gradient\u00f3w i efekt\u00f3w.<\/p>\n<\/p><\/div>\n<div class=\"flex flex-3\" style=\"padding: 5px;\">\n<p><img decoding=\"async\" src=\"https:\/\/www.power-cube.pl\/upload\/twinkly\/squares\/large-Squares_Gallery_07.webp\" alt=\"\" \/><\/p>\n<h2 style=\"text-align: center;\">PIXEL ART<\/h2>\n<p style=\"text-align: center;\">Projektuj i wy\u015bwietlaj osza\u0142amiaj\u0105ce 8-bitowe pikselowe dzie\u0142a sztuki i GIF-y, aby przekaza\u0107 emocje, \u017carty i koncepcje.<\/p>\n<\/p><\/div>\n<div class=\"flex flex-3\" style=\"padding: 5px;\">\n<p><img decoding=\"async\" src=\"https:\/\/www.power-cube.pl\/upload\/twinkly\/squares\/large-Squares_Gallery_04.webp\" alt=\"\" \/><\/p>\n<h2 style=\"text-align: center;\">GAMING<\/h2>\n<p style=\"text-align: center;\">Przygotuj si\u0119 na niesamowite wra\u017cenia, gdy Squares reaguje na wszystkie Twoje ruchy w grach.<\/p>\n<\/p><\/div>\n<\/p><\/div>\n<div class=\"flex flex-1\" style=\"margin-top: 4em;\">\n<h1 style=\"text-align: center;\">Wzboga\u0107 swoje wra\u017cenia z gry<\/h1>\n<p style=\"text-align: center;\">Wsp\u00f3\u0142pracuje z Razer Chroma RGB i OMEN Light Studio<\/p>\n<p style=\"text-align: center;\"><img decoding=\"async\" src=\"https:\/\/www.power-cube.pl\/upload\/twinkly\/razer-chroma.webp\" alt=\"\" \/><img decoding=\"async\" src=\"https:\/\/www.power-cube.pl\/upload\/twinkly\/omen.webp\" alt=\"\" \/><\/p>\n<\/p><\/div>\n<p> <img decoding=\"async\" src=\"https:\/\/smartlights.pl\/wp-content\/uploads\/2022\/09\/Squares-Game-In-Action.webm\" alt=\"\" width=\"100%\" height=\"auto\" \/> <video autoplay=\"autoplay\" loop=\"loop\" muted=\"\" width=\"100%\" height=\"auto\"><source src=\"https:\/\/smartlights.pl\/wp-content\/uploads\/2022\/09\/Squares-Game-In-Action.webm\" type=\"video\/webm\" \/>Your browser does not support the video tag.<\/video> <\/p>\n<div class=\"flex\" style=\"margin-top: 50px;\">\n<div class=\"flex flex-3\">\n<p style=\"text-align: center;\"><img decoding=\"async\" src=\"https:\/\/www.power-cube.pl\/upload\/twinkly\/squares\/1-app.jpg\" alt=\"\" \/><\/p>\n<h2 style=\"text-align: center;\">Sterowanie aplikacj\u0105<\/h2>\n<p style=\"text-align: center;\">Kontroluj wszystkie swoje dekoracje za pomoc\u0105 aplikacji mobilnej Twinkly.<\/p>\n<\/p><\/div>\n<div class=\"flex flex-3\">\n<p style=\"text-align: center;\"><img decoding=\"async\" src=\"https:\/\/www.power-cube.pl\/upload\/twinkly\/squares\/2-combine.jpg\" alt=\"\" \/><\/p>\n<h2 style=\"text-align: center;\">Po\u0142\u0105cz wirtualnie<\/h2>\n<p style=\"text-align: center;\">Po\u0142\u0105cz wiele lamp Twinkly w jedn\u0105 pi\u0119kn\u0105 instalacj\u0119.<\/p>\n<\/p><\/div>\n<div class=\"flex flex-3\">\n<p style=\"text-align: center;\"><img decoding=\"async\" src=\"https:\/\/www.power-cube.pl\/upload\/twinkly\/squares\/3-setup.jpg\" alt=\"\" \/><\/p>\n<h2 style=\"text-align: center;\">Natychmiastowa konfiguracja<\/h2>\n<p style=\"text-align: center;\">\u0141atwa konfiguracja Twinkly dzi\u0119ki \u0142\u0105czno\u015bci Bluetooth\u00ae i Wi-Fi.<\/p>\n<\/p><\/div>\n<\/p><\/div>\n<div class=\"flex\" style=\"margin-bottom: 50px;\">\n<div class=\"flex flex-3\">\n<p style=\"text-align: center;\"><img decoding=\"async\" src=\"https:\/\/www.power-cube.pl\/upload\/twinkly\/squares\/4-voice-control.jpg\" alt=\"\" \/><\/p>\n<h2 style=\"text-align: center;\">Sterowanie g\u0142osowe<\/h2>\n<p style=\"text-align: center;\">Twinkly wsp\u00f3\u0142pracuje z Asystentem Google, Amazon Alexa i Apple HomeKit.<\/p>\n<\/p><\/div>\n<div class=\"flex flex-3\">\n<p style=\"text-align: center;\"><img decoding=\"async\" src=\"https:\/\/www.power-cube.pl\/upload\/twinkly\/squares\/5-sync-with-music.jpg\" alt=\"\" \/><\/p>\n<h2 style=\"text-align: center;\">Synchronizuj z muzyk\u0105<\/h2>\n<p style=\"text-align: center;\">Spraw, aby wszystkie Twoje dekoracje ta\u0144czy\u0142y w rytm Twojej muzyki dzi\u0119ki niesamowitym mo\u017cliwo\u015bciom synchronizacji.<\/p>\n<\/p><\/div>\n<div class=\"flex flex-3\">\n<p style=\"text-align: center;\"><img decoding=\"async\" src=\"https:\/\/www.power-cube.pl\/upload\/twinkly\/squares\/6-sync-with-game.jpg\" alt=\"\" \/><\/p>\n<h2 style=\"text-align: center;\">Synchronizuj z rozgrywk\u0105<\/h2>\n<p style=\"text-align: center;\">Uzyskaj najlepsz\u0105, wielozmys\u0142ow\u0105 rozgrywk\u0119 dzi\u0119ki Razer Chroma RGB i Omen Light Studio.<\/p>\n<\/p><\/div>\n<\/p><\/div>\n<div style=\"margin-top: 50px;\">\n<div class=\"flex flex-2\" style=\"text-align: center; padding: 5px;\"><img decoding=\"async\" src=\"https:\/\/www.power-cube.pl\/upload\/twinkly\/squares\/large-Squares_Gallery_01.webp\" alt=\"\" \/><\/div>\n<div class=\"flex flex-2\" style=\"text-align: center; padding: 5px;\"><img decoding=\"async\" src=\"https:\/\/www.power-cube.pl\/upload\/twinkly\/squares\/large-Squares_Gallery_08.webp\" alt=\"\" \/><\/div>\n<div class=\"flex flex-2\" style=\"text-align: center; padding: 5px;\"><img decoding=\"async\" src=\"https:\/\/www.power-cube.pl\/upload\/twinkly\/squares\/large-Squares_Gallery_05.webp\" alt=\"\" \/><\/div>\n<div class=\"flex flex-2\" style=\"text-align: center; padding: 5px;\"><img decoding=\"async\" src=\"https:\/\/www.power-cube.pl\/upload\/twinkly\/squares\/large-Squares_Gallery_06.webp\" alt=\"\" \/><\/div>\n<div class=\"flex flex-2\" style=\"text-align: center; padding: 5px;\"><img decoding=\"async\" src=\"https:\/\/www.power-cube.pl\/upload\/twinkly\/squares\/large-Squares_Gallery_07.webp\" alt=\"\" \/><\/div>\n<div class=\"flex flex-2\" style=\"text-align: center; padding: 5px;\"><img decoding=\"async\" src=\"https:\/\/www.power-cube.pl\/upload\/twinkly\/squares\/large-Squares_Gallery_03.webp\" alt=\"\" \/><\/div>\n<div class=\"flex flex-2\" style=\"text-align: center; padding: 5px;\"><img decoding=\"async\" src=\"https:\/\/www.power-cube.pl\/upload\/twinkly\/squares\/large-Squares_Gallery_04.webp\" alt=\"\" \/><\/div>\n<div class=\"flex flex-2\" style=\"text-align: center; padding: 5px;\"><img decoding=\"async\" src=\"https:\/\/www.power-cube.pl\/upload\/twinkly\/squares\/large-Squares_Gallery_02.webp\" alt=\"\" \/><\/div>\n<\/p><\/div>\n<\/p><\/div>","protected":false},"excerpt":{"rendered":"<h1 style=\"text-align: center;\">Twinkly Squares Combo Pack 6 Blocks RGB LED<\/h1>\n<h1 style=\"text-align: center;\">(1 master + 5 rozszerze\u0144)<\/h1>\n<h2 style=\"text-align: center;\">Rewolucyjne, inteligentne panele \u015bcienne definiuj\u0105ce ca\u0142kowicie na nowo o\u015bwietlenie dekoracyjne<\/h2>\n<p style=\"text-align: center;\">TWQ064STW-07-BEU<\/p>","protected":false},"featured_media":3342,"comment_status":"open","ping_status":"closed","template":"","meta":{"_acf_changed":false,"_kad_blocks_custom_css":"","_kad_blocks_head_custom_js":"","_kad_blocks_body_custom_js":"","_kad_blocks_footer_custom_js":""},"product_cat":[109,129],"product_tag":[],"class_list":{"0":"post-3341","1":"product","2":"type-product","3":"status-publish","4":"has-post-thumbnail","6":"product_cat-twinkly","7":"product_cat-squares-panele-led","9":"first","10":"instock","11":"taxable","12":"shipping-taxable","13":"purchasable","14":"product-type-simple"},"acf":[],"taxonomy_info":{"product_cat":[{"value":109,"label":"Twinkly"},{"value":129,"label":"Squares - panele LED"}]},"featured_image_src_large":["https:\/\/power-cube.globeweb.stronazen.pl\/wp-content\/uploads\/2024\/03\/2752-1024x1024.jpg",980,980,true],"author_info":[],"comment_info":0,"_links":{"self":[{"href":"https:\/\/power-cube.globeweb.stronazen.pl\/en\/wp-json\/wp\/v2\/product\/3341"}],"collection":[{"href":"https:\/\/power-cube.globeweb.stronazen.pl\/en\/wp-json\/wp\/v2\/product"}],"about":[{"href":"https:\/\/power-cube.globeweb.stronazen.pl\/en\/wp-json\/wp\/v2\/types\/product"}],"replies":[{"embeddable":true,"href":"https:\/\/power-cube.globeweb.stronazen.pl\/en\/wp-json\/wp\/v2\/comments?post=3341"}],"wp:featuredmedia":[{"embeddable":true,"href":"https:\/\/power-cube.globeweb.stronazen.pl\/en\/wp-json\/wp\/v2\/media\/3342"}],"wp:attachment":[{"href":"https:\/\/power-cube.globeweb.stronazen.pl\/en\/wp-json\/wp\/v2\/media?parent=3341"}],"wp:term":[{"taxonomy":"product_cat","embeddable":true,"href":"https:\/\/power-cube.globeweb.stronazen.pl\/en\/wp-json\/wp\/v2\/product_cat?post=3341"},{"taxonomy":"product_tag","embeddable":true,"href":"https:\/\/power-cube.globeweb.stronazen.pl\/en\/wp-json\/wp\/v2\/product_tag?post=3341"}],"curies":[{"name":"wp","href":"https:\/\/api.w.org\/{rel}","templated":true}]}}