{"id":3308,"date":"2024-03-06T18:35:43","date_gmt":"2024-03-06T17:35:43","guid":{"rendered":"https:\/\/power-cube.globeweb.stronazen.pl\/produkt\/twinkly-dots-200-led-rgb-10-m-czarne\/"},"modified":"2024-04-24T19:23:05","modified_gmt":"2024-04-24T17:23:05","slug":"twinkly-dots-200-led-rgb-10-m-czarne","status":"publish","type":"product","link":"https:\/\/power-cube.globeweb.stronazen.pl\/en\/product\/twinkly-dots-200-led-rgb-10-m-czarne\/","title":{"rendered":"Twinkly Dots 200 LED RGB 10 m, czarne"},"content":{"rendered":"<div class=\"video-container\" style=\"text-align: center;\"><iframe loading=\"lazy\" title=\"YouTube video player\" src=\"https:\/\/www.youtube.com\/embed\/5T9DnI4B6KE?controls=0&amp;mute=1&amp;autoplay=1&amp;showinfo=0&amp;rel=0&amp;loop=1&amp;modestbranding=1&amp;playlist=5T9DnI4B6KE,zhFzRyFOBZQ,hIIdzRvhxic,7LmXUwMUELA\" width=\"100%\" height=\"100%\" frameborder=\"0\" allowfullscreen=\"allowfullscreen\"><\/iframe><\/div>\n<h1 style=\"text-align: center;\"><img decoding=\"async\" src=\"https:\/\/www.power-cube.pl\/upload\/twinkly\/TW-LOGO-BLACK.webp\" alt=\"twinkly logo\" \/><\/h1>\n<h1 style=\"text-align: center;\">Twinkly Dots 200 LED RGB &#8211; 10 m &#8211; czarne<\/h1>\n<h2 style=\"text-align: center;\">ca\u0142oroczne inteligentne o\u015bwietlenie dekoracyjne<\/h2>\n<p style=\"text-align: center;\">TWD200STP-BEU<\/p>\n<div class=\"flex\" style=\"padding-top: 2rem; padding-bottom: 1.5rem;\">\n<div class=\"flex flex-2\" style=\"padding-left: 5px; padding-right: 5px; text-align: center;\"><img decoding=\"async\" src=\"https:\/\/www.power-cube.pl\/upload\/twinkly\/dots\/Twinkly2022_Dots200Lblack.webp\" alt=\"\" \/><\/div>\n<div class=\"flex flex-2\" style=\"padding-left: 5px; padding-right: 5px;\">\n<ul>\n<li><span style=\"font-size: 12pt;\">10 metr\u00f3w, 200 diod LED RGB<\/span><\/li>\n<li><span style=\"font-size: 12pt;\">Steruj za pomoc\u0105 smartfona (iOS i Android)<\/span><\/li>\n<li><span style=\"font-size: 12pt;\">Generacja II<\/span><\/li>\n<li><span style=\"font-size: 12pt;\">Po\u0142\u0105cz przez WiFi i Bluetooth<\/span><\/li>\n<li><span style=\"font-size: 12pt;\">Synchronizacja do 4000 diod lub 10 urz\u0105dze\u0144<\/span><\/li>\n<li><span style=\"font-size: 12pt;\">Create and customize your own effects<\/span><\/li>\n<li><span style=\"font-size: 12pt;\">Dostosuj jasno\u015b\u0107 i timer za pomoc\u0105 aplikacji<\/span><\/li>\n<li><span style=\"font-size: 12pt;\">Zasilacz i kontroler WiFi w zestawie<\/span><\/li>\n<li><span style=\"font-size: 12pt;\">Do u\u017cytku wewn\u0119trznego &#8211; IP20<\/span><\/li>\n<\/ul><\/div>\n<\/p><\/div>\n<div class=\"flex flex-1\" style=\"margin-top: 25px;\">\n<h1 style=\"text-align: center;\">Ca\u0142oroczne inteligentne o\u015bwietlenie<\/h1>\n<p style=\"text-align: center; font-size: 12pt;\">Twinkly Dots to pierwszy miniaturowy sznur LED sterowany za pomoc\u0105 aplikacji<\/p>\n<div class=\"video-container\" style=\"text-align: center; padding-bottom: 50%;\"><video autoplay=\"autoplay\" loop=\"loop\" muted=\"\" width=\"100%\" height=\"auto\"><source src=\"https:\/\/www.power-cube.pl\/upload\/twinkly\/dots\/vid\/Twinklydots_Swipe03.webm\" type=\"video\/webm\" \/><\/video><\/div>\n<\/p><\/div>\n<div class=\"flex\" style=\"margin-top: 25px;\">\n<div class=\"flex flex-3\" style=\"padding-left: 5px; padding-right: 5px; text-align: center;\">\n<p><img decoding=\"async\" src=\"https:\/\/www.power-cube.pl\/upload\/twinkly\/dots\/1-easy-setup.webp\" alt=\"\" \/><\/p>\n<h2>\u0141atwa konfiguracja<\/h2>\n<p style=\"font-size: 12pt;\">\u017bar\u00f3wki w kszta\u0142cie pastylek mo\u017cna owin\u0105\u0107 wok\u00f3\u0142 dowolnego przedmiotu lub przyklei\u0107 do powierzchni za pomoc\u0105 do\u0142\u0105czonych podk\u0142adek samoprzylepnych, aby uatrakcyjni\u0107 domowe projekty o\u015bwietleniowe.<\/p>\n<\/p><\/div>\n<div class=\"flex flex-3\" style=\"padding-left: 5px; padding-right: 5px; text-align: center;\">\n<p><img decoding=\"async\" src=\"https:\/\/www.power-cube.pl\/upload\/twinkly\/dots\/2-mappable-lights.webp\" alt=\"\" \/><\/p>\n<h2>Dopasowane o\u015bwietlenie<\/h2>\n<p style=\"font-size: 12pt;\">Podobnie jak wszystkie produkty Twinkly, Dots mog\u0105 by\u0107 mapowane, a ka\u017cda pojedyncza dioda LED mo\u017ce by\u0107 sterowana indywidualnie, co pozwala na tworzenie i odtwarzanie unikalnych efekt\u00f3w, gradient\u00f3w i animacji kolor\u00f3w.<\/p>\n<\/p><\/div>\n<div class=\"flex flex-3\" style=\"padding-left: 5px; padding-right: 5px; text-align: center;\">\n<p><img decoding=\"async\" src=\"https:\/\/www.power-cube.pl\/upload\/twinkly\/dots\/3-make-it-your-own.webp\" alt=\"\" \/><\/p>\n<h2>Dostosuj je pod siebie<\/h2>\n<p style=\"font-size: 12pt;\">Dzi\u0119ki aplikacji Twinkly App masz pe\u0142n\u0105 kontrol\u0119 nad swoim o\u015bwietleniem. Mo\u017cesz wybra\u0107 jeden z domy\u015blnych efekt\u00f3w, edytowa\u0107 je lub tworzy\u0107 w\u0142asne, umieszcza\u0107 w listach odtwarzania i planowa\u0107 zgodnie z w\u0142asnymi upodobaniami.<\/p>\n<\/p><\/div>\n<\/p><\/div>\n<div class=\"flex\" style=\"margin-top: 25px;\">\n<h1 style=\"text-align: center;\">Doskona\u0142e rozwi\u0105zanie dla wszystkich \u015brodowisk<\/h1>\n<div class=\"flex flex-3\" style=\"padding-left: 5px; padding-right: 5px;\">\n<p style=\"text-align: center;\"><img decoding=\"async\" src=\"https:\/\/power-cube.pl\/upload\/twinkly\/dots\/fit2.webp\" alt=\"\" \/><\/p>\n<\/p><\/div>\n<div class=\"flex flex-3\" style=\"padding-left: 5px; padding-right: 5px;\">\n<p style=\"text-align: center;\"><img decoding=\"async\" src=\"https:\/\/power-cube.pl\/upload\/twinkly\/dots\/fit4.webp\" alt=\"\" \/><\/p>\n<\/p><\/div>\n<div class=\"flex flex-3\" style=\"padding-left: 5px; padding-right: 5px;\">\n<p style=\"text-align: center;\"><img decoding=\"async\" src=\"https:\/\/power-cube.pl\/upload\/twinkly\/dots\/fit1.webp\" alt=\"\" \/><\/p>\n<\/p><\/div>\n<div class=\"flex flex-3\" style=\"padding-left: 5px; padding-right: 5px;\">\n<p style=\"text-align: center;\"><img decoding=\"async\" src=\"https:\/\/www.power-cube.pl\/upload\/twinkly\/dots\/fit6.webp\" alt=\"\" \/><\/p>\n<\/p><\/div>\n<div class=\"flex flex-3\" style=\"padding-left: 5px; padding-right: 5px;\">\n<p style=\"text-align: center;\"><img decoding=\"async\" src=\"https:\/\/www.power-cube.pl\/upload\/twinkly\/dots\/fit5.webp\" alt=\"\" \/><\/p>\n<\/p><\/div>\n<div class=\"flex flex-3\" style=\"padding-left: 5px; padding-right: 5px;\">\n<p style=\"text-align: center;\"><img decoding=\"async\" src=\"https:\/\/www.power-cube.pl\/upload\/twinkly\/dots\/fit3.webp\" alt=\"\" \/><\/p>\n<\/p><\/div>\n<\/p><\/div>\n<div class=\"flex\" style=\"margin-top: 25px;\">\n<h1 style=\"text-align: center;\">Sterowanie g\u0142osowe<\/h1>\n<p style=\"text-align: center; font-size: 12pt;\">Sparuj swoje lampki Twinkly z urz\u0105dzeniami Amazon Alexa lub Google Assistant i steruj nimi bez u\u017cycia r\u0105k, aby roz\u015bwietli\u0107 sw\u00f3j dzie\u0144 za pomoc\u0105 kilku s\u0142\u00f3w.<\/p>\n<p style=\"text-align: center;\"><img decoding=\"async\" src=\"https:\/\/www.power-cube.pl\/upload\/twinkly\/dots\/Dots_Voice_bg.webp\" alt=\"\" \/><\/p>\n<\/p><\/div>\n<div class=\"flex\" style=\"margin-top: 25px;\">\n<h1 style=\"text-align: center;\">Dots dla najm\u0142odszych<\/h1>\n<p style=\"text-align: center; font-size: 12pt;\">Wszyscy wiemy, \u017ce dzieci maj\u0105 najwi\u0119ksz\u0105 wyobra\u017ani\u0119, dlatego zaprojektowali\u015bmy Dots jako najbardziej wszechstronny sznurek LED, dzi\u0119ki kt\u00f3remu dzieci b\u0119d\u0105 mog\u0142y bawi\u0107 si\u0119 w niesko\u0144czenie wiele kolorowych \u015bwiat\u00f3w.<\/p>\n<p style=\"text-align: center;\"><img decoding=\"async\" src=\"https:\/\/www.power-cube.pl\/upload\/twinkly\/dots\/Dots_Lifestyle_Kids.webp\" alt=\"\" \/><\/p>\n<\/p><\/div>\n<div class=\"flex\" style=\"margin-top: 25px;\">\n<h1 style=\"text-align: center;\">Tw\u00f3rz wspomnienia z Twinkly Dots<\/h1>\n<div class=\"flex flex-3\" style=\"padding-left: 5px; padding-right: 5px;\">\n<p style=\"text-align: center;\"><img decoding=\"async\" src=\"https:\/\/www.power-cube.pl\/upload\/twinkly\/dots\/memories3.webp\" alt=\"\" \/><\/p>\n<\/p><\/div>\n<div class=\"flex flex-3\" style=\"padding-left: 5px; padding-right: 5px;\">\n<p style=\"text-align: center;\"><img decoding=\"async\" src=\"https:\/\/www.power-cube.pl\/upload\/twinkly\/dots\/memories2.webp\" alt=\"\" \/><\/p>\n<\/p><\/div>\n<div class=\"flex flex-3\" style=\"padding-left: 5px; padding-right: 5px;\">\n<p style=\"text-align: center;\"><img decoding=\"async\" src=\"https:\/\/www.power-cube.pl\/upload\/twinkly\/dots\/memories1.webp\" alt=\"\" \/><\/p>\n<\/p><\/div>\n<\/p><\/div>\n<div class=\"flex\" style=\"margin-top: 25px;\">\n<h1 style=\"text-align: center;\">Ulepsz swoj\u0105 rozgrywk\u0119<\/h1>\n<p style=\"text-align: center; font-size: 12pt;\">Dzi\u0119ki naszej rewolucyjnej technologii, Twinkly przenosi gry na wy\u017cszy poziom dzi\u0119ki integracji z Razer Chroma\u2122 RGB i OMEN Light Studio.<br \/>Zapewnij sobie doskona\u0142e, wielozmys\u0142owe wra\u017cenia w grach.<\/p>\n<div class=\"video-container\" style=\"text-align: center; padding-bottom: 50%;\"><video autoplay=\"autoplay\" loop=\"loop\" muted=\"\" width=\"100%\" height=\"auto\"><source src=\"https:\/\/www.power-cube.pl\/upload\/twinkly\/dots\/vid\/Dots-Gaming-Room-V2-1.webm\" type=\"video\/webm\" \/><\/video><\/div>\n<\/p><\/div>\n<div class=\"flex\" style=\"margin-top: 25px;\">\n<h1 style=\"text-align: center;\">Twinkly w Akcji<\/h1>\n<div class=\"flex flex-3\" style=\"padding-left: 5px; padding-right: 5px;\">\n<p style=\"text-align: center;\"><img decoding=\"async\" src=\"https:\/\/www.power-cube.pl\/upload\/twinkly\/dots\/action1.webp\" alt=\"\" \/><\/p>\n<\/p><\/div>\n<div class=\"flex flex-3\" style=\"padding-left: 5px; padding-right: 5px;\">\n<p style=\"text-align: center;\"><img decoding=\"async\" src=\"https:\/\/www.power-cube.pl\/upload\/twinkly\/dots\/action2.webp\" alt=\"\" \/><\/p>\n<\/p><\/div>\n<div class=\"flex flex-3\" style=\"padding-left: 5px; padding-right: 5px;\">\n<p style=\"text-align: center;\"><img decoding=\"async\" src=\"https:\/\/www.power-cube.pl\/upload\/twinkly\/dots\/action3.webp\" alt=\"\" \/><\/p>\n<\/p><\/div>\n<\/p><\/div>\n<div class=\"flex\">\n<h1 style=\"text-align: center; padding-top: 3rem;\">Dots, zminiaturyzowany \u0142a\u0144cuch LED<\/h1>\n<p style=\"text-align: center; font-size: 12pt;\">Po\u0142\u0105czenie wszechstronno\u015bci technologii LED z wyrafinowanymi stylami wn\u0119trz, zapewniaj\u0105ce inteligentne o\u015bwietlenie przez ca\u0142y rok.<\/p>\n<p style=\"text-align: center;\"><img decoding=\"async\" src=\"https:\/\/www.power-cube.pl\/upload\/twinkly\/dots\/Twinkly2022_Dots-Pack.webp\" alt=\"\" \/><\/p>\n<\/p><\/div>\n<div class=\"flex\" style=\"padding-left: 5px; padding-right: 5px;\">\n<h1 style=\"text-align: center; padding-top: 3rem;\">Twinkly wsp\u00f3\u0142pracuje z:<\/h1>\n<div class=\"flex flex-5\" style=\"text-align: center;\"><img decoding=\"async\" src=\"https:\/\/www.power-cube.pl\/upload\/twinkly\/google.webp\" alt=\"hey google\" \/><\/div>\n<div class=\"flex flex-5\" style=\"text-align: center;\"><img decoding=\"async\" src=\"https:\/\/www.power-cube.pl\/upload\/twinkly\/razer-chroma.webp\" alt=\"Razer Chroma\" \/><\/div>\n<div class=\"flex flex-5\" style=\"text-align: center;\"><img decoding=\"async\" src=\"https:\/\/www.power-cube.pl\/upload\/twinkly\/alexa.webp\" alt=\"Alexa\" \/><\/div>\n<div class=\"flex flex-5\" style=\"text-align: center;\"><img decoding=\"async\" src=\"https:\/\/www.power-cube.pl\/upload\/twinkly\/omen.webp\" alt=\"hp OMEN Light Studio\" \/><\/div>\n<div class=\"flex flex-5\" style=\"text-align: center;\"><img decoding=\"async\" src=\"https:\/\/www.power-cube.pl\/upload\/twinkly\/applehomekit.webp\" alt=\"Apple HomeKit\" \/><\/div>\n<div class=\"flex flex-1\" style=\"padding-bottom: 3rem; padding-top: 3rem;\">\n<p style=\"text-align: center; font-size: 12pt;\">Twinkly Dots mo\u017cna bezproblemowo kontrolowa\u0107 za pomoc\u0105 asystent\u00f3w g\u0142osowych, takich jak Google Asisstant i Amazon Alexa, Apple HomeKit oraz zintegrowa\u0107 z Razer Chroma lub OMEN Light Studio.<\/p>\n<\/p><\/div>\n<\/p><\/div>\n<div class=\"flex flex-1\">\n<p>Pobierz aplikacj\u0119:<\/p>\n<div style=\"margin-bottom: 1rem;\"><a href=\"https:\/\/play.google.com\/store\/apps\/details?id=com.twinkly\" target=\"_blank\" rel=\"noopener\"><img decoding=\"async\" style=\"max-width: 200px; height: auto;\" src=\"https:\/\/www.power-cube.pl\/upload\/twinkly\/googleplay.webp\" alt=\"Google Play\" \/><\/a><\/div>\n<div style=\"margin-bottom: 1rem;\"><a href=\"https:\/\/apps.apple.com\/app\/twinkly\/id1132187056\" target=\"_blank\" rel=\"noopener\"><img decoding=\"async\" style=\"max-width: 200px; height: auto;\" src=\"https:\/\/www.power-cube.pl\/upload\/twinkly\/appstore.webp\" alt=\"App Store\" \/><\/a><\/div>\n<\/p><\/div>","protected":false},"excerpt":{"rendered":"<h1 style=\"text-align: center;\">Twinkly Dots 200 LED RGB &#8211; 10 m &#8211; czarne<\/h1>\n<h2 style=\"text-align: center;\">ca\u0142oroczne inteligentne o\u015bwietlenie dekoracyjne<\/h2>\n<p style=\"text-align: center;\">TWD200STP-BEU<\/p>","protected":false},"featured_media":3309,"comment_status":"open","ping_status":"closed","template":"","meta":{"_acf_changed":false,"_kad_blocks_custom_css":"","_kad_blocks_head_custom_js":"","_kad_blocks_body_custom_js":"","_kad_blocks_footer_custom_js":""},"product_cat":[109,128],"product_tag":[],"class_list":{"0":"post-3308","1":"product","2":"type-product","3":"status-publish","4":"has-post-thumbnail","6":"product_cat-twinkly","7":"product_cat-dots-tasmy-lancuchy-led","9":"first","10":"instock","11":"taxable","12":"shipping-taxable","13":"purchasable","14":"product-type-simple"},"acf":[],"taxonomy_info":{"product_cat":[{"value":109,"label":"Twinkly"},{"value":128,"label":"Dots - ta\u015bmy\/\u0142a\u0144cuchy LED"}]},"featured_image_src_large":["https:\/\/power-cube.globeweb.stronazen.pl\/wp-content\/uploads\/2024\/03\/2738.jpg",980,980,false],"author_info":[],"comment_info":0,"_links":{"self":[{"href":"https:\/\/power-cube.globeweb.stronazen.pl\/en\/wp-json\/wp\/v2\/product\/3308"}],"collection":[{"href":"https:\/\/power-cube.globeweb.stronazen.pl\/en\/wp-json\/wp\/v2\/product"}],"about":[{"href":"https:\/\/power-cube.globeweb.stronazen.pl\/en\/wp-json\/wp\/v2\/types\/product"}],"replies":[{"embeddable":true,"href":"https:\/\/power-cube.globeweb.stronazen.pl\/en\/wp-json\/wp\/v2\/comments?post=3308"}],"wp:featuredmedia":[{"embeddable":true,"href":"https:\/\/power-cube.globeweb.stronazen.pl\/en\/wp-json\/wp\/v2\/media\/3309"}],"wp:attachment":[{"href":"https:\/\/power-cube.globeweb.stronazen.pl\/en\/wp-json\/wp\/v2\/media?parent=3308"}],"wp:term":[{"taxonomy":"product_cat","embeddable":true,"href":"https:\/\/power-cube.globeweb.stronazen.pl\/en\/wp-json\/wp\/v2\/product_cat?post=3308"},{"taxonomy":"product_tag","embeddable":true,"href":"https:\/\/power-cube.globeweb.stronazen.pl\/en\/wp-json\/wp\/v2\/product_tag?post=3308"}],"curies":[{"name":"wp","href":"https:\/\/api.w.org\/{rel}","templated":true}]}}