{"id":3212,"date":"2024-03-06T18:35:49","date_gmt":"2024-03-06T17:35:49","guid":{"rendered":"https:\/\/power-cube.globeweb.stronazen.pl\/produkt\/twinkly-pro-switch-8-portow-poe-ip65\/"},"modified":"2024-04-24T19:23:01","modified_gmt":"2024-04-24T17:23:01","slug":"twinkly-pro-switch-8-portow-poe-ip65","status":"publish","type":"product","link":"https:\/\/power-cube.globeweb.stronazen.pl\/en\/product\/twinkly-pro-switch-8-portow-poe-ip65\/","title":{"rendered":"Twinkly Pro switch 8 ports, PoE, IP65"},"content":{"rendered":"<p style=\"text-align: center;\"><img decoding=\"async\" src=\"https:\/\/www.power-cube.pl\/upload\/twinkly-pro\/small-twinkly-pro-logo.webp\" alt=\"twinkly pro logo\" \/><\/p>\n<div class=\"f-row\">\n<div class=\"f-grid-6\">\n<p style=\"text-align: center;\"><img decoding=\"async\" src=\"https:\/\/www.power-cube.pl\/upload\/twinkly-pro\/hub\/twpro-hub-8_out-of-the-box.webp\" alt=\"Twinkly Pro 8 Ports switch - PoE\" \/><\/p>\n<\/p><\/div>\n<div class=\"f-grid-6\">\n<h1 style=\"text-align: center;\">Twinkly Pro &#8211; switch ETH 8 port\u00f3w &#8211; hub, PoE, IP65<\/h1>\n<p>SKU: TWPRO-HUB-8<\/p>\n<ul>\n<li>Switch ETH 8 port\u00f3w, PoE<\/li>\n<li>Zasilany przez PoE<\/li>\n<li>Zwi\u0119ksz liczb\u0119 wolnych port\u00f3w ETH<\/li>\n<li>Kompatybilny TYLKO z Twiknly Pro<\/li>\n<li>Klasa IP &#8211; IP65<\/li>\n<li>Professional quality<\/li>\n<li>Indoor and outdoor use<\/li>\n<\/ul><\/div>\n<\/p><\/div>\n<p style=\"text-align: center;\"><img decoding=\"async\" src=\"https:\/\/www.power-cube.pl\/upload\/twinkly-pro\/hub\/schemat.webp\" alt=\"\" \/><\/p>\n<div>\n<div class=\"flex flex-2\" style=\"padding-left: 5px; padding-right: 5px;\">\n<p style=\"text-align: center;\"><img decoding=\"async\" src=\"\/upload\/twinkly-pro\/lifestyle\/twinklybuilding.webp\" alt=\"\" \/><\/p>\n<\/p><\/div>\n<div class=\"flex flex-2\" style=\"padding-left: 5px; padding-right: 5px;\">\n<p style=\"text-align: center;\"><img decoding=\"async\" src=\"\/upload\/twinkly-pro\/lifestyle\/twinklyinterior.webp\" alt=\"\" \/><\/p>\n<\/p><\/div>\n<\/p><\/div>\n<div>\n<div class=\"flex flex-2\" style=\"padding-left: 5px; padding-right: 5px;\">\n<p style=\"text-align: center;\"><img decoding=\"async\" src=\"\/upload\/twinkly-pro\/lifestyle\/twinklyscreen.webp\" alt=\"\" \/><\/p>\n<\/p><\/div>\n<div class=\"flex flex-2\" style=\"padding-left: 5px; padding-right: 5px;\">\n<p style=\"text-align: center;\"><img decoding=\"async\" src=\"\/upload\/twinkly-pro\/lifestyle\/twinklywall.webp\" alt=\"\" \/><\/p>\n<\/p><\/div>\n<\/p><\/div>","protected":false},"excerpt":{"rendered":"<div class=\"f-grid-6\">\n<h1 style=\"text-align: center;\">Twinkly Pro &#8211; switch ETH 8 port\u00f3w &#8211; hub, PoE, IP65<\/h1>\n<p>SKU: TWPRO-HUB-8<\/p>\n<ul>\n<li>Switch ETH 8 port\u00f3w, PoE<\/li>\n<li>Zasilany przez PoE<\/li>\n<li>Zwi\u0119ksz liczb\u0119 wolnych port\u00f3w ETH<\/li>\n<li>Kompatybilny TYLKO z Twiknly Pro<\/li>\n<li>Klasa IP &#8211; IP65<\/li>\n<li>Professional quality<\/li>\n<li>Indoor and outdoor use<\/li>\n<\/ul><\/div>","protected":false},"featured_media":3213,"comment_status":"open","ping_status":"closed","template":"","meta":{"_acf_changed":false,"_kad_blocks_custom_css":"","_kad_blocks_head_custom_js":"","_kad_blocks_body_custom_js":"","_kad_blocks_footer_custom_js":""},"product_cat":[124,126],"product_tag":[],"class_list":{"0":"post-3212","1":"product","2":"type-product","3":"status-publish","4":"has-post-thumbnail","6":"product_cat-twinkly-pro","7":"product_cat-akcesoria-twinkly-pro","9":"first","10":"instock","11":"taxable","12":"shipping-taxable","13":"purchasable","14":"product-type-simple"},"acf":[],"taxonomy_info":{"product_cat":[{"value":124,"label":"Twinkly Pro"},{"value":126,"label":"Akcesoria"}]},"featured_image_src_large":["https:\/\/power-cube.globeweb.stronazen.pl\/wp-content\/uploads\/2024\/03\/2560-1024x1024.jpg",980,980,true],"author_info":[],"comment_info":0,"_links":{"self":[{"href":"https:\/\/power-cube.globeweb.stronazen.pl\/en\/wp-json\/wp\/v2\/product\/3212"}],"collection":[{"href":"https:\/\/power-cube.globeweb.stronazen.pl\/en\/wp-json\/wp\/v2\/product"}],"about":[{"href":"https:\/\/power-cube.globeweb.stronazen.pl\/en\/wp-json\/wp\/v2\/types\/product"}],"replies":[{"embeddable":true,"href":"https:\/\/power-cube.globeweb.stronazen.pl\/en\/wp-json\/wp\/v2\/comments?post=3212"}],"wp:featuredmedia":[{"embeddable":true,"href":"https:\/\/power-cube.globeweb.stronazen.pl\/en\/wp-json\/wp\/v2\/media\/3213"}],"wp:attachment":[{"href":"https:\/\/power-cube.globeweb.stronazen.pl\/en\/wp-json\/wp\/v2\/media?parent=3212"}],"wp:term":[{"taxonomy":"product_cat","embeddable":true,"href":"https:\/\/power-cube.globeweb.stronazen.pl\/en\/wp-json\/wp\/v2\/product_cat?post=3212"},{"taxonomy":"product_tag","embeddable":true,"href":"https:\/\/power-cube.globeweb.stronazen.pl\/en\/wp-json\/wp\/v2\/product_tag?post=3212"}],"curies":[{"name":"wp","href":"https:\/\/api.w.org\/{rel}","templated":true}]}}