{"id":3187,"date":"2024-03-06T18:35:55","date_gmt":"2024-03-06T17:35:55","guid":{"rendered":"https:\/\/power-cube.globeweb.stronazen.pl\/produkt\/twinkly-pro-kontroler-wifi-1-port-plc-up-to-500-pixels\/"},"modified":"2024-04-24T19:22:57","modified_gmt":"2024-04-24T17:22:57","slug":"twinkly-pro-kontroler-wifi-1-port-plc-up-to-500-pixels","status":"publish","type":"product","link":"https:\/\/power-cube.globeweb.stronazen.pl\/en\/product\/twinkly-pro-kontroler-wifi-1-port-plc-up-to-500-pixels\/","title":{"rendered":"Twinkly Pro kontroler WiFi, 1 port PLC, up to 500 pixels"},"content":{"rendered":"<p style=\"text-align: center;\"><img decoding=\"async\" src=\"https:\/\/www.power-cube.pl\/upload\/twinkly-pro\/small-twinkly-pro-logo.webp\" alt=\"twinkly pro logo\" \/><\/p>\n<div class=\"f-row\">\n<div class=\"f-grid-6\">\n<p style=\"text-align: center;\"><img decoding=\"async\" src=\"https:\/\/www.power-cube.pl\/upload\/twinkly-pro\/wifi-controller-1-port\/large-TWPLUS-CTRL-PLC-21EU_Out-of-the-box.webp\" alt=\"Twinkly Pro WiFi controller 1 port\" \/><\/p>\n<\/p><\/div>\n<div class=\"f-grid-6\">\n<h1 style=\"text-align: center;\">Twinkly Pro &#8211; Kontroler WiFi, 1 port PLC, do 500 pikseli<\/h1>\n<p>SKU: TWPLUS-CTRL-PLC-21EU<\/p>\n<p> <\/p>\n<ul>\n<li>Kontroler z 1 portem PLC, do 500 diod LED*<\/li>\n<li>Sterowanie za pomoc\u0105 WiFi lub BT poprzez aplikacj\u0119 Twinkly (iOS)<\/li>\n<li>Kompatybilny z 2 portowym rozdzilaczem TWPLUS-SPLITTER-2<\/li>\n<li>Zasilacz AC\/DC w zestawie<\/li>\n<li>Professional quality<\/li>\n<li>Indoor and outdoor use<\/li>\n<p> * po zastosowaniu Twinkly Pro &#8211; 2 portowy rozdzielacz PLC<\/ul>\n<p> <\/p>\n<p>Zaprojektowany z my\u015bl\u0105 o mniejszych instalacjach w ciasnych miejscach, umo\u017cliwiaj\u0105cy pod\u0142\u0105czenie do 2 ci\u0105g\u00f3w \u015bwietlnych.<\/p>\n<p>\u0141\u0105czno\u015b\u0107 Wi-Fi.<\/p>\n<p>Ka\u017cdy sterownik mo\u017ce zarz\u0105dza\u0107 maksymalnie 500 diodami LED (RGB, AWW lub RGB-W) w dw\u00f3ch oddzielnych liniach przy u\u017cyciu TWPRO400SPLITTER-2.<\/p>\n<p>Posiada wbudowany zasilacz.<\/p>\n<\/p><\/div>\n<\/p><\/div>\n<p style=\"text-align: center;\"><img decoding=\"async\" src=\"https:\/\/www.power-cube.pl\/upload\/twinkly-pro\/wifi-controller-1-port\/schemat1.webp\" alt=\"twinkly pro logo\" \/><\/p>\n<p><\/p>\n<p style=\"text-align: center;\"><img decoding=\"async\" src=\"https:\/\/www.power-cube.pl\/upload\/twinkly-pro\/wifi-controller-1-port\/schemat2.webp\" alt=\"twinkly pro logo\" \/><\/p>\n<div>\n<div class=\"flex flex-2\" style=\"padding-left: 5px; padding-right: 5px;\">\n<p style=\"text-align: center;\"><img decoding=\"async\" src=\"\/upload\/twinkly-pro\/lifestyle\/twinklybuilding.webp\" alt=\"\" \/><\/p>\n<\/p><\/div>\n<div class=\"flex flex-2\" style=\"padding-left: 5px; padding-right: 5px;\">\n<p style=\"text-align: center;\"><img decoding=\"async\" src=\"\/upload\/twinkly-pro\/lifestyle\/twinklyinterior.webp\" alt=\"\" \/><\/p>\n<\/p><\/div>\n<\/p><\/div>\n<div>\n<div class=\"flex flex-2\" style=\"padding-left: 5px; padding-right: 5px;\">\n<p style=\"text-align: center;\"><img decoding=\"async\" src=\"\/upload\/twinkly-pro\/lifestyle\/twinklyscreen.webp\" alt=\"\" \/><\/p>\n<\/p><\/div>\n<div class=\"flex flex-2\" style=\"padding-left: 5px; padding-right: 5px;\">\n<p style=\"text-align: center;\"><img decoding=\"async\" src=\"\/upload\/twinkly-pro\/lifestyle\/twinklywall.webp\" alt=\"\" \/><\/p>\n<\/p><\/div>\n<\/p><\/div>","protected":false},"excerpt":{"rendered":"<h1 style=\"text-align: center;\">Twinkly Pro &#8211; Kontroler WiFi, 1 port PLC, do 500 pikseli<\/h1>\n<p>SKU: TWPLUS-CTRL-PLC-21EU<\/p>\n<ul>\n<li>Kontroler z 1 portem PLC, do 500 diod LED*<\/li>\n<li>Sterowanie za pomoc\u0105 WiFi lub BT poprzez aplikacj\u0119 Twinkly (iOS)<\/li>\n<li>Kompatybilny z 2 portowym rozdzilaczem TWPLUS-SPLITTER-2<\/li>\n<li>Zasilacz AC\/DC w zestawie<\/li>\n<li>Professional quality<\/li>\n<li>Indoor and outdoor use<\/li>\n<p> * po zastosowaniu Twinkly Pro &#8211; 2 portowy rozdzielacz PLC<\/ul><\/p>","protected":false},"featured_media":3188,"comment_status":"open","ping_status":"closed","template":"","meta":{"_acf_changed":false,"_kad_blocks_custom_css":"","_kad_blocks_head_custom_js":"","_kad_blocks_body_custom_js":"","_kad_blocks_footer_custom_js":""},"product_cat":[124,125],"product_tag":[],"class_list":{"0":"post-3187","1":"product","2":"type-product","3":"status-publish","4":"has-post-thumbnail","6":"product_cat-twinkly-pro","7":"product_cat-kontrolery","9":"first","10":"instock","11":"taxable","12":"shipping-taxable","13":"purchasable","14":"product-type-simple"},"acf":[],"taxonomy_info":{"product_cat":[{"value":124,"label":"Twinkly Pro"},{"value":125,"label":"Kontrolery"}]},"featured_image_src_large":["https:\/\/power-cube.globeweb.stronazen.pl\/wp-content\/uploads\/2024\/03\/2547-1024x1024.jpg",980,980,true],"author_info":[],"comment_info":0,"_links":{"self":[{"href":"https:\/\/power-cube.globeweb.stronazen.pl\/en\/wp-json\/wp\/v2\/product\/3187"}],"collection":[{"href":"https:\/\/power-cube.globeweb.stronazen.pl\/en\/wp-json\/wp\/v2\/product"}],"about":[{"href":"https:\/\/power-cube.globeweb.stronazen.pl\/en\/wp-json\/wp\/v2\/types\/product"}],"replies":[{"embeddable":true,"href":"https:\/\/power-cube.globeweb.stronazen.pl\/en\/wp-json\/wp\/v2\/comments?post=3187"}],"wp:featuredmedia":[{"embeddable":true,"href":"https:\/\/power-cube.globeweb.stronazen.pl\/en\/wp-json\/wp\/v2\/media\/3188"}],"wp:attachment":[{"href":"https:\/\/power-cube.globeweb.stronazen.pl\/en\/wp-json\/wp\/v2\/media?parent=3187"}],"wp:term":[{"taxonomy":"product_cat","embeddable":true,"href":"https:\/\/power-cube.globeweb.stronazen.pl\/en\/wp-json\/wp\/v2\/product_cat?post=3187"},{"taxonomy":"product_tag","embeddable":true,"href":"https:\/\/power-cube.globeweb.stronazen.pl\/en\/wp-json\/wp\/v2\/product_tag?post=3187"}],"curies":[{"name":"wp","href":"https:\/\/api.w.org\/{rel}","templated":true}]}}