{"id":3147,"date":"2024-03-06T18:35:53","date_gmt":"2024-03-06T17:35:53","guid":{"rendered":"https:\/\/power-cube.globeweb.stronazen.pl\/produkt\/twinkly-light-tree-300-rgbw-led-2-m\/"},"modified":"2024-04-24T19:22:58","modified_gmt":"2024-04-24T17:22:58","slug":"twinkly-light-tree-300-rgbw-led-2-m","status":"publish","type":"product","link":"https:\/\/power-cube.globeweb.stronazen.pl\/en\/product\/twinkly-light-tree-300-rgbw-led-2-m\/","title":{"rendered":"Twinkly Light Tree 300 RGB+W LED 2 m"},"content":{"rendered":"<p style=\"text-align: center; margin-bottom: 0px; padding-bottom: 0px;\"><img decoding=\"async\" src=\"https:\/\/www.power-cube.pl\/upload\/twinkly\/lighttree\/hero.webp\" alt=\"light tree\" \/><\/p>\n<div style=\"background-image: url('https:\/\/www.power-cube.pl\/upload\/twinkly\/lighttree\/PixelBG_Blue.webp'); background-repeat: no-repeat; background-size: cover; overflow: hidden; color: white; padding-bottom: 30px; margin-right: 0px;\">\n<h1 style=\"text-align: center;\"><img decoding=\"async\" src=\"https:\/\/www.power-cube.pl\/upload\/twinkly\/TW-LOGO-WHITE.webp\" alt=\"twinkly logo\" \/><\/h1>\n<h1 style=\"text-align: center; color: white;\">Twinkly Light Tree &#8211; 300 LED RGBW, 2 m<\/h1>\n<p> <!--  \n\n<h2 style=\"text-align: center; color:white;\">choinka - bez choinki<\/h2>\n\n  --> <\/p>\n<p style=\"text-align: center;\">TWP300SPP-BEU<\/p>\n<div class=\"flex flex-1\" style=\"margin-top: 25px;\">\n<h1 style=\"text-align: center; color: white;\">Choinka &#8211; bez choinki<\/h1>\n<p style=\"text-align: center; font-size: 12pt;\">A gdyby\u015b mia\u0142 najwi\u0119ksz\u0105 choink\u0119 w okolicy?<br \/>Choinka Twinkly jest dost\u0119pna w r\u00f3\u017cnych wysoko\u015bciach i mo\u017ce pomie\u015bci\u0107 do 750 diod LED w czystej technologii Twinkly &#8211; nic wi\u0119cej.<\/p>\n<div style=\"text-align: center;\"><img decoding=\"async\" style=\"border-radius: 15px;\" src=\"https:\/\/www.power-cube.pl\/upload\/twinkly\/lighttree\/TWP300SPP_FX-Rainbow.webp\" alt=\"300 LED Twinkly Light Tree\" \/><\/div>\n<\/p><\/div>\n<div class=\"flex flex-1\" style=\"margin-top: 25px;\">\n<h1 style=\"text-align: center; color: white;\">Odwa\u017cny rozmiar i kolor<\/h1>\n<p style=\"font-size: 12pt; text-align: center;\">Drzewko Twinkly Light Tree nie jest gwiazd\u0105 przedstawienia &#8211; to ono jest przedstawieniem.<br \/>To sto\u017cek lampek LED, kt\u00f3ry roz\u015bwietli nawet najciemniejsze zimowe noce dzi\u0119ki wspania\u0142ym diodom LED RGBW.<\/p>\n<p style=\"text-align: center; padding-top: 25px;\"><img decoding=\"async\" src=\"https:\/\/www.power-cube.pl\/upload\/twinkly\/lighttree\/Mask-Group.webp\" alt=\"\" \/><\/p>\n<\/p><\/div>\n<div class=\"flex flex-1\" style=\"margin-top: 25px;\">\n<h1 style=\"text-align: center; color: white;\">Tw\u00f3j w\u0142asny pokaz \u015bwietlny<\/h1>\n<p style=\"font-size: 12pt; text-align: center;\">Po\u0142\u0105cz swoje Twinkly Light Tree z dowolnymi innymi produktami Twinkly w domu lub wok\u00f3\u0142 niego, aby stworzy\u0107 niepowtarzalne pokazy \u015bwietlne.<br \/>Synchronizuj efekty i animacje na wszystkich swoich urz\u0105dzeniach i daj magi\u0119 \u015awi\u0105t wszystkim wok\u00f3\u0142 siebie.<\/p>\n<p style=\"text-align: center; padding-top: 25px;\"><img decoding=\"async\" src=\"https:\/\/www.power-cube.pl\/upload\/twinkly\/lighttree\/Mask-Group-2.webp\" alt=\"\" \/><\/p>\n<\/p><\/div>\n<div class=\"flex flex-1\" style=\"margin-top: 25px;\">\n<h1 style=\"text-align: center; color: white;\">Zaprojektuj w\u0142asne efekty<\/h1>\n<p style=\"font-size: 12pt; text-align: center;\">U\u017cyj ekskluzywnego kreatora efekt\u00f3w, aby zaprojektowa\u0107 od podstaw w\u0142asne, wielowarstwowe efekty.<br \/>Spraw, aby Twoja instalacja \u015bwietlna by\u0142a naprawd\u0119 wyj\u0105tkowa.<\/p>\n<p style=\"text-align: center; padding-top: 25px;\"><img decoding=\"async\" src=\"https:\/\/www.power-cube.pl\/upload\/twinkly\/lighttree\/Mask-Group-3.webp\" alt=\"\" \/><\/p>\n<\/p><\/div>\n<div class=\"flex flex-1\" style=\"margin-top: 25px;\">\n<h1 style=\"text-align: center; color: white;\">Twinkly w akcji<\/h1>\n<p style=\"font-size: 12pt; text-align: center;\">Zainspiruj si\u0119 &#8211; zobacz, jak spo\u0142eczno\u015b\u0107 wykorzystuje Twinkly w swoich domach, tworz\u0105c najbardziej niesamowite dekoracje.<\/p>\n<p class=\"flex flex-3\" style=\"text-align: center; padding-top: 25px; padding-left: 5px; padding-right: 5px;\"><img decoding=\"async\" src=\"https:\/\/www.power-cube.pl\/upload\/twinkly\/lighttree\/action1.webp\" alt=\"\" \/><\/p>\n<p class=\"flex flex-3\" style=\"text-align: center; padding-top: 25px; padding-left: 5px; padding-right: 5px;\"><img decoding=\"async\" src=\"https:\/\/www.power-cube.pl\/upload\/twinkly\/lighttree\/action6.webp\" alt=\"\" \/><\/p>\n<p class=\"flex flex-3\" style=\"text-align: center; padding-top: 25px; padding-left: 5px; padding-right: 5px;\"><img decoding=\"async\" src=\"https:\/\/www.power-cube.pl\/upload\/twinkly\/lighttree\/action2.webp\" alt=\"\" \/><\/p>\n<p class=\"flex flex-3\" style=\"text-align: center; padding-top: 25px; padding-left: 5px; padding-right: 5px;\"><img decoding=\"async\" src=\"https:\/\/www.power-cube.pl\/upload\/twinkly\/lighttree\/action3.webp\" alt=\"\" \/><\/p>\n<p class=\"flex flex-3\" style=\"text-align: center; padding-top: 25px; padding-left: 5px; padding-right: 5px;\"><img decoding=\"async\" src=\"https:\/\/www.power-cube.pl\/upload\/twinkly\/lighttree\/action4.webp\" alt=\"\" \/><\/p>\n<p class=\"flex flex-3\" style=\"text-align: center; padding-top: 25px; padding-left: 5px; padding-right: 5px;\"><img decoding=\"async\" src=\"https:\/\/www.power-cube.pl\/upload\/twinkly\/lighttree\/action5.webp\" alt=\"\" \/><\/p>\n<\/p><\/div>\n<\/p><\/div>","protected":false},"excerpt":{"rendered":"<h1 style=\"text-align: center;\">Twinkly Light Tree &#8211; 300 LED RGBW, 2 m<\/h1>\n<p style=\"text-align: center;\">TWP300SPP-BEU<\/p>\n<div class=\"flex flex-1\" style=\"margin-top: 25px;\">\n<h1 style=\"text-align: center;\">Choinka &#8211; bez choinki<\/h1>\n<\/p><\/div>","protected":false},"featured_media":3148,"comment_status":"open","ping_status":"closed","template":"","meta":{"_acf_changed":false,"_kad_blocks_custom_css":"","_kad_blocks_head_custom_js":"","_kad_blocks_body_custom_js":"","_kad_blocks_footer_custom_js":""},"product_cat":[109,123],"product_tag":[],"class_list":{"0":"post-3147","1":"product","2":"type-product","3":"status-publish","4":"has-post-thumbnail","6":"product_cat-twinkly","7":"product_cat-light-tree-led","9":"first","10":"outofstock","11":"taxable","12":"shipping-taxable","13":"purchasable","14":"product-type-simple"},"acf":[],"taxonomy_info":{"product_cat":[{"value":109,"label":"Twinkly"},{"value":123,"label":"Light Tree LED"}]},"featured_image_src_large":["https:\/\/power-cube.globeweb.stronazen.pl\/wp-content\/uploads\/2024\/03\/2482.jpg",768,768,false],"author_info":[],"comment_info":0,"_links":{"self":[{"href":"https:\/\/power-cube.globeweb.stronazen.pl\/en\/wp-json\/wp\/v2\/product\/3147"}],"collection":[{"href":"https:\/\/power-cube.globeweb.stronazen.pl\/en\/wp-json\/wp\/v2\/product"}],"about":[{"href":"https:\/\/power-cube.globeweb.stronazen.pl\/en\/wp-json\/wp\/v2\/types\/product"}],"replies":[{"embeddable":true,"href":"https:\/\/power-cube.globeweb.stronazen.pl\/en\/wp-json\/wp\/v2\/comments?post=3147"}],"wp:featuredmedia":[{"embeddable":true,"href":"https:\/\/power-cube.globeweb.stronazen.pl\/en\/wp-json\/wp\/v2\/media\/3148"}],"wp:attachment":[{"href":"https:\/\/power-cube.globeweb.stronazen.pl\/en\/wp-json\/wp\/v2\/media?parent=3147"}],"wp:term":[{"taxonomy":"product_cat","embeddable":true,"href":"https:\/\/power-cube.globeweb.stronazen.pl\/en\/wp-json\/wp\/v2\/product_cat?post=3147"},{"taxonomy":"product_tag","embeddable":true,"href":"https:\/\/power-cube.globeweb.stronazen.pl\/en\/wp-json\/wp\/v2\/product_tag?post=3147"}],"curies":[{"name":"wp","href":"https:\/\/api.w.org\/{rel}","templated":true}]}}