{"id":3102,"date":"2024-03-06T18:35:57","date_gmt":"2024-03-06T17:35:57","guid":{"rendered":"https:\/\/power-cube.globeweb.stronazen.pl\/produkt\/twinkly-festoon-lights-40-rgb-led-20-m-starter-kit\/"},"modified":"2024-04-24T19:22:54","modified_gmt":"2024-04-24T17:22:54","slug":"twinkly-festoon-lights-40-rgb-led-20-m-starter-kit","status":"publish","type":"product","link":"https:\/\/power-cube.globeweb.stronazen.pl\/en\/product\/twinkly-festoon-lights-40-rgb-led-20-m-starter-kit\/","title":{"rendered":"Twinkly Festoon Lights 40 RGB LED 20 m Starter Kit"},"content":{"rendered":"<div class=\"video-container\" style=\"text-align: center;\"><iframe loading=\"lazy\" title=\"YouTube video player\" src=\"https:\/\/www.youtube.com\/embed\/xxcTiRKwir0?controls=0&amp;mute=1&amp;autoplay=1&amp;showinfo=0&amp;rel=0&amp;loop=1&amp;modestbranding=1&amp;playlist=xxcTiRKwir0,VkAccFJuDf8,QZuo2GbLgck,b4ORtC5e7G0,zhFzRyFOBZQ\" width=\"100%\" height=\"100%\" frameborder=\"0\" allowfullscreen=\"allowfullscreen\"><\/iframe><\/div>\n<h1 style=\"text-align: center;\"><img decoding=\"async\" src=\"https:\/\/www.power-cube.pl\/upload\/twinkly\/TW-LOGO-BLACK.webp\" alt=\"twinkly logo\" \/><\/h1>\n<h1 style=\"text-align: center;\">Twinkly Festoon 40 RGB &#8211; 20 m<\/h1>\n<h2 style=\"text-align: center;\">Twinkly to rewolucyjne Lampki RGB<\/h2>\n<p style=\"text-align: center;\">TWF040STP-BEU<\/p>\n<div class=\"flex\" style=\"padding-top: 2rem; padding-bottom: 1.5rem;\">\n<div class=\"flex flex-2\" style=\"padding-left: 5px; padding-right: 5px;\"><img decoding=\"async\" src=\"https:\/\/power-cube.pl\/upload\/twinkly\/festoon\/medium-TWF040STP_Packaging.webp\" alt=\"\" \/><\/div>\n<div class=\"flex flex-2\" style=\"padding-left: 5px; padding-right: 5px;\">\n<ul>\n<li><span style=\"font-size: 12pt;\">20 metr\u00f3w d\u0142ugo\u015bci, 40 \u017car\u00f3wek RGB G45, 16 milion\u00f3w kolor\u00f3w<\/span><\/li>\n<li><span style=\"font-size: 12pt;\">Steruj za pomoc\u0105 smartfona (iOS i Android)<\/span><\/li>\n<li><span style=\"font-size: 12pt;\">Generacja II<\/span><\/li>\n<li><span style=\"font-size: 12pt;\">Po\u0142\u0105cz przez WiFi i Bluetooth<\/span><\/li>\n<li><span style=\"font-size: 12pt;\">Synchronizacja do 4000 diod lub 10 urz\u0105dze\u0144<\/span><\/li>\n<li><span style=\"font-size: 12pt;\">Create and customize your own effects<\/span><\/li>\n<li><span style=\"font-size: 12pt;\">Dostosuj jasno\u015b\u0107 i timer za pomoc\u0105 aplikacji<\/span><\/li>\n<li><span style=\"font-size: 12pt;\">Zasilacz i kontroler WiFi w zestawie<\/span><\/li>\n<li><span style=\"font-size: 12pt;\">Tylko do u\u017cytku zewn\u0119trznego IP44<\/span><\/li>\n<li><span style=\"font-size: 12pt;\">Mo\u017cliwo\u015b\u0107 przed\u0142u\u017cenia do 40 metr\u00f3w z Festoon 40 RGB Extention Kit<\/span><\/li>\n<\/ul><\/div>\n<\/p><\/div>\n<div class=\"flex\">\n<div class=\"flex flex-1\" style=\"padding-left: 5px; padding-right: 5px;\">\n<div>\n<div>\n<h2>Feston \u015bwietlny Twinkly Festoon Lights to innowacyjny element dekoracyjny, doskona\u0142y na letnie przyj\u0119cia i sezon gwiazdkowy, kt\u00f3ry wnosi najnowsz\u0105 technologi\u0119 do dekoracji.<\/h2>\n<p><span style=\"font-size: 12pt;\">Festoon to 40 jasnych, kolorowych \u017car\u00f3wek RGB G45, kontroler z po\u0142\u0105czeniem wi-fi i bluetooth oraz najnowocze\u015bniejsza aplikacja na smartfona. Wszystko razem pozwala na \u0142atwe i szybkie tworzenie niesamowitych animacji.<\/span><\/p>\n<\/p><\/div>\n<\/p><\/div>\n<\/p><\/div>\n<div class=\"flex flex-2\" style=\"padding-left: 5px; padding-right: 5px;\">\n<p style=\"text-align: center;\"><img decoding=\"async\" src=\"https:\/\/power-cube.pl\/upload\/twinkly\/festoon\/PL_Festoon_Vis01_App-control.webp\" alt=\"\" \/><\/p>\n<\/p><\/div>\n<div class=\"flex flex-2\" style=\"padding-left: 5px; padding-right: 5px;\">\n<p style=\"text-align: center;\"><img decoding=\"async\" src=\"https:\/\/power-cube.pl\/upload\/twinkly\/festoon\/PL_Festoon_Vis02_Create.webp\" alt=\"\" \/><\/p>\n<\/p><\/div>\n<div class=\"flex flex-2\" style=\"padding-left: 5px; padding-right: 5px;\">\n<p style=\"text-align: center;\"><img decoding=\"async\" src=\"https:\/\/power-cube.pl\/upload\/twinkly\/festoon\/PL_Festoon_Vis03_All-year-round.webp\" alt=\"\" \/><\/p>\n<\/p><\/div>\n<div class=\"flex flex-2\" style=\"padding-left: 5px; padding-right: 5px;\">\n<p style=\"text-align: center;\"><img decoding=\"async\" src=\"https:\/\/power-cube.pl\/upload\/twinkly\/festoon\/PL_Festoon_Vis04_Grouping.webp\" alt=\"\" \/><\/p>\n<\/p><\/div>\n<div class=\"flex flex-2\" style=\"padding-left: 5px; padding-right: 5px;\">\n<p style=\"text-align: center;\"><img decoding=\"async\" src=\"https:\/\/power-cube.pl\/upload\/twinkly\/festoon\/PL_Festoon_Vis05_Mapping.webp\" alt=\"\" \/><\/p>\n<\/p><\/div>\n<div class=\"flex flex-2\" style=\"padding-left: 5px; padding-right: 5px;\">\n<p style=\"text-align: center;\"><img decoding=\"async\" src=\"https:\/\/power-cube.pl\/upload\/twinkly\/festoon\/PL_Festoon_Vis06_Features.webp\" alt=\"\" \/><\/p>\n<\/p><\/div>\n<div class=\"flex\">\n<div class=\"flex flex-2\" style=\"padding-left: 5px; padding-right: 5px; text-align: center;\">\n<p style=\"background-color: black;\"><img decoding=\"async\" src=\"https:\/\/www.power-cube.pl\/upload\/twinkly\/flex\/mobile-scroll-twinkly.gif\" alt=\"\" \/><\/p>\n<\/p><\/div>\n<div class=\"flex flex-2\" style=\"padding-left: 5px; padding-right: 5px;\">\n<h2>Magia ukryta jest w aplikacji<\/h2>\n<p style=\"font-size: 12pt;\">Feston Twinkly Festoon Lights proponuje szeroki wyb\u00f3r osza\u0142amiaj\u0105cych efekt\u00f3w gotowych do odtwarzania i personalizowania oraz pe\u0142en dost\u0119p do galerii on-line z kolejnymi animacjami do pobrania.<\/p>\n<p style=\"font-size: 12pt;\">Festoon mog\u0105 by\u0107 \u0142\u0105czone z innymi urz\u0105dzeniami Twinkly, aby tworzy\u0107 wi\u0119ksze, zsynchronizowane instalacje \u015bwietlne.<\/p>\n<p> <\/p>\n<div style=\"margin-bottom: 1rem;\"><a href=\"https:\/\/play.google.com\/store\/apps\/details?id=com.twinkly\" target=\"_blank\" rel=\"noopener\"><img decoding=\"async\" style=\"max-width: 400px; height: auto;\" src=\"https:\/\/www.power-cube.pl\/upload\/twinkly\/googleplay.webp\" alt=\"Google Play\" \/><\/a><\/div>\n<div style=\"margin-bottom: 1rem;\"><a href=\"https:\/\/apps.apple.com\/app\/twinkly\/id1132187056\" target=\"_blank\" rel=\"noopener\"><img decoding=\"async\" style=\"max-width: 400px; height: auto;\" src=\"https:\/\/www.power-cube.pl\/upload\/twinkly\/appstore.webp\" alt=\"App Store\" \/><\/a><\/div>\n<\/p><\/div>\n<\/p><\/div>\n<div class=\"flex flex-1\" style=\"padding-left: 5px; padding-right: 5px;\">\n<h1 style=\"text-align: center; padding-top: 3rem;\">Twinkly wsp\u00f3\u0142pracuje z:<\/h1>\n<div class=\"flex flex-5\" style=\"text-align: center;\"><img decoding=\"async\" src=\"https:\/\/www.power-cube.pl\/upload\/twinkly\/google.webp\" alt=\"hey google\" \/><\/div>\n<div class=\"flex flex-5\" style=\"text-align: center;\"><img decoding=\"async\" src=\"https:\/\/www.power-cube.pl\/upload\/twinkly\/alexa.webp\" alt=\"alexa\" \/><\/div>\n<div class=\"flex flex-5\" style=\"text-align: center;\"><img decoding=\"async\" src=\"https:\/\/www.power-cube.pl\/upload\/twinkly\/razer-chroma.webp\" alt=\"razer chroma\" \/><\/div>\n<div class=\"flex flex-5\" style=\"text-align: center;\"><img decoding=\"async\" src=\"https:\/\/www.power-cube.pl\/upload\/twinkly\/applehomekit.webp\" alt=\"apple homekit\" \/><\/div>\n<div class=\"flex flex-5\" style=\"text-align: center;\"><img decoding=\"async\" src=\"https:\/\/www.power-cube.pl\/upload\/twinkly\/omen.webp\" alt=\"hp omen\" \/><\/div>\n<div class=\"flex flex-1\" style=\"padding-bottom: 3rem; padding-top: 3rem;\">\n<p style=\"text-align: center; font-size: 12pt;\">Feston \u015bwietlny Twinkly wyr\u00f3\u017cnia si\u0119 inteligentn\u0105 integracj\u0105 domow\u0105 z Asystentem Google i Alexa Amazon. Zestaw mo\u017ce by\u0107 synchronizowany z innymi urz\u0105dzeniami Twinkly. Urz\u0105dzenia Twinkly mo\u017cna synchronizowa\u0107 \u2013 \u0142\u0105cznie do 4.000 punkt\u00f3w \u015bwietlnych lub 10 urz\u0105dze\u0144 (przy dobrym zasi\u0119gu Wi-Fi) \u2013 dla uzyskania efektownej dekoracji.<\/p>\n<p style=\"text-align: center; font-size: 12pt;\">Lampki Twinkly mo\u017cna bezproblemowo kontrolowa\u0107 za pomoc\u0105 asystent\u00f3w g\u0142osowych, takich jak Google Asisstant i Amazon Alexa, a tak\u017ce za pomoc\u0105 Homey i Razer Chroma\u2122 RGB za po\u015brednictwem <a href=\"https:\/\/twinkly-files.s3.us-east-2.amazonaws.com\/razer\/TwinklyRazerSetup.zip\" target=\"_blank\" rel=\"noopener\">Twinkly Chroma Connector<\/a>, aby zwi\u0119kszy\u0107 wra\u017cenia z gry dzi\u0119ki osza\u0142amiaj\u0105cym efektom \u015bwietlnym, kt\u00f3re reaguj\u0105 na Twoj\u0105 rozgrywk\u0119.<\/p>\n<p style=\"text-align: center; font-size: 12pt;\">Rozpocz\u0119cie pracy z Twinkly jest super proste: szybki i intuicyjny proces konfiguracji pomaga uruchomi\u0107 urz\u0105dzenie w ci\u0105gu kilku sekund za po\u015brednictwem Bluetooth\u00ae i Wi\u2011Fi.<\/p>\n<\/p><\/div>\n<\/p><\/div>\n<div class=\"flex flex-2\" style=\"padding-left: 5px; padding-right: 5px;\">\n<p style=\"text-align: center;\"><img decoding=\"async\" src=\"https:\/\/power-cube.pl\/upload\/twinkly\/festoon\/large-TW_4021-FESTOON_0247.webp\" alt=\"\" \/><\/p>\n<\/p><\/div>\n<div class=\"flex flex-2\" style=\"padding-left: 5px; padding-right: 5px;\">\n<p style=\"text-align: center;\"><img decoding=\"async\" src=\"https:\/\/power-cube.pl\/upload\/twinkly\/festoon\/large-TW_4021-FESTOON_0002.webp\" alt=\"\" \/><\/p>\n<\/p><\/div>\n<div class=\"flex flex-2\" style=\"padding-left: 5px; padding-right: 5px;\">\n<p style=\"text-align: center;\"><img decoding=\"async\" src=\"https:\/\/power-cube.pl\/upload\/twinkly\/festoon\/large-TW_4021-FESTOON_0361.webp\" alt=\"\" \/><\/p>\n<\/p><\/div>\n<div class=\"flex flex-2\" style=\"padding-left: 5px; padding-right: 5px;\">\n<p style=\"text-align: center;\"><img decoding=\"async\" src=\"https:\/\/power-cube.pl\/upload\/twinkly\/festoon\/large-TW_4021-FESTOON_0454.webp\" alt=\"\" \/><\/p>\n<\/p><\/div>\n<div class=\"flex flex-2\" style=\"padding-left: 5px; padding-right: 5px;\">\n<p style=\"text-align: center;\"><img decoding=\"async\" src=\"https:\/\/power-cube.pl\/upload\/twinkly\/festoon\/large-TW_4021-FESTOON_7353.webp\" alt=\"\" \/><\/p>\n<\/p><\/div>\n<div class=\"flex flex-2\" style=\"padding-left: 5px; padding-right: 5px;\">\n<p style=\"text-align: center;\"><img decoding=\"async\" src=\"https:\/\/power-cube.pl\/upload\/twinkly\/festoon\/large-TW_4021-FESTOON_7465.webp\" alt=\"\" \/><\/p>\n<\/p><\/div>\n<div class=\"flex\">\n<div class=\"flex flex-2\" style=\"padding-left: 5px; padding-right: 5px;\">\n<h2>Twinkly i Razer Chroma tworz\u0105 jedno\u015b\u0107<\/h2>\n<p><span style=\"font-size: 12pt;\">Dzi\u0119ki rewolucyjnej technologii, Twinkly i Razer Chroma\u2122 RGB przenosz\u0105 rozgrywk\u0119 na wy\u017cszy poziom, daj\u0105c graczom wielozmys\u0142owe wra\u017cenia z gry.<\/span><\/p>\n<p><span style=\"font-size: 12pt;\">Ta aplikacja umo\u017cliwia u\u017cytkownikom pod\u0142\u0105czenie ca\u0142ej gamy produkt\u00f3w Twinkly do Razer Chroma\u2122 RGB. Twinkly Chroma Connector rozszerza wra\u017cenia z gry poza ekran dzi\u0119ki responsywnym efektom \u015bwietlnym wyzwalanym przez wydarzenia w grze.<\/span><\/p>\n<\/p><\/div>\n<div class=\"flex flex-2\" style=\"padding-left: 5px; padding-right: 5px;\">\n<p style=\"text-align: center;\"><img decoding=\"async\" src=\"https:\/\/power-cube.pl\/upload\/twinkly\/festoon\/Razer-chroma.webp\" alt=\"\" \/><\/p>\n<\/p><\/div>\n<\/p><\/div>\n<\/p><\/div>","protected":false},"excerpt":{"rendered":"<p>Twinkly Festoon 40 RGB &#8211; 20 m Twinkly to rewolucyjne Lampki RGB TWF040STP-BEU 20 metr\u00f3w d\u0142ugo\u015bci, 40 \u017car\u00f3wek RGB G45, 16 milion\u00f3w kolor\u00f3w Steruj za pomoc\u0105 smartfona (iOS i Android) Generacja II Po\u0142\u0105cz przez WiFi i Bluetooth Synchronizacja do 4000 diod lub 10 urz\u0105dze\u0144 Tw\u00f3rz i dostosowuj w\u0142asne efekty Dostosuj jasno\u015b\u0107 i timer za pomoc\u0105 [&hellip;]<\/p>","protected":false},"featured_media":3103,"comment_status":"open","ping_status":"closed","template":"","meta":{"_acf_changed":false,"_kad_blocks_custom_css":"","_kad_blocks_head_custom_js":"","_kad_blocks_body_custom_js":"","_kad_blocks_footer_custom_js":""},"product_cat":[109,120],"product_tag":[],"class_list":{"0":"post-3102","1":"product","2":"type-product","3":"status-publish","4":"has-post-thumbnail","6":"product_cat-twinkly","7":"product_cat-festoon-girlandy-led","9":"first","10":"outofstock","11":"taxable","12":"shipping-taxable","13":"purchasable","14":"product-type-simple"},"acf":[],"taxonomy_info":{"product_cat":[{"value":109,"label":"Twinkly"},{"value":120,"label":"Festoon - girlandy LED"}]},"featured_image_src_large":["https:\/\/power-cube.globeweb.stronazen.pl\/wp-content\/uploads\/2024\/03\/2458.jpg",768,768,false],"author_info":[],"comment_info":0,"_links":{"self":[{"href":"https:\/\/power-cube.globeweb.stronazen.pl\/en\/wp-json\/wp\/v2\/product\/3102"}],"collection":[{"href":"https:\/\/power-cube.globeweb.stronazen.pl\/en\/wp-json\/wp\/v2\/product"}],"about":[{"href":"https:\/\/power-cube.globeweb.stronazen.pl\/en\/wp-json\/wp\/v2\/types\/product"}],"replies":[{"embeddable":true,"href":"https:\/\/power-cube.globeweb.stronazen.pl\/en\/wp-json\/wp\/v2\/comments?post=3102"}],"wp:featuredmedia":[{"embeddable":true,"href":"https:\/\/power-cube.globeweb.stronazen.pl\/en\/wp-json\/wp\/v2\/media\/3103"}],"wp:attachment":[{"href":"https:\/\/power-cube.globeweb.stronazen.pl\/en\/wp-json\/wp\/v2\/media?parent=3102"}],"wp:term":[{"taxonomy":"product_cat","embeddable":true,"href":"https:\/\/power-cube.globeweb.stronazen.pl\/en\/wp-json\/wp\/v2\/product_cat?post=3102"},{"taxonomy":"product_tag","embeddable":true,"href":"https:\/\/power-cube.globeweb.stronazen.pl\/en\/wp-json\/wp\/v2\/product_tag?post=3102"}],"curies":[{"name":"wp","href":"https:\/\/api.w.org\/{rel}","templated":true}]}}