{"id":3015,"date":"2024-03-06T18:35:59","date_gmt":"2024-03-06T17:35:59","guid":{"rendered":"https:\/\/power-cube.globeweb.stronazen.pl\/produkt\/flashlight-nightlight-recharge-silver-cool\/"},"modified":"2024-04-24T19:22:52","modified_gmt":"2024-04-24T17:22:52","slug":"flashlight-nightlight-recharge-silver-cool","status":"publish","type":"product","link":"https:\/\/power-cube.globeweb.stronazen.pl\/en\/product\/flashlight-nightlight-recharge-silver-cool\/","title":{"rendered":"FlashLight NightLight Recharge; SILVER, COOL"},"content":{"rendered":"<h1 class=\"h3 mr-sm-6\" style=\"text-align: center;\">FlashLight NightLight Recharge; SILVER, COLD<\/h1>\n<h4 style=\"text-align: center;\">10526SV\/FLSHBC<\/h4>\n<h2 style=\"text-align: center;\">Wi\u0119cej ni\u017c tylko narz\u0119dzie<\/h2>\n<p style=\"text-align: center;\"><img decoding=\"async\" src=\"https:\/\/power-cube.pl\/userdata\/public\/assets\/FlashLight\/silvercold\/10526SV_Front.jpg\" alt=\"\" \/><\/p>\n<p>Co je\u015bli latarka mo\u017ce by\u0107 czym\u015b wi\u0119cej ni\u017c tylko narz\u0119dziem?<\/p>\n<p>FlashLight v2.0 firmy Allocacoc to nie tylko zwyk\u0142a latarka do u\u017cytku w sytuacjach awaryjnych, ale tak\u017ce doskona\u0142e przeno\u015bne rozwi\u0105zanie o\u015bwietleniowe do Twojego domu.<\/p>\n<p>Dzi\u0119ki dost\u0119pnym akcesoriom mo\u017ce by\u0107 u\u017cywana jako lampka rowerowa, lampka do czytania lub lampka sto\u0142owa.<\/p>\n<table>\n<tbody>\n<tr>\n<td style=\"width: 50%;\"><img decoding=\"async\" src=\"https:\/\/power-cube.pl\/userdata\/public\/assets\/FlashLight\/nightlight\/1.jpg\" alt=\"\" \/><\/td>\n<td>\n<p style=\"padding-left: 30px;\"><strong>Wiele zastosowa\u0144<\/strong><\/p>\n<p style=\"padding-left: 30px;\">Nie tylko sprawdza si\u0119 jako tradycyjna latarka, ale r\u00f3wnie\u017c przekszta\u0142ca si\u0119 w r\u00f3\u017cne domowe urz\u0105dzenia o\u015bwietleniowe, \u0142\u0105cz\u0105c j\u0105 z r\u00f3\u017cnymi statywami o\u015bwietleniowymi. U\u017cyj jej do u\u017cytku funkcjonalnego, takiego jak lampa sto\u0142owa lub rowerowa, lub stw\u00f3rz nastr\u00f3j za pomoc\u0105 lampki nocnej lub symulatora \u015bwiec.<\/p>\n<\/td>\n<\/tr>\n<tr>\n<td><img decoding=\"async\" src=\"https:\/\/power-cube.pl\/userdata\/public\/assets\/FlashLight\/nightlight\/2.jpg\" alt=\"\" \/><\/td>\n<td>\n<p style=\"padding-left: 30px;\"><strong>Regulowany poziom jasno\u015bci<\/strong><\/p>\n<p style=\"padding-left: 30px;\">Wystarczy nacisn\u0105\u0107 i przytrzyma\u0107 przycisk przez 2 sekundy, aby prze\u0142\u0105czy\u0107 poziom jasno\u015bci zgodnie z w\u0142asnymi preferencjami.<\/p>\n<\/td>\n<\/tr>\n<tr>\n<td><img decoding=\"async\" src=\"https:\/\/power-cube.pl\/userdata\/public\/assets\/FlashLight\/nightlight\/3.jpg\" alt=\"\" \/><\/td>\n<td>\n<p style=\"padding-left: 30px;\"><strong>Akumulator<\/strong><\/p>\n<p style=\"padding-left: 30px;\">Zintegrowana bateria dzia\u0142a do 8 godzin w trybie domy\u015blnym i mo\u017cna j\u0105 na\u0142adowa\u0107 za pomoc\u0105 kabla USB-C w ci\u0105gu 3 godzin.<\/p>\n<\/td>\n<\/tr>\n<tr>\n<td><img decoding=\"async\" src=\"https:\/\/power-cube.pl\/userdata\/public\/assets\/FlashLight\/nightlight\/4.jpg\" alt=\"\" \/><\/td>\n<td>\n<p style=\"padding-left: 30px;\"><strong>Wska\u017anik poziomu na\u0142adowania baterii<\/strong><\/p>\n<p style=\"padding-left: 30px;\">Wska\u017anik LED miga, gdy poziom na\u0142adowania baterii jest niski. Wsla\u017anik przestaje miga\u0107 i pozostaje w\u0142\u0105czony po pe\u0142nym na\u0142adowaniu, wy\u0142\u0105czaj\u0105c si\u0119 tylko wtedy, gdy kabel USB-C jest od\u0142\u0105czony od urz\u0105dzenia.<\/p>\n<\/td>\n<\/tr>\n<\/tbody>\n<\/table>\n<p><img decoding=\"async\" style=\"display: block; margin-left: auto; margin-right: auto;\" src=\"https:\/\/power-cube.pl\/userdata\/public\/assets\/FlashLight\/nightlight\/ls1.jpg\" alt=\"\" \/><\/p>\n<p style=\"text-align: center;\"><img decoding=\"async\" src=\"https:\/\/power-cube.pl\/userdata\/public\/assets\/FlashLight\/nightlight\/ls2.jpg\" alt=\"\" \/><\/p>\n<p style=\"text-align: center;\"><img decoding=\"async\" src=\"https:\/\/power-cube.pl\/userdata\/public\/assets\/FlashLight\/nightlight\/ls3.jpg\" alt=\"\" \/><\/p>\n<p style=\"text-align: center;\">\n<p style=\"text-align: center;\"><img decoding=\"async\" src=\"https:\/\/power-cube.pl\/userdata\/public\/assets\/FlashLight\/nightlight\/ls11.jpg\" alt=\"\" \/><\/p>\n<p style=\"text-align: center;\"><img decoding=\"async\" src=\"https:\/\/power-cube.pl\/userdata\/public\/assets\/FlashLight\/nightlight\/ls5.jpg\" alt=\"\" \/><\/p>\n<p style=\"text-align: center;\"><img decoding=\"async\" src=\"https:\/\/power-cube.pl\/userdata\/public\/assets\/FlashLight\/nightlight\/ls6.jpg\" alt=\"\" \/><\/p>\n<p style=\"text-align: center;\"><img decoding=\"async\" src=\"https:\/\/power-cube.pl\/userdata\/public\/assets\/FlashLight\/nightlight\/ls7.jpg\" alt=\"\" \/><\/p>\n<p style=\"text-align: center;\"><img decoding=\"async\" src=\"https:\/\/power-cube.pl\/userdata\/public\/assets\/FlashLight\/nightlight\/ls8.jpg\" alt=\"\" \/><\/p>\n<p style=\"text-align: center;\"><img decoding=\"async\" src=\"https:\/\/power-cube.pl\/userdata\/public\/assets\/FlashLight\/nightlight\/ls9.jpg\" alt=\"\" \/><\/p>\n<p style=\"text-align: center;\"><img decoding=\"async\" src=\"https:\/\/power-cube.pl\/userdata\/public\/assets\/FlashLight\/nightlight\/ls10.jpg\" alt=\"\" \/><\/p>\n<p><img decoding=\"async\" style=\"display: block; margin-left: auto; margin-right: auto;\" src=\"https:\/\/power-cube.pl\/userdata\/public\/assets\/FlashLight\/nightlight\/ls12.jpg\" alt=\"\" \/><\/p>","protected":false},"excerpt":{"rendered":"<h1 class=\"h3 mr-sm-6\" style=\"text-align: center;\">FlashLight NightLight Recharge; SILVER, COLD<\/h1>\n<h4 style=\"text-align: center;\">10526SV\/FLSHBC<\/h4>\n<h2 style=\"text-align: center;\">Wi\u0119cej ni\u017c tylko narz\u0119dzie<\/h2>","protected":false},"featured_media":3016,"comment_status":"open","ping_status":"closed","template":"","meta":{"_acf_changed":false,"_kad_blocks_custom_css":"","_kad_blocks_head_custom_js":"","_kad_blocks_body_custom_js":"","_kad_blocks_footer_custom_js":""},"product_cat":[94,117,118],"product_tag":[],"class_list":{"0":"post-3015","1":"product","2":"type-product","3":"status-publish","4":"has-post-thumbnail","6":"product_cat-oswietlenie","7":"product_cat-flashlight","8":"product_cat-flashlight-nightlight-recharge","10":"first","11":"instock","12":"taxable","13":"shipping-taxable","14":"purchasable","15":"product-type-simple"},"acf":[],"taxonomy_info":{"product_cat":[{"value":94,"label":"O\u015bwietlenie"},{"value":117,"label":"FlashLight"},{"value":118,"label":"FlashLight NightLight Recharge"}]},"featured_image_src_large":["https:\/\/power-cube.globeweb.stronazen.pl\/wp-content\/uploads\/2024\/03\/2219-1024x1024.jpg",980,980,true],"author_info":[],"comment_info":0,"_links":{"self":[{"href":"https:\/\/power-cube.globeweb.stronazen.pl\/en\/wp-json\/wp\/v2\/product\/3015"}],"collection":[{"href":"https:\/\/power-cube.globeweb.stronazen.pl\/en\/wp-json\/wp\/v2\/product"}],"about":[{"href":"https:\/\/power-cube.globeweb.stronazen.pl\/en\/wp-json\/wp\/v2\/types\/product"}],"replies":[{"embeddable":true,"href":"https:\/\/power-cube.globeweb.stronazen.pl\/en\/wp-json\/wp\/v2\/comments?post=3015"}],"wp:featuredmedia":[{"embeddable":true,"href":"https:\/\/power-cube.globeweb.stronazen.pl\/en\/wp-json\/wp\/v2\/media\/3016"}],"wp:attachment":[{"href":"https:\/\/power-cube.globeweb.stronazen.pl\/en\/wp-json\/wp\/v2\/media?parent=3015"}],"wp:term":[{"taxonomy":"product_cat","embeddable":true,"href":"https:\/\/power-cube.globeweb.stronazen.pl\/en\/wp-json\/wp\/v2\/product_cat?post=3015"},{"taxonomy":"product_tag","embeddable":true,"href":"https:\/\/power-cube.globeweb.stronazen.pl\/en\/wp-json\/wp\/v2\/product_tag?post=3015"}],"curies":[{"name":"wp","href":"https:\/\/api.w.org\/{rel}","templated":true}]}}