{"id":3007,"date":"2024-03-06T18:35:58","date_gmt":"2024-03-06T17:35:58","guid":{"rendered":"https:\/\/power-cube.globeweb.stronazen.pl\/produkt\/twinkly-music-dongle\/"},"modified":"2024-04-24T19:22:54","modified_gmt":"2024-04-24T17:22:54","slug":"twinkly-music-dongle","status":"publish","type":"product","link":"https:\/\/power-cube.globeweb.stronazen.pl\/en\/product\/twinkly-music-dongle\/","title":{"rendered":"Twinkly Music Dongle"},"content":{"rendered":"<div class=\"video-container\" style=\"text-align: center;\"><iframe loading=\"lazy\" title=\"YouTube video player\" src=\"https:\/\/www.youtube.com\/embed\/5T9DnI4B6KE?controls=0&amp;mute=1&amp;autoplay=1&amp;showinfo=0&amp;rel=0&amp;loop=1&amp;modestbranding=1&amp;playlist=5T9DnI4B6KE,zhFzRyFOBZQ,hIIdzRvhxic,7LmXUwMUELA\" width=\"100%\" height=\"100%\" frameborder=\"0\" allowfullscreen=\"allowfullscreen\"><\/iframe><\/div>\n<h1 style=\"text-align: center;\"><img decoding=\"async\" src=\"https:\/\/www.power-cube.pl\/upload\/twinkly\/TW-LOGO-BLACK.webp\" alt=\"twinkly logo\" \/><\/h1>\n<h1 style=\"text-align: center;\">Twinkly Music Dongle<\/h1>\n<h2 style=\"text-align: center;\">Jest to rewolucyjna technologia gotowa nada\u0107 kolor i kszta\u0142t ka\u017cdemu d\u017awi\u0119kowi.<\/h2>\n<p style=\"text-align: center;\">TMD01USB<\/p>\n<div class=\"flex\" style=\"padding-top: 2rem; padding-bottom: 1.5rem;\">\n<div class=\"flex flex-2\" style=\"text-align: center;\"><img decoding=\"async\" src=\"https:\/\/www.power-cube.pl\/upload\/twinkly\/music\/small-TMD01USB_BOX.webp\" alt=\"\" width=\"70%\" height=\"auto\" \/><\/div>\n<div class=\"flex flex-2\">\n<h2>Magiczne s\u0142owo to \u201eMuzyka\u201d<\/h2>\n<p style=\"font-size: 12pt;\">Nasz najnowszy dodatek do linii produkt\u00f3w Twinkly.<\/p>\n<p style=\"font-size: 12pt;\">Jest to rewolucyjna technologia gotowa nada\u0107 kolor i kszta\u0142t ka\u017cdemu d\u017awi\u0119kowi.<\/p>\n<p style=\"font-size: 12pt;\">Najnowocze\u015bniejsze algorytmy Twinkly Music dekoduj\u0105 w czasie rzeczywistym dowolne \u017ar\u00f3d\u0142o d\u017awi\u0119ku, niezale\u017cnie od tego, czy s\u0105 to klasyczne piosenki \u015bwi\u0105teczne, czy najlepsza muzyka techno, aby zidentyfikowa\u0107 odpowiednie elementy muzyczne i o\u017cywi\u0107 efekty w po\u0142\u0105czonym do\u015bwiadczeniu audiowizualnym.<\/p>\n<\/p><\/div>\n<\/p><\/div>\n<div class=\"flex\">\n<div class=\"flex flex-2\" style=\"padding-left: 5px; padding-right: 5px;\">\n<h2>Niech stanie si\u0119 RYTM<\/h2>\n<p><span style=\"font-size: 12pt;\">Twinkly Music jest wyposa\u017cony w bardzo dok\u0142adny detektor BPM, gotowy, aby Twoje \u015bwiat\u0142a ta\u0144czy\u0142y zsynchronizowane z muzyk\u0105.<\/span><\/p>\n<p><span style=\"font-size: 12pt;\">O wiele dok\u0142adniejszy, znacznie bardziej precyzyjny: mo\u017cesz nawet klaska\u0107 w d\u0142onie i ogl\u0105da\u0107, jak Twinkly ta\u0144czy razem z tob\u0105! <\/span><\/p>\n<\/p><\/div>\n<div class=\"flex flex-2\" style=\"padding-left: 5px; padding-right: 5px;\">\n<p style=\"text-align: center;\"><img decoding=\"async\" src=\"https:\/\/www.power-cube.pl\/upload\/twinkly\/music\/large-TMD01USB_FRONT.webp\" alt=\"\" width=\"70%\" height=\"auto\" \/><\/p>\n<\/p><\/div>\n<\/p><\/div>\n<div class=\"flex flex-1\">\n<div class=\"flex flex-2\" style=\"padding-left: 5px; padding-right: 5px; text-align: center;\">\n<div class=\"video-container\" style=\"text-align: center;\"><iframe loading=\"lazy\" title=\"YouTube video player\" src=\"https:\/\/www.youtube.com\/embed\/5I1bX-eCN9k?controls=0&amp;mute=1&amp;autoplay=1&amp;showinfo=0&amp;rel=0&amp;loop=1&amp;modestbranding=1&amp;playlist=5I1bX-eCN9k\" width=\"100%\" height=\"100%\" frameborder=\"0\" allowfullscreen=\"allowfullscreen\"><\/iframe><\/div>\n<\/p><\/div>\n<div class=\"flex flex-2\" style=\"padding-left: 5px; padding-right: 5px;\">\n<h2>Sterowniki muzyczne<\/h2>\n<p style=\"font-size: 12pt;\">Tak jak Twinkly ma efekty, tak Twinkly Music ma sterowniki.<\/p>\n<p style=\"font-size: 12pt;\">Przetwornik zawiera efekt i specjalny algorytm, aby nada\u0107 d\u017awi\u0119kowi unikalny kszta\u0142t.<\/p>\n<p style=\"font-size: 12pt;\">Wybierz sterownik, kt\u00f3ry najlepiej pasuje do Twojego nastroju, muzyki i \u015bwiate\u0142 Twinkly!<\/p>\n<\/p><\/div>\n<\/p><\/div>\n<\/p>\n<div class=\"flex\" style=\"padding-left: 5px; padding-right: 5px; padding-top: 2em;\">\n<div class=\"flex\" style=\"color: white; !important; background-color: black; padding: 1em 0 1em 0;\">\n<h1 style=\"text-align: center; background-color: black; color: white;\">Jak to dzia\u0142a :<\/h1>\n<p style=\"text-align: center; font-size: 12pt;\">Twinkly Music jest naprawd\u0119 \u0142atwy w u\u017cyciu i zoptymalizowany do pracy z produktami GEN II.<\/p>\n<p style=\"text-align: center; font-size: 12pt;\">To tak proste jak 1-2-3. Wystarczy wykona\u0107 te szybkie kroki i gotowe!<\/p>\n<div class=\"flex flex-3\" style=\"text-align: center; background-color: black; padding: 1em 1em 1em 1em;\">\n<p style=\"text-align: center;\"><img decoding=\"async\" src=\"https:\/\/www.power-cube.pl\/upload\/twinkly\/music\/plug-in.webp\" alt=\"\" \/><\/p>\n<p> <\/p>\n<h3 style=\"text-transform: uppercase; color: white!important;\">Pod\u0142\u0105cz Twinkly Music<\/h3>\n<p> <\/p>\n<p style=\"font-size: 12pt;\">Pod\u0142\u0105cz klucz sprz\u0119towy w pobli\u017cu \u017ar\u00f3d\u0142a d\u017awi\u0119ku. USB s\u0142u\u017cy tylko do zasilania urz\u0105dzenia.<\/p>\n<\/p><\/div>\n<div class=\"flex flex-3\" style=\"text-align: center; background-color: black; padding: 1em 1em 1em 1em;\">\n<p style=\"text-align: center;\"><img decoding=\"async\" src=\"https:\/\/www.power-cube.pl\/upload\/twinkly\/music\/setup-app.webp\" alt=\"\" \/><\/p>\n<p> <\/p>\n<h3 style=\"text-transform: uppercase; color: white!important;\">Skonfiguruj Twinkly Music<\/h3>\n<p> <\/p>\n<p style=\"font-size: 12pt;\">Skonfiguruj go w aplikacji Twinkly. Upewnij si\u0119, \u017ce jest pod\u0142\u0105czony do tej samej sieci Wi-Fi, co \u015bwiat\u0142a Twinkly.<\/p>\n<\/p><\/div>\n<div class=\"flex flex-3\" style=\"text-align: center; background-color: black; padding: 1em 1em 1em 1em;\">\n<p style=\"text-align: center;\"><img decoding=\"async\" src=\"https:\/\/www.power-cube.pl\/upload\/twinkly\/music\/play-effects.webp\" alt=\"\" \/><\/p>\n<p> <\/p>\n<h3 style=\"text-transform: uppercase; color: white!important;\">Poznaj Twinkly Music<\/h3>\n<p> <\/p>\n<p style=\"font-size: 12pt;\">Wybierz sterownik muzyczny z aplikacji. S\u0105 to efekty, kt\u00f3re ta\u0144cz\u0105 w rytm Twojej muzyki.<\/p>\n<\/p><\/div>\n<\/p><\/div>\n<\/p><\/div>\n<div>\n<div class=\"flex\" style=\"padding-left: 5px; padding-right: 5px;\">\n<div class=\"flex\" style=\"padding: 1em 0 1em 0;\">\n<div class=\"flex flex-2\">\n<p style=\"text-align: center;\"><img decoding=\"async\" src=\"https:\/\/www.power-cube.pl\/upload\/twinkly\/music\/large-TW_2020-XMAS_6693.webp\" alt=\"\" \/><\/p>\n<\/p><\/div>\n<div class=\"flex flex-2\">\n<p style=\"text-align: center;\"><img decoding=\"async\" src=\"https:\/\/www.power-cube.pl\/upload\/twinkly\/music\/large-TW_2020-SUMMER_8849.webp\" alt=\"\" \/><\/p>\n<\/p><\/div>\n<\/p><\/div>\n<\/p><\/div>\n<\/p><\/div>\n<div class=\"flex flex-1\" style=\"color: white; !important; background-color: black;\">\n<h1 style=\"text-align: center; color: white;\">U\u017cywaj go w gdzie tylko zapragniesz<\/h1>\n<div class=\"flex flex-3\" style=\"text-align: center; background-color: black;\">\n<p style=\"text-align: center;\"><img decoding=\"async\" src=\"https:\/\/www.power-cube.pl\/upload\/twinkly\/music\/disco.webp\" alt=\"\" \/><\/p>\n<p> <\/p>\n<h3 style=\"text-transform: uppercase; color: white!important;\">Dyskoteka<\/h3>\n<\/p><\/div>\n<div class=\"flex flex-3\" style=\"text-align: center; background-color: black;\">\n<p style=\"text-align: center;\"><img decoding=\"async\" src=\"https:\/\/www.power-cube.pl\/upload\/twinkly\/music\/christmas.webp\" alt=\"\" \/><\/p>\n<p> <\/p>\n<h3 style=\"text-transform: uppercase; color: white!important;\">\u015awi\u0119ta<\/h3>\n<\/p><\/div>\n<div class=\"flex flex-3\" style=\"text-align: center; background-color: black;\">\n<p style=\"text-align: center;\"><img decoding=\"async\" src=\"https:\/\/www.power-cube.pl\/upload\/twinkly\/music\/gaming.webp\" alt=\"\" \/><\/p>\n<p> <\/p>\n<h3 style=\"text-transform: uppercase; color: white!important;\">Gry<\/h3>\n<\/p><\/div>\n<\/p><\/div>","protected":false},"excerpt":{"rendered":"<p>Twinkly Music Dongle Jest to rewolucyjna technologia gotowa nada\u0107 kolor i kszta\u0142t ka\u017cdemu d\u017awi\u0119kowi. TMD01USB Magiczne s\u0142owo to \u201eMuzyka\u201d Nasz najnowszy dodatek do linii produkt\u00f3w Twinkly. Jest to rewolucyjna technologia gotowa nada\u0107 kolor i kszta\u0142t ka\u017cdemu d\u017awi\u0119kowi. Najnowocze\u015bniejsze algorytmy Twinkly Music dekoduj\u0105 w czasie rzeczywistym dowolne \u017ar\u00f3d\u0142o d\u017awi\u0119ku, niezale\u017cnie od tego, czy s\u0105 to klasyczne [&hellip;]<\/p>","protected":false},"featured_media":3008,"comment_status":"open","ping_status":"closed","template":"","meta":{"_acf_changed":false,"_kad_blocks_custom_css":"","_kad_blocks_head_custom_js":"","_kad_blocks_body_custom_js":"","_kad_blocks_footer_custom_js":""},"product_cat":[109,116],"product_tag":[],"class_list":{"0":"post-3007","1":"product","2":"type-product","3":"status-publish","4":"has-post-thumbnail","6":"product_cat-twinkly","7":"product_cat-music","9":"first","10":"instock","11":"taxable","12":"shipping-taxable","13":"purchasable","14":"product-type-simple"},"acf":[],"taxonomy_info":{"product_cat":[{"value":109,"label":"Twinkly"},{"value":116,"label":"Music"}]},"featured_image_src_large":["https:\/\/power-cube.globeweb.stronazen.pl\/wp-content\/uploads\/2024\/03\/2158.webp",720,720,false],"author_info":[],"comment_info":0,"_links":{"self":[{"href":"https:\/\/power-cube.globeweb.stronazen.pl\/en\/wp-json\/wp\/v2\/product\/3007"}],"collection":[{"href":"https:\/\/power-cube.globeweb.stronazen.pl\/en\/wp-json\/wp\/v2\/product"}],"about":[{"href":"https:\/\/power-cube.globeweb.stronazen.pl\/en\/wp-json\/wp\/v2\/types\/product"}],"replies":[{"embeddable":true,"href":"https:\/\/power-cube.globeweb.stronazen.pl\/en\/wp-json\/wp\/v2\/comments?post=3007"}],"wp:featuredmedia":[{"embeddable":true,"href":"https:\/\/power-cube.globeweb.stronazen.pl\/en\/wp-json\/wp\/v2\/media\/3008"}],"wp:attachment":[{"href":"https:\/\/power-cube.globeweb.stronazen.pl\/en\/wp-json\/wp\/v2\/media?parent=3007"}],"wp:term":[{"taxonomy":"product_cat","embeddable":true,"href":"https:\/\/power-cube.globeweb.stronazen.pl\/en\/wp-json\/wp\/v2\/product_cat?post=3007"},{"taxonomy":"product_tag","embeddable":true,"href":"https:\/\/power-cube.globeweb.stronazen.pl\/en\/wp-json\/wp\/v2\/product_tag?post=3007"}],"curies":[{"name":"wp","href":"https:\/\/api.w.org\/{rel}","templated":true}]}}