{"id":2974,"date":"2024-03-06T18:36:09","date_gmt":"2024-03-06T17:36:09","guid":{"rendered":"https:\/\/power-cube.globeweb.stronazen.pl\/produkt\/twinkly-line-90-led-rgb-starter-kit-15-m\/"},"modified":"2024-04-24T19:22:45","modified_gmt":"2024-04-24T17:22:45","slug":"twinkly-line-90-led-rgb-starter-kit-15-m","status":"publish","type":"product","link":"https:\/\/power-cube.globeweb.stronazen.pl\/en\/product\/twinkly-line-90-led-rgb-starter-kit-15-m\/","title":{"rendered":"Twinkly Line 90 LED RGB Starter Kit &#8211; 1,5 m"},"content":{"rendered":"<div class=\"video-container\" style=\"text-align: center;\"><iframe loading=\"lazy\" title=\"YouTube video player\" src=\"https:\/\/www.youtube.com\/embed\/5T9DnI4B6KE?controls=0&amp;mute=1&amp;autoplay=1&amp;showinfo=0&amp;rel=0&amp;loop=1&amp;modestbranding=1&amp;playlist=5T9DnI4B6KE,zhFzRyFOBZQ,hIIdzRvhxic,7LmXUwMUELA\" width=\"100%\" height=\"100%\" frameborder=\"0\" allowfullscreen=\"allowfullscreen\"><\/iframe><\/div>\n<h1 style=\"text-align: center;\"><img decoding=\"async\" src=\"https:\/\/www.power-cube.pl\/upload\/twinkly\/TW-LOGO-BLACK.webp\" alt=\"twinkly logo\" \/><\/h1>\n<h1 style=\"text-align: center;\">Twinkly Line 90 LED RGB Starter Kit 1,5 m &#8211; zestaw startowy<\/h1>\n<h2 style=\"text-align: center;\">programowalna ta\u015bma LED sterowana aplikacj\u0105, z mo\u017cliwo\u015bci\u0105 przed\u0142u\u017cenia do 3 m (dzi\u0119ki jednemu rozszerzeniu Twinkly Line Extension)<\/h2>\n<p style=\"text-align: center;\">TWL100STW-BEU<\/p>\n<div class=\"flex\" style=\"padding-top: 2rem; padding-bottom: 1.5rem;\">\n<div class=\"flex flex-2\" style=\"padding-left: 5px; padding-right: 5px;\"><img decoding=\"async\" src=\"https:\/\/www.power-cube.pl\/upload\/twinkly\/line\/90\/TWL100STW-BEU_PACKAGE.webp\" alt=\"Twinkly Line 90 LED Starter Kit\" \/><\/div>\n<div class=\"flex flex-2\" style=\"padding-left: 5px; padding-right: 5px;\">\n<ul>\n<li><span style=\"font-size: 12pt;\">1,5 metra d\u0142ugo\u015bci, 90 diod Pixel LED, czarny przew\u00f3d<\/span><\/li>\n<li><span style=\"font-size: 12pt;\">Rozszerz o kolejne 90 diod dzi\u0119ki sprzedawanemu oddzielnie rozszerzeniu &#8211; Twinkly Line 90 LED RGB Extension Kit<\/span><\/li>\n<li><span style=\"font-size: 12pt;\">Szeroko\u015b\u0107 paska 8 mm, grubo\u015b\u0107 3,5 mm<\/span><\/li>\n<li><span style=\"font-size: 12pt;\">Steruj za pomoc\u0105 smartfona (iOS i Android)<\/span><\/li>\n<li><span style=\"font-size: 12pt;\">Po\u0142\u0105cz przez WiFi i Bluetooth<\/span><\/li>\n<li><span style=\"font-size: 12pt;\">Kompatybilne z Amazon Alexa i Google Home<\/span><\/li>\n<li><span style=\"font-size: 12pt;\">Create and customize your own effects<\/span><\/li>\n<li><span style=\"font-size: 12pt;\">Dostosuj jasno\u015b\u0107 i timer za pomoc\u0105 aplikacji<\/span><\/li>\n<li><span style=\"font-size: 12pt;\">Zasilacz i kontroler WiFi w zestawie<\/span><\/li>\n<li><span style=\"font-size: 12pt;\"><strong>Tylko do u\u017cytku wewn\u0119trznego<\/strong><\/span><\/li>\n<\/ul><\/div>\n<\/p><\/div>\n<div class=\"flex\">\n<div class=\"flex flex-2\" style=\"padding-left: 5px; padding-right: 5px;\">\n<h2>Sterowana aplikacj\u0105, programowalna, elastyczna ta\u015bma LED<\/h2>\n<p><span style=\"font-size: 12pt;\">Twinkly Line to samoprzylepna i magnetyczna, w\u0105ska, inteligentna ta\u015bma \u015bwietlna LED. Idealnie wprowadza kolory oraz niepowtarzalny nastr\u00f3j do ka\u017cdego pomieszczenia w domu. Jak wszystkie produkty Twinkly, Line mo\u017ce by\u0107 mapowana, a ka\u017cda pojedyncza dioda LED mo\u017ce by\u0107 sterowana indywidualnie, co pozwala na tworzenie i odtwarzanie unikalnych efekt\u00f3w, gradient\u00f3w i animacji kolor\u00f3w \u2013 Line staje si\u0119 Twoim ekranem.<\/span><\/p>\n<p><span style=\"font-size: 12pt;\">Twinkly Line dzi\u0119ki ca\u0142kowicie czarnemu wyko\u0144czeniu, jasnym i kolorowym diodom LED oraz najmniejszemu na rynku profilowi, jest \u015bwietnym i dyskretnym urz\u0105dzeniem o\u015bwietleniowym. Twinkly Line mo\u017cna sterowa\u0107 za pomoc\u0105 aplikacji i asystent\u00f3w g\u0142osowych Google i Alexa. Podobnie jak wszystkie produkty Twinkly, Line mo\u017ce by\u0107 mapowany, a ka\u017cda pojedyncza dioda LED mo\u017ce by\u0107 sterowana indywidualnie, co pozwala na tworzenie i odtwarzanie unikalnych efekt\u00f3w, gradient\u00f3w i animacji kolor\u00f3w \u2013 Line staje si\u0119 Twoim ekranem.<\/span><\/p>\n<\/p><\/div>\n<div class=\"flex flex-2\" style=\"padding-left: 5px; padding-right: 5px;\">\n<p style=\"text-align: center;\"><img decoding=\"async\" src=\"https:\/\/www.power-cube.pl\/upload\/twinkly\/line\/90\/large-TW_2021-LINE_7045.webp\" alt=\"\" \/><\/p>\n<\/p><\/div>\n<\/p><\/div>\n<div class=\"flex\">\n<div class=\"flex flex-2\" style=\"padding-left: 5px; padding-right: 5px; text-align: center;\">\n<p style=\"background-color: black;\"><img decoding=\"async\" src=\"https:\/\/www.power-cube.pl\/upload\/twinkly\/flex\/mobile-scroll-twinkly.gif\" alt=\"\" \/><\/p>\n<\/p><\/div>\n<div class=\"flex flex-2\" style=\"padding-left: 5px; padding-right: 5px;\">\n<h2>Magia ukryta jest w aplikacji<\/h2>\n<p style=\"font-size: 12pt;\">Aplikacja Twinkly App umo\u017cliwia stworzenie niepowtarzalnej linii LED dzi\u0119ki szerokiej gamie gotowych efekt\u00f3w i animacji, a tak\u017ce mo\u017cliwo\u015b\u0107 tworzenia w\u0142asnych od podstaw. Wszystkie efekty s\u0105 w pe\u0142ni konfigurowalne: jasno\u015b\u0107, pr\u0119dko\u015b\u0107, intensywno\u015b\u0107 i kolor mo\u017cna zmieni\u0107 jednym dotkni\u0119ciem, co daje nieograniczone mo\u017cliwo\u015bci stworzenia idealnej dekoracji \u015bwietlnej.<\/p>\n<p style=\"font-size: 12pt;\">Line mo\u017cna \u0142\u0105czy\u0107 z innymi urz\u0105dzeniami Twinkly, aby tworzy\u0107 wi\u0119ksze, zsynchronizowane instalacje \u015bwietlne.<\/p>\n<p> <\/p>\n<div style=\"margin-bottom: 1rem;\"><a href=\"https:\/\/play.google.com\/store\/apps\/details?id=com.twinkly\" target=\"_blank\" rel=\"noopener\"><img decoding=\"async\" style=\"max-width: 200px; height: auto;\" src=\"https:\/\/www.power-cube.pl\/upload\/twinkly\/googleplay.webp\" alt=\"Google Play\" \/><\/a><\/div>\n<div style=\"margin-bottom: 1rem;\"><a href=\"https:\/\/apps.apple.com\/app\/twinkly\/id1132187056\" target=\"_blank\" rel=\"noopener\"><img decoding=\"async\" style=\"max-width: 200px; height: auto;\" src=\"https:\/\/www.power-cube.pl\/upload\/twinkly\/appstore.webp\" alt=\"App Store\" \/><\/a><\/div>\n<\/p><\/div>\n<\/p><\/div>\n<div class=\"flex flex-1\" style=\"padding-left: 5px; padding-right: 5px;\">\n<p style=\"text-align: center;\"><img decoding=\"async\" src=\"https:\/\/www.power-cube.pl\/upload\/twinkly\/line\/90\/large-TWL100STW_COMP3.webp\" alt=\"\" \/><\/p>\n<\/p><\/div>\n<div class=\"flex flex-1\" style=\"padding-left: 5px; padding-right: 5px;\">\n<h1 style=\"text-align: center; padding-top: 3rem;\">Twinkly wsp\u00f3\u0142pracuje z:<\/h1>\n<div class=\"flex flex-5\" style=\"text-align: center;\"><img decoding=\"async\" src=\"https:\/\/www.power-cube.pl\/upload\/twinkly\/google.webp\" alt=\"hey google\" \/><\/div>\n<div class=\"flex flex-5\" style=\"text-align: center;\"><img decoding=\"async\" src=\"https:\/\/www.power-cube.pl\/upload\/twinkly\/alexa.webp\" alt=\"alexa\" \/><\/div>\n<div class=\"flex flex-5\" style=\"text-align: center;\"><img decoding=\"async\" src=\"https:\/\/www.power-cube.pl\/upload\/twinkly\/razer-chroma.webp\" alt=\"razer chroma\" \/><\/div>\n<div class=\"flex flex-5\" style=\"text-align: center;\"><img decoding=\"async\" src=\"https:\/\/www.power-cube.pl\/upload\/twinkly\/applehomekit.webp\" alt=\"apple homekit\" \/><\/div>\n<div class=\"flex flex-5\" style=\"text-align: center;\"><img decoding=\"async\" src=\"https:\/\/www.power-cube.pl\/upload\/twinkly\/omen.webp\" alt=\"hp omen\" \/><\/div>\n<div class=\"flex flex-1\" style=\"padding-bottom: 3rem; padding-top: 3rem;\">\n<p style=\"text-align: center; font-size: 12pt;\">Twinkly Line mo\u017cna bezproblemowo kontrolowa\u0107 za pomoc\u0105 asystent\u00f3w g\u0142osowych, takich jak Google Asisstant i Amazon Alexa, a tak\u017ce za pomoc\u0105 Homey i Razer Chroma\u2122 RGB za po\u015brednictwem <a href=\"https:\/\/twinkly-files.s3.us-east-2.amazonaws.com\/razer\/TwinklyRazerSetup.zip\" target=\"_blank\" rel=\"noopener\">Twinkly Chroma Connector<\/a>, aby zwi\u0119kszy\u0107 wra\u017cenia z gry dzi\u0119ki osza\u0142amiaj\u0105cym efektom \u015bwietlnym, kt\u00f3re reaguj\u0105 na Twoj\u0105 rozgrywk\u0119.<\/p>\n<p style=\"text-align: center; font-size: 12pt;\">Rozpocz\u0119cie pracy z Twinkly Line jest super proste: szybki i intuicyjny proces konfiguracji pomaga uruchomi\u0107 urz\u0105dzenie w ci\u0105gu kilku sekund za po\u015brednictwem Bluetooth\u00ae i Wi-Fi.<\/p>\n<\/p><\/div>\n<\/p><\/div>\n<div class=\"flex\" style=\"padding-left: 5px; padding-right: 5px;\">\n<div class=\"flex flex-1\" style=\"color: white; !important; background-color: black; padding: 1em 0 1em 0;\">\n<h1 style=\"text-align: center; background-color: black; color: white;\">Jak zainstalowa\u0107?<\/h1>\n<div class=\"flex flex-3\" style=\"text-align: center; background-color: black; padding: 1em 1em 1em 1em;\">\n<p style=\"text-align: center;\"><img decoding=\"async\" src=\"https:\/\/www.power-cube.pl\/upload\/twinkly\/decorate-1.webp\" alt=\"\" \/><\/p>\n<p> <\/p>\n<h3 style=\"text-transform: uppercase; color: white!important;\">Udekoruj<\/h3>\n<p> <\/p>\n<p style=\"font-size: 12pt;\">Mo\u017cesz przyklei\u0107 Twinkly Line za pomoc\u0105 dwustronnej ta\u015bmy lub u\u017cy\u0107 \u015brub i klips\u00f3w znajduj\u0105cych si\u0119 w zestawie.<\/p>\n<\/p><\/div>\n<div class=\"flex flex-3\" style=\"text-align: center; background-color: black; padding: 1em 1em 1em 1em;\">\n<p style=\"text-align: center;\"><img decoding=\"async\" src=\"https:\/\/www.power-cube.pl\/upload\/twinkly\/map-1.webp\" alt=\"\" \/><\/p>\n<p> <\/p>\n<h3 style=\"text-transform: uppercase; color: white!important;\">Zmapuj LEDy<\/h3>\n<p> <\/p>\n<p style=\"font-size: 12pt;\">Popraw sw\u00f3j uk\u0142ad mapuj\u0105c Twinkly Line za pomoc\u0105 aparatu smartfona w aplikacji Twinkly.<\/p>\n<\/p><\/div>\n<div class=\"flex flex-3\" style=\"text-align: center; background-color: black; padding: 1em 1em 1em 1em;\">\n<p style=\"text-align: center;\"><img decoding=\"async\" src=\"https:\/\/www.power-cube.pl\/upload\/twinkly\/play-effects-layout-1.webp\" alt=\"\" \/><\/p>\n<p> <\/p>\n<h3 style=\"text-transform: uppercase; color: white!important;\">Odtwarzaj efekty<\/h3>\n<p> <\/p>\n<p style=\"font-size: 12pt;\">Odtwarzaj niesamowite efekty z galerii lub tw\u00f3rz w\u0142asne wewn\u0105trz aplikacji.<\/p>\n<\/p><\/div>\n<\/p><\/div>\n<\/p><\/div>\n<div class=\"flex flex-2\" style=\"padding-left: 5px; padding-right: 5px;\">\n<p style=\"text-align: center;\"><img decoding=\"async\" src=\"https:\/\/www.power-cube.pl\/upload\/twinkly\/line\/90\/large-TW_2021-LINE_6844.webp\" alt=\"\" \/><\/p>\n<\/p><\/div>\n<div class=\"flex flex-2\" style=\"padding-left: 5px; padding-right: 5px;\">\n<p style=\"text-align: center;\"><img decoding=\"async\" src=\"https:\/\/www.power-cube.pl\/upload\/twinkly\/line\/90\/large-TW_2021-LINE_9280.webp\" alt=\"\" \/><\/p>\n<\/p><\/div>\n<div class=\"flex flex-1\" style=\"padding-left: 5px; padding-right: 5px;\">\n<div class=\"flex flex-2\" style=\"padding-left: 5px; padding-right: 5px;\">\n<p style=\"text-align: center;\"><img decoding=\"async\" style=\"max-width: 65%; height: auto;\" src=\"https:\/\/www.power-cube.pl\/upload\/twinkly\/line\/90\/extension-color-squared-wide.webp\" alt=\"\" \/><\/p>\n<\/p><\/div>\n<div class=\"flex flex-2\" style=\"padding-left: 5px; padding-right: 5px;\">\n<h2>Podw\u00f3j d\u0142ugo\u015b\u0107<\/h2>\n<p style=\"font-size: 12pt;\">Mo\u017cesz u\u017cy\u0107 zestawu Twinkly Line Extension Kit, aby doda\u0107 wi\u0119cej diod LED do swojej dekoracji. To naprawd\u0119 proste &#8211; wystarczy pod\u0142\u0105czy\u0107 go do zestawu Twinkly Line Starter Kit.<\/p>\n<p style=\"font-size: 12pt;\"><strong>Uwaga: Zestaw rozszerzaj\u0105cy nie zawiera kabla zasilaj\u0105cego ani kontrolera. Jest on przeznaczony do u\u017cytku tylko z zestawem startowym Twinkly Line Starter Kit.<\/strong><\/p>\n<\/p><\/div>\n<\/p><\/div>\n<div class=\"flex flex-2\" style=\"padding-left: 5px; padding-right: 5px;\">\n<p style=\"text-align: center;\"><img decoding=\"async\" src=\"https:\/\/www.power-cube.pl\/upload\/twinkly\/line\/90\/large-TW_2021-HOME_9452.webp\" alt=\"\" \/><\/p>\n<\/p><\/div>\n<div class=\"flex flex-2\" style=\"padding-left: 5px; padding-right: 5px;\">\n<p style=\"text-align: center;\"><img decoding=\"async\" src=\"https:\/\/www.power-cube.pl\/upload\/twinkly\/line\/90\/large-TW_2021-RAZER_7267.webp\" alt=\"\" \/><\/p>\n<\/p><\/div>\n<div class=\"flex\" style=\"padding-left: 5px; padding-right: 5px;\">\n<div class=\"flex\" style=\"color: white; !important; background-color: black; padding: 1em 0 1em 0;\">\n<h1 style=\"text-align: center; background-color: black; color: white;\">Jak dzia\u0142a Twinkly?<\/h1>\n<div class=\"flex flex-2\" style=\"text-align: center; background-color: black; padding: 1em 1em 1em 1em;\">\n<p style=\"text-align: center;\"><img decoding=\"async\" src=\"https:\/\/www.power-cube.pl\/upload\/twinkly\/control-1.webp\" alt=\"\" \/><\/p>\n<p> <\/p>\n<h3 style=\"text-transform: uppercase; color: white!important;\">Steruj aplikacj\u0105<\/h3>\n<p> <\/p>\n<p style=\"font-size: 12pt;\">Steruj swoim systemem Twinkly Line za pomoc\u0105 pi\u0119knie wykonanej, \u0142atwej w obs\u0142udze aplikacji Twinkly.<\/p>\n<\/p><\/div>\n<div class=\"flex flex-2\" style=\"text-align: center; background-color: black; padding: 1em 1em 1em 1em;\">\n<p style=\"text-align: center;\"><img decoding=\"async\" src=\"https:\/\/www.power-cube.pl\/upload\/twinkly\/play-1.webp\" alt=\"\" \/><\/p>\n<p> <\/p>\n<h3 style=\"text-transform: uppercase; color: white!important;\">Odtwarzaj zaawansowane efekty<\/h3>\n<p> <\/p>\n<p style=\"font-size: 12pt;\">Popraw sw\u00f3j uk\u0142ad mapuj\u0105c Line za pomoc\u0105 aparatu smartfona w aplikacji Twinkly.<\/p>\n<\/p><\/div>\n<div class=\"flex flex-2\" style=\"text-align: center; background-color: black; padding: 1em 1em 1em 1em;\">\n<p style=\"text-align: center;\"><img decoding=\"async\" src=\"https:\/\/www.power-cube.pl\/upload\/twinkly\/music-1.webp\" alt=\"\" \/><\/p>\n<p> <\/p>\n<h3 style=\"text-transform: uppercase; color: white!important;\">Ta\u0144cz\u0105c do rytmu<\/h3>\n<p> <\/p>\n<p style=\"font-size: 12pt;\">Spraw, by Tw\u00f3j Twinkly Line ta\u0144czy\u0142 w rytm muzyki, u\u017cywaj\u0105c opcjonalnego mikrofonu Twinkly Music.<\/p>\n<\/p><\/div>\n<div class=\"flex flex-2\" style=\"text-align: center; background-color: black; padding: 1em 1em 1em 1em;\">\n<p style=\"text-align: center;\"><img decoding=\"async\" src=\"https:\/\/www.power-cube.pl\/upload\/twinkly\/group-1.webp\" alt=\"\" \/><\/p>\n<p> <\/p>\n<h3 style=\"text-transform: uppercase; color: white!important;\">Pogrupuj je razem<\/h3>\n<p> <\/p>\n<p style=\"font-size: 12pt;\">Wirtualnie po\u0142\u0105cz wiele urz\u0105dze\u0144 Twinkly, aby przekszta\u0142ci\u0107 wiele dekoracji w jedn\u0105 pi\u0119kn\u0105 instalacj\u0119<\/p>\n<\/p><\/div>\n<\/p><\/div>\n<\/p><\/div>\n<div class=\"flex flex-2\" style=\"padding-left: 5px; padding-right: 5px;\">\n<p style=\"text-align: center;\"><img decoding=\"async\" src=\"https:\/\/www.power-cube.pl\/upload\/twinkly\/line\/90\/large-TW_2021-LINE_7921.webp\" alt=\"\" \/><\/p>\n<\/p><\/div>\n<div class=\"flex flex-2\" style=\"padding-left: 5px; padding-right: 5px;\">\n<p style=\"text-align: center;\"><img decoding=\"async\" src=\"https:\/\/www.power-cube.pl\/upload\/twinkly\/line\/90\/large-TW_2021-RAZER_6200.webp\" alt=\"\" \/><\/p>\n<\/p><\/div>\n<p class=\"flex flex-1\" style=\"text-align: center;\"><img decoding=\"async\" src=\"https:\/\/www.power-cube.pl\/upload\/twinkly\/line\/90\/large-TWL100STW_CONNECTOR-FRONT.webp\" alt=\"\" \/><\/p>\n<p class=\"flex flex-1\" style=\"text-align: center;\"><img decoding=\"async\" src=\"https:\/\/www.power-cube.pl\/upload\/twinkly\/line\/90\/large-TWL100STW-BEU-Out-of-the-box.webp\" alt=\"\" \/><\/p>\n<p class=\"flex flex-1\" style=\"text-align: center;\"><img decoding=\"async\" src=\"https:\/\/www.power-cube.pl\/upload\/twinkly\/line\/90\/TWL100STW-BEU_TW77077.webp\" alt=\"\" \/><\/p>","protected":false},"excerpt":{"rendered":"<p>Twinkly Line 90 LED RGB Starter Kit 1,5 m &#8211; zestaw startowy programowalna ta\u015bma LED sterowana aplikacj\u0105, z mo\u017cliwo\u015bci\u0105 przed\u0142u\u017cenia do 3 m (dzi\u0119ki jednemu rozszerzeniu Twinkly Line Extension) TWL100STW-BEU 1,5 metra d\u0142ugo\u015bci, 90 diod Pixel LED, czarny przew\u00f3d Rozszerz o kolejne 90 diod dzi\u0119ki sprzedawanemu oddzielnie rozszerzeniu &#8211; Twinkly Line 90 LED RGB Extension [&hellip;]<\/p>","protected":false},"featured_media":2975,"comment_status":"open","ping_status":"closed","template":"","meta":{"_acf_changed":false,"_kad_blocks_custom_css":"","_kad_blocks_head_custom_js":"","_kad_blocks_body_custom_js":"","_kad_blocks_footer_custom_js":""},"product_cat":[109,115],"product_tag":[],"class_list":{"0":"post-2974","1":"product","2":"type-product","3":"status-publish","4":"has-post-thumbnail","6":"product_cat-twinkly","7":"product_cat-line-tasmy-led","9":"first","10":"instock","11":"taxable","12":"shipping-taxable","13":"purchasable","14":"product-type-simple"},"acf":[],"taxonomy_info":{"product_cat":[{"value":109,"label":"Twinkly"},{"value":115,"label":"Line - ta\u015bmy LED"}]},"featured_image_src_large":["https:\/\/power-cube.globeweb.stronazen.pl\/wp-content\/uploads\/2024\/03\/1524-1024x1024.jpg",980,980,true],"author_info":[],"comment_info":0,"_links":{"self":[{"href":"https:\/\/power-cube.globeweb.stronazen.pl\/en\/wp-json\/wp\/v2\/product\/2974"}],"collection":[{"href":"https:\/\/power-cube.globeweb.stronazen.pl\/en\/wp-json\/wp\/v2\/product"}],"about":[{"href":"https:\/\/power-cube.globeweb.stronazen.pl\/en\/wp-json\/wp\/v2\/types\/product"}],"replies":[{"embeddable":true,"href":"https:\/\/power-cube.globeweb.stronazen.pl\/en\/wp-json\/wp\/v2\/comments?post=2974"}],"wp:featuredmedia":[{"embeddable":true,"href":"https:\/\/power-cube.globeweb.stronazen.pl\/en\/wp-json\/wp\/v2\/media\/2975"}],"wp:attachment":[{"href":"https:\/\/power-cube.globeweb.stronazen.pl\/en\/wp-json\/wp\/v2\/media?parent=2974"}],"wp:term":[{"taxonomy":"product_cat","embeddable":true,"href":"https:\/\/power-cube.globeweb.stronazen.pl\/en\/wp-json\/wp\/v2\/product_cat?post=2974"},{"taxonomy":"product_tag","embeddable":true,"href":"https:\/\/power-cube.globeweb.stronazen.pl\/en\/wp-json\/wp\/v2\/product_tag?post=2974"}],"curies":[{"name":"wp","href":"https:\/\/api.w.org\/{rel}","templated":true}]}}