{"id":2949,"date":"2024-03-06T18:36:07","date_gmt":"2024-03-06T17:36:07","guid":{"rendered":"https:\/\/power-cube.globeweb.stronazen.pl\/produkt\/heng-balance-lamp-ellipse-usb-c-biala\/"},"modified":"2024-04-24T19:22:47","modified_gmt":"2024-04-24T17:22:47","slug":"heng-balance-lamp-ellipse-usb-c-biala","status":"publish","type":"product","link":"https:\/\/power-cube.globeweb.stronazen.pl\/en\/product\/heng-balance-lamp-ellipse-usb-c-biala\/","title":{"rendered":"HENG Balance Lamp Ellipse USB-C &#8211; bia\u0142a"},"content":{"rendered":"<h1 style=\"text-align: center;\">HENG Balance Lamp Ellipse<\/h1>\n<h3 style=\"text-align: center;\">bia\u0142a<\/h3>\n<p style=\"text-align: center;\"><img decoding=\"async\" src=\"https:\/\/www.power-cube.pl\/upload\/heng\/wt\/wt.webp\" alt=\"\" \/><\/p>\n<h2 style=\"text-align: center;\">Unikalna lampa z lewituj\u0105cym w\u0142\u0105cznikiem<\/h2>\n<p style=\"text-align: center;\">Lampy Heng Balance posiadaj\u0105 unikalny design. Heng Balance Lamp to seria lamp stoj\u0105cych, s\u0142u\u017c\u0105cych przyk\u0142adowo jako lampka nocna.<\/p>\n<p style=\"text-align: center;\">Lamp\u0105 mo\u017cesz sterowa\u0107 dzi\u0119ki dw\u00f3m kulkom z magnesem w \u015brodku. Po uniesieniu dolnej kulki zostanie ona przyci\u0105gni\u0119ta przez g\u00f3rn\u0105 co w\u0142\u0105czy zasilanie. Nie b\u0119d\u0105 si\u0119 jednak styka\u0107 co daje niesamowity widok.<\/p>\n<p style=\"text-align: center;\">Rozmiary Heng Balance Lamp czyni\u0105 j\u0105 \u0142atw\u0105 w u\u017cyciu w r\u00f3\u017cnych pomieszczeniach.<\/p>\n<p style=\"text-align: center;\"><img decoding=\"async\" src=\"https:\/\/power-cube.pl\/public\/assets\/heng lamp\/6.jpg\" alt=\"\" \/><\/p>\n<table>\n<tbody>\n<tr>\n<td style=\"width: 50%;\"><img decoding=\"async\" src=\"https:\/\/power-cube.pl\/public\/assets\/heng lamp\/2128445236405331258.jpg\" alt=\"\" \/><\/td>\n<td>\n<h3>R\u00f3wnowaga<\/h3>\n<p>Lampy Heng Balance to seria jedynych w swoim rodzaju lamp sto\u0142owych: podczas gdy wi\u0119kszo\u015b\u0107 lamp ma zwyk\u0142y prze\u0142\u0105cznik, lampa Heng Balance jest sterowana za pomoc\u0105 dw\u00f3ch drewnianych kul.<\/p>\n<p>Aby zapali\u0107 \u015bwiat\u0142o, wystarczy unie\u015b\u0107 doln\u0105 kul\u0119 i \u201ezawiesi\u0107\u201d j\u0105 w powietrzu dzi\u0119ki przyci\u0105ganiu kuli g\u00f3rnej.<\/p>\n<\/td>\n<\/tr>\n<tr>\n<td> <\/td>\n<td> <\/td>\n<\/tr>\n<tr>\n<td style=\"text-align: center;\"><img decoding=\"async\" src=\"https:\/\/power-cube.pl\/public\/assets\/heng lamp\/5.jpg\" alt=\"\" \/><\/td>\n<td>\n<h3>Uniwersalno\u015b\u0107<\/h3>\n<p>Ta pomys\u0142owa lampka spe\u0142ni swoje zadanie w gabinecie, sypialni lub innym pokoju. Nada charakteru wi\u0119kszo\u015bci pomieszcze\u0144, gdy\u017c jest nie tylko \u017ar\u00f3d\u0142em \u015bwiat\u0142a, ale r\u00f3wnie\u017c elementem dekoracyjnym.<\/p>\n<\/td>\n<\/tr>\n<tr>\n<td> <\/td>\n<td> <\/td>\n<\/tr>\n<tr>\n<td><img decoding=\"async\" style=\"display: block; margin-left: auto; margin-right: auto;\" src=\"https:\/\/power-cube.pl\/public\/assets\/heng lamp\/3.jpg\" alt=\"\" \/><\/td>\n<td>\n<h3>Wzornictwo<\/h3>\n<p>W zaprojektowanej przez nas lampie \u015bwiat\u0142o wydobywa si\u0119 z obudowy. \u0141agodne \u0142uki s\u0105 przyjazne dla oka i dzia\u0142aj\u0105 uspokajaj\u0105co.<\/p>\n<\/td>\n<\/tr>\n<tr>\n<td> <\/td>\n<td> <\/td>\n<\/tr>\n<\/tbody>\n<\/table>\n<h4 style=\"text-align: center;\"> <\/h4>\n<p style=\"text-align: center;\"><img decoding=\"async\" src=\"https:\/\/www.power-cube.pl\/upload\/heng\/wt\/ls1.webp\" alt=\"\" \/><\/p>\n<p style=\"text-align: center;\"><img decoding=\"async\" src=\"https:\/\/www.power-cube.pl\/upload\/heng\/wt\/ls2.webp\" alt=\"\" \/><\/p>\n<p style=\"text-align: center;\"><img decoding=\"async\" src=\"https:\/\/www.power-cube.pl\/upload\/heng\/wt\/ls3.webp\" alt=\"\" \/><\/p>","protected":false},"excerpt":{"rendered":"<h2 style=\"text-align: left;\">Unikalna lampa z lewituj\u0105cym w\u0142\u0105cznikiem<\/h2>\n<p style=\"text-align: left;\">Lampy Heng Balance posiadaj\u0105 unikalny design. Heng Balance Lamp to seria lamp stoj\u0105cych, s\u0142u\u017c\u0105cych przyk\u0142adowo jako lampka nocna.<\/p>\n<p style=\"text-align: left;\">Lamp\u0105 mo\u017cesz sterowa\u0107 dzi\u0119ki dw\u00f3m kulkom z magnesem w \u015brodku. Po uniesieniu dolnej kulki zostanie ona przyci\u0105gni\u0119ta przez g\u00f3rn\u0105 co w\u0142\u0105czy zasilanie. Nie b\u0119d\u0105 si\u0119 jednak styka\u0107 co daje niesamowity widok.<\/p>\n<p style=\"text-align: left;\">Rozmiary Heng Balance Lamp czyni\u0105 j\u0105 \u0142atw\u0105 w u\u017cyciu w r\u00f3\u017cnych pomieszczeniach.<\/p>","protected":false},"featured_media":2950,"comment_status":"open","ping_status":"closed","template":"","meta":{"_acf_changed":false,"_kad_blocks_custom_css":"","_kad_blocks_head_custom_js":"","_kad_blocks_body_custom_js":"","_kad_blocks_footer_custom_js":""},"product_cat":[94,95],"product_tag":[],"class_list":{"0":"post-2949","1":"product","2":"type-product","3":"status-publish","4":"has-post-thumbnail","6":"product_cat-oswietlenie","7":"product_cat-heng-balance-lamp","9":"first","10":"instock","11":"taxable","12":"shipping-taxable","13":"purchasable","14":"product-type-simple"},"acf":[],"taxonomy_info":{"product_cat":[{"value":94,"label":"O\u015bwietlenie"},{"value":95,"label":"HENG Balance Lamp"}]},"featured_image_src_large":["https:\/\/power-cube.globeweb.stronazen.pl\/wp-content\/uploads\/2024\/03\/1478.jpg",980,980,false],"author_info":[],"comment_info":0,"_links":{"self":[{"href":"https:\/\/power-cube.globeweb.stronazen.pl\/en\/wp-json\/wp\/v2\/product\/2949"}],"collection":[{"href":"https:\/\/power-cube.globeweb.stronazen.pl\/en\/wp-json\/wp\/v2\/product"}],"about":[{"href":"https:\/\/power-cube.globeweb.stronazen.pl\/en\/wp-json\/wp\/v2\/types\/product"}],"replies":[{"embeddable":true,"href":"https:\/\/power-cube.globeweb.stronazen.pl\/en\/wp-json\/wp\/v2\/comments?post=2949"}],"wp:featuredmedia":[{"embeddable":true,"href":"https:\/\/power-cube.globeweb.stronazen.pl\/en\/wp-json\/wp\/v2\/media\/2950"}],"wp:attachment":[{"href":"https:\/\/power-cube.globeweb.stronazen.pl\/en\/wp-json\/wp\/v2\/media?parent=2949"}],"wp:term":[{"taxonomy":"product_cat","embeddable":true,"href":"https:\/\/power-cube.globeweb.stronazen.pl\/en\/wp-json\/wp\/v2\/product_cat?post=2949"},{"taxonomy":"product_tag","embeddable":true,"href":"https:\/\/power-cube.globeweb.stronazen.pl\/en\/wp-json\/wp\/v2\/product_tag?post=2949"}],"curies":[{"name":"wp","href":"https:\/\/api.w.org\/{rel}","templated":true}]}}