{"id":2820,"date":"2024-03-06T18:36:11","date_gmt":"2024-03-06T17:36:11","guid":{"rendered":"https:\/\/power-cube.globeweb.stronazen.pl\/produkt\/twinkly-strings-250-led-rgbw-20-m-transparent\/"},"modified":"2024-04-24T19:22:44","modified_gmt":"2024-04-24T17:22:44","slug":"twinkly-strings-250-led-rgbw-20-m-transparent","status":"publish","type":"product","link":"https:\/\/power-cube.globeweb.stronazen.pl\/en\/product\/twinkly-strings-250-led-rgbw-20-m-transparent\/","title":{"rendered":"Twinkly Strings 250 LED RGB+W 20 m transparent"},"content":{"rendered":"<div class=\"flex flex-1\" style=\"margin-top: 25px;\">\n<div class=\"video-container\" style=\"text-align: center;\"><video autoplay=\"autoplay\" loop=\"loop\" muted=\"\" width=\"100%\" height=\"auto\"><source src=\"https:\/\/www.power-cube.pl\/upload\/twinkly\/strings\/strings-ls.webm\" type=\"video\/webm\" \/><\/video><\/div>\n<\/p><\/div>\n<div class=\"video-container\" style=\"text-align: center;\"><iframe loading=\"lazy\" title=\"YouTube video player\" src=\"https:\/\/www.power-cube.pl\/upload\/twinkly\/strings\/strings-hero.webm\" width=\"100%\" height=\"100%\" frameborder=\"0\" allowfullscreen=\"allowfullscreen\"><\/iframe><\/div>\n<h1 style=\"text-align: center; margin-top: 2em;\">Twinkly Strings 250 LED RGB+W &#8211; 20 m, przezroczysty przew\u00f3d<\/h1>\n<h2 style=\"text-align: center;\">Rewolucyjne lampki choinkowe LED RGB+W<\/h2>\n<div class=\"flex\" style=\"padding-top: 2rem; padding-bottom: 1.5rem;\">\n<div class=\"flex flex-2\" style=\"padding-left: 5px; padding-right: 5px; text-align: center;\"><img decoding=\"async\" src=\"https:\/\/www.power-cube.pl\/upload\/twinkly\/strings\/TWS250SPP-TEU_Out-of-the-box.webp\" alt=\"\" \/><\/div>\n<div class=\"flex flex-2\" style=\"padding-left: 5px; padding-right: 5px;\">\n<h1 style=\"text-align: center;\"><img decoding=\"async\" src=\"https:\/\/www.power-cube.pl\/upload\/twinkly\/TW-LOGO-BLACK.webp\" alt=\"twinkly logo\" \/><\/h1>\n<ul>\n<li><span style=\"font-size: 12pt;\">20 m d\u0142ugo\u015bci, 250 diod LED RGB+W, 16 milion\u00f3w kolor\u00f3w + ciep\u0142a biel<\/span><\/li>\n<li><span style=\"font-size: 12pt;\">Steruj za pomoc\u0105 smartfona (iOS i Android)<\/span><\/li>\n<li><span style=\"font-size: 12pt;\">Generacja II<\/span><\/li>\n<li><span style=\"font-size: 12pt;\">Po\u0142\u0105cz przez WiFi i Bluetooth<\/span><\/li>\n<li><span style=\"font-size: 12pt;\">Synchronizacja do 4000 diod lub 10 urz\u0105dze\u0144<\/span><\/li>\n<li><span style=\"font-size: 12pt;\">Tw\u00f3rz, dostosowuj i wgrywaj w\u0142asne efekty<\/span><\/li>\n<li><span style=\"font-size: 12pt;\">Ustawiaj jasno\u015b\u0107 i timer za pomoc\u0105 aplikacji<\/span><\/li>\n<li><span style=\"font-size: 12pt;\">Zasilacz i kontroler WiFi w zestawie<\/span><\/li>\n<li><span style=\"font-size: 12pt;\">Do u\u017cytku wewn\u0119trznego i zewn\u0119trznego IP44<\/span><\/li>\n<\/ul>\n<p style=\"font-size: 12pt;\">Wynie\u015b o\u015bwietlenie dekoracyjne na zupe\u0142nie nowy poziom dzi\u0119ki inteligentnym lampkom LED Twinkly Strings. Niezale\u017cnie od tego, czy chcesz mie\u0107 nieskazitelne o\u015bwietlenie na imprez\u0119, odpowiednie o\u015bwietlenie zadaniowe do pracy lub nauki, czy te\u017c tworzysz dekoracje \u015bwi\u0105teczne i bo\u017conarodzeniowe, Twinkly Strings ma wszystko pod kontrol\u0105. Dost\u0119pne w r\u00f3\u017cnych d\u0142ugo\u015bciach i z r\u00f3\u017cn\u0105 liczb\u0105 punkt\u00f3w \u015bwietlnych, te najwy\u017cszej jako\u015bci, sterowane przez aplikacj\u0119, adresowalne diody LED zosta\u0142y zaprojektowane z my\u015bl\u0105 o niezwyk\u0142ej jasno\u015bci i jako\u015bci kolor\u00f3w w ponad 16 milionach barw<!-- i&nbsp;pe\u0142nej gamie bia\u0142ego \u015bwiat\u0142a od ciep\u0142ej do ch\u0142odnej bieli -->. Idealne do stosowania zar\u00f3wno w pomieszczeniach, jak i na zewn\u0105trz.<\/p>\n<\/p><\/div>\n<\/p><\/div>\n<div class=\"flex\">\n<h1 style=\"text-align: center; margin-top: 2em;\">Rewolucyjne lampki choinkowe LED RGB+W<\/h1>\n<p style=\"text-align: center; font-size: 12pt;\">Twinkly Strings to sznur 250 kolorowych diod LED RGB+W, kontroler z po\u0142\u0105czeniem wifi, bluetooth oraz najnowocze\u015bniejsza aplikacja na smartfona. Wszystko razem pozwala na \u0142atwe i szybkie tworzenie niesamowitych animacji!<\/p>\n<p style=\"text-align: center;\"><img decoding=\"async\" src=\"https:\/\/www.power-cube.pl\/upload\/twinkly\/strings\/Twinkly_Summer_5379-2020.webp\" alt=\"twinkly halloween\" \/><\/p>\n<\/p><\/div>\n<div class=\"flex\" style=\"margin-top: 2em;\">\n<div class=\"flex flex-3\" style=\"padding-left: 5px; padding-right: 5px; text-align: center;\">\n<p><img decoding=\"async\" src=\"https:\/\/www.power-cube.pl\/upload\/twinkly\/strings\/Twinkly_Fall_700x.webp\" alt=\"\" \/><\/p>\n<h2>\u0141atwa konfiguracja<\/h2>\n<p style=\"font-size: 12pt;\">Podobnie jak wszystkie produkty Twinkly, sznury mog\u0105 by\u0107 mapowane, a ka\u017cda pojedyncza dioda LED mo\u017ce by\u0107 sterowana indywidualnie, co pozwala na tworzenie, odtwarzanie unikalnych efekt\u00f3w, gradient\u00f3w i animacji.<\/p>\n<\/p><\/div>\n<div class=\"flex flex-3\" style=\"padding-left: 5px; padding-right: 5px; text-align: center;\">\n<p><img decoding=\"async\" src=\"https:\/\/www.power-cube.pl\/upload\/twinkly\/strings\/Summer_App-controlled.webp\" alt=\"\" \/><\/p>\n<h2>Edycja efekt\u00f3w<\/h2>\n<p style=\"font-size: 12pt;\">Dzi\u0119ki aplikacji Twinkly App masz pe\u0142n\u0105 kontrol\u0119 nad swoim o\u015bwietleniem. Mo\u017cesz wybra\u0107 jeden z domy\u015blnych efekt\u00f3w, edytowa\u0107 je lub tworzy\u0107 w\u0142asne, umieszcza\u0107 w listach odtwarzania i planowa\u0107 zgodnie z w\u0142asnymi upodobaniami.<\/p>\n<\/p><\/div>\n<div class=\"flex flex-3\" style=\"padding-left: 5px; padding-right: 5px; text-align: center;\">\n<p><img decoding=\"async\" src=\"https:\/\/www.power-cube.pl\/upload\/twinkly\/strings\/Music_Gallery_05_700x.webp\" alt=\"Twinkly Music\" \/><\/p>\n<h2>Synchronizacja z d\u017awi\u0119kiem<\/h2>\n<p style=\"font-size: 12pt;\">Ka\u017cdy produkt Twinkly mo\u017ce wy\u015bwietla\u0107 efekty w rytm muzyki. <a href=\"https:\/\/www.power-cube.pl\/Twinkly-Music-Dongle-Adapter-Procesor-Dzwieku-Dodatek-Do-Lini-Produktow-Twinkly\"><strong>Twinkly Music<\/strong><\/a> jest wyposa\u017cony w bardzo dok\u0142adny detektor BPM, sprawiaj\u0105cy, \u017ce Twoje \u015bwiat\u0142a zata\u0144cz\u0105 zsynchronizowane z muzyk\u0105.<\/p>\n<\/p><\/div>\n<\/p><\/div>\n<div class=\"flex\" style=\"margin-top: 25px;\">\n<h1 style=\"text-align: center;\">Sterowanie g\u0142osowe<\/h1>\n<p style=\"text-align: center; font-size: 12pt;\">Lampki Twinkly mo\u017cna obs\u0142ugiwa\u0107 za pomoc\u0105 asystent\u00f3w g\u0142osowych, takich jak Google Asisstant i Amazon Alexa, a tak\u017ce za pomoc\u0105 Homey i Apple HomeKit<\/p>\n<p style=\"text-align: center;\"><img decoding=\"async\" src=\"https:\/\/www.power-cube.pl\/upload\/twinkly\/dots\/Dots_Voice_bg.webp\" alt=\"\" \/><\/p>\n<\/p><\/div>\n<div class=\"flex\" style=\"padding-left: 5px; padding-right: 5px; margin-top: 2em;\">\n<div class=\"flex flex-5\" style=\"text-align: center;\"><img decoding=\"async\" src=\"https:\/\/www.power-cube.pl\/upload\/twinkly\/google.webp\" alt=\"hey google\" \/><\/div>\n<div class=\"flex flex-5\" style=\"text-align: center;\"><img decoding=\"async\" src=\"https:\/\/www.power-cube.pl\/upload\/twinkly\/razer-chroma.webp\" alt=\"Razer Chroma\" \/><\/div>\n<div class=\"flex flex-5\" style=\"text-align: center;\"><img decoding=\"async\" src=\"https:\/\/www.power-cube.pl\/upload\/twinkly\/alexa.webp\" alt=\"Alexa\" \/><\/div>\n<div class=\"flex flex-5\" style=\"text-align: center;\"><img decoding=\"async\" src=\"https:\/\/www.power-cube.pl\/upload\/twinkly\/omen.webp\" alt=\"hp OMEN Light Studio\" \/><\/div>\n<div class=\"flex flex-5\" style=\"text-align: center;\"><img decoding=\"async\" src=\"https:\/\/www.power-cube.pl\/upload\/twinkly\/applehomekit.webp\" alt=\"Apple HomeKit\" \/><\/div>\n<div class=\"flex flex-1\" style=\"padding-bottom: 3rem; padding-top: 3rem;\">\n<h1 style=\"text-align: center;\">Twinkly i Razer Chroma<\/h1>\n<p style=\"text-align: center; font-size: 12pt;\">Dzi\u0119ki rewolucyjnej technologii, Twinkly i Razer Chroma\u2122 RGB przenosz\u0105 rozgrywk\u0119 na wy\u017cszy poziom, daj\u0105c graczom wielozmys\u0142owe wra\u017cenia z gry. Ta aplikacja umo\u017cliwia u\u017cytkownikom pod\u0142\u0105czenie ca\u0142ej gamy produkt\u00f3w Twinkly do Razer Chroma\u2122 RGB. Rozszerza to wra\u017cenia z gry poza ekran, dzi\u0119ki responsywnym efektom \u015bwietlnym wyzwalanym przez wydarzenia w grze.<\/p>\n<\/p><\/div>\n<p style=\"text-align: center;\"><img decoding=\"async\" src=\"https:\/\/www.power-cube.pl\/upload\/twinkly\/strings\/Strings-RGBW_Gallery_08.webp\" alt=\"\" \/><\/p>\n<\/p><\/div>\n<div class=\"flex\" style=\"margin-top: 25px;\">\n<h1 style=\"text-align: center;\">Doskona\u0142e rozwi\u0105zanie na r\u00f3\u017cne okazje<\/h1>\n<div class=\"flex flex-3\" style=\"padding-left: 5px; padding-right: 5px;\">\n<p style=\"text-align: center;\"><img decoding=\"async\" src=\"https:\/\/www.power-cube.pl\/upload\/twinkly\/strings\/Twinkly_Tales_Hansel_1-1_300dpi_004-2022.webp\" alt=\"\" \/><\/p>\n<\/p><\/div>\n<div class=\"flex flex-3\" style=\"padding-left: 5px; padding-right: 5px;\">\n<p style=\"text-align: center;\"><img decoding=\"async\" src=\"https:\/\/www.power-cube.pl\/upload\/twinkly\/strings\/Twinkly_Halloween_8679-2022.webp\" alt=\"\" \/><\/p>\n<\/p><\/div>\n<div class=\"flex flex-3\" style=\"padding-left: 5px; padding-right: 5px;\">\n<p style=\"text-align: center;\"><img decoding=\"async\" src=\"https:\/\/www.power-cube.pl\/upload\/twinkly\/strings\/Twinkly_Tales_Hansel_1-1_300dpi_006-2022.webp\" alt=\"\" \/><\/p>\n<\/p><\/div>\n<div class=\"flex flex-3\" style=\"padding-left: 5px; padding-right: 5px;\">\n<p style=\"text-align: center;\"><img decoding=\"async\" src=\"https:\/\/www.power-cube.pl\/upload\/twinkly\/strings\/Twinkly_Summer-Outdoor_300dpi_0874_2023.webp\" alt=\"\" \/><\/p>\n<\/p><\/div>\n<div class=\"flex flex-3\" style=\"padding-left: 5px; padding-right: 5px;\">\n<p style=\"text-align: center;\"><img decoding=\"async\" src=\"https:\/\/www.power-cube.pl\/upload\/twinkly\/strings\/Twinkly_Razer_01135-2020.webp\" alt=\"\" \/><\/p>\n<\/p><\/div>\n<div class=\"flex flex-3\" style=\"padding-left: 5px; padding-right: 5px;\">\n<p style=\"text-align: center;\"><img decoding=\"async\" src=\"https:\/\/www.power-cube.pl\/upload\/twinkly\/strings\/Twinkly_Halloween_4907-2020.webp\" alt=\"\" \/><\/p>\n<\/p><\/div>\n<\/p><\/div>\n<p> <!-- \n\n<div class=\"flex\" style=\"margin-top: 25px;\">  \n\n<h1 style=\"text-align: center;\">Twinkly w akcji<\/h1>\n\n  \n\n<div class=\"flex flex-3\" style=\"padding-left: 5px; padding-right: 5px;\">   \n\n<p style=\"text-align: center;\"><img decoding=\"async\" src=\"https:\/\/www.power-cube.pl\/upload\/twinkly\/dots\/action1.webp\" alt=\"\" \/><\/p>\n\n  <\/div>\n\n  \n\n<div class=\"flex flex-3\" style=\"padding-left: 5px; padding-right: 5px;\">   \n\n<p style=\"text-align: center;\"><img decoding=\"async\" src=\"https:\/\/www.power-cube.pl\/upload\/twinkly\/dots\/action2.webp\" alt=\"\" \/><\/p>\n\n  <\/div>\n\n  \n\n<div class=\"flex flex-3\" style=\"padding-left: 5px; padding-right: 5px;\">   \n\n<p style=\"text-align: center;\"><img decoding=\"async\" src=\"https:\/\/www.power-cube.pl\/upload\/twinkly\/dots\/action3.webp\" alt=\"\" \/><\/p>\n\n  <\/div>\n\n <\/div>\n\n \n\n<div class=\"flex\" style=\"margin-top: 25px;\">  \n\n<h1 style=\"text-align: center;\">Tw\u00f3rz wspomnienia z Twinkly<\/h1>\n\n  \n\n<div class=\"flex flex-3\" style=\"padding-left: 5px; padding-right: 5px;\">   \n\n<p style=\"text-align: center;\"><img decoding=\"async\" src=\"https:\/\/www.power-cube.pl\/upload\/twinkly\/dots\/memories3.webp\" alt=\"\" \/><\/p>\n\n  <\/div>\n\n  \n\n<div class=\"flex flex-3\" style=\"padding-left: 5px; padding-right: 5px;\">   \n\n<p style=\"text-align: center;\"><img decoding=\"async\" src=\"https:\/\/www.power-cube.pl\/upload\/twinkly\/dots\/memories2.webp\" alt=\"\" \/><\/p>\n\n  <\/div>\n\n  \n\n<div class=\"flex flex-3\" style=\"padding-left: 5px; padding-right: 5px;\">   \n\n<p style=\"text-align: center;\"><img decoding=\"async\" src=\"https:\/\/www.power-cube.pl\/upload\/twinkly\/dots\/memories1.webp\" alt=\"\" \/><\/p>\n\n  <\/div>\n\n <\/div>\n\n --> <\/p>\n<p style=\"text-align: center;\">Pobierz aplikacj\u0119:<\/p>\n<div style=\"margin-bottom: 1rem; text-align: center;\"><a href=\"https:\/\/play.google.com\/store\/apps\/details?id=com.twinkly\" target=\"_blank\" rel=\"noopener\"><img decoding=\"async\" style=\"max-width: 200px; height: auto;\" src=\"https:\/\/www.power-cube.pl\/upload\/twinkly\/googleplay.webp\" alt=\"Google Play\" \/><\/a><\/div>\n<div style=\"margin-bottom: 1rem; text-align: center;\"><a href=\"https:\/\/apps.apple.com\/app\/twinkly\/id1132187056\" target=\"_blank\" rel=\"noopener\"><img decoding=\"async\" style=\"max-width: 200px; height: auto;\" src=\"https:\/\/www.power-cube.pl\/upload\/twinkly\/appstore.webp\" alt=\"App Store\" \/><\/a><\/div>\n<div class=\"flex flex-1\" style=\"margin-top: 25px;\">\n<div class=\"video-container\" style=\"text-align: center; padding-bottom: 50%;\"><video autoplay=\"autoplay\" loop=\"loop\" muted=\"\" width=\"100%\" height=\"auto\"><source src=\"https:\/\/www.power-cube.pl\/upload\/twinkly\/strings\/strings-hero.webm\" type=\"video\/webm\" \/><\/video><\/div>\n<\/p><\/div>","protected":false},"excerpt":{"rendered":"<p>Twinkly Strings 250 LED RGB+W &#8211; 20 m, przezroczysty przew\u00f3d Rewolucyjne lampki choinkowe LED RGB+W 20 m d\u0142ugo\u015bci, 250 diod LED RGB+W, 16 milion\u00f3w kolor\u00f3w + ciep\u0142a biel Steruj za pomoc\u0105 smartfona (iOS i Android) Generacja II Po\u0142\u0105cz przez WiFi i Bluetooth Synchronizacja do 4000 diod lub 10 urz\u0105dze\u0144 Tw\u00f3rz, dostosowuj i wgrywaj w\u0142asne efekty [&hellip;]<\/p>","protected":false},"featured_media":2821,"comment_status":"open","ping_status":"closed","template":"","meta":{"_acf_changed":false,"_kad_blocks_custom_css":"","_kad_blocks_head_custom_js":"","_kad_blocks_body_custom_js":"","_kad_blocks_footer_custom_js":""},"product_cat":[109,110],"product_tag":[],"class_list":{"0":"post-2820","1":"product","2":"type-product","3":"status-publish","4":"has-post-thumbnail","6":"product_cat-twinkly","7":"product_cat-strings-lancuchy-led","9":"first","10":"instock","11":"taxable","12":"shipping-taxable","13":"purchasable","14":"product-type-simple"},"acf":[],"taxonomy_info":{"product_cat":[{"value":109,"label":"Twinkly"},{"value":110,"label":"Strings - \u0142a\u0144cuchy LED"}]},"featured_image_src_large":["https:\/\/power-cube.globeweb.stronazen.pl\/wp-content\/uploads\/2024\/03\/3487.webp",980,980,false],"author_info":[],"comment_info":0,"_links":{"self":[{"href":"https:\/\/power-cube.globeweb.stronazen.pl\/en\/wp-json\/wp\/v2\/product\/2820"}],"collection":[{"href":"https:\/\/power-cube.globeweb.stronazen.pl\/en\/wp-json\/wp\/v2\/product"}],"about":[{"href":"https:\/\/power-cube.globeweb.stronazen.pl\/en\/wp-json\/wp\/v2\/types\/product"}],"replies":[{"embeddable":true,"href":"https:\/\/power-cube.globeweb.stronazen.pl\/en\/wp-json\/wp\/v2\/comments?post=2820"}],"wp:featuredmedia":[{"embeddable":true,"href":"https:\/\/power-cube.globeweb.stronazen.pl\/en\/wp-json\/wp\/v2\/media\/2821"}],"wp:attachment":[{"href":"https:\/\/power-cube.globeweb.stronazen.pl\/en\/wp-json\/wp\/v2\/media?parent=2820"}],"wp:term":[{"taxonomy":"product_cat","embeddable":true,"href":"https:\/\/power-cube.globeweb.stronazen.pl\/en\/wp-json\/wp\/v2\/product_cat?post=2820"},{"taxonomy":"product_tag","embeddable":true,"href":"https:\/\/power-cube.globeweb.stronazen.pl\/en\/wp-json\/wp\/v2\/product_tag?post=2820"}],"curies":[{"name":"wp","href":"https:\/\/api.w.org\/{rel}","templated":true}]}}