{"id":2692,"date":"2024-03-06T18:36:19","date_gmt":"2024-03-06T17:36:19","guid":{"rendered":"https:\/\/power-cube.globeweb.stronazen.pl\/produkt\/slug-night-lamp\/"},"modified":"2024-04-24T19:22:38","modified_gmt":"2024-04-24T17:22:38","slug":"slug-night-lamp","status":"publish","type":"product","link":"https:\/\/power-cube.globeweb.stronazen.pl\/en\/product\/slug-night-lamp\/","title":{"rendered":"Slug Night Lamp"},"content":{"rendered":"<h1 style=\"text-align: center;\">Slug Night Lamp<\/h1>\n<p style=\"text-align: center;\">DH0299\/SLUGLP<\/p>\n<h2 style=\"text-align: center;\">Zabawna lampka nocna z wy\u0142\u0105cznikiem czasowym i wbudowanym akumulatorem<\/h2>\n<p style=\"text-align: center;\"><img loading=\"lazy\" decoding=\"async\" src=\"https:\/\/www.power-cube.pl\/upload\/slug\/wt.webp\" alt=\"\" width=\"800\" height=\"800\" \/><\/p>\n<p style=\"text-align: left;\">To ma\u0142e stworzenie o imieniu \u015alimak ma dwoje pionowych oczu, kt\u00f3re mo\u017cna \u015bcisn\u0105\u0107, aby w\u0142\u0105czy\u0107 \u015bwiat\u0142o. \u015awiat\u0142o mo\u017cna \u015bciemnia\u0107 gdy z\u0142\u0105czysz i przytrzymasz oczy. Por\u0119cznym przyciskiem op\u00f3\u017anienia mo\u017cesz op\u00f3\u017ani\u0107 wy\u0142\u0105czenie lampy o 15 minut.<\/p>\n<p style=\"text-align: left;\">Idealny dla dzieci (lub doros\u0142ych), kt\u00f3re lubi\u0105 zasypia\u0107 przy w\u0142\u0105czonym \u015bwietle. \u015alimak jest wykonany z mi\u0119kkiego i g\u0142adkiego silikonu, dzi\u0119ki czemu jest bezpiecznym i fajnym przedmiotem do zabawy.<\/p>\n<table>\n<tbody>\n<tr>\n<td style=\"width: 45%; text-align: center;\"><img loading=\"lazy\" decoding=\"async\" src=\"https:\/\/www.power-cube.pl\/upload\/slug\/1.webp\" alt=\"\" width=\"493\" height=\"293\" \/><\/td>\n<td style=\"padding-left: 30px;\"><strong>Mi\u0119kki silikon<\/p>\n<p><\/strong>Ca\u0142y korpus \u015blimaka jest mi\u0119kki i g\u0142adki dzi\u0119ki silikonowemu materia\u0142owi.<\/td>\n<\/tr>\n<tr>\n<td style=\"text-align: center;\"><img loading=\"lazy\" decoding=\"async\" src=\"https:\/\/www.power-cube.pl\/upload\/slug\/2.webp\" alt=\"\" width=\"493\" height=\"293\" \/><\/td>\n<td style=\"padding-left: 30px;\"><strong>\u0141atwy prze\u0142\u0105cznik<\/p>\n<p><\/strong>Stoj\u0105ce oczy \u015blimaka s\u0105 \u0142atwe do znalezienia w ciemno\u015bci i \u0142atwe w u\u017cyciu. Wystarczy je z\u0142\u0105czy\u0107, aby w\u0142\u0105czy\u0107 i wy\u0142\u0105czy\u0107 i przytrzyma\u0107 troch\u0119 d\u0142u\u017cej, aby przyciemni\u0107. <\/td>\n<\/tr>\n<tr>\n<td style=\"text-align: center;\"><img loading=\"lazy\" decoding=\"async\" src=\"https:\/\/www.power-cube.pl\/upload\/slug\/3.webp\" alt=\"\" width=\"493\" height=\"293\" \/><\/td>\n<td style=\"padding-left: 30px;\"><strong>Przyjaciel w nocy<\/strong><\/p>\n<p>Dla ma\u0142ych dzieci, kt\u00f3re troch\u0119 boj\u0105 si\u0119 ciemno\u015bci, ten s\u0142odki \u015blimak o du\u017cych oczach b\u0119dzie ich przyjacielem w nocy.<\/td>\n<\/tr>\n<tr>\n<td style=\"text-align: center;\"><img loading=\"lazy\" decoding=\"async\" src=\"https:\/\/www.power-cube.pl\/upload\/slug\/4.webp\" alt=\"\" width=\"274\" height=\"236\" \/><\/td>\n<td style=\"padding-left: 30px;\"><strong>Tryb wy\u0142\u0105cznika czasowego<\/strong><\/p>\n<p>Je\u015bli chcesz zasn\u0105\u0107 przy w\u0142\u0105czonym \u015bwietle, u\u017cyj trybu timera, aby op\u00f3\u017ani\u0107 wy\u0142\u0105czenie o 15 minut. <\/td>\n<\/tr>\n<\/tbody>\n<\/table>\n<p style=\"text-align: center;\"><img decoding=\"async\" src=\"https:\/\/www.power-cube.pl\/upload\/slug\/ls1.webp\" alt=\"\" \/><\/p>\n<p style=\"text-align: center;\"><img decoding=\"async\" src=\"https:\/\/www.power-cube.pl\/upload\/slug\/ls2.webp\" alt=\"\" \/><\/p>\n<p style=\"text-align: center;\"><img decoding=\"async\" src=\"https:\/\/www.power-cube.pl\/upload\/slug\/ls3.webp\" alt=\"\" \/><\/p>\n<p style=\"text-align: center;\"><img decoding=\"async\" src=\"https:\/\/www.power-cube.pl\/upload\/slug\/ls4.webp\" alt=\"\" \/><\/p>\n<p style=\"text-align: center;\"><img decoding=\"async\" src=\"https:\/\/www.power-cube.pl\/upload\/slug\/ls5.webp\" alt=\"\" \/><\/p>\n<p style=\"text-align: center;\"><img decoding=\"async\" src=\"https:\/\/www.power-cube.pl\/upload\/slug\/ls6.webp\" alt=\"\" \/><\/p>\n<p style=\"text-align: center;\"><img decoding=\"async\" src=\"https:\/\/www.power-cube.pl\/upload\/slug\/ls7.webp\" alt=\"\" \/><\/p>\n<p style=\"text-align: center;\"><img decoding=\"async\" src=\"https:\/\/www.power-cube.pl\/upload\/slug\/ls8.webp\" alt=\"\" \/><\/p>\n<p style=\"text-align: center;\"><img decoding=\"async\" src=\"https:\/\/www.power-cube.pl\/upload\/slug\/t3.webp\" alt=\"\" \/><\/p>","protected":false},"excerpt":{"rendered":"<h2 style=\"text-align: left;\">Zabawna lampka nocna z wy\u0142\u0105cznikiem czasowym i wbudowanym akumulatorem<\/h2>","protected":false},"featured_media":2693,"comment_status":"open","ping_status":"closed","template":"","meta":{"_acf_changed":false,"_kad_blocks_custom_css":"","_kad_blocks_head_custom_js":"","_kad_blocks_body_custom_js":"","_kad_blocks_footer_custom_js":""},"product_cat":[94,108],"product_tag":[],"class_list":{"0":"post-2692","1":"product","2":"type-product","3":"status-publish","4":"has-post-thumbnail","6":"product_cat-oswietlenie","7":"product_cat-designnest","9":"first","10":"outofstock","11":"taxable","12":"shipping-taxable","13":"purchasable","14":"product-type-simple"},"acf":[],"taxonomy_info":{"product_cat":[{"value":94,"label":"O\u015bwietlenie"},{"value":108,"label":"DesignNest"}]},"featured_image_src_large":["https:\/\/power-cube.globeweb.stronazen.pl\/wp-content\/uploads\/2024\/03\/1401.jpg",800,800,false],"author_info":[],"comment_info":0,"_links":{"self":[{"href":"https:\/\/power-cube.globeweb.stronazen.pl\/en\/wp-json\/wp\/v2\/product\/2692"}],"collection":[{"href":"https:\/\/power-cube.globeweb.stronazen.pl\/en\/wp-json\/wp\/v2\/product"}],"about":[{"href":"https:\/\/power-cube.globeweb.stronazen.pl\/en\/wp-json\/wp\/v2\/types\/product"}],"replies":[{"embeddable":true,"href":"https:\/\/power-cube.globeweb.stronazen.pl\/en\/wp-json\/wp\/v2\/comments?post=2692"}],"wp:featuredmedia":[{"embeddable":true,"href":"https:\/\/power-cube.globeweb.stronazen.pl\/en\/wp-json\/wp\/v2\/media\/2693"}],"wp:attachment":[{"href":"https:\/\/power-cube.globeweb.stronazen.pl\/en\/wp-json\/wp\/v2\/media?parent=2692"}],"wp:term":[{"taxonomy":"product_cat","embeddable":true,"href":"https:\/\/power-cube.globeweb.stronazen.pl\/en\/wp-json\/wp\/v2\/product_cat?post=2692"},{"taxonomy":"product_tag","embeddable":true,"href":"https:\/\/power-cube.globeweb.stronazen.pl\/en\/wp-json\/wp\/v2\/product_tag?post=2692"}],"curies":[{"name":"wp","href":"https:\/\/api.w.org\/{rel}","templated":true}]}}