{"id":2685,"date":"2024-03-06T18:36:18","date_gmt":"2024-03-06T17:36:18","guid":{"rendered":"https:\/\/power-cube.globeweb.stronazen.pl\/produkt\/fliplamp-janpim\/"},"modified":"2024-04-24T19:22:38","modified_gmt":"2024-04-24T17:22:38","slug":"fliplamp-janpim","status":"publish","type":"product","link":"https:\/\/power-cube.globeweb.stronazen.pl\/en\/product\/fliplamp-janpim\/","title":{"rendered":"FlipLamp Janpim"},"content":{"rendered":"<h1 style=\"text-align: center;\">FlipLamp |Janpim|<\/h1>\n<p style=\"text-align: center;\">DH0226\/FPLPJP<\/p>\n<h2 style=\"text-align: center;\"> Lampka nocna o 3 poziomach jasno\u015bci z wbudowanym akumulatorem.<\/h2>\n<p style=\"text-align: center;\"><img decoding=\"async\" src=\"https:\/\/www.power-cube.pl\/upload\/fliplamp\/wt.webp\" alt=\"\" \/><\/p>\n<p style=\"text-align: left;\">Przeno\u015bna lampka nocna o 3 poziomach jasno\u015bci z wbudowanym akumulatorem.<br \/>Lampa wyposa\u017cona jest w sprytny czujnik grawitacji &#8211; wystarczy obr\u00f3ci\u0107 lamp\u0119, aby zmieni\u0107 jej jasno\u015b\u0107 lub wy\u0142\u0105czy\u0107!<\/p>\n<p style=\"text-align: left;\">\n<table>\n<tbody>\n<tr>\n<td style=\"width: 40%; text-align: center;\"><img decoding=\"async\" src=\"https:\/\/www.power-cube.pl\/upload\/fliplamp\/1.webp\" alt=\"\" \/><\/td>\n<td style=\"padding-left: 30px;\"><strong>W\u0142\u0105cz\/wy\u0142\u0105cz obracaj\u0105c<\/strong><\/p>\n<p>W\u0142\u0105cznikiem \u015bwiat\u0142a steruje si\u0119 poprzez obracanie lampy. Czyni to obs\u0142ug\u0119 prost\u0105, bez potrzeby szukania prze\u0142\u0105cznika.<\/td>\n<\/tr>\n<tr>\n<td style=\"text-align: center;\"><img decoding=\"async\" src=\"https:\/\/www.power-cube.pl\/upload\/fliplamp\/2.webp\" alt=\"\" \/><\/td>\n<td style=\"padding-left: 30px;\"><strong>Interaktywne ruchy<\/strong><\/p>\n<p>Lampa ma 3 pozycje: 1 pionow\u0105 i 2 poziome. Za ka\u017cdym razem, gdy j\u0105 odwr\u00f3cisz, jasno\u015b\u0107 zmienia si\u0119. Unikalny styl, ciekawa obs\u0142uga.<\/td>\n<\/tr>\n<tr>\n<td style=\"text-align: center;\"><img decoding=\"async\" src=\"https:\/\/www.power-cube.pl\/upload\/fliplamp\/3.webp\" alt=\"\" \/><\/td>\n<td style=\"padding-left: 30px;\"><strong>Wygoda u\u017cywania na zasilaniu akumulatorowym<\/strong><\/p>\n<p>Wysokiej jako\u015bci bateria litowa 2000 mAh pozwala na u\u017cywanie bez pod\u0142\u0105czania do \u017ar\u00f3d\u0142a zasilania.<\/td>\n<\/tr>\n<\/tbody>\n<\/table>\n<p style=\"text-align: center;\"><img decoding=\"async\" src=\"https:\/\/www.power-cube.pl\/upload\/fliplamp\/ls1.webp\" alt=\"\" \/><\/p>\n<p style=\"text-align: center;\"><img decoding=\"async\" src=\"https:\/\/www.power-cube.pl\/upload\/fliplamp\/ls2.webp\" alt=\"\" \/><\/p>\n<p style=\"text-align: center;\"><img decoding=\"async\" src=\"https:\/\/www.power-cube.pl\/upload\/fliplamp\/ls3.webp\" alt=\"\" \/><\/p>\n<p style=\"text-align: center;\"><img decoding=\"async\" src=\"https:\/\/www.power-cube.pl\/upload\/fliplamp\/ls4.webp\" alt=\"\" \/><\/p>\n<p style=\"text-align: center;\"><img decoding=\"async\" src=\"https:\/\/www.power-cube.pl\/upload\/fliplamp\/ls5.webp\" alt=\"\" \/><\/p>","protected":false},"excerpt":{"rendered":"<h1 style=\"text-align: center;\">FlipLamp |Janpim|<\/h1>\n<p style=\"text-align: center;\">DH0226\/FPLPJP<\/p>\n<h2 style=\"text-align: center;\"> Lampka nocna o 3 poziomach jasno\u015bci z wbudowanym akumulatorem.<\/h2>","protected":false},"featured_media":2686,"comment_status":"open","ping_status":"closed","template":"","meta":{"_acf_changed":false,"_kad_blocks_custom_css":"","_kad_blocks_head_custom_js":"","_kad_blocks_body_custom_js":"","_kad_blocks_footer_custom_js":""},"product_cat":[94,108],"product_tag":[],"class_list":{"0":"post-2685","1":"product","2":"type-product","3":"status-publish","4":"has-post-thumbnail","6":"product_cat-oswietlenie","7":"product_cat-designnest","9":"first","10":"instock","11":"taxable","12":"shipping-taxable","13":"purchasable","14":"product-type-simple"},"acf":[],"taxonomy_info":{"product_cat":[{"value":94,"label":"O\u015bwietlenie"},{"value":108,"label":"DesignNest"}]},"featured_image_src_large":["https:\/\/power-cube.globeweb.stronazen.pl\/wp-content\/uploads\/2024\/03\/1400.jpg",800,800,false],"author_info":[],"comment_info":0,"_links":{"self":[{"href":"https:\/\/power-cube.globeweb.stronazen.pl\/en\/wp-json\/wp\/v2\/product\/2685"}],"collection":[{"href":"https:\/\/power-cube.globeweb.stronazen.pl\/en\/wp-json\/wp\/v2\/product"}],"about":[{"href":"https:\/\/power-cube.globeweb.stronazen.pl\/en\/wp-json\/wp\/v2\/types\/product"}],"replies":[{"embeddable":true,"href":"https:\/\/power-cube.globeweb.stronazen.pl\/en\/wp-json\/wp\/v2\/comments?post=2685"}],"wp:featuredmedia":[{"embeddable":true,"href":"https:\/\/power-cube.globeweb.stronazen.pl\/en\/wp-json\/wp\/v2\/media\/2686"}],"wp:attachment":[{"href":"https:\/\/power-cube.globeweb.stronazen.pl\/en\/wp-json\/wp\/v2\/media?parent=2685"}],"wp:term":[{"taxonomy":"product_cat","embeddable":true,"href":"https:\/\/power-cube.globeweb.stronazen.pl\/en\/wp-json\/wp\/v2\/product_cat?post=2685"},{"taxonomy":"product_tag","embeddable":true,"href":"https:\/\/power-cube.globeweb.stronazen.pl\/en\/wp-json\/wp\/v2\/product_tag?post=2685"}],"curies":[{"name":"wp","href":"https:\/\/api.w.org\/{rel}","templated":true}]}}