{"id":2674,"date":"2024-03-06T18:36:17","date_gmt":"2024-03-06T17:36:17","guid":{"rendered":"https:\/\/power-cube.globeweb.stronazen.pl\/produkt\/audioball-ub-standing-high-set-grey\/"},"modified":"2024-04-24T19:22:39","modified_gmt":"2024-04-24T17:22:39","slug":"audioball-ub-standing-high-set-grey","status":"publish","type":"product","link":"https:\/\/power-cube.globeweb.stronazen.pl\/en\/product\/audioball-ub-standing-high-set-grey\/","title":{"rendered":"audioBall UB+ Standing High SET; GREY"},"content":{"rendered":"<h1 class=\"h3\" style=\"text-align: center;\">DesignNest audioBall UB+ Standing High SET; GREY<\/h1>\n<p style=\"text-align: center;\">DH0175GY\/AUBHIG<\/p>\n<h2 style=\"text-align: center;\">Bezprzewodowy g\u0142o\u015bnik Bluetooth z wbudowanym akumulatorem, obs\u0142ug\u0105 Qualcomm<sup>\u00ae<\/sup> aptX<sup>\u00ae<\/sup> i stojakiem w zestawie<\/h2>\n<p style=\"text-align: center;\"><img decoding=\"async\" src=\"https:\/\/www.power-cube.pl\/upload\/audioball\/gy.webp\" alt=\"\" \/><\/p>\n<p style=\"text-align: justify;\">AudioBall |UB+| dobrze wygl\u0105da, tak, jak brzmi, daj\u0105c Ci najlepsze doznania d\u017awi\u0119kowe przy jednoczesnym wkomponowaniu si\u0119 w wystr\u00f3j Twojego wn\u0119trza. Jego kulista forma sprawia, \u017ce obudowa g\u0142o\u015bnika charakteryzuje si\u0119 du\u017c\u0105 wytrzyma\u0142o\u015bci\u0105 na \u015bciskanie, co w po\u0142\u0105czeniu z opatentowan\u0105 konstrukcj\u0105 unibody i wbudowanym akumulatorem o du\u017cej pojemno\u015bci sprawia, \u017ce audioBall |UB+| jest lekki i mo\u017ce by\u0107 u\u017cywany w r\u00f3\u017cnych warunkach. Muzyk\u0119 mo\u017cna odtwarza\u0107 bezprzewodowo przez Bluetooth, a nawet sparowa\u0107 bezprzewodowo dwa z nich dzi\u0119ki funkcji True Wireless Stereo (TWS), tworz\u0105c niesamowity system stereo z imponuj\u0105c\u0105 scen\u0105 d\u017awi\u0119kow\u0105. W zestawie znajduje si\u0119 r\u00f3wnie\u017c aplikacja towarzysz\u0105ca, kt\u00f3ra zwi\u0119ksza jego funkcjonalno\u015b\u0107 oraz stojak z magnetyczn\u0105 podstawk\u0105.<\/p>\n<p style=\"text-align: center;\"><img decoding=\"async\" src=\"https:\/\/www.power-cube.pl\/upload\/audioball\/gy_nostand.webp\" alt=\"\" \/><\/p>\n<table>\n<tbody>\n<tr>\n<td style=\"width: 50%;\"><img decoding=\"async\" src=\"https:\/\/www.power-cube.pl\/upload\/audioball\/1.webp\" alt=\"\" \/><\/td>\n<td><strong>Elastyczny i dostosowywalny do r\u00f3\u017cnych scenariuszy u\u017cytkowania g\u0142o\u015bnik<\/strong><br \/>Kulisty kszta\u0142t sprawia, \u017ce obudowa ma wysok\u0105 wytrzyma\u0142o\u015b\u0107 na \u015bciskanie, co w po\u0142\u0105czeniu z opatentowan\u0105 konstrukcj\u0105 unibody i wbudowan\u0105 bateri\u0105 o du\u017cej pojemno\u015bci sprawia, \u017ce AudioBall jest lekki, co u\u0142atwia mobilno\u015b\u0107 i mo\u017ce by\u0107 u\u017cywany w r\u00f3\u017cnych sytuacjach. audioBall jest wspierany przez aplikacj\u0119, kt\u00f3ra zwi\u0119ksza jego funkcjonalno\u015b\u0107.<\/td>\n<\/tr>\n<tr>\n<td><img decoding=\"async\" src=\"https:\/\/www.power-cube.pl\/upload\/audioball\/2.webp\" alt=\"\" \/><\/td>\n<td><strong>Nowy paradygmat w projektowaniu g\u0142o\u015bnik\u00f3w<\/strong> <br \/>audioBall \u0142\u0105czy w sobie najlepsze elementy tradycyjnej konstrukcji g\u0142o\u015bnik\u00f3w i najnowsz\u0105 technologi\u0119 audio, aby stworzy\u0107 du\u017cy g\u0142o\u015bnik, kt\u00f3ry jest w dobie mobilno\u015bci odpowiedni dla urz\u0105dze\u0144 bezprzewodowych. Wiadomo, \u017ce kula jest najbardziej idealnym kszta\u0142tem dla konstrukcji obudowy g\u0142o\u015bnika, ze wzgl\u0119du na najmniejsz\u0105 ilo\u015b\u0107 zniekszta\u0142ce\u0144 d\u017awi\u0119ku. Kulista forma audioBall w po\u0142\u0105czeniu z pojedynczym 5,25 calowym przetwornikiem szerokopasmowym i wzmacniaczem o mocy 25 W zapewnia optymalne wsp\u00f3\u0142czynniki rozchodzenia si\u0119 d\u017awi\u0119ku.<\/td>\n<\/tr>\n<tr>\n<td><img decoding=\"async\" src=\"https:\/\/www.power-cube.pl\/upload\/audioball\/3.webp\" alt=\"\" \/><\/td>\n<td><strong>Zaprojektowany jako mebel<\/strong> <br \/>audioBall ma wygl\u0105da\u0107 tak dobrze, jak brzmi. To kompletny pakiet o efektownym wygl\u0105dzie i doskona\u0142ym brzmieniu. audioBall zosta\u0142 zaprojektowany jako mebel, kt\u00f3ry mo\u017ce dumnie sta\u0107 w Twoim salonie.<\/td>\n<\/tr>\n<tr>\n<td><img decoding=\"async\" src=\"https:\/\/www.power-cube.pl\/upload\/audioball\/5.webp\" alt=\"\" \/><\/td>\n<td><strong>Do\u015bwiadczenia d\u017awi\u0119kowe<\/strong> <br \/>Mo\u017cesz odtwarza\u0107 muzyk\u0119 z audioBall bezprzewodowo przez Bluetooth. Mo\u017cesz nawet sparowa\u0107 bezprzewodowo dwa z nich dzi\u0119ki funkcji True Wireless Stereo (TWS), tworz\u0105c niesamowity system stereo z imponuj\u0105c\u0105 scen\u0105 d\u017awi\u0119kow\u0105. Twoje wra\u017cenia s\u0142uchowe mo\u017cna r\u00f3wnie\u017c dodatkowo ulepszy\u0107 dzi\u0119ki funkcji trybu 3D, dzi\u0119ki czemu mo\u017cesz cieszy\u0107 si\u0119 kinowymi wra\u017ceniami w domu.<\/td>\n<\/tr>\n<\/tbody>\n<\/table>\n<p style=\"text-align: center;\"><img decoding=\"async\" src=\"https:\/\/www.power-cube.pl\/upload\/audioball\/20205_1588950080237.webp\" alt=\"\" \/><\/p>\n<p style=\"text-align: center;\"><img decoding=\"async\" src=\"https:\/\/www.power-cube.pl\/upload\/audioball\/20205_1588950090956.webp\" alt=\"\" \/><\/p>\n<p style=\"text-align: center;\"><img decoding=\"async\" src=\"https:\/\/www.power-cube.pl\/upload\/audioball\/20205_1588950105256.webp\" alt=\"\" \/><\/p>\n<p style=\"text-align: center;\"><img decoding=\"async\" src=\"https:\/\/www.power-cube.pl\/upload\/audioball\/ls1.webp\" alt=\"\" \/><\/p>\n<p style=\"text-align: center;\"><img decoding=\"async\" src=\"https:\/\/www.power-cube.pl\/upload\/audioball\/ls5.webp\" alt=\"\" \/><\/p>\n<p style=\"text-align: center;\"><img decoding=\"async\" src=\"https:\/\/www.power-cube.pl\/upload\/audioball\/ls6.webp\" alt=\"\" \/><\/p>\n<p style=\"text-align: center;\"><img decoding=\"async\" src=\"https:\/\/www.power-cube.pl\/upload\/audioball\/ls7.webp\" alt=\"\" \/><\/p>\n<p style=\"text-align: center;\"><img decoding=\"async\" src=\"https:\/\/www.power-cube.pl\/upload\/audioball\/ls9.webp\" alt=\"\" \/><\/p>\n<p style=\"text-align: center;\"><img decoding=\"async\" src=\"https:\/\/www.power-cube.pl\/upload\/audioball\/ls10.webp\" alt=\"\" \/><\/p>\n<p style=\"text-align: center;\"><img decoding=\"async\" src=\"https:\/\/www.power-cube.pl\/upload\/audioball\/ls11.webp\" alt=\"\" \/><\/p>","protected":false},"excerpt":{"rendered":"<h2 style=\"text-align: left;\">Bezprzewodowy g\u0142o\u015bnik Bluetooth, z wbudowanym akumulatorem, obs\u0142ug\u0105 Qualcomm aptX i stojakiem w zestawie<\/h2>","protected":false},"featured_media":2675,"comment_status":"open","ping_status":"closed","template":"","meta":{"_acf_changed":false,"_kad_blocks_custom_css":"","_kad_blocks_head_custom_js":"","_kad_blocks_body_custom_js":"","_kad_blocks_footer_custom_js":""},"product_cat":[106,107],"product_tag":[],"class_list":{"0":"post-2674","1":"product","2":"type-product","3":"status-publish","4":"has-post-thumbnail","6":"product_cat-dzwiek","7":"product_cat-audioball-ub","9":"first","10":"outofstock","11":"taxable","12":"shipping-taxable","13":"purchasable","14":"product-type-simple"},"acf":[],"taxonomy_info":{"product_cat":[{"value":106,"label":"D\u017awi\u0119k"},{"value":107,"label":"audioBall UB+"}]},"featured_image_src_large":["https:\/\/power-cube.globeweb.stronazen.pl\/wp-content\/uploads\/2024\/03\/1378-1024x640.jpg",980,613,true],"author_info":[],"comment_info":0,"_links":{"self":[{"href":"https:\/\/power-cube.globeweb.stronazen.pl\/en\/wp-json\/wp\/v2\/product\/2674"}],"collection":[{"href":"https:\/\/power-cube.globeweb.stronazen.pl\/en\/wp-json\/wp\/v2\/product"}],"about":[{"href":"https:\/\/power-cube.globeweb.stronazen.pl\/en\/wp-json\/wp\/v2\/types\/product"}],"replies":[{"embeddable":true,"href":"https:\/\/power-cube.globeweb.stronazen.pl\/en\/wp-json\/wp\/v2\/comments?post=2674"}],"wp:featuredmedia":[{"embeddable":true,"href":"https:\/\/power-cube.globeweb.stronazen.pl\/en\/wp-json\/wp\/v2\/media\/2675"}],"wp:attachment":[{"href":"https:\/\/power-cube.globeweb.stronazen.pl\/en\/wp-json\/wp\/v2\/media?parent=2674"}],"wp:term":[{"taxonomy":"product_cat","embeddable":true,"href":"https:\/\/power-cube.globeweb.stronazen.pl\/en\/wp-json\/wp\/v2\/product_cat?post=2674"},{"taxonomy":"product_tag","embeddable":true,"href":"https:\/\/power-cube.globeweb.stronazen.pl\/en\/wp-json\/wp\/v2\/product_tag?post=2674"}],"curies":[{"name":"wp","href":"https:\/\/api.w.org\/{rel}","templated":true}]}}