{"id":2659,"date":"2024-03-06T18:36:16","date_gmt":"2024-03-06T17:36:16","guid":{"rendered":"https:\/\/power-cube.globeweb.stronazen.pl\/produkt\/balancecolander-equilibric\/"},"modified":"2024-04-24T19:22:40","modified_gmt":"2024-04-24T17:22:40","slug":"balancecolander-equilibric","status":"publish","type":"product","link":"https:\/\/power-cube.globeweb.stronazen.pl\/en\/product\/balancecolander-equilibric\/","title":{"rendered":"BalanceColander Equilibric"},"content":{"rendered":"<h1 style=\"text-align: center;\">BalancedColander |Equilibric|<\/h1>\n<p style=\"text-align: center;\">DH0146BL\/EQBLCO<\/p>\n<h2 style=\"text-align: center;\">Equilibric s\u0142u\u017cy w Twojej kuchni jako cedzak, naczynie do rozmra\u017cania i miska do serwowania.<br \/>Oszcz\u0119dza Tw\u00f3j czas i wod\u0119.<\/h2>\n<p style=\"text-align: center;\"><img decoding=\"async\" src=\"https:\/\/power-cube.pl\/userdata\/public\/assets\/balanced colander\/logo.jpg\" alt=\"\" \/><\/p>\n<p style=\"text-align: center;\"><img decoding=\"async\" src=\"https:\/\/power-cube.pl\/userdata\/public\/assets\/balanced colander\/colander02.jpg\" alt=\"\" \/><\/p>\n<p style=\"text-align: center;\"><img decoding=\"async\" src=\"https:\/\/power-cube.pl\/userdata\/public\/assets\/balanced colander\/graph.jpg\" alt=\"\" \/><\/p>\n<h3 style=\"max-width: 500px; margin: 0px auto; text-align: center; margin-top: 3em; text-transform: uppercase;\">Nigdy wi\u0119cej nie zgub kolejnego \u015bwie\u017co umytego warzywa lub owocu w zlewie!<\/p>\n<\/h3>\n<p style=\"max-width: 640px; text-align: center; margin: 0 auto;\"><img decoding=\"async\" src=\"https:\/\/power-cube.pl\/userdata\/public\/assets\/balanced colander\/problem1a.gif\" alt=\"\" \/><\/p>\n<p style=\"max-width: 640px; margin: 0px auto; text-align: justify; margin-top: 1.5em;\">Nic nie jest tak frustruj\u0105ce jak ogl\u0105danie \u015bwie\u017co op\u0142ukanych, umytych warzyw i owoc\u00f3w, kt\u00f3re wpadaj\u0105 do zlewu. Co gorsza, je\u015bli nie masz w\u0142a\u015bciwego uchwytu wszystko mo\u017ce wypa\u015b\u0107 &#8211; odbieraj\u0105c tobie spok\u00f3j ducha.<\/p>\n<h3 style=\"max-width: 500px; margin: 0px auto; text-align: center; margin-top: 3em; text-transform: uppercase;\">W rzeczywisto\u015bci, innowacyjny cedzak Equilibric jest najlepszym rozwi\u0105zaniem<\/p>\n<\/h3>\n<p style=\"max-width: 640px; text-align: center; margin: 0 auto;\"><img decoding=\"async\" src=\"https:\/\/power-cube.pl\/userdata\/public\/assets\/balanced colander\/solve1.1.gif\" alt=\"\" \/><\/p>\n<p style=\"max-width: 640px; margin: 0px auto; text-align: justify; margin-top: 1.5em;\">Nasz durszlak redukuje ilo\u015b\u0107 wody potrzebnej do mycia owoc\u00f3w i warzyw o 60% &#8211; wszystko to przy jednoczesnym usuni\u0119ciu dwukrotnie wi\u0119kszej ilo\u015bci zanieczyszcze\u0144! Ju\u017c nigdy nie b\u0119dziesz musia\u0142 martwi\u0107 si\u0119 o przedmioty w zlewie, poniewa\u017c ta konstrukcja pozwala na zaoszcz\u0119dzenie czasu i nerw\u00f3w.<\/p>\n<p style=\"max-width: 640px; margin: 1.5em auto 0px; text-align: center;\"><img loading=\"lazy\" decoding=\"async\" src=\"https:\/\/power-cube.pl\/userdata\/public\/assets\/balanced colander\/1.jpg\" alt=\"\" width=\"640\" height=\"360\" \/><\/p>\n<h3 style=\"max-width: 500px; margin: 0px auto; text-align: center; margin-top: 3em; text-transform: uppercase;\">du\u017ca oszcz\u0119dno\u015b\u0107 wody i pieni\u0119dzy<\/p>\n<\/h3>\n<p style=\"text-align: center;\"><img decoding=\"async\" src=\"https:\/\/power-cube.pl\/userdata\/public\/assets\/balanced colander\/graph2.jpg\" alt=\"\" \/><\/p>\n<p style=\"text-align: justify; margin: 0 auto; margin-top: 1.5em; max-width: 640px;\">Jego ergonomiczna konstrukcja utrzymuje warzywa w bezpiecznej pozycji pionowej, miska odprowadza brudn\u0105 wod\u0119 op\u0142ukuj\u0105c \u017cywno\u015b\u0107 i chroni czyste otoczenie przed pochlapaniem lub rozlaniem.<\/p>\n<h3 style=\"text-align: center; margin: 0 auto; text-transform: uppercase; max-width: 500px; margin-top: 3em;\">zalety funkcjonalne eQuilibric<\/h3>\n<p style=\"text-align: center; margin: 0 auto; margin-top: 3em;\"><img decoding=\"async\" src=\"https:\/\/power-cube.pl\/userdata\/public\/assets\/balanced colander\/graph3.jpg\" alt=\"\" \/><\/p>\n<h3 style=\"max-width: 500px; margin: 0px auto; text-align: center; margin-top: 3em; text-transform: uppercase;\">nigdy wi\u0119cej rozlanej wody<\/h3>\n<p style=\"text-align: center; margin: 0 auto; margin-top: 3em;\"><img decoding=\"async\" src=\"https:\/\/power-cube.pl\/userdata\/public\/assets\/balanced colander\/problem2a.gif\" alt=\"\" \/><\/p>\n<h3 style=\"max-width: 500px; margin: 0px auto; text-align: center; margin-top: 3em; text-transform: uppercase;\">ods\u0105cz nadmiar wody z warzyw i podaj w tym samym naczyniu<\/h3>\n<p style=\"text-align: center; margin: 0 auto; margin-top: 3em;\"><img decoding=\"async\" src=\"https:\/\/power-cube.pl\/userdata\/public\/assets\/balanced colander\/solve1a.gif\" alt=\"\" \/><\/p>\n<p style=\"text-align: justify; margin: 0 auto; margin-top: 1.5em; max-width: 640px;\">Miska s\u0142u\u017cy r\u00f3wnie\u017c jako wspania\u0142e naczynie do serwowania. Nie musisz si\u0119 martwi\u0107 o to, \u017ce u\u017cyjesz wi\u0119cej naczy\u0144 ni\u017c jest to konieczne tylko dlatego, \u017ce potrzebujesz czego\u015b, co pozwoli ci je p\u00f3\u017aniej w\u0142o\u017cy\u0107. Odced\u017a nadmiar wody z warzyw i podawaj owoce lub sa\u0142atki w tym samym naczyniu.<\/p>\n<p style=\"text-align: center; margin: 0 auto; margin-top: 1.5em;\"><img decoding=\"async\" src=\"https:\/\/power-cube.pl\/userdata\/public\/assets\/balanced colander\/2.jpg\" alt=\"\" \/><\/p>\n<h3 style=\"max-width: 500px; margin: 0px auto; text-align: center; margin-top: 3em; text-transform: uppercase;\">\u0142atwo p\u0142ucz wszystkie rodzaje ziaren<\/h3>\n<p style=\"text-align: center; margin: 0 auto; margin-top: 3em;\"><img decoding=\"async\" src=\"https:\/\/power-cube.pl\/userdata\/public\/assets\/balanced colander\/3.jpg\" alt=\"\" \/><\/p>\n<h3 style=\"max-width: 500px; margin: 0px auto; text-align: center; margin-top: 3em; text-transform: uppercase;\">pozwala unikn\u0105\u0107 problemu wyciek\u00f3w wody podczas rozmra\u017cania<\/h3>\n<p style=\"text-align: justify; margin: 0 auto; margin-top: 1.5em; max-width: 640px;\">Pr\u00f3ba rozmro\u017cenia czego\u015b w temperaturze pokojowej staje si\u0119 ogromnym problemem dla wi\u0119kszo\u015bci kucharzy. Woda cz\u0119sto rozlewa si\u0119 na ca\u0142\u0105 lad\u0119, tworz\u0105c jeszcze wi\u0119kszy ba\u0142agan i wi\u0119cej pracy dla Ciebie.<\/p>\n<p style=\"text-align: center; margin: 0 auto; margin-top: 1.5em;\"><img decoding=\"async\" src=\"https:\/\/power-cube.pl\/userdata\/public\/assets\/balanced colander\/shrimps.gif\" alt=\"\" \/><\/p>\n<p style=\"text-align: justify; margin: 0 auto; margin-top: 1.5em; max-width: 640px;\">W przypadku typowych cedzak\u00f3w, du\u017co brudu i innych zanieczyszcze\u0144 mo\u017ce przenie\u015b\u0107 si\u0119 do Twoich czystych naczy\u0144 do serwowania. Ale dzi\u0119ki durszlakowi Equilibric, jego ruch pomaga usun\u0105\u0107 90% zanieczyszcze\u0144 i bakterii z \u017cywno\u015bci &#8211; zapewniaj\u0105c zdrowszy i bardziej od\u017cywczy posi\u0142ek!<\/p>\n<p style=\"text-align: center; margin: 0 auto; margin-top: 1.5em;\"><img decoding=\"async\" src=\"https:\/\/power-cube.pl\/userdata\/public\/assets\/balanced colander\/4.jpg\" alt=\"\" \/><\/p>","protected":false},"excerpt":{"rendered":"<h1 style=\"text-align: center;\">BalancedColander |Equilibric|<\/h1>\n<p style=\"text-align: center;\">DH0146BL\/EQBLCO<\/p>\n<h2 style=\"text-align: center;\">3w1 &#8211; durszlak, naczynie do serwowania i miska do rozmra\u017cania<\/h2>","protected":false},"featured_media":2660,"comment_status":"open","ping_status":"closed","template":"","meta":{"_acf_changed":false,"_kad_blocks_custom_css":"","_kad_blocks_head_custom_js":"","_kad_blocks_body_custom_js":"","_kad_blocks_footer_custom_js":""},"product_cat":[96,103],"product_tag":[],"class_list":{"0":"post-2659","1":"product","2":"type-product","3":"status-publish","4":"has-post-thumbnail","6":"product_cat-styl-zycia","7":"product_cat-balancedcolander","9":"first","10":"outofstock","11":"taxable","12":"shipping-taxable","13":"purchasable","14":"product-type-simple"},"acf":[],"taxonomy_info":{"product_cat":[{"value":96,"label":"Styl \u017cycia"},{"value":103,"label":"BalancedColander"}]},"featured_image_src_large":["https:\/\/power-cube.globeweb.stronazen.pl\/wp-content\/uploads\/2024\/03\/1204.jpg",980,980,false],"author_info":[],"comment_info":0,"_links":{"self":[{"href":"https:\/\/power-cube.globeweb.stronazen.pl\/en\/wp-json\/wp\/v2\/product\/2659"}],"collection":[{"href":"https:\/\/power-cube.globeweb.stronazen.pl\/en\/wp-json\/wp\/v2\/product"}],"about":[{"href":"https:\/\/power-cube.globeweb.stronazen.pl\/en\/wp-json\/wp\/v2\/types\/product"}],"replies":[{"embeddable":true,"href":"https:\/\/power-cube.globeweb.stronazen.pl\/en\/wp-json\/wp\/v2\/comments?post=2659"}],"wp:featuredmedia":[{"embeddable":true,"href":"https:\/\/power-cube.globeweb.stronazen.pl\/en\/wp-json\/wp\/v2\/media\/2660"}],"wp:attachment":[{"href":"https:\/\/power-cube.globeweb.stronazen.pl\/en\/wp-json\/wp\/v2\/media?parent=2659"}],"wp:term":[{"taxonomy":"product_cat","embeddable":true,"href":"https:\/\/power-cube.globeweb.stronazen.pl\/en\/wp-json\/wp\/v2\/product_cat?post=2659"},{"taxonomy":"product_tag","embeddable":true,"href":"https:\/\/power-cube.globeweb.stronazen.pl\/en\/wp-json\/wp\/v2\/product_tag?post=2659"}],"curies":[{"name":"wp","href":"https:\/\/api.w.org\/{rel}","templated":true}]}}