{"id":2639,"date":"2024-03-06T18:36:15","date_gmt":"2024-03-06T17:36:15","guid":{"rendered":"https:\/\/power-cube.globeweb.stronazen.pl\/produkt\/heng-balance-lamp-ellipse-mini-usb-c-szara\/"},"modified":"2024-04-24T19:22:40","modified_gmt":"2024-04-24T17:22:40","slug":"heng-balance-lamp-ellipse-mini-usb-c-szara","status":"publish","type":"product","link":"https:\/\/power-cube.globeweb.stronazen.pl\/en\/product\/heng-balance-lamp-ellipse-mini-usb-c-szara\/","title":{"rendered":"HENG Balance Lamp Ellipse mini USB-C &#8211; szara"},"content":{"rendered":"<h1 style=\"text-align: center;\">Heng Balance Lamp Ellipse mini USB-C<br \/>szara<\/h1>\n<h3 style=\"text-align: center;\">DH0098LG\/HBLEMN<\/h3>\n<h2 style=\"text-align: center;\">Nocna, biurkowa lampka USB z w\u0142\u0105cznikiem w powietrzu<\/h2>\n<p style=\"text-align: center;\"><img decoding=\"async\" src=\"https:\/\/power-cube.pl\/public\/assets\/heng lamp\/heng mini\/mini-lg.jpg\" alt=\"\" \/><\/p>\n<table>\n<tbody style=\"widht: 100%;\">\n<tr>\n<td style=\"text-align: center; width: 35%;\"><img decoding=\"async\" src=\"https:\/\/power-cube.pl\/public\/assets\/heng lamp\/heng mini\/1.gif\" alt=\"\" \/><\/td>\n<td style=\"padding-left: 30px;\">\n<p><strong>W r\u00f3wnowadze<\/strong><\/p>\n<p>&#8222;Heng Balance\u201d to seria lamp biurkowych z niespodziank\u0105: tam, gdzie wi\u0119kszo\u015b\u0107 lamp ma standardowy prze\u0142\u0105cznik, lampa Heng Balance Lamp jest sterowana przez dwie kulki. Kiedy podniesiesz doln\u0105, zostanie ona przyci\u0105gni\u0119ta przez wisz\u0105c\u0105 i pozostanie w powietrzu, w\u0142\u0105czaj\u0105c jednocze\u015bnie \u015bwiat\u0142o.<\/p>\n<\/td>\n<\/tr>\n<tr>\n<td style=\"text-align: center;\"><img decoding=\"async\" src=\"https:\/\/power-cube.pl\/public\/assets\/heng lamp\/heng mini\/2.jpg\" alt=\"\" \/><\/td>\n<td style=\"padding-left: 30px;\">\n<p><strong>Wszechstronna<\/strong><\/p>\n<p>Ta kreatywna ma\u0142a lampa nadaje si\u0119 do gabinetu, sypialni itp. Wi\u0119kszo\u015b\u0107 typ\u00f3w pomieszcze\u0144 skorzysta na jej obecno\u015bci, poniewa\u017c opr\u00f3cz \u017ar\u00f3d\u0142a \u015bwiat\u0142a jest to tak\u017ce dzie\u0142em sztuki.<\/p>\n<\/td>\n<\/tr>\n<tr>\n<td style=\"text-align: center;\"><img decoding=\"async\" src=\"https:\/\/power-cube.pl\/public\/assets\/heng lamp\/heng mini\/3.gif\" alt=\"\" \/><\/td>\n<td style=\"padding-left: 30px;\">\n<p><strong>Design<\/strong><\/p>\n<p>Przyj\u0119li\u015bmy projekt, w kt\u00f3rym element o\u015bwietleniowy jest osadzony w ramie, aby \u015bwiat\u0142o nie by\u0142o przys\u0142oni\u0119te. \u0141agodna krzywa jest mi\u0142a dla oka i uspokaja.<\/p>\n<\/td>\n<\/tr>\n<tr>\n<td style=\"text-align: center;\"><img decoding=\"async\" src=\"https:\/\/power-cube.pl\/public\/assets\/heng lamp\/heng mini\/5.jpg\" alt=\"\" \/><\/td>\n<td style=\"padding-left: 30px;\">\n<p><strong>Nagroda Red Dot<\/strong><\/p>\n<p>Li Zanwen zdoby\u0142 nagrod\u0119 Red Dot 2016 oraz nagrod\u0119 Red Dot Best of the Best z lamp\u0105 Heng. Czuje, \u017ce wyobra\u017ania jest tajemnic\u0105 sta\u0142ego strumienia inspiracji.<\/p>\n<\/td>\n<\/tr>\n<\/tbody>\n<\/table>\n<p style=\"text-align: center;\"> <img decoding=\"async\" src=\"https:\/\/power-cube.pl\/public\/assets\/heng lamp\/heng mini\/gy-ls1.jpg\" alt=\"\" \/><\/p>\n<p style=\"text-align: center;\"><img decoding=\"async\" src=\"https:\/\/power-cube.pl\/public\/assets\/heng lamp\/heng mini\/gy-ls2.jpg\" alt=\"\" \/><\/p>\n<p style=\"text-align: center;\"><img decoding=\"async\" src=\"https:\/\/power-cube.pl\/public\/assets\/heng lamp\/heng mini\/gy-ls3.jpg\" alt=\"\" \/><\/p>\n<p style=\"text-align: center;\"><img decoding=\"async\" src=\"https:\/\/power-cube.pl\/public\/assets\/heng lamp\/heng mini\/gy-ls4.jpg\" alt=\"\" \/><\/p>","protected":false},"excerpt":{"rendered":"<h2 style=\"text-align: center;\">Nocna, biurkowa lampka USB z w\u0142\u0105cznikiem w powietrzu<\/h2>","protected":false},"featured_media":2640,"comment_status":"open","ping_status":"closed","template":"","meta":{"_acf_changed":false,"_kad_blocks_custom_css":"","_kad_blocks_head_custom_js":"","_kad_blocks_body_custom_js":"","_kad_blocks_footer_custom_js":""},"product_cat":[94,95],"product_tag":[],"class_list":{"0":"post-2639","1":"product","2":"type-product","3":"status-publish","4":"has-post-thumbnail","6":"product_cat-oswietlenie","7":"product_cat-heng-balance-lamp","9":"first","10":"instock","11":"taxable","12":"shipping-taxable","13":"purchasable","14":"product-type-simple"},"acf":[],"taxonomy_info":{"product_cat":[{"value":94,"label":"O\u015bwietlenie"},{"value":95,"label":"HENG Balance Lamp"}]},"featured_image_src_large":["https:\/\/power-cube.globeweb.stronazen.pl\/wp-content\/uploads\/2024\/03\/1131.jpg",800,800,false],"author_info":[],"comment_info":0,"_links":{"self":[{"href":"https:\/\/power-cube.globeweb.stronazen.pl\/en\/wp-json\/wp\/v2\/product\/2639"}],"collection":[{"href":"https:\/\/power-cube.globeweb.stronazen.pl\/en\/wp-json\/wp\/v2\/product"}],"about":[{"href":"https:\/\/power-cube.globeweb.stronazen.pl\/en\/wp-json\/wp\/v2\/types\/product"}],"replies":[{"embeddable":true,"href":"https:\/\/power-cube.globeweb.stronazen.pl\/en\/wp-json\/wp\/v2\/comments?post=2639"}],"wp:featuredmedia":[{"embeddable":true,"href":"https:\/\/power-cube.globeweb.stronazen.pl\/en\/wp-json\/wp\/v2\/media\/2640"}],"wp:attachment":[{"href":"https:\/\/power-cube.globeweb.stronazen.pl\/en\/wp-json\/wp\/v2\/media?parent=2639"}],"wp:term":[{"taxonomy":"product_cat","embeddable":true,"href":"https:\/\/power-cube.globeweb.stronazen.pl\/en\/wp-json\/wp\/v2\/product_cat?post=2639"},{"taxonomy":"product_tag","embeddable":true,"href":"https:\/\/power-cube.globeweb.stronazen.pl\/en\/wp-json\/wp\/v2\/product_tag?post=2639"}],"curies":[{"name":"wp","href":"https:\/\/api.w.org\/{rel}","templated":true}]}}