{"id":2631,"date":"2024-03-06T18:36:14","date_gmt":"2024-03-06T17:36:14","guid":{"rendered":"https:\/\/power-cube.globeweb.stronazen.pl\/produkt\/levitating-lamp\/"},"modified":"2024-04-24T19:22:41","modified_gmt":"2024-04-24T17:22:41","slug":"levitating-lamp","status":"publish","type":"product","link":"https:\/\/power-cube.globeweb.stronazen.pl\/en\/product\/levitating-lamp\/","title":{"rendered":"Levitating Lamp"},"content":{"rendered":"<h1 style=\"text-align: center;\">Levitating Lamp<\/h1>\n<h4 style=\"text-align: center;\">DesignNest<br \/>DH0106\/EULELP<\/h4>\n<h2 style=\"text-align: center;\">Lampka z lewituj\u0105c\u0105 \u017car\u00f3wk\u0105<\/h2>\n<p style=\"text-align: center;\"><img decoding=\"async\" src=\"https:\/\/power-cube.pl\/public\/assets\/levitatinglamp\/levitating_lamp.jpg\" alt=\"\" \/><\/p>\n<p style=\"text-align: center;\">Ta modna \u017car\u00f3wka w stylu Edisona to przyci\u0105gaj\u0105cy oko projekt, kt\u00f3ry doda blasku Twojemu domowi po w\u0142\u0105czeniu \u015bwiat\u0142a.<\/p>\n<p style=\"text-align: center;\">Zastosowana technika magnetycznej lewitacji pozwala \u017car\u00f3wce lewitowa\u0107 w powietrzu, tworz\u0105c wizualny spektakl w domowym zaciszu.<\/p>\n<p style=\"text-align: center;\"><img decoding=\"async\" src=\"https:\/\/power-cube.pl\/public\/assets\/levitatinglamp\/ll-ls1.jpg\" alt=\"\" \/><\/p>\n<p style=\"text-align: center;\"><img decoding=\"async\" src=\"https:\/\/power-cube.pl\/public\/assets\/levitatinglamp\/ll-ls3.jpg\" alt=\"\" \/><\/p>\n<p style=\"text-align: center;\"><img decoding=\"async\" src=\"https:\/\/power-cube.pl\/public\/assets\/levitatinglamp\/ll-ls2.jpg\" alt=\"\" \/><\/p>\n<p style=\"text-align: center;\"><img decoding=\"async\" src=\"https:\/\/www.power-cube.pl\/upload\/levitating_lamp\/ls.webp\" alt=\"\" \/><\/p>","protected":false},"excerpt":{"rendered":"<h2 style=\"text-align: center;\">Lampka z lewituj\u0105c\u0105 \u017car\u00f3wk\u0105<\/h2>","protected":false},"featured_media":2632,"comment_status":"open","ping_status":"closed","template":"","meta":{"_acf_changed":false,"_kad_blocks_custom_css":"","_kad_blocks_head_custom_js":"","_kad_blocks_body_custom_js":"","_kad_blocks_footer_custom_js":""},"product_cat":[94,102],"product_tag":[],"class_list":{"0":"post-2631","1":"product","2":"type-product","3":"status-publish","4":"has-post-thumbnail","6":"product_cat-oswietlenie","7":"product_cat-levitating-lamp","9":"first","10":"instock","11":"taxable","12":"shipping-taxable","13":"purchasable","14":"product-type-simple"},"acf":[],"taxonomy_info":{"product_cat":[{"value":94,"label":"O\u015bwietlenie"},{"value":102,"label":"Levitating Lamp"}]},"featured_image_src_large":["https:\/\/power-cube.globeweb.stronazen.pl\/wp-content\/uploads\/2024\/03\/1072.jpg",980,980,false],"author_info":[],"comment_info":0,"_links":{"self":[{"href":"https:\/\/power-cube.globeweb.stronazen.pl\/en\/wp-json\/wp\/v2\/product\/2631"}],"collection":[{"href":"https:\/\/power-cube.globeweb.stronazen.pl\/en\/wp-json\/wp\/v2\/product"}],"about":[{"href":"https:\/\/power-cube.globeweb.stronazen.pl\/en\/wp-json\/wp\/v2\/types\/product"}],"replies":[{"embeddable":true,"href":"https:\/\/power-cube.globeweb.stronazen.pl\/en\/wp-json\/wp\/v2\/comments?post=2631"}],"wp:featuredmedia":[{"embeddable":true,"href":"https:\/\/power-cube.globeweb.stronazen.pl\/en\/wp-json\/wp\/v2\/media\/2632"}],"wp:attachment":[{"href":"https:\/\/power-cube.globeweb.stronazen.pl\/en\/wp-json\/wp\/v2\/media?parent=2631"}],"wp:term":[{"taxonomy":"product_cat","embeddable":true,"href":"https:\/\/power-cube.globeweb.stronazen.pl\/en\/wp-json\/wp\/v2\/product_cat?post=2631"},{"taxonomy":"product_tag","embeddable":true,"href":"https:\/\/power-cube.globeweb.stronazen.pl\/en\/wp-json\/wp\/v2\/product_tag?post=2631"}],"curies":[{"name":"wp","href":"https:\/\/api.w.org\/{rel}","templated":true}]}}