{"id":2599,"date":"2024-03-06T18:36:29","date_gmt":"2024-03-06T17:36:29","guid":{"rendered":"https:\/\/power-cube.globeweb.stronazen.pl\/produkt\/usbcable-microusb-flat-bialy\/"},"modified":"2024-04-24T19:22:33","modified_gmt":"2024-04-24T17:22:33","slug":"usbcable-microusb-flat-bialy","status":"publish","type":"product","link":"https:\/\/power-cube.globeweb.stronazen.pl\/en\/product\/usbcable-microusb-flat-bialy\/","title":{"rendered":"USBcable microUSB Flat &#8211; bia\u0142y"},"content":{"rendered":"<h1 style=\"text-align: center;\">USBcable microUSB Flat &#8211; bia\u0142y<\/h1>\n<h2 style=\"text-align: center;\">p\u0142aski przew\u00f3d USB &#8211; microUSB &#8211; 1,5 m<\/h2>\n<h3 style=\"text-align: center;\">10452WT\/USBMBC<\/h3>\n<p style=\"text-align: center;\"><img decoding=\"async\" src=\"https:\/\/power-cube.pl\/public\/assets\/USBcable\/micro-wt.jpg\" alt=\"\" \/><\/p>\n<p style=\"text-align: center;\"><img decoding=\"async\" src=\"https:\/\/power-cube.pl\/public\/assets\/USBcable\/micro-box.jpg\" alt=\"\" \/><\/p>\n<table>\n<tbody>\n<tr>\n<td style=\"width: 40%;\"><img decoding=\"async\" src=\"https:\/\/power-cube.pl\/public\/assets\/USBcable\/1.jpg\" alt=\"\" \/><\/td>\n<td style=\"padding-left: 30px;\">\n<p><strong>Minimalistyczny design<\/strong><\/p>\n<p>Minimalistyczny design nadaje elegancji i nowoczesno\u015bci.<\/p>\n<\/td>\n<\/tr>\n<tr>\n<td><img decoding=\"async\" src=\"https:\/\/power-cube.pl\/public\/assets\/USBcable\/2.jpg\" alt=\"\" \/><\/td>\n<td style=\"padding-left: 30px;\">\n<p><strong>Bez pl\u0105tania<\/strong><\/p>\n<p>P\u0142aska konstrukcja zapobiega spl\u0105taniu kabla.<\/p>\n<\/td>\n<\/tr>\n<tr>\n<td><img decoding=\"async\" src=\"https:\/\/power-cube.pl\/public\/assets\/USBcable\/3.jpg\" alt=\"\" \/><\/td>\n<td style=\"padding-left: 30px;\">\n<p><strong>Mi\u0119kki i elastyczny<\/strong><\/p>\n<p>Materia\u0142 TPE jest mi\u0119kki w dotyku i \u0142atwy do zginania.<\/p>\n<\/td>\n<\/tr>\n<tr>\n<td><img decoding=\"async\" src=\"https:\/\/power-cube.pl\/public\/assets\/USBcable\/4.jpg\" alt=\"\" \/><\/td>\n<td style=\"padding-left: 30px;\">\n<p><strong>Transfer danych<\/strong><\/p>\n<p>Opr\u00f3cz \u0142adowania urz\u0105dze\u0144 umo\u017cliwia tak\u017ce przesy\u0142anie danych. Na przyk\u0142ad mo\u017cesz pod\u0142\u0105czy\u0107 urz\u0105dzenie do komputera, aby przesy\u0142a\u0107 pliki lub synchronizowa\u0107 muzyk\u0119 mi\u0119dzy telefonem a laptopem.<\/p>\n<\/td>\n<\/tr>\n<\/tbody>\n<\/table>\n<p style=\"text-align: center;\"><img decoding=\"async\" src=\"https:\/\/power-cube.pl\/public\/assets\/USBcable\/all-ls-1.jpg\" alt=\"\" \/><\/p>\n<p style=\"text-align: center;\"><img decoding=\"async\" src=\"https:\/\/power-cube.pl\/public\/assets\/USBcable\/micro-ls-1.jpg\" alt=\"\" \/><\/p>","protected":false},"excerpt":{"rendered":"<h1 style=\"text-align: center;\">USBcable microUSB Flat &#8211; bia\u0142y<\/h1>\n<h2 style=\"text-align: center;\">p\u0142aski przew\u00f3d USB &#8211; microUSB &#8211; 1,5 m<\/h2>\n<h3 style=\"text-align: center;\">10452WT\/USBMBC<\/h3>","protected":false},"featured_media":2600,"comment_status":"open","ping_status":"closed","template":"","meta":{"_acf_changed":false,"_kad_blocks_custom_css":"","_kad_blocks_head_custom_js":"","_kad_blocks_body_custom_js":"","_kad_blocks_footer_custom_js":""},"product_cat":[86,100],"product_tag":[],"class_list":{"0":"post-2599","1":"product","2":"type-product","3":"status-publish","4":"has-post-thumbnail","6":"product_cat-allocacoc","7":"product_cat-usbcable","9":"first","10":"instock","11":"taxable","12":"shipping-taxable","13":"purchasable","14":"product-type-simple"},"acf":[],"taxonomy_info":{"product_cat":[{"value":86,"label":"Allocacoc"},{"value":100,"label":"USBcable"}]},"featured_image_src_large":["https:\/\/power-cube.globeweb.stronazen.pl\/wp-content\/uploads\/2024\/03\/721.jpg",550,412,false],"author_info":[],"comment_info":0,"_links":{"self":[{"href":"https:\/\/power-cube.globeweb.stronazen.pl\/en\/wp-json\/wp\/v2\/product\/2599"}],"collection":[{"href":"https:\/\/power-cube.globeweb.stronazen.pl\/en\/wp-json\/wp\/v2\/product"}],"about":[{"href":"https:\/\/power-cube.globeweb.stronazen.pl\/en\/wp-json\/wp\/v2\/types\/product"}],"replies":[{"embeddable":true,"href":"https:\/\/power-cube.globeweb.stronazen.pl\/en\/wp-json\/wp\/v2\/comments?post=2599"}],"wp:featuredmedia":[{"embeddable":true,"href":"https:\/\/power-cube.globeweb.stronazen.pl\/en\/wp-json\/wp\/v2\/media\/2600"}],"wp:attachment":[{"href":"https:\/\/power-cube.globeweb.stronazen.pl\/en\/wp-json\/wp\/v2\/media?parent=2599"}],"wp:term":[{"taxonomy":"product_cat","embeddable":true,"href":"https:\/\/power-cube.globeweb.stronazen.pl\/en\/wp-json\/wp\/v2\/product_cat?post=2599"},{"taxonomy":"product_tag","embeddable":true,"href":"https:\/\/power-cube.globeweb.stronazen.pl\/en\/wp-json\/wp\/v2\/product_tag?post=2599"}],"curies":[{"name":"wp","href":"https:\/\/api.w.org\/{rel}","templated":true}]}}