{"id":2573,"date":"2024-03-06T18:36:28","date_gmt":"2024-03-06T17:36:28","guid":{"rendered":"https:\/\/power-cube.globeweb.stronazen.pl\/produkt\/cupcooler-instant-bialy\/"},"modified":"2024-04-24T19:22:34","modified_gmt":"2024-04-24T17:22:34","slug":"cupcooler-instant-bialy","status":"publish","type":"product","link":"https:\/\/power-cube.globeweb.stronazen.pl\/en\/product\/cupcooler-instant-bialy\/","title":{"rendered":"CupCooler Instant &#8211; bia\u0142y"},"content":{"rendered":"<h1 style=\"text-align: center;\">CupCooler Instant<\/h1>\n<h2 style=\"text-align: center;\">ch\u0142odziarka do napoj\u00f3w<\/h2>\n<h3 style=\"text-align: center;\">10745WT\/EUCUPC<\/h3>\n<p style=\"text-align: center;\"><img decoding=\"async\" src=\"https:\/\/power-cube.pl\/public\/assets\/cupcooler\/white\/cupcooler-wt.jpg\" alt=\"\" \/><\/p>\n<h2 style=\"text-align: center;\">Sch\u0142adza i utrzymuje nisk\u0105 temperatur\u0119 napoj\u00f3w,<br \/>a\u017c do ostatniej kropli.<\/h2>\n<p style=\"text-align: center;\"><img decoding=\"async\" src=\"https:\/\/power-cube.pl\/public\/assets\/cupcooler\/banner-slider.jpg\" alt=\"\" \/><\/p>\n<table>\n<tbody>\n<tr>\n<td style=\"text-align: center; width: 40%;\"><img decoding=\"async\" src=\"https:\/\/power-cube.pl\/public\/assets\/cupcooler\/henio4.jpg\" alt=\"\" \/> <\/td>\n<td>\n<p style=\"padding-left: 30px;\"><strong>Utrzymywanie temperatury<\/strong><\/p>\n<p style=\"padding-left: 30px;\">Utrzymuje tw\u00f3j nap\u00f3j w stanie ci\u0105g\u0142ego sch\u0142odzenia w granicach 0 ~ 5 ?.<\/p>\n<\/td>\n<\/tr>\n<tr>\n<td style=\"text-align: center;\"> <img decoding=\"async\" src=\"https:\/\/power-cube.pl\/public\/assets\/cupcooler\/ccg1.jpg\" alt=\"\" \/><\/td>\n<td>\n<p style=\"padding-left: 30px;\"><strong>Szybkie sch\u0142adzanie<\/strong><\/p>\n<p style=\"padding-left: 30px;\">Temperatura powierzchni p\u0142ytki ch\u0142odzi si\u0119 do temperatury poni\u017cej -18 ? w ci\u0105gu 1 minuty.<\/p>\n<\/td>\n<\/tr>\n<tr>\n<td style=\"text-align: center;\"> <img decoding=\"async\" src=\"https:\/\/power-cube.pl\/public\/assets\/cupcooler\/henio3.jpg\" alt=\"\" \/><\/td>\n<td>\n<p style=\"padding-left: 30px;\"><strong>Zakres u\u017cytkowania<\/strong><\/p>\n<p style=\"padding-left: 30px;\">Kompatybilny z puszkami do napoj\u00f3w lub butelkami. (dodaj troch\u0119 wody)<\/p>\n<\/td>\n<\/tr>\n<\/tbody>\n<\/table>\n<p style=\"text-align: center;\"> <iframe loading=\"lazy\" src=\"https:\/\/www.youtube.com\/embed\/XI0BmlP0rg8?controls=0\" width=\"560\" height=\"315\" frameborder=\"0\" allowfullscreen=\"allowfullscreen\"><\/iframe><\/p>","protected":false},"excerpt":{"rendered":"<h1 style=\"text-align: center;\">CupCooler Instant<\/h1>\n<h2 style=\"text-align: center;\">ch\u0142odziarka do napoj\u00f3w<\/h2>\n<h3 style=\"text-align: center;\">10745WT\/EUCUPC<\/h3>","protected":false},"featured_media":2574,"comment_status":"open","ping_status":"closed","template":"","meta":{"_acf_changed":false,"_kad_blocks_custom_css":"","_kad_blocks_head_custom_js":"","_kad_blocks_body_custom_js":"","_kad_blocks_footer_custom_js":""},"product_cat":[96,99],"product_tag":[],"class_list":{"0":"post-2573","1":"product","2":"type-product","3":"status-publish","4":"has-post-thumbnail","6":"product_cat-styl-zycia","7":"product_cat-cupcooler-instant","9":"first","10":"instock","11":"taxable","12":"shipping-taxable","13":"purchasable","14":"product-type-simple"},"acf":[],"taxonomy_info":{"product_cat":[{"value":96,"label":"Styl \u017cycia"},{"value":99,"label":"CupCooler Instant"}]},"featured_image_src_large":["https:\/\/power-cube.globeweb.stronazen.pl\/wp-content\/uploads\/2024\/03\/004e782966c65b46e7530762bd77f8e6.jpg",980,980,false],"author_info":[],"comment_info":0,"_links":{"self":[{"href":"https:\/\/power-cube.globeweb.stronazen.pl\/en\/wp-json\/wp\/v2\/product\/2573"}],"collection":[{"href":"https:\/\/power-cube.globeweb.stronazen.pl\/en\/wp-json\/wp\/v2\/product"}],"about":[{"href":"https:\/\/power-cube.globeweb.stronazen.pl\/en\/wp-json\/wp\/v2\/types\/product"}],"replies":[{"embeddable":true,"href":"https:\/\/power-cube.globeweb.stronazen.pl\/en\/wp-json\/wp\/v2\/comments?post=2573"}],"wp:featuredmedia":[{"embeddable":true,"href":"https:\/\/power-cube.globeweb.stronazen.pl\/en\/wp-json\/wp\/v2\/media\/2574"}],"wp:attachment":[{"href":"https:\/\/power-cube.globeweb.stronazen.pl\/en\/wp-json\/wp\/v2\/media?parent=2573"}],"wp:term":[{"taxonomy":"product_cat","embeddable":true,"href":"https:\/\/power-cube.globeweb.stronazen.pl\/en\/wp-json\/wp\/v2\/product_cat?post=2573"},{"taxonomy":"product_tag","embeddable":true,"href":"https:\/\/power-cube.globeweb.stronazen.pl\/en\/wp-json\/wp\/v2\/product_tag?post=2573"}],"curies":[{"name":"wp","href":"https:\/\/api.w.org\/{rel}","templated":true}]}}