{"id":2568,"date":"2024-03-06T18:36:26","date_gmt":"2024-03-06T17:36:26","guid":{"rendered":"https:\/\/power-cube.globeweb.stronazen.pl\/produkt\/powercube-extended-remote-15-m-czarny\/"},"modified":"2024-04-24T19:22:35","modified_gmt":"2024-04-24T17:22:35","slug":"powercube-extended-remote-15-m-czarny","status":"publish","type":"product","link":"https:\/\/power-cube.globeweb.stronazen.pl\/en\/product\/powercube-extended-remote-15-m-czarny\/","title":{"rendered":"PowerCube Extended Remote 1.5 m - black"},"content":{"rendered":"<h1 style=\"text-align: center;\">PowerCube Extended Remote 1,5 m<\/h1>\n<h2 style=\"text-align: center;\">1523BK\/FREXRM &#8211; czarny<\/h2>\n<p style=\"text-align: center;\"><span style=\"font-family: verdana, geneva;\">Grounded power strip with on\/off switch to eliminate power consumption while the device is on standby.<\/span><\/p>\n<p style=\"text-align: center;\"><span style=\"font-family: verdana, geneva;\">- integrated on\/off switch<\/span><br \/><span style=\"font-family: verdana, geneva;\">- Operated remotely by the PowerRemote remote control<\/span><br \/><span style=\"font-family: verdana, geneva;\">- can interact with multiple PowerRemote<\/span><br \/><span style=\"font-family: verdana, geneva;\">- has four additional outputs<\/span><br \/><span style=\"font-family: verdana, geneva;\">- prevents plugs from interlocking with each other thanks to the shape of the cube<\/span><br \/><span style=\"font-family: verdana, geneva;\">&#8211; dzi\u0119ki unikalnemu systemowi dokowania, mo\u017cna zamocowa\u0107 go na \u015bcianie, na biurku lub pod nim, zyskuj\u0105c optymalne \u017ar\u00f3d\u0142o pr\u0105du w zasi\u0119gu r\u0119ki<\/span><br \/><span style=\"font-family: verdana, geneva;\">- compact design<\/span><strong><br \/><\/strong><\/p>\n<p style=\"text-align: center;\"><span style=\"font-family: verdana, geneva;\"><img loading=\"lazy\" decoding=\"async\" src=\"\/userdata\/public\/assets\/Pc z logo designnest\/1523%20FREXRM.webp\" alt=\"\" width=\"1077\" height=\"876\" \/><\/span><\/p>\n<p><img decoding=\"async\" src=\"https:\/\/power-cube.pl\/public\/assets\/award.jpg\" alt=\"\" \/><\/p>\n<p><strong>Technical specifications:<\/strong><\/p>\n<ul>\n<li><span style=\"font-family: verdana, geneva;\">licz<\/span>ba gniazd &#8211; 4<\/li>\n<li>E\/(FR) socket type<\/li>\n<li>napi\u0119cie\/ pr\u0105d nominalny ~250V\/16A<\/li>\n<li>moc max: 3680 W<\/li>\n<li>grounding: yes<\/li>\n<li>child protection: yes<\/li>\n<li>funkcja on\/off<\/li>\n<li>kolor gniazda &#8211; szary<\/li>\n<li>przew\u00f3d 1,5 m<\/li>\n<li>system dokuj\u0105cy: tak<\/li>\n<li>waga produktu- 450 g<\/li>\n<li>certyfikaty &#8211; CE, RoHS<\/li>\n<li>warranty 2 years<\/li>\n<li>zestaw nie zawiera pilota, kt\u00f3rego nale\u017cy kupi\u0107 osobno lub w zestawie PowerCube Remote Extended + PowerRemote<\/li>\n<\/ul>\n<table>\n<tbody>\n<tr>\n<td style=\"width: 30%;\"><img decoding=\"async\" src=\"https:\/\/power-cube.pl\/public\/assets\/\/Remote%20DE.png\" alt=\"\" \/><\/td>\n<td style=\"padding-left: 30px;\"><strong>On\/Off System<br \/><\/strong>A battery-free wireless remote control will make it easier to turn on or off the power source in the power strip.<\/td>\n<\/tr>\n<tr>\n<td> <img decoding=\"async\" src=\"https:\/\/power-cube.pl\/public\/assets\/\/55cb262be9de8.jpg\" alt=\"\" \/><\/td>\n<td style=\"padding-left: 30px;\"><strong>One button<\/strong><br \/>Our products make your life more efficient and less complicated, and the fact that you know how to use them after the first glance. The PowerCube |Remote| fully follows this standard with a single switch to power your devices on and off.<\/td>\n<\/tr>\n<tr>\n<td><img decoding=\"async\" src=\"https:\/\/power-cube.pl\/public\/assets\/\/55d5704e3e71e.jpg\" alt=\"\" \/> <\/td>\n<td style=\"padding-left: 30px;\"><strong>Press with your foot<br \/><\/strong>In case you have both hands occupied, you can easily use your foot to press the big button and control your devices. <\/td>\n<\/tr>\n<tr>\n<td> <img decoding=\"async\" src=\"https:\/\/power-cube.pl\/public\/assets\/\/55cb23c0a109d.jpg\" alt=\"\" \/><\/td>\n<td style=\"padding-left: 30px;\"><strong>Without batteries<\/strong><br \/>What's better than a remote control that runs on batteries? A remote control that works without them. With PowerRemote, you will no longer need to buy new batteries. That's why PowerRemote is pro-environment. <\/td>\n<\/tr>\n<tr>\n<td> <img decoding=\"async\" src=\"https:\/\/power-cube.pl\/public\/assets\/\/55d566c96080e.jpg\" alt=\"\" \/><\/td>\n<td style=\"padding-left: 30px;\"><strong>Double click<\/strong><br \/>If, for unknown reasons, the devices lose synchronization, a double press will turn on and off all connected devices.<\/td>\n<\/tr>\n<tr>\n<td> <img decoding=\"async\" src=\"https:\/\/power-cube.pl\/public\/assets\/\/55cb2ca1e076f.jpg\" alt=\"\" \/><\/td>\n<td style=\"padding-left: 30px;\"><strong>Sticky-pad on PowerRemote<\/strong><br \/>Similar to our PowerDocks, the PowerRemote can be stuck to any smooth surface without leaving a residue when removed. Simply wipe the Sticky-pad with a wet wipe and let it regain its stickiness to move the device elsewhere.<\/td>\n<\/tr>\n<\/tbody>\n<\/table>\n<p style=\"text-align: center;\"><img decoding=\"async\" src=\"https:\/\/power-cube.pl\/public\/assets\/152x\/remote.jpg\" alt=\"\" \/><\/p>\n<p style=\"text-align: center;\"><iframe loading=\"lazy\" src=\"https:\/\/www.youtube.com\/embed\/KS4b-kywIIo?rel=0\" width=\"560\" height=\"315\" frameborder=\"0\" allowfullscreen=\"allowfullscreen\"><\/iframe><\/p>","protected":false},"excerpt":{"rendered":"<h1 style=\"text-align: center;\">PowerCube Extended Remote 1,5 m<\/h1>\n<h2 style=\"text-align: center;\">1523BK\/FREXRM &#8211; czarny<\/h2>\n<p style=\"text-align: center;\"><span style=\"font-family: verdana, geneva;\">Grounded power strip with on\/off switch to eliminate power consumption while the device is on standby.<\/span><\/p>","protected":false},"featured_media":2569,"comment_status":"open","ping_status":"closed","template":"","meta":{"_acf_changed":false,"_kad_blocks_custom_css":"","_kad_blocks_head_custom_js":"","_kad_blocks_body_custom_js":"","_kad_blocks_footer_custom_js":""},"product_cat":[86,90],"product_tag":[],"class_list":{"0":"post-2568","1":"product","2":"type-product","3":"status-publish","4":"has-post-thumbnail","6":"product_cat-allocacoc","7":"product_cat-powercube-remote","9":"first","10":"instock","11":"taxable","12":"shipping-taxable","13":"purchasable","14":"product-type-simple"},"acf":[],"taxonomy_info":{"product_cat":[{"value":86,"label":"Allocacoc"},{"value":90,"label":"PowerCube |Remote|"}]},"featured_image_src_large":["https:\/\/power-cube.globeweb.stronazen.pl\/wp-content\/uploads\/2024\/03\/3123-1024x833.webp",980,797,true],"author_info":[],"comment_info":0,"_links":{"self":[{"href":"https:\/\/power-cube.globeweb.stronazen.pl\/en\/wp-json\/wp\/v2\/product\/2568"}],"collection":[{"href":"https:\/\/power-cube.globeweb.stronazen.pl\/en\/wp-json\/wp\/v2\/product"}],"about":[{"href":"https:\/\/power-cube.globeweb.stronazen.pl\/en\/wp-json\/wp\/v2\/types\/product"}],"replies":[{"embeddable":true,"href":"https:\/\/power-cube.globeweb.stronazen.pl\/en\/wp-json\/wp\/v2\/comments?post=2568"}],"wp:featuredmedia":[{"embeddable":true,"href":"https:\/\/power-cube.globeweb.stronazen.pl\/en\/wp-json\/wp\/v2\/media\/2569"}],"wp:attachment":[{"href":"https:\/\/power-cube.globeweb.stronazen.pl\/en\/wp-json\/wp\/v2\/media?parent=2568"}],"wp:term":[{"taxonomy":"product_cat","embeddable":true,"href":"https:\/\/power-cube.globeweb.stronazen.pl\/en\/wp-json\/wp\/v2\/product_cat?post=2568"},{"taxonomy":"product_tag","embeddable":true,"href":"https:\/\/power-cube.globeweb.stronazen.pl\/en\/wp-json\/wp\/v2\/product_tag?post=2568"}],"curies":[{"name":"wp","href":"https:\/\/api.w.org\/{rel}","templated":true}]}}