{"id":2508,"date":"2024-03-06T18:36:35","date_gmt":"2024-03-06T17:36:35","guid":{"rendered":"https:\/\/power-cube.globeweb.stronazen.pl\/produkt\/sheepi\/"},"modified":"2024-04-24T19:22:30","modified_gmt":"2024-04-24T17:22:30","slug":"sheepi","status":"publish","type":"product","link":"https:\/\/power-cube.globeweb.stronazen.pl\/en\/product\/sheepi\/","title":{"rendered":"Sheepi"},"content":{"rendered":"<div style=\"font-family: Lato,Verdana,Arial; margin: 0 auto;\">\n<p style=\"text-align: center; margin: 0 auto;\"><img decoding=\"async\" src=\"https:\/\/power-cube.pl\/public\/assets\/sheepi\/sheepi-logo.jpg\" alt=\"\" \/><\/p>\n<h1 style=\"text-align: center;\">Sheepi<br \/><small>Niech \u017cycie biurowe stanie si\u0119 \u0142atwe<\/small><\/h1>\n<p style=\"text-align: center;\"><img decoding=\"async\" src=\"https:\/\/power-cube.pl\/public\/assets\/sheepi\/sheepi.jpg\" alt=\"\" \/><\/p>\n<h3 style=\"text-align: center;\">Magnetyczna owca na spinacze<\/h3>\n<table>\n<tbody>\n<tr>\n<td style=\"width: 40%; text-align: center;\"><img decoding=\"async\" src=\"https:\/\/power-cube.pl\/public\/assets\/sheepi\/sheepi-2.jpg\" alt=\"\" \/> <\/td>\n<td style=\"font-family: Lato,Verdana,Arial;\">\n<h3>Magnetyczna<\/h3>\n<p>Sheepi jest ca\u0142kiem magnetyczna, by przyci\u0105ga\u0107 sob\u0105 spinacze biurowe.<\/p>\n<\/td>\n<\/tr>\n<tr>\n<td> <\/td>\n<td> <\/td>\n<\/tr>\n<tr>\n<td style=\"text-align: center;\"><img decoding=\"async\" src=\"https:\/\/power-cube.pl\/public\/assets\/sheepi\/sheepi-3.jpg\" alt=\"\" \/> <\/td>\n<td style=\"font-family: Lato,Verdana,Arial;\">\n<h3>Kr\u0105g\u0142a<\/h3>\n<p>Z ka\u017cdym dodanym spinaczem Sheepi b\u0119dzie si\u0119 robi\u0142a bardzie okr\u0105g\u0142a. Zabawne jest patrzenie, jak owca staje si\u0119 coraz grubsza; przypomina to karmienie zwierz\u0119cia. To sprawi, \u017ce ka\u017cda owca b\u0119dzie wyj\u0105tkowa, poniewa\u017c to, co do niej przyczepisz, to Tw\u00f3j wyb\u00f3r.<\/p>\n<\/td>\n<\/tr>\n<tr>\n<td> <\/td>\n<td> <\/td>\n<\/tr>\n<tr>\n<td><img decoding=\"async\" style=\"display: block; margin-left: auto; margin-right: auto;\" src=\"https:\/\/power-cube.pl\/public\/assets\/sheepi\/sheepi-4.jpg\" alt=\"\" \/><\/td>\n<td style=\"font-family: Lato,Verdana,Arial;\">\n<h3>Opakowana<\/h3>\n<p>Opakowanie zewn\u0119trzne b\u0119dzie u\u017cywa\u0107 prostych i \u015bwie\u017cych kolor\u00f3w, front jest przezroczysty, mo\u017cna bezpo\u015brednio spogl\u0105da\u0107 na Sheepi. Do zestawu do\u0142\u0105czone s\u0105 bia\u0142e spinacze.<\/p>\n<\/td>\n<\/tr>\n<\/tbody>\n<\/table>\n<p style=\"text-align: center;\"><img decoding=\"async\" src=\"https:\/\/power-cube.pl\/public\/assets\/sheepi\/sheepi-1.jpg\" alt=\"\" \/><\/p>\n<p style=\"text-align: center;\"><img decoding=\"async\" src=\"https:\/\/power-cube.pl\/public\/assets\/sheepi\/sheepi-5.jpg\" alt=\"\" \/><\/p>\n<p style=\"text-align: center;\"><img decoding=\"async\" src=\"https:\/\/power-cube.pl\/public\/assets\/sheepi\/sheepi-6.jpg\" alt=\"\" \/><\/p>\n<\/p><\/div>","protected":false},"excerpt":{"rendered":"<h1 style=\"text-align: center;\">Sheepi<br \/><small>Niech \u017cycie biurowe stanie si\u0119 \u0142atwe<\/small><\/h1>\n<p style=\"text-align: center;\">Magnetyczna owca na spinacze<\/p>","protected":false},"featured_media":2509,"comment_status":"open","ping_status":"closed","template":"","meta":{"_acf_changed":false,"_kad_blocks_custom_css":"","_kad_blocks_head_custom_js":"","_kad_blocks_body_custom_js":"","_kad_blocks_footer_custom_js":""},"product_cat":[96,97],"product_tag":[],"class_list":{"0":"post-2508","1":"product","2":"type-product","3":"status-publish","4":"has-post-thumbnail","6":"product_cat-styl-zycia","7":"product_cat-sheepi","9":"first","10":"outofstock","11":"taxable","12":"shipping-taxable","13":"purchasable","14":"product-type-simple"},"acf":[],"taxonomy_info":{"product_cat":[{"value":96,"label":"Styl \u017cycia"},{"value":97,"label":"Sheepi"}]},"featured_image_src_large":["https:\/\/power-cube.globeweb.stronazen.pl\/wp-content\/uploads\/2024\/03\/9027206248ff785c1f62e4a68df5d928.jpg",500,375,false],"author_info":[],"comment_info":0,"_links":{"self":[{"href":"https:\/\/power-cube.globeweb.stronazen.pl\/en\/wp-json\/wp\/v2\/product\/2508"}],"collection":[{"href":"https:\/\/power-cube.globeweb.stronazen.pl\/en\/wp-json\/wp\/v2\/product"}],"about":[{"href":"https:\/\/power-cube.globeweb.stronazen.pl\/en\/wp-json\/wp\/v2\/types\/product"}],"replies":[{"embeddable":true,"href":"https:\/\/power-cube.globeweb.stronazen.pl\/en\/wp-json\/wp\/v2\/comments?post=2508"}],"wp:featuredmedia":[{"embeddable":true,"href":"https:\/\/power-cube.globeweb.stronazen.pl\/en\/wp-json\/wp\/v2\/media\/2509"}],"wp:attachment":[{"href":"https:\/\/power-cube.globeweb.stronazen.pl\/en\/wp-json\/wp\/v2\/media?parent=2508"}],"wp:term":[{"taxonomy":"product_cat","embeddable":true,"href":"https:\/\/power-cube.globeweb.stronazen.pl\/en\/wp-json\/wp\/v2\/product_cat?post=2508"},{"taxonomy":"product_tag","embeddable":true,"href":"https:\/\/power-cube.globeweb.stronazen.pl\/en\/wp-json\/wp\/v2\/product_tag?post=2508"}],"curies":[{"name":"wp","href":"https:\/\/api.w.org\/{rel}","templated":true}]}}