{"id":2505,"date":"2024-03-06T18:36:34","date_gmt":"2024-03-06T17:36:34","guid":{"rendered":"https:\/\/power-cube.globeweb.stronazen.pl\/produkt\/powercube-original-usb-zielony\/"},"modified":"2024-06-23T22:21:59","modified_gmt":"2024-06-23T20:21:59","slug":"powercube-original-usb-zielony","status":"publish","type":"product","link":"https:\/\/power-cube.globeweb.stronazen.pl\/en\/product\/powercube-original-usb-zielony\/","title":{"rendered":"PowerCube Original USB &#8211; zielony"},"content":{"rendered":"<h1 style=\"text-align: center;\"><strong>PowerCube Original USB<\/strong><\/h1>\n<h2 style=\"text-align: center;\"><strong>2202GN\/FROUPC &#8211; zielony<\/strong><\/h2>\n<p style=\"text-align: center;\">PowerCube Original USB wyposa\u017cony jest w cztery gniazdka, ponadto posiada podw\u00f3jny port USB, przez kt\u00f3ry mo\u017cna \u0142adowa\u0107 swoje urz\u0105dzenia bez u\u017cycia oryginalnego zasilacza.<\/p>\n<p style=\"text-align: center;\">Nat\u0119\u017cenie pr\u0105du w z\u0142\u0105czu USB wynosi 2,1 A. Jest odpowiednie dla pe\u0142nego i szybkiego \u0142adowania najnowszych modeli tablet\u00f3w i smartfon\u00f3w.<\/p>\n<p style=\"text-align: center;\"><img loading=\"lazy\" decoding=\"async\" src=\"\/userdata\/public\/assets\/Pc z logo designnest\/2202GN%20FROUPC.webp\" alt=\"\" width=\"1167\" height=\"923\" \/><\/p>\n<p><img decoding=\"async\" style=\"width: 30%;\" src=\"https:\/\/power-cube.pl\/public\/assets\/award.jpg\" alt=\"\" \/><\/p>\n<table>\n<tbody>\n<tr>\n<td style=\"width: 30%;\"><img decoding=\"async\" src=\"https:\/\/power-cube.pl\/public\/assets\/socketmultiplayer.jpg\" alt=\"\" \/><\/td>\n<td>\n<p><strong>Gniazdko mno\u017cnik<\/strong> &#8211; w kuchni cz\u0119sto zdarza si\u0119, \u017ce mamy ograniczony dost\u0119p do gniazdek elektrycznych. PowerCub rozwi\u0105\u017ce problem, je\u015bli chcemy pod\u0142\u0105czy\u0107 jednocze\u015bnie ekspres do kawy, czajnik , mikser, toster czy te\u017c inne urz\u0105dzenie do gotowania.<\/p>\n<\/td>\n<\/tr>\n<tr>\n<td><img decoding=\"async\" src=\"https:\/\/power-cube.pl\/public\/assets\/Noextracords.jpg\" alt=\"\" \/><\/td>\n<td>\n<p><strong>Bez dodatkowych kabli<\/strong> &#8211; powszechnym i cz\u0119sto irytuj\u0105cym problemem jest pl\u0105tanina przewod\u00f3w znajduj\u0105ca si\u0119 w wielu miejscach w naszym domu czy biurze. Szczeg\u00f3lnie za telewizorem, wie\u017c\u0105 stereo, odtwarzaczem DVD czy konsol\u0105 do gier znajduj\u0105 si\u0119 listwy zasilaj\u0105ce po\u0142\u0105czone ze sob\u0105, aby otrzyma\u0107 wystarczaj\u0105c\u0105 ilo\u015b\u0107 gniazdek. Dzi\u0119ki modu\u0142om PowerCube, wszystkie kable zasilaj\u0105ce mog\u0105 by\u0107 po\u0142\u0105czone w jedno, kompaktowe i estetyczne rozwi\u0105zanie.<\/p>\n<\/td>\n<\/tr>\n<tr>\n<td><img decoding=\"async\" src=\"https:\/\/power-cube.pl\/public\/assets\/Noblocking.jpg\" alt=\"\" \/><\/td>\n<td>\n<p><strong>No interlocks<\/strong> &#8211; niejednokrotnie zasilacze wyposa\u017cone s\u0105 w niestandardowe wtyczki, kt\u00f3re po pod\u0142\u0105czeniu kilku na raz do przed\u0142u\u017cacza, utrudniaj\u0105 dost\u0119p do wolnych gniazd, uniemo\u017cliwiaj\u0105c ich wykorzystanie. PowerCube rozwi\u0105zuje ten problem!<\/p>\n<\/td>\n<\/tr>\n<tr>\n<td> <img decoding=\"async\" src=\"https:\/\/power-cube.pl\/public\/assets\/Building%20blocks.jpg\" alt=\"\" \/><\/td>\n<td>\n<p><strong>Budowanie wie\u017cy<\/strong> &#8211; PowerCube Original jest systemem modu\u0142owym. Liczba gniazd zasilaj\u0105cych mo\u017ce by\u0107 rozbudowana w zale\u017cno\u015bci od potrzeb, tworz\u0105c dostosowane \u017ar\u00f3d\u0142o zasilania. Kompatybilny z PowerCube Extended.<\/p>\n<\/td>\n<\/tr>\n<tr>\n<td> <img decoding=\"async\" src=\"https:\/\/power-cube.pl\/public\/assets\/Duo-charging.jpg\" alt=\"\" \/><\/td>\n<td><strong>Podw\u00f3jne \u0142adowanie<\/strong> &#8211; system umo\u017cliwiaj\u0105cy jednoczesne \u0142adowanie kilku urz\u0105dze\u0144. W PowerCube Original USB znajduj\u0105 si\u0119 dwa porty USB, kt\u00f3re umo\u017cliwi\u0105 jednoczesne \u0142adowanie i korzystanie z urz\u0105dze\u0144.<\/td>\n<\/tr>\n<\/tbody>\n<\/table>\n<p style=\"text-align: center;\"><img decoding=\"async\" src=\"https:\/\/power-cube.pl\/public\/assets\/2100\/original.jpg\" alt=\"\" \/><\/p>\n<p style=\"text-align: center;\"><img decoding=\"async\" src=\"https:\/\/power-cube.pl\/public\/assets\/2100\/original2.jpg\" alt=\"\" \/><\/p>\n<p style=\"text-align: center;\"><img decoding=\"async\" src=\"https:\/\/power-cube.pl\/public\/assets\/2100\/original3.jpg\" alt=\"\" \/><\/p>\n<p style=\"text-align: center;\"><img decoding=\"async\" src=\"https:\/\/power-cube.pl\/public\/assets\/2100\/original4.jpg\" alt=\"\" \/><\/p>\n<p style=\"text-align: center;\"><iframe loading=\"lazy\" src=\"https:\/\/www.youtube.com\/embed\/YgF6xFHah0E?rel=0\" width=\"560\" height=\"315\" frameborder=\"0\" allowfullscreen=\"allowfullscreen\"><\/iframe><\/p>","protected":false},"excerpt":{"rendered":"<h1 style=\"text-align: center;\"><strong>PowerCube Original USB<\/strong><\/h1>\n<h2 style=\"text-align: center;\"><strong>2202GN\/FROUPC &#8211; zielony<\/strong><\/h2>\n<p style=\"text-align: center;\">Listwa zasilaj\u0105ca PowerCube Original USB to rozga\u0142\u0119\u017anik, kt\u00f3re posiada cztery gniazda 230 V z uziemieniem oraz \u0142adowark\u0119 USB 2.1 A\/ 5 V. \u0141adowanie smartfon\u00f3w i tablet\u00f3w nigdy nie by\u0142o tak proste.<\/p>","protected":false},"featured_media":2506,"comment_status":"open","ping_status":"closed","template":"","meta":{"_acf_changed":false,"_kad_blocks_custom_css":"","_kad_blocks_head_custom_js":"","_kad_blocks_body_custom_js":"","_kad_blocks_footer_custom_js":""},"product_cat":[86,87],"product_tag":[],"class_list":{"0":"post-2505","1":"product","2":"type-product","3":"status-publish","4":"has-post-thumbnail","6":"product_cat-allocacoc","7":"product_cat-powercube-original","9":"first","10":"instock","11":"taxable","12":"shipping-taxable","13":"purchasable","14":"product-type-simple"},"acf":[],"taxonomy_info":{"product_cat":[{"value":86,"label":"Allocacoc"},{"value":87,"label":"PowerCube |Original|"}]},"featured_image_src_large":["https:\/\/power-cube.globeweb.stronazen.pl\/wp-content\/uploads\/2024\/03\/3059-1024x810.webp",980,775,true],"author_info":[],"comment_info":0,"_links":{"self":[{"href":"https:\/\/power-cube.globeweb.stronazen.pl\/en\/wp-json\/wp\/v2\/product\/2505"}],"collection":[{"href":"https:\/\/power-cube.globeweb.stronazen.pl\/en\/wp-json\/wp\/v2\/product"}],"about":[{"href":"https:\/\/power-cube.globeweb.stronazen.pl\/en\/wp-json\/wp\/v2\/types\/product"}],"replies":[{"embeddable":true,"href":"https:\/\/power-cube.globeweb.stronazen.pl\/en\/wp-json\/wp\/v2\/comments?post=2505"}],"wp:featuredmedia":[{"embeddable":true,"href":"https:\/\/power-cube.globeweb.stronazen.pl\/en\/wp-json\/wp\/v2\/media\/2506"}],"wp:attachment":[{"href":"https:\/\/power-cube.globeweb.stronazen.pl\/en\/wp-json\/wp\/v2\/media?parent=2505"}],"wp:term":[{"taxonomy":"product_cat","embeddable":true,"href":"https:\/\/power-cube.globeweb.stronazen.pl\/en\/wp-json\/wp\/v2\/product_cat?post=2505"},{"taxonomy":"product_tag","embeddable":true,"href":"https:\/\/power-cube.globeweb.stronazen.pl\/en\/wp-json\/wp\/v2\/product_tag?post=2505"}],"curies":[{"name":"wp","href":"https:\/\/api.w.org\/{rel}","templated":true}]}}